{"id":12,"date":"2019-05-21T13:16:20","date_gmt":"2019-05-21T16:16:20","guid":{"rendered":"http:\/\/sorocaba.sp.gov.br\/obraseacoes\/?page_id=12"},"modified":"2019-05-21T15:19:31","modified_gmt":"2019-05-21T18:19:31","slug":"secretaria-de-assuntos-juridicos-e-patrimoniais","status":"publish","type":"page","link":"https:\/\/sorocaba.sp.gov.br\/acompanheogoverno\/secretaria-de-assuntos-juridicos-e-patrimoniais\/","title":{"rendered":"Assuntos Jur\u00eddicos e Patrimoniais (SAJ)"},"content":{"rendered":"<p>[collapse title=&#8221;Concurso P\u00fablico de Procuradores Municipais (PA 25.552\/2017)&#8221;]<\/p>\n<p>Objetivo: suprir o quadro em raz\u00e3o de aposentadorias e exonera\u00e7\u00f5es.<\/p>\n<p>[\/collapse]<\/p>\n<p>[collapse title=&#8221;Homologa\u00e7\u00e3o do Concurso P\u00fablico de Procuradores Municipais (PA\u00a025.552\/2017)&#8221;]<\/p>\n<p>Com ingresso de 16 novos procuradores.<\/p>\n<p>[\/collapse]<\/p>\n<p>[collapse title=&#8221;Deslocamento de procuradores para atuarem exclusivamente na Secretaria de Licita\u00e7\u00f5es e Contratos (SELC)&#8221;]<\/p>\n<p>[\/collapse]<\/p>\n<p>[collapse title=&#8221;Cria\u00e7\u00e3o e implanta\u00e7\u00e3o do Soluciona Sorocaba (PA 1.829\/2018)&#8221;]<\/p>\n<p>Para atuar como facilitador entre as quest\u00f5es envolvendo a comunidade e o Munic\u00edpio \u2013 Decreto n\u00ba24.347\/2018 de 10\/08\/2018.<\/p>\n<p>[\/collapse]<\/p>\n<p>[collapse title=&#8221;Agravo exitoso impetrado contrariamente \u00e0 decis\u00e3o\u00a0impedindo a implanta\u00e7\u00e3o do sistema Sesi de ensino (PA 3.769\/19)&#8221;]<\/p>\n<p>Decis\u00e3o favor\u00e1vel ao munic\u00edpio em 04\/02\/2019.<\/p>\n<p>[\/collapse]<\/p>\n<p>[collapse title=&#8221;A\u00e7\u00f5es de desapropria\u00e7\u00e3o para viabilizar o sistema BRT e de mobilidade&#8221;]<\/p>\n<p>[\/collapse]<\/p>\n<p>[collapse title=&#8221;Interposi\u00e7\u00e3o de recursos exitosos ante as liminares concedidas impedindo a\u00a0gest\u00e3o compartilhada nas \u00e1reas da Sa\u00fade e Educa\u00e7\u00e3o&#8221;]<\/p>\n<p>[\/collapse]<\/p>\n<p>[collapse title=&#8221;Interposi\u00e7\u00e3o de a\u00e7\u00e3o de reintegra\u00e7\u00e3o de posse da \u00e1rea ocupada pelo Aeroclube de Sorocaba \u2013 2019&#8243;]<\/p>\n<p>[\/collapse]<\/p>\n<p>[collapse title=&#8221;Aprimoramento do conv\u00eanio com o Tribunal de Justi\u00e7a&#8221;]<\/p>\n<p>Para viabilizar o chamamento de 05 servidores para atuarem nas execu\u00e7\u00f5es fiscais em favor do munic\u00edpio<br \/>\nPA 15575\/2009, vigendo desde os meses de fevereiro; mar\u00e7o e maio de 2019<\/p>\n<p>[\/collapse]<\/p>\n<p>[collapse title=&#8221;Atua\u00e7\u00e3o junto ao Cart\u00f3rio de Protestos&#8221;]<\/p>\n<p>O volume de protestos aumentou gradativamente de 600\/dia para 1400\/dia. Entre janeiro e maio\/2019 foram encaminhados 3100 protestos.<\/p>\n<p>[\/collapse]<\/p>\n<p>[collapse title=&#8221;Ajuizamento de 14.000 a\u00e7\u00f5es de execu\u00e7\u00f5es fiscais digitais&#8221;]<\/p>\n<p>[\/collapse]<\/p>\n<p>[collapse title=&#8221;Regulariza\u00e7\u00e3o da matr\u00edcula imobili\u00e1ria do Pa\u00e7o Municipal&#8221;]<\/p>\n<p>Conclu\u00edda em 2018, se arrastava desde 1991 (PA19513\/1991).<\/p>\n<p>[\/collapse]<\/p>\n<p>[collapse title=&#8221;Diretoria de \u00e1rea do patrim\u00f4nio municipal&#8221;]<\/p>\n<p>Implantada atrav\u00e9s da Lei n.\u00ba 11.860\/2019, em 11\/01\/2019 (PA 609\/2017).<\/p>\n<p>[\/collapse]<\/p>\n<p>[collapse title=&#8221;Acesso a dados imobili\u00e1rios no 2\u00ba CRIA &#8211; Cart\u00f3rio de Registros Imobili\u00e1rios e\u00a0Anexos&#8221;]<\/p>\n<p>[\/collapse]<\/p>\n","protected":false},"excerpt":{"rendered":"<p>[collapse title=&#8221;Concurso P\u00fablico de Procuradores Municipais (PA 25.552\/2017)&#8221;] Objetivo: suprir o quadro em raz\u00e3o de aposentadorias e exonera\u00e7\u00f5es. [\/collapse] [collapse title=&#8221;Homologa\u00e7\u00e3o do Concurso P\u00fablico de Procuradores Municipais (PA\u00a025.552\/2017)&#8221;] Com ingresso de 16 novos procuradores. [\/collapse] [collapse title=&#8221;Deslocamento de procuradores para atuarem exclusivamente na Secretaria de Licita\u00e7\u00f5es e Contratos (SELC)&#8221;] [\/collapse] [collapse title=&#8221;Cria\u00e7\u00e3o e implanta\u00e7\u00e3o do&nbsp; <a href=\"https:\/\/sorocaba.sp.gov.br\/acompanheogoverno\/secretaria-de-assuntos-juridicos-e-patrimoniais\/\">&hellip; Leia mais<\/a><\/p>\n","protected":false},"author":69,"featured_media":0,"parent":0,"menu_order":0,"comment_status":"closed","ping_status":"closed","template":"","meta":{"footnotes":""},"class_list":["post-12","page","type-page","status-publish","hentry"],"_links":{"self":[{"href":"https:\/\/sorocaba.sp.gov.br\/acompanheogoverno\/wp-json\/wp\/v2\/pages\/12","targetHints":{"allow":["GET"]}}],"collection":[{"href":"https:\/\/sorocaba.sp.gov.br\/acompanheogoverno\/wp-json\/wp\/v2\/pages"}],"about":[{"href":"https:\/\/sorocaba.sp.gov.br\/acompanheogoverno\/wp-json\/wp\/v2\/types\/page"}],"author":[{"embeddable":true,"href":"https:\/\/sorocaba.sp.gov.br\/acompanheogoverno\/wp-json\/wp\/v2\/users\/69"}],"replies":[{"embeddable":true,"href":"https:\/\/sorocaba.sp.gov.br\/acompanheogoverno\/wp-json\/wp\/v2\/comments?post=12"}],"version-history":[{"count":8,"href":"https:\/\/sorocaba.sp.gov.br\/acompanheogoverno\/wp-json\/wp\/v2\/pages\/12\/revisions"}],"predecessor-version":[{"id":118,"href":"https:\/\/sorocaba.sp.gov.br\/acompanheogoverno\/wp-json\/wp\/v2\/pages\/12\/revisions\/118"}],"wp:attachment":[{"href":"https:\/\/sorocaba.sp.gov.br\/acompanheogoverno\/wp-json\/wp\/v2\/media?parent=12"}],"curies":[{"name":"wp","href":"https:\/\/api.w.org\/{rel}","templated":true}]}}