{"id":157,"date":"2019-05-22T09:03:38","date_gmt":"2019-05-22T12:03:38","guid":{"rendered":"http:\/\/sorocaba.sp.gov.br\/obraseacoes\/?page_id=157"},"modified":"2019-05-22T09:03:38","modified_gmt":"2019-05-22T12:03:38","slug":"gabinete-do-prefeito-gp-2","status":"publish","type":"page","link":"https:\/\/sorocaba.sp.gov.br\/acompanheogoverno\/gabinete-do-prefeito-gp-2\/","title":{"rendered":"Gabinete do Prefeito (GP)"},"content":{"rendered":"<p>[collapse title=&#8221;Cria\u00e7\u00e3o do Programa \u201cFale com o Prefeito\u201d&#8221;]<\/p>\n<p align=\"left\">Tem por objetivo o acesso direto das pessoas ao prefeito da cidade, com inscri\u00e7\u00f5es livres atrav\u00e9s do site da prefeitura.<\/p>\n<p>[\/collapse]<\/p>\n<p>[collapse title=&#8221;Entrega de um novo e moderno Caminh\u00e3o ao Corpo de Bombeiros de Sorocaba&#8221;]<\/p>\n<p align=\"left\">Em 11\/01\/18.<\/p>\n<p>[\/collapse]<\/p>\n<p>[collapse title=&#8221;Assinatura de mais 14 Decretos de Incentivos Fiscais&#8221;]<\/p>\n<p align=\"left\">Para grandes empresas da cidade, que oferecem milhares de empregos diretos e indiretos.<\/p>\n<p>[\/collapse]<\/p>\n<p>[collapse title=&#8221;Inaugura\u00e7\u00e3o da Base dos Bombeiros na Zona Norte&#8221;]<\/p>\n<p align=\"left\">Em terreno de 1,5 mil m2 e \u00e1rea constru\u00edda de 438,47 m2. Rua Dr. Fernando dos Santos n\u00ba 17<\/p>\n<p>[\/collapse]<\/p>\n<p>[collapse title=&#8221;Cria\u00e7\u00e3o do \u201cObservador Municipal\u201d&#8221;]<\/p>\n<p align=\"left\">Volunt\u00e1rio qualificado e nomeado para mandato de 2 anos, a fim de analisar livremente a efic\u00e1cia dos servi\u00e7os p\u00fablicos prestados pela Prefeitura.<\/p>\n<p>[\/collapse]<\/p>\n<p>[collapse title=&#8221;Regulamenta\u00e7\u00e3o do desconto no IPTU&#8221;]<\/p>\n<p align=\"left\">Em raz\u00e3o da transfer\u00eancia das placas de ve\u00edculos de outras cidades para Sorocaba, autorizado pela lei municipal n\u00ba 11.636\/17.<\/p>\n<p>[\/collapse]<\/p>\n<p>[collapse title=&#8221;Regulamenta\u00e7\u00e3o do transporte por Aplicativos \u2013 UBER e outros&#8221;]<\/p>\n<p align=\"left\">Mediante Decreto n\u00ba 240072018, em acordo pol\u00edtico mediado entre esses motoristas e os taxistas tradicionais.<\/p>\n<p>[\/collapse]<\/p>\n","protected":false},"excerpt":{"rendered":"<p>[collapse title=&#8221;Cria\u00e7\u00e3o do Programa \u201cFale com o Prefeito\u201d&#8221;] Tem por objetivo o acesso direto das pessoas ao prefeito da cidade, com inscri\u00e7\u00f5es livres atrav\u00e9s do site da prefeitura. [\/collapse] [collapse title=&#8221;Entrega de um novo e moderno Caminh\u00e3o ao Corpo de Bombeiros de Sorocaba&#8221;] Em 11\/01\/18. [\/collapse] [collapse title=&#8221;Assinatura de mais 14 Decretos de Incentivos Fiscais&#8221;]&nbsp; <a href=\"https:\/\/sorocaba.sp.gov.br\/acompanheogoverno\/gabinete-do-prefeito-gp-2\/\">&hellip; Leia mais<\/a><\/p>\n","protected":false},"author":69,"featured_media":0,"parent":0,"menu_order":0,"comment_status":"closed","ping_status":"closed","template":"","meta":{"footnotes":""},"class_list":["post-157","page","type-page","status-publish","hentry"],"_links":{"self":[{"href":"https:\/\/sorocaba.sp.gov.br\/acompanheogoverno\/wp-json\/wp\/v2\/pages\/157","targetHints":{"allow":["GET"]}}],"collection":[{"href":"https:\/\/sorocaba.sp.gov.br\/acompanheogoverno\/wp-json\/wp\/v2\/pages"}],"about":[{"href":"https:\/\/sorocaba.sp.gov.br\/acompanheogoverno\/wp-json\/wp\/v2\/types\/page"}],"author":[{"embeddable":true,"href":"https:\/\/sorocaba.sp.gov.br\/acompanheogoverno\/wp-json\/wp\/v2\/users\/69"}],"replies":[{"embeddable":true,"href":"https:\/\/sorocaba.sp.gov.br\/acompanheogoverno\/wp-json\/wp\/v2\/comments?post=157"}],"version-history":[{"count":1,"href":"https:\/\/sorocaba.sp.gov.br\/acompanheogoverno\/wp-json\/wp\/v2\/pages\/157\/revisions"}],"predecessor-version":[{"id":158,"href":"https:\/\/sorocaba.sp.gov.br\/acompanheogoverno\/wp-json\/wp\/v2\/pages\/157\/revisions\/158"}],"wp:attachment":[{"href":"https:\/\/sorocaba.sp.gov.br\/acompanheogoverno\/wp-json\/wp\/v2\/media?parent=157"}],"curies":[{"name":"wp","href":"https:\/\/api.w.org\/{rel}","templated":true}]}}