{"id":17,"date":"2019-05-21T13:43:32","date_gmt":"2019-05-21T16:43:32","guid":{"rendered":"http:\/\/sorocaba.sp.gov.br\/obraseacoes\/?page_id=17"},"modified":"2019-05-23T08:09:44","modified_gmt":"2019-05-23T11:09:44","slug":"abastecimento-agricultura-e-nutricao-seaban","status":"publish","type":"page","link":"https:\/\/sorocaba.sp.gov.br\/acompanheogoverno\/","title":{"rendered":"Abastecimento, Agricultura e Nutri\u00e7\u00e3o (SEABAN)"},"content":{"rendered":"<p>[collapse title=&#8221;Feiras Livres&#8221;]<\/p>\n<p>Implanta\u00e7\u00e3o de feira livre no Parque dos Eucaliptos, Rua \u00c2ngelo Deprst \u2013 Wanel Ville \u2013 2017<br \/>\nImplanta\u00e7\u00e3o de feira livre no Jardim Carand\u00e1, na Rua Sete \u2013 2017<br \/>\nRegulariza\u00e7\u00e3o da feira noturna de Aparecidinha, \u00e0s quartas-feiras, das 15h \u00e0s 22h, entre as Ruas Quinzinho de Barros e Quirino de Melo.<br \/>\nImplanta\u00e7\u00e3o de feira livre no Parque Vit\u00f3ria R\u00e9gia, na Rua Nestor Silva de Oliveira &#8211; 2018<\/p>\n<p>[\/collapse]<\/p>\n<p>[collapse title=&#8221;Cria\u00e7\u00e3o do programa \u201cFeira Amiga\u201d&#8221;]<\/p>\n<p>Diversas a\u00e7\u00f5es que valorizaram os feirantes \/ participa\u00e7\u00e3o Cursos do Sebrae trouxeram mais qualidade no atendimento aos consumidores. 2017<\/p>\n<p>[\/collapse]<\/p>\n<p>[collapse title=&#8221;Educafeira&#8221;]<\/p>\n<p>Barraca educativa sobre reaproveitamento de alimentos &#8211; 2017<\/p>\n<p>[\/collapse]<\/p>\n<p>[collapse title=&#8221;Revitaliza\u00e7\u00e3o da feira livre do Parque S\u00e3o Bento&#8221;]<\/p>\n<p>Av. Gualberto Moreira &#8211; 2017<\/p>\n<p>[\/collapse]<\/p>\n<p>[collapse title=&#8221;Cria\u00e7\u00e3o do projeto \u201cFeira Limpa\u201d&#8221;]<\/p>\n<p>Realizado em 43 feiras para conscientizar feirantes e mun\u00edcipes a n\u00e3o deixarem lixo espalhado ap\u00f3s o encerramento da feira. 2017<\/p>\n<p>[\/collapse]<\/p>\n<p>[collapse title=&#8221;Feiras livres transformadas em Patrim\u00f4nio Cultural e Material &#8211; 2017&#8243;]<\/p>\n<p>[\/collapse]<\/p>\n<p>[collapse title=&#8221;N\u00famero de feirantes aumenta de 175 para 400 &#8211; 2017 at\u00e9 2019&#8243;]<\/p>\n<p>[\/collapse]<\/p>\n<p>[collapse title=&#8221;Instala\u00e7\u00e3o de banheiros qu\u00edmicos m\u00f3veis em 44 feiras da cidade de Sorocaba a partir de 2017&#8243;]<\/p>\n<p>Redu\u00e7\u00e3o de quase 70% dos custos, na retomada da implanta\u00e7\u00e3o.<\/p>\n<p>[\/collapse]<\/p>\n<p>[collapse title=&#8221;Curso Para Forma\u00e7\u00e3o de Feirantes&#8221;]<\/p>\n<p>Parceria do munic\u00edpio com o Sebrae.<\/p>\n<p>Mais de 100 feirantes conclu\u00edram o curso. 2017<\/p>\n<p>[\/collapse]<\/p>\n<p>[collapse title=&#8221;Parceria do Munic\u00edpio com o Governo do Estado&#8221;]<\/p>\n<p>Constru\u00e7\u00e3o (Packing House) Estoque Central da COOPGUA\u00c7U, com investimentos do programa de microbacias, com contrapartida dos agricultores e do Governo do Estado. 2017<\/p>\n<p>[\/collapse]<\/p>\n<p>[collapse title=&#8221;Sorocaba foi inserida no PPA \u2013 Programa de Aquisi\u00e7\u00e3o de Alimentos e no PPAIS &#8211; Programa Paulista de Agricultura e Interesse Social &#8211; 2017\/2018&#8243;]<\/p>\n<p>50 agricultores beneficiados &#8211; 2017<\/p>\n<p>[\/collapse]<\/p>\n<p>[collapse title=&#8221;Reforma e adequa\u00e7\u00e3o da COAPIS \u2013 Cooperativa\u00a0dos Apicultores de Sorocaba e Regi\u00e3o&#8221;]<\/p>\n<p>Parceria do Munic\u00edpio e Governo do Estado.<\/p>\n<p>Instala\u00e7\u00e3o da loja interna e da Casa do Mel, com investimentos do programa de microbacias &#8211; 2017<\/p>\n<p>[\/collapse]<\/p>\n<p>[collapse title=&#8221;Conv\u00eanio Seaban\/Minist\u00e9rio da Agricultura&#8221;]<\/p>\n<p>Amplia\u00e7\u00e3o dos servi\u00e7os t\u00e9cnicos agr\u00edcolas no munic\u00edpio. 2017<\/p>\n<p>[\/collapse]<\/p>\n<p>[collapse title=&#8221;Nutricionistas\u00a0da rede elaboram card\u00e1pios equilibrados para alimenta\u00e7\u00e3o escolar&#8221;]<\/p>\n<p>Com aprimoramento da fiscaliza\u00e7\u00e3o pontual de cada refei\u00e7\u00e3o, das planilhas de medi\u00e7\u00f5es e controle.<\/p>\n<p>[\/collapse]<\/p>\n<p>[collapse title=&#8221;Cria\u00e7\u00e3o da Tabela Nutricional do Munic\u00edpio&#8221;]<\/p>\n<p>Apenas 20 prefeituras no Estado as possuem. 2017<\/p>\n<p>[\/collapse]<\/p>\n<p>[collapse title=&#8221;Cria\u00e7\u00e3o do Canal Direto de Comunica\u00e7\u00e3o&#8221;]<\/p>\n<p>alimentacaoescolar@sorocaba.sp.gov.br &#8211; disponibiliza mensalmente o card\u00e1pio da merenda nos sites da Prefeitura e Jornal do Munic\u00edpio. 2017<\/p>\n<p>[\/collapse]<\/p>\n<p>[collapse title=&#8221;Cria\u00e7\u00e3o do Projeto de Alimenta\u00e7\u00e3o Saud\u00e1vel&#8221;]<\/p>\n<p>Com a participa\u00e7\u00e3o dos alunos das escolas da rede. 2017<\/p>\n<p>[\/collapse]<\/p>\n<p>[collapse title=&#8221;Cria\u00e7\u00e3o do Card\u00e1pio Especial para alunos com alimenta\u00e7\u00e3o diferenciada&#8221;]<\/p>\n<p>Dietas especiais com laudos m\u00e9dicos. 2017<\/p>\n<p>[\/collapse]<\/p>\n<p>[collapse title=&#8221;Em 23\/04\/2019 o Indsat atesta: Sorocaba tem a 2\u00aa melhor merenda do Estado&#8221;]<\/p>\n<p>Entre as 10 maiores cidades do Estado, servindo 110 mil refei\u00e7\u00f5es\/dia \u00e0s escolas\u00a0da rede municipal.<\/p>\n<p align=\"left\">Em 2016, a merenda oferecida pelo munic\u00edpio ocupava o 10\u00ba lugar segundo INDSAT \u2013 \u00cdndice de Satisfa\u00e7\u00e3o dos Servi\u00e7os P\u00fablicos.<\/p>\n<p>[\/collapse]<\/p>\n","protected":false},"excerpt":{"rendered":"<p>[collapse title=&#8221;Feiras Livres&#8221;] Implanta\u00e7\u00e3o de feira livre no Parque dos Eucaliptos, Rua \u00c2ngelo Deprst \u2013 Wanel Ville \u2013 2017 Implanta\u00e7\u00e3o de feira livre no Jardim Carand\u00e1, na Rua Sete \u2013 2017 Regulariza\u00e7\u00e3o da feira noturna de Aparecidinha, \u00e0s quartas-feiras, das 15h \u00e0s 22h, entre as Ruas Quinzinho de Barros e Quirino de Melo. Implanta\u00e7\u00e3o de&nbsp; <a href=\"https:\/\/sorocaba.sp.gov.br\/acompanheogoverno\/\">&hellip; Leia mais<\/a><\/p>\n","protected":false},"author":69,"featured_media":0,"parent":0,"menu_order":0,"comment_status":"closed","ping_status":"closed","template":"","meta":{"footnotes":""},"class_list":["post-17","page","type-page","status-publish","hentry"],"_links":{"self":[{"href":"https:\/\/sorocaba.sp.gov.br\/acompanheogoverno\/wp-json\/wp\/v2\/pages\/17","targetHints":{"allow":["GET"]}}],"collection":[{"href":"https:\/\/sorocaba.sp.gov.br\/acompanheogoverno\/wp-json\/wp\/v2\/pages"}],"about":[{"href":"https:\/\/sorocaba.sp.gov.br\/acompanheogoverno\/wp-json\/wp\/v2\/types\/page"}],"author":[{"embeddable":true,"href":"https:\/\/sorocaba.sp.gov.br\/acompanheogoverno\/wp-json\/wp\/v2\/users\/69"}],"replies":[{"embeddable":true,"href":"https:\/\/sorocaba.sp.gov.br\/acompanheogoverno\/wp-json\/wp\/v2\/comments?post=17"}],"version-history":[{"count":13,"href":"https:\/\/sorocaba.sp.gov.br\/acompanheogoverno\/wp-json\/wp\/v2\/pages\/17\/revisions"}],"predecessor-version":[{"id":257,"href":"https:\/\/sorocaba.sp.gov.br\/acompanheogoverno\/wp-json\/wp\/v2\/pages\/17\/revisions\/257"}],"wp:attachment":[{"href":"https:\/\/sorocaba.sp.gov.br\/acompanheogoverno\/wp-json\/wp\/v2\/media?parent=17"}],"curies":[{"name":"wp","href":"https:\/\/api.w.org\/{rel}","templated":true}]}}