{"id":2,"date":"2019-05-21T13:00:12","date_gmt":"2019-05-21T16:00:12","guid":{"rendered":"http:\/\/sorocaba.sp.gov.br\/obraseacoes\/?page_id=2"},"modified":"2019-05-22T07:35:04","modified_gmt":"2019-05-22T10:35:04","slug":"pagina-exemplo","status":"publish","type":"page","link":"https:\/\/sorocaba.sp.gov.br\/acompanheogoverno\/pagina-exemplo\/","title":{"rendered":"Esportes e Lazer (SEMES)"},"content":{"rendered":"<p>[collapse title=&#8221;Esportes de Representa\u00e7\u00e3o &#8211; 2017&#8243;]<\/p>\n<p>Magnus Futsal:<br \/>\nBicampe\u00e3o Paulista<br \/>\nCampe\u00e3o dos Jogos Abertos<br \/>\n5 \u00ba lugar LIGA NACIONAL<br \/>\nLiga Sorocabana de Basquete \u2013 LSB :<br \/>\nCampe\u00e3o Sub-21 Jogos Regionais<br \/>\nCampe\u00e3o dos Jogos Regionais<br \/>\nVice Campe\u00e3o dos Jogos Abertos<br \/>\nEscolinha de Basquete<\/p>\n<p>[\/collapse]<\/p>\n<p>[collapse title=&#8221;Esportes de Representa\u00e7\u00e3o\u00a0&#8211; 2018&#8243;]<\/p>\n<p>Magnus Futsal:<br \/>\nT\u00edtulo de Campe\u00e3o Mundial Intercontinental\u00a0de Clubes<br \/>\nBangkok &#8211; Tail\u00e2ndia<br \/>\nLiga Sorocabana de Basquete\u00a0\u2013 LSB :<br \/>\nCampe\u00e3 dos Jogos Regionais<br \/>\nVice Campe\u00e3o dos Jogos Abertos<br \/>\nEscolinha de Basquete<\/p>\n<p>[\/collapse]<\/p>\n<p>[collapse title=&#8221;Esportes de Representa\u00e7\u00e3o\u00a0&#8211; 2019&#8243;]<\/p>\n<p>Magnus Futsal: Liga do Campeonato Paulista<br \/>\nLiga Sorocabana de Basquete\u00a0\u2013 LSB: Campeonato Brasileiro<br \/>\nF\u00e9rias no CRE\u201d &#8211; atividades esportivas e palestras<br \/>\n\u201cRecupera Sorocaba\u201d &#8211; com a participa\u00e7\u00e3o das equipes da SEMES<br \/>\n\u201cCampeonato Paulista de Bicicross\u201d<br \/>\n\u201cCampeonato\u00a0Paulista de Handbol\u201d<\/p>\n<p>[\/collapse]<\/p>\n<p>[collapse title=&#8221;Eventos e Competi\u00e7\u00f5es &#8211; 2017&#8243;]<\/p>\n<p align=\"left\">61\u00ba Edi\u00e7\u00e3o Dos Jogos Regionais \u2013 Sorocaba Campe\u00e3 \u2013 Participaram 50 Cidades em\u00a026 Modalidades<\/p>\n<p align=\"left\">Jogos Viva Esporte 3\u00ba Idade (Parque dos Espanh\u00f3is; CES \u201cDr. Pitico\u201d; \u201cAndr\u00e9 Pieroni\u201d e Sesi)<\/p>\n<p align=\"left\">Festival de Jogos de Mesa Viva (truco; xadrez; t\u00eanis de mesa; damas; buraco e domin\u00f3<\/p>\n<p align=\"left\">Jogos Escolares de Sorocaba \u2013 JES: 4.089 Alunos \u2013 Presen\u00e7a do ex-atleta Vampeta<\/p>\n<p align=\"left\">Campeonatos Varzeanos:<\/p>\n<p align=\"left\">Ta\u00e7a Baltazar Fernandes (3\u00aa Divis\u00e3o)<\/p>\n<p align=\"left\">Ta\u00e7a Pal\u00e1cio dos Tropeiros (2\u00aa Divis\u00e3o)<\/p>\n<p align=\"left\">Ta\u00e7a Cidade de Sorocaba (1\u00aa Divis\u00e3o)<\/p>\n<p align=\"left\">Veteranos (1\u00aa Divis\u00e3o e 2\u00aa Divis\u00e3o) )<\/p>\n<p align=\"left\">Ta\u00e7a Brigadeiro Tobias (juvenil)<\/p>\n<p align=\"left\">Corridas de Rua<\/p>\n<p align=\"left\">58 \u00aa Edi\u00e7\u00e3o do Cruzeir\u00e3o<\/p>\n<p align=\"left\">Cruzeirinho<\/p>\n<p align=\"left\">1\u00ba Festival de V\u00f4lei com Trio Mistro \u2013 CE \u201cDr. Pitico\u201d<\/p>\n<p align=\"left\">F\u00e9rias no Parque &#8211; Cerca de 3.000 Participantes<\/p>\n<p align=\"left\">Ii Festival de Jud\u00f4 para iniciantes<\/p>\n<p align=\"left\">1\u00ba Festival Aberto de Xadrez<\/p>\n<p align=\"left\">Festival de Futebol no CIC &#8211; Anivers\u00e1rio de Sorocaba<\/p>\n<p align=\"left\">Fest Frut &#8211; entre os Cess \u201cVila Gabriel\u201d e \u201cPitico\u201d<\/p>\n<p align=\"left\">Programa Jovem Talento &#8211; Modalidades: V\u00f4lei \u2013 60 Vagas; Capoeira \u2013 40 Vagas e\u00a0Futsal \u2013 160 Vagas<\/p>\n<p align=\"left\">Jogo das Estrelas (jogo beneficente com a participa\u00e7\u00e3o de celebridades como Falc\u00e3o,\u00a0Denilson, Cafu e Outros)<\/p>\n<p>[\/collapse]<\/p>\n<p>[collapse title=&#8221;Eventos e Competi\u00e7\u00f5es &#8211; 2018&#8243;]<\/p>\n<p align=\"left\">40 Anos do CIC \u2013 1978 &#8211; Festividades em comemora\u00e7\u00e3o aos 40 anos da inaugura\u00e7\u00e3o do Est\u00e1dio Walter Ribeiro &#8211; CIC<\/p>\n<p align=\"left\">Inaugura\u00e7\u00e3o do Museu do Esporte \u2013 anivers\u00e1rio de Sorocaba (15\/08)<\/p>\n<p align=\"left\">\u00d4nibus do esporte \u00e9 entregue<\/p>\n<p align=\"left\">62 \u00aa Edi\u00e7\u00e3o dos Jogos Escolares de Sorocaba \u2013 JES:\u00a04.000 Alunos, Abertura Youtubers Irm\u00e3os Berti<\/p>\n<p align=\"left\">3\u00aa Edi\u00e7\u00e3o do Festival Viva Rugby<\/p>\n<p align=\"left\">Torneio de Crossfit Brasil \u2013 300 atletas de todo o pa\u00eds \u2013 Arena Sorocaba<\/p>\n<p align=\"left\">82 \u00aa Edi\u00e7\u00e3o dos Jogos Abertos do Interior \u2013 Sorocaba 4\u00aa Colocada \u2013 S\u00e3o Carlos<\/p>\n<p align=\"left\">Jogos Regionais do Idoso &#8211; Sorocaba Vice-Campe\u00e3 &#8211; Itapeva<\/p>\n<p align=\"left\">Campeonatos Varzeanos:<\/p>\n<p align=\"left\">Ta\u00e7a Baltazar Fernandes (3\u00aa Divis\u00e3o)<\/p>\n<p align=\"left\">Ta\u00e7a Pal\u00e1cio dos Tropeiros (2\u00aa Divis\u00e3o)<\/p>\n<p align=\"left\">Ta\u00e7a Cidade de Sorocaba (1\u00aa Divis\u00e3o)<\/p>\n<p align=\"left\">Veteranos (1\u00aa Divis\u00e3o E 2\u00aa Divis\u00e3o) )<\/p>\n<p align=\"left\">Ta\u00e7a Brigadeiro Tobias (juvenil)<\/p>\n<p align=\"left\">Comemora\u00e7\u00f5es dos 30 anos do Centro Esportivo \u201cAndr\u00e9 Matielli\u201d e da pista de bicicross<\/p>\n<p align=\"left\">Jogos Viva Esporte Terceira Idade<\/p>\n<p align=\"left\">Copa de Futebol \u201cBrics World\u201d &#8211; Sorocaba representou a R\u00fassia<\/p>\n<p align=\"left\">59 \u00aa Edi\u00e7\u00e3o do Cruzeir\u00e3o &#8211; 2018 \u2013 \u201cCada Gol Uma \u00c1rvore\u201d &#8211; parceria com a Secretaria de Meio Ambiente, Parques e Jardins (SEMA)<\/p>\n<p align=\"left\">Cruzeirinho \u2013 2018<\/p>\n<p align=\"left\">Corridas de Rua<\/p>\n<p align=\"left\">Jogo das Estrelas &#8211; 2\u00aa Edi\u00e7\u00e3o (jogo beneficente com a participa\u00e7\u00e3o de celebridades)<\/p>\n<p>[\/collapse]<\/p>\n<p>[collapse title=&#8221;Eventos e Competi\u00e7\u00f5es &#8211; 2019&#8243;]<\/p>\n<p align=\"left\">23\u00ba Jogos dos Idosos \u2013 JORI &#8211; Sorocaba Campe\u00e3<\/p>\n<p align=\"left\">Campeonatos Varzeanos:<\/p>\n<p align=\"left\">Ta\u00e7a Baltazar Fernandes (3\u00aa Divis\u00e3o)<\/p>\n<p align=\"left\">Ta\u00e7a Manchester Paulista (4\u00aa Divis\u00e3o)<\/p>\n<p align=\"left\">Veteranos (1\u00aa Divis\u00e3o)<\/p>\n<p align=\"left\">60 \u00aa Edi\u00e7\u00e3o do Cruzeir\u00e3o &#8211; 2018 \u2013 \u201cCada Gol Uma \u00c1rvore\u201d\u00a0&#8211; parceria com a Secretaria de Meio Ambiente, Parques e Jardins (SEMA)<\/p>\n<p align=\"left\">Corridas de Rua<\/p>\n<p align=\"left\">Sede da Copa S\u00e3o Paulo de Tatame e Campeonato Paulista de Estreantes de\u00a0Ringue (importantes Campeonatos de Kickboxing do Estado de S\u00e3o Paulo) Gin\u00e1sio do\u00a0\u00c9den<\/p>\n<p align=\"left\">Sede da 2\u00aa Etapa do Campeonato Indoor de Tiro com Arco<\/p>\n<p align=\"left\">Entrega dos brinquedos inclusivos<\/p>\n<p align=\"left\">Inaugura\u00e7\u00e3o da sede da ADES \u2013 Ag\u00eancia de Desenvolvimento Econ\u00f4mico e\u00a0Social<\/p>\n<p align=\"left\">In\u00edcio do Programa de Gin\u00e1stica Laboral no Pa\u00e7o Municipal<\/p>\n<p align=\"left\">In\u00edcio do \u201cPrograma Mais Gin\u00e1stica\u201d em 14 locais da cidade<\/p>\n<p>[\/collapse]<\/p>\n<p>[collapse title=&#8221;Revitaliza\u00e7\u00f5es reformas e obras nos pr\u00f3prios municipais&#8221;]<\/p>\n<p>2017:<\/p>\n<p align=\"left\">Centros Esportivos: CES:<\/p>\n<p align=\"left\">\u201cPadre Andr\u00e9 Pieroni\u201d;<\/p>\n<p align=\"left\">\u201cDr. Pitico\u201d<\/p>\n<p align=\"left\">\u201cBrigadeiro Tobias\u201d<\/p>\n<p align=\"left\">\u201cEsportivo Central Parque\u201d<\/p>\n<p align=\"left\">Gin\u00e1sio Municipal de Esportes \u201cDr. Gualberto Moreira\u201d<\/p>\n<p align=\"left\">Pista de Bicicross CE \u201cAndr\u00e9 Matielli \u2013 Pinheiros<\/p>\n<p align=\"left\">1\u00aa Quadra de grama sint\u00e9tica CE \u201cAndr\u00e9 Matielli \u2013 Pinheiros<\/p>\n<p align=\"left\">Revitaliza\u00e7\u00e3o do Est\u00e1dio Municipal \u201cWalter Ribeiro\u201d &#8211; CIC<\/p>\n<p align=\"left\">2018:<\/p>\n<p align=\"left\">Centro Esportivo: \u201cFrancisco Lisboa\u201d &#8211; Maria Eug\u00eania<\/p>\n<p align=\"left\">2019:<\/p>\n<p align=\"left\">Centro Esportivo do Central Parque<\/p>\n<p align=\"left\">Quadra Poliesportiva<\/p>\n<p align=\"left\">Parque Infantil<\/p>\n<p align=\"left\">Academia Ao Ar Livre<\/p>\n<p align=\"left\">Pintura, Jardinagem<\/p>\n<p align=\"left\">Pista de Skate no Carand\u00e1 &#8211; mesmos moldes das pistas profissionais<\/p>\n<p align=\"left\">CIEL Vila Santana &#8211; Pintura, Alambrados, Ilumina\u00e7\u00e3o<\/p>\n<p>[\/collapse]<\/p>\n","protected":false},"excerpt":{"rendered":"<p>[collapse title=&#8221;Esportes de Representa\u00e7\u00e3o &#8211; 2017&#8243;] Magnus Futsal: Bicampe\u00e3o Paulista Campe\u00e3o dos Jogos Abertos 5 \u00ba lugar LIGA NACIONAL Liga Sorocabana de Basquete \u2013 LSB : Campe\u00e3o Sub-21 Jogos Regionais Campe\u00e3o dos Jogos Regionais Vice Campe\u00e3o dos Jogos Abertos Escolinha de Basquete [\/collapse] [collapse title=&#8221;Esportes de Representa\u00e7\u00e3o\u00a0&#8211; 2018&#8243;] Magnus Futsal: T\u00edtulo de Campe\u00e3o Mundial Intercontinental\u00a0de&nbsp; <a href=\"https:\/\/sorocaba.sp.gov.br\/acompanheogoverno\/pagina-exemplo\/\">&hellip; Leia mais<\/a><\/p>\n","protected":false},"author":63,"featured_media":0,"parent":0,"menu_order":0,"comment_status":"closed","ping_status":"closed","template":"","meta":{"footnotes":""},"class_list":["post-2","page","type-page","status-publish","hentry"],"_links":{"self":[{"href":"https:\/\/sorocaba.sp.gov.br\/acompanheogoverno\/wp-json\/wp\/v2\/pages\/2","targetHints":{"allow":["GET"]}}],"collection":[{"href":"https:\/\/sorocaba.sp.gov.br\/acompanheogoverno\/wp-json\/wp\/v2\/pages"}],"about":[{"href":"https:\/\/sorocaba.sp.gov.br\/acompanheogoverno\/wp-json\/wp\/v2\/types\/page"}],"author":[{"embeddable":true,"href":"https:\/\/sorocaba.sp.gov.br\/acompanheogoverno\/wp-json\/wp\/v2\/users\/63"}],"replies":[{"embeddable":true,"href":"https:\/\/sorocaba.sp.gov.br\/acompanheogoverno\/wp-json\/wp\/v2\/comments?post=2"}],"version-history":[{"count":7,"href":"https:\/\/sorocaba.sp.gov.br\/acompanheogoverno\/wp-json\/wp\/v2\/pages\/2\/revisions"}],"predecessor-version":[{"id":146,"href":"https:\/\/sorocaba.sp.gov.br\/acompanheogoverno\/wp-json\/wp\/v2\/pages\/2\/revisions\/146"}],"wp:attachment":[{"href":"https:\/\/sorocaba.sp.gov.br\/acompanheogoverno\/wp-json\/wp\/v2\/media?parent=2"}],"curies":[{"name":"wp","href":"https:\/\/api.w.org\/{rel}","templated":true}]}}