{"id":26,"date":"2019-05-21T13:47:54","date_gmt":"2019-05-21T16:47:54","guid":{"rendered":"http:\/\/sorocaba.sp.gov.br\/obraseacoes\/?page_id=26"},"modified":"2019-05-23T13:33:33","modified_gmt":"2019-05-23T16:33:33","slug":"cidadania-e-participacao-popular-secid","status":"publish","type":"page","link":"https:\/\/sorocaba.sp.gov.br\/acompanheogoverno\/cidadania-e-participacao-popular-secid\/","title":{"rendered":"Cidadania e Participa\u00e7\u00e3o Popular (SECID)"},"content":{"rendered":"<p>[collapse title=&#8221;Reabertura da Casa do Cidad\u00e3o do Pa\u00e7o Municipal&#8221;]<\/p>\n<p>Av. Eng. Carlos Reinaldo Mendes, 3041 \u2013 Andar T\u00e9rreo, aumentando para sete a quantidade dessas Casas.<br \/>\n29\/06\/2017<\/p>\n<p>[\/collapse]<\/p>\n<p>[collapse title=&#8221;Cria\u00e7\u00e3o do Centro de Capacita\u00e7\u00e3o \u201cLIDERA\u00c7\u00c3O (CCL)\u201d&#8221;]<\/p>\n<p>Com o objetivo de estimular a popula\u00e7\u00e3o a participar de assuntos de interesse social e de se organizar em grupos comunit\u00e1rios. 29\/03\/18<\/p>\n<p>[\/collapse]<\/p>\n<p>[collapse title=&#8221;Cria\u00e7\u00e3o do Programa \u201cParticipa Sorocaba\u201d&#8221;]<\/p>\n<p>Parceria com a Secretaria de Comunica\u00e7\u00e3o e Eventos (SECOM).<\/p>\n<p>Objetivo: implanta\u00e7\u00e3o do Or\u00e7amento Participativo, a popula\u00e7\u00e3o decide como ser\u00e1 investido parte dos impostos arrecadados, em cada bairro.<\/p>\n<p>[\/collapse]<\/p>\n<p>[collapse title=&#8221;Implanta\u00e7\u00e3o do \u201cPal\u00e1cio da Cidadania\u201d&#8221;]<\/p>\n<p>Localizado \u00e0 Av. Afonso Vergueiro n\u00ba 1238 &#8211; Centro.<br \/>\nObjetivo: apoiar todos os Conselhos Municipais; apoiar reuni\u00f5es \u00e0s Lideran\u00e7as e Associa\u00e7\u00f5es Comunit\u00e1rias.<\/p>\n<p>[\/collapse]<\/p>\n<p>[collapse title=&#8221;Descentraliza\u00e7\u00e3o do PAT, com in\u00edcio da implanta\u00e7\u00e3o gradual nas Casas do<br \/>\nCidad\u00e3o&#8221;]<\/p>\n<p>PAT em funcionamento nas Casas do Cidad\u00e3o: IPANEMA; IPIRANGA; ITAVUVU; \u00c9DEN e BRIGADEIRO TOBIAS \u2013 2019<\/p>\n<p>[\/collapse]<\/p>\n<p>[collapse title=&#8221;Time do Emprego nas Casas do Cidad\u00e3o&#8221;]<\/p>\n<p>Objetivo: curso atrav\u00e9s do PAT para orientar a recoloca\u00e7\u00e3o profissional (junho 2018).<br \/>\nEm parceria com o Gabinete Central, instala\u00e7\u00e3o de duas unidades do PROCON nas Casas do Cidad\u00e3o IPANEMA e NOGUEIRA PADILHA.<\/p>\n<p>[\/collapse]<\/p>\n<p>[collapse title=&#8221;Jornada da Cidadania&#8221;]<\/p>\n<p>Em parceria com a Secretaria Estadual da Justi\u00e7a e Cidadania do Estado de S\u00e3o Paulo e Prefeitura de Sorocaba, no Bairro do \u00c9den.<br \/>\n7.689 atendimentos em diversas \u00e1reas dentre outras de sa\u00fade; mercado de trabalho; emiss\u00e3o de documentos; orienta\u00e7\u00e3o aos imigrantes etc.<\/p>\n<p>4.000 pessoas beneficiadas.<\/p>\n<p>[\/collapse]<\/p>\n<p>[collapse title=&#8221;Cria\u00e7\u00e3o do Conselho LGBT&#8221;]<\/p>\n<p>De inciativa do Poder Executivo em 23\/08\/2018.<\/p>\n<p>[\/collapse]<\/p>\n<p>[collapse title=&#8221;Ouvidoria nas Casas do Cidad\u00e3o&#8221;]<\/p>\n<p>Os atendimentos inciaram-se em 13\/11\/2018.<\/p>\n<p>[\/collapse]<\/p>\n<p>[collapse title=&#8221;Projeto A Marca na Rosa&#8221;]<\/p>\n<p>Iniciado em novembro de 2018 at\u00e9 novembro de 2019.<br \/>\nObjetivo: visitar 60 escolas p\u00fablicas<\/p>\n<p>Destinado aos adolescentes, abrangendo assuntos relacionados \u00e0 viol\u00eancia contra a mulher e oferecendo capacita\u00e7\u00e3o aos professores.<\/p>\n<p>[\/collapse]<\/p>\n<p>&nbsp;<\/p>\n","protected":false},"excerpt":{"rendered":"<p>[collapse title=&#8221;Reabertura da Casa do Cidad\u00e3o do Pa\u00e7o Municipal&#8221;] Av. Eng. Carlos Reinaldo Mendes, 3041 \u2013 Andar T\u00e9rreo, aumentando para sete a quantidade dessas Casas. 29\/06\/2017 [\/collapse] [collapse title=&#8221;Cria\u00e7\u00e3o do Centro de Capacita\u00e7\u00e3o \u201cLIDERA\u00c7\u00c3O (CCL)\u201d&#8221;] Com o objetivo de estimular a popula\u00e7\u00e3o a participar de assuntos de interesse social e de se organizar em grupos&nbsp; <a href=\"https:\/\/sorocaba.sp.gov.br\/acompanheogoverno\/cidadania-e-participacao-popular-secid\/\">&hellip; Leia mais<\/a><\/p>\n","protected":false},"author":69,"featured_media":0,"parent":0,"menu_order":0,"comment_status":"closed","ping_status":"closed","template":"","meta":{"footnotes":""},"class_list":["post-26","page","type-page","status-publish","hentry"],"_links":{"self":[{"href":"https:\/\/sorocaba.sp.gov.br\/acompanheogoverno\/wp-json\/wp\/v2\/pages\/26","targetHints":{"allow":["GET"]}}],"collection":[{"href":"https:\/\/sorocaba.sp.gov.br\/acompanheogoverno\/wp-json\/wp\/v2\/pages"}],"about":[{"href":"https:\/\/sorocaba.sp.gov.br\/acompanheogoverno\/wp-json\/wp\/v2\/types\/page"}],"author":[{"embeddable":true,"href":"https:\/\/sorocaba.sp.gov.br\/acompanheogoverno\/wp-json\/wp\/v2\/users\/69"}],"replies":[{"embeddable":true,"href":"https:\/\/sorocaba.sp.gov.br\/acompanheogoverno\/wp-json\/wp\/v2\/comments?post=26"}],"version-history":[{"count":8,"href":"https:\/\/sorocaba.sp.gov.br\/acompanheogoverno\/wp-json\/wp\/v2\/pages\/26\/revisions"}],"predecessor-version":[{"id":261,"href":"https:\/\/sorocaba.sp.gov.br\/acompanheogoverno\/wp-json\/wp\/v2\/pages\/26\/revisions\/261"}],"wp:attachment":[{"href":"https:\/\/sorocaba.sp.gov.br\/acompanheogoverno\/wp-json\/wp\/v2\/media?parent=26"}],"curies":[{"name":"wp","href":"https:\/\/api.w.org\/{rel}","templated":true}]}}