{"id":28,"date":"2019-05-21T13:48:16","date_gmt":"2019-05-21T16:48:16","guid":{"rendered":"http:\/\/sorocaba.sp.gov.br\/obraseacoes\/?page_id=28"},"modified":"2019-05-21T16:07:41","modified_gmt":"2019-05-21T19:07:41","slug":"comunicacao-e-eventos-secom","status":"publish","type":"page","link":"https:\/\/sorocaba.sp.gov.br\/acompanheogoverno\/comunicacao-e-eventos-secom\/","title":{"rendered":"Comunica\u00e7\u00e3o e Eventos (SECOM)"},"content":{"rendered":"<p>[collapse title=&#8221;Cria\u00e7\u00e3o do Slogan \u201cMUITO MAIS POR SOROCABA\u201d &#8211; 2018&#8243;]<\/p>\n<p>[\/collapse]<\/p>\n<p>[collapse title=&#8221;Programa \u201cRECUPERA SOROCABA\u201d&#8221;]<\/p>\n<p>For\u00e7a-tarefa de todas as Secretarias, com equipes trabalhando em mutir\u00e3o para conserva\u00e7\u00e3o geral e empreender melhorias nos bairros \u2013 2018.<\/p>\n<p>[\/collapse]<\/p>\n<p>[collapse title=&#8221;Programa de Inclus\u00e3o Social e Acessibilidade #PraCegoVer nas redes sociais da<br \/>\nadministra\u00e7\u00e3o&#8221;]<\/p>\n<p>Proporciona a chegada das informa\u00e7\u00f5es \u00e0s pessoas com defici\u00eancia visual de todos os instrumentos de m\u00eddia utilizados pela Prefeitura \u2013 2018.<\/p>\n<p>[\/collapse]<\/p>\n<p>[collapse title=&#8221;Jornal do Munic\u00edpio apenas em vers\u00e3o on-line, com edi\u00e7\u00e3o di\u00e1ria e formato digital&#8221;]<\/p>\n<p>Proporcionou a redu\u00e7\u00e3o de custos e rapidez de acesso \u00e0s informa\u00e7\u00f5es em 2017.<\/p>\n<p>[\/collapse]<\/p>\n<p>[collapse title=&#8221;Workshop de Fotografia voltado \u00e0s pessoas com defici\u00eancia, 2018&#8243;]<\/p>\n<p>[\/collapse]<\/p>\n<p>[collapse title=&#8221;Concurso Jornal\u00edstico e Publicit\u00e1rio&#8221;]<\/p>\n<p>Resgatado em 2018, deixou de ser realizado desde 2015, com homenagens e pr\u00eamios em dinheiro.<\/p>\n<p>[\/collapse]<\/p>\n<p>[collapse title=&#8221;Caminhada da Inclus\u00e3o, 2018 &#8211; Dia da Luta das Pessoas com Defici\u00eancia&#8221;]<\/p>\n<p>Em parceria com o MMA &#8211; Movimento Mulheres em A\u00e7\u00e3o.<\/p>\n<p>[\/collapse]<\/p>\n<p>[collapse title=&#8221;Destaques da Secom&#8221;]<\/p>\n<p>Informativo di\u00e1rio digital divulga as principais not\u00edcias veiculadas nas redes da Prefeitura.<\/p>\n<p>[\/collapse]<\/p>\n<p>[collapse title=&#8221;Destaques do Governo, com periodicidade semanal&#8221;]<\/p>\n<p>Informativo digital para enfatizar a presta\u00e7\u00e3o de contas das obras e servi\u00e7os realizados pelo governo.<\/p>\n<p>[\/collapse]<\/p>\n<p>[collapse title=&#8221;Revista comemorativa digital \u201cTudo Por Uma Cidade Melhor Para Todos\u201d&#8221;]<\/p>\n<p>Com mat\u00e9rias comemorativas do Anivers\u00e1rio de Sorocaba, Sorocaba 364 anos. 2018.<\/p>\n<p>[\/collapse]<\/p>\n<p>[collapse title=&#8221;Revista eletr\u00f4nica \u201cZoo 50 Anos \u2013 S\u00edmbolo da cidade, nosso maior orgulho\u201d&#8221;]<\/p>\n<p>Do anivers\u00e1rio de 50 anos do Parque Zool\u00f3gico Municipal \u201cQuinzinho de Barros\u201d. 2018.<\/p>\n<p>[\/collapse]<\/p>\n<p>[collapse title=&#8221;Mostra Permanente, em pain\u00e9is, de obras e servi\u00e7os p\u00fablicos realizados pelo governo&#8221;]<\/p>\n<p>Exposta no piso t\u00e9rreo do Pa\u00e7o Municipal. 2018.<\/p>\n<p>[\/collapse]<\/p>\n<p>[collapse title=&#8221;TV Indoor&#8221;]<\/p>\n<p>Atrav\u00e9s de empresa especializada, dever\u00e1 veicular em 27 pr\u00e9dios p\u00fablicos, totalizando 120 pontos de transmiss\u00e3o conte\u00fados de interesse p\u00fablico e a\u00e7\u00f5es da prefeitura. 2019.<\/p>\n<p>[\/collapse]<\/p>\n<p>[collapse title=&#8221;Ag\u00eancia de Publicidade&#8221;]<\/p>\n<p>Para presta\u00e7\u00e3o de todos os servi\u00e7os de publicidade e propaganda das a\u00e7\u00f5es promovidas pela Prefeitura e de interesse p\u00fablico. 2019.<\/p>\n<p>[\/collapse]<\/p>\n<p>[collapse title=&#8221;Programa \u201cFALA BAIRRO\u201d&#8221;]<\/p>\n<p>Criado para ouvir as demandas dos moradores e lideran\u00e7as de todos os bairros, com a presen\u00e7a do Prefeito e de todos os Secret\u00e1rios. 2018.<\/p>\n<p>[\/collapse]<\/p>\n<p>[collapse title=&#8221;Encontro de Influenciadores Digitais&#8221;]<\/p>\n<p>Parceria com o PTS \u2013 Parque Tecnol\u00f3gico de Sorocaba &#8211; 2019.<\/p>\n<p>[\/collapse]<\/p>\n<p>[collapse title=&#8221;Canta Servidor&#8221;]<\/p>\n<p>Parceria com a Secretaria de Recursos Humanos (SERH).<\/p>\n<p>[\/collapse]<\/p>\n<p>[collapse title=&#8221;PARTICIPA SOROCABA&#8221;]<\/p>\n<p>Parceria\u00a0com a Secretaria de Cidadania e Participa\u00e7\u00e3o Popular (SECID).<\/p>\n<p>[\/collapse]<\/p>\n<p>[collapse title=&#8221;Portal da Transpar\u00eancia&#8221;]<\/p>\n<p>Parceria\u00a0com a Secretaria de\u00a0Gabinete Central\u00a0(SGC).<\/p>\n<p>[\/collapse]<\/p>\n<p>[collapse title=&#8221;Espa\u00e7o Ferrovi\u00e1rio \u201cRomeu de Mello\u201d&#8221;]<\/p>\n<p>Localizado no 1\u00ba andar do Pa\u00e7o Municipal, \u00e9 uma\u00a0parceria com as secretarias de Licita\u00e7\u00f5es e Contratos\u00a0 (SELC) e da Fazenda (SEFAZ).<\/p>\n<p>[\/collapse]<\/p>\n<p>[collapse title=&#8221;Projetos em desenvolvimento&#8221;]<\/p>\n<p>Est\u00fadios de TV\/R\u00e1dio<br \/>\nReformula\u00e7\u00e3o do Portal Oficial da Prefeitura<br \/>\nNesse Abra\u00e7o Cabe o Mundo \u2013 exposi\u00e7\u00e3o de fotos (m\u00e3es servidoras e seus filhos)<br \/>\nVerdade News \u2013 rebater fake news com a informa\u00e7\u00e3o correta<\/p>\n<p>[\/collapse]<\/p>\n","protected":false},"excerpt":{"rendered":"<p>[collapse title=&#8221;Cria\u00e7\u00e3o do Slogan \u201cMUITO MAIS POR SOROCABA\u201d &#8211; 2018&#8243;] [\/collapse] [collapse title=&#8221;Programa \u201cRECUPERA SOROCABA\u201d&#8221;] For\u00e7a-tarefa de todas as Secretarias, com equipes trabalhando em mutir\u00e3o para conserva\u00e7\u00e3o geral e empreender melhorias nos bairros \u2013 2018. [\/collapse] [collapse title=&#8221;Programa de Inclus\u00e3o Social e Acessibilidade #PraCegoVer nas redes sociais da administra\u00e7\u00e3o&#8221;] Proporciona a chegada das informa\u00e7\u00f5es \u00e0s&nbsp; <a href=\"https:\/\/sorocaba.sp.gov.br\/acompanheogoverno\/comunicacao-e-eventos-secom\/\">&hellip; Leia mais<\/a><\/p>\n","protected":false},"author":69,"featured_media":0,"parent":0,"menu_order":0,"comment_status":"closed","ping_status":"closed","template":"","meta":{"footnotes":""},"class_list":["post-28","page","type-page","status-publish","hentry"],"_links":{"self":[{"href":"https:\/\/sorocaba.sp.gov.br\/acompanheogoverno\/wp-json\/wp\/v2\/pages\/28","targetHints":{"allow":["GET"]}}],"collection":[{"href":"https:\/\/sorocaba.sp.gov.br\/acompanheogoverno\/wp-json\/wp\/v2\/pages"}],"about":[{"href":"https:\/\/sorocaba.sp.gov.br\/acompanheogoverno\/wp-json\/wp\/v2\/types\/page"}],"author":[{"embeddable":true,"href":"https:\/\/sorocaba.sp.gov.br\/acompanheogoverno\/wp-json\/wp\/v2\/users\/69"}],"replies":[{"embeddable":true,"href":"https:\/\/sorocaba.sp.gov.br\/acompanheogoverno\/wp-json\/wp\/v2\/comments?post=28"}],"version-history":[{"count":6,"href":"https:\/\/sorocaba.sp.gov.br\/acompanheogoverno\/wp-json\/wp\/v2\/pages\/28\/revisions"}],"predecessor-version":[{"id":126,"href":"https:\/\/sorocaba.sp.gov.br\/acompanheogoverno\/wp-json\/wp\/v2\/pages\/28\/revisions\/126"}],"wp:attachment":[{"href":"https:\/\/sorocaba.sp.gov.br\/acompanheogoverno\/wp-json\/wp\/v2\/media?parent=28"}],"curies":[{"name":"wp","href":"https:\/\/api.w.org\/{rel}","templated":true}]}}