{"id":30,"date":"2019-05-21T13:48:31","date_gmt":"2019-05-21T16:48:31","guid":{"rendered":"http:\/\/sorocaba.sp.gov.br\/obraseacoes\/?page_id=30"},"modified":"2019-05-22T13:30:39","modified_gmt":"2019-05-22T16:30:39","slug":"conservacao-servicos-e-obras-serpo","status":"publish","type":"page","link":"https:\/\/sorocaba.sp.gov.br\/acompanheogoverno\/conservacao-servicos-e-obras-serpo\/","title":{"rendered":"Conserva\u00e7\u00e3o, Servi\u00e7os e Obras (SERPO)"},"content":{"rendered":"<p>[collapse title=&#8221;Obras (Reformas)&#8221;]<\/p>\n<p align=\"left\">5\u00ba Andar &#8211; Mirante do Pa\u00e7o<br \/>\nAv. Eng Carlos Reinaldo Mendes, 3041 \u2013 Alto Da Boa Vista<\/p>\n<p align=\"left\">Samu \u2013 Servi\u00e7o de Atendimento M\u00e9dico de Urg\u00eancias &#8211; \u00c9den<br \/>\nAv. Independ\u00eancia, 4193<\/p>\n<p align=\"left\">UBS Lopes de Oliveira<br \/>\nRua Alpheu Castro Santos, 220<\/p>\n<p align=\"left\">UBS \u00c9den<br \/>\nRua Salvador Leite Marques, 933<\/p>\n<p align=\"left\">UBS M\u00e1rcia Mendes<br \/>\nRua Jos\u00e9 Augusto Rabello J\u00fanior, 91 \u2013 Vera Cruz<\/p>\n<p align=\"left\">UBS do Parque das Laranjeiras<br \/>\nRua S\u00f4nia Bernuncio, 24<\/p>\n<p align=\"left\">UBS do Parque Vit\u00f3ria R\u00e9gia<br \/>\nRua Francisco da Silva Martins, 35<\/p>\n<p align=\"left\">UBS do Jardim Maria Do Carmo<br \/>\nRua Joaquim Ferreira Barbosa, 727<\/p>\n<p align=\"left\">UBS Cerrado<br \/>\nRua Visconde do Rio Branco, 885 \u2013 Vila Jardini<\/p>\n<p align=\"left\">UBS da Vila Bar\u00e3o<br \/>\nRua Afonso Muraro, 41<\/p>\n<p align=\"left\">UBS do Jardim Maria Eug\u00eania<br \/>\nRua M\u00e1rio Romano, 264<\/p>\n<p align=\"left\">UBS do Wanel Ville<br \/>\nRua Alexandre Caldini, 442<\/p>\n<p align=\"left\">Escola Municipal de M\u00fasica e Artes \u201cEttore Marangoni\u201d<br \/>\nRua Ana C\u00e2ndida Correa Martins, 35 \u2013 Jardim Sandra<\/p>\n<p align=\"left\">Canil da Guarda Civil Municipal \u2013 GCM<br \/>\nRua Laura Pacheco, 158 \u2013 Vila Rica<\/p>\n<p align=\"left\">Pal\u00e1cio do Consumidor<br \/>\nAv. Ant\u00f4nio Carlos Comitre, 330 \u2013 Jardim Panorama (campolim)<\/p>\n<p align=\"left\">F\u00e1brica Santa Maria (Secretaria do Meio Ambiente)<br \/>\nRua Santa Maria, 197 \u2013 Vila Hort\u00eancia<\/p>\n<p align=\"left\">Pal\u00e1cio da Cidadania<br \/>\nAv. Dr. Afonso Vergueiro, 1238 \u2013 Centro<\/p>\n<p>[\/collapse]<\/p>\n<p>[collapse title=&#8221;Revitaliza\u00e7\u00e3o&#8221;]<\/p>\n<p align=\"left\">Quadra Esportiva do Jardim Gua\u00edba<br \/>\nRua Zoraida Barros Nardi, 123<\/p>\n<p align=\"left\">Quadra Esportiva Da Vila Zacarias<br \/>\nRua Frei Jo\u00e3o Evangelista Steiner<\/p>\n<p align=\"left\">Pra\u00e7a do Truco<br \/>\nAv. Arthur Bernardes S\/N\u00ba &#8211; Vila Progresso<\/p>\n<p align=\"left\">Kasato Maru<br \/>\nAv. Ant\u00f4nio Carlos Comitre, S\/N\u00ba \u2013 Jardim Panorama<\/p>\n<p align=\"left\">Pra\u00e7a, Quadra e Sede dos Escoteiros do Bairro do \u00c9den<br \/>\nRua Bonif\u00e1cio de Oliveira Cassu, 711<\/p>\n<p align=\"left\">Marco da Paz<br \/>\nAv. Ant\u00f4nio Carlos Comitre, S\/N\u00ba &#8211; Campolim<\/p>\n<p align=\"left\">Instala\u00e7\u00f5es do Tiro de Guerra<br \/>\nRua Sargento Ant\u00f4nio Remo Ribeiro, 55 \u2013 Vila Hort\u00eancia<\/p>\n<p align=\"left\">Pra\u00e7a\/Campo de Futebol Parque S\u00e3o Bento<br \/>\nAv. Dr. Gualberto Moreira, S\/N\u00ba<\/p>\n<p align=\"left\">Pra\u00e7a Herbert de Souza<br \/>\nRua Santo Minelo, S\/N\u00ba<\/p>\n<p align=\"left\">Pra\u00e7a Jurandyr Baddini Rocha &#8211; Guadalajara<\/p>\n<p align=\"left\">Pra\u00e7a \u00c1lvaro Jacob \u2013 Jardim S\u00e3o Carlos<\/p>\n<p align=\"left\">Pra\u00e7a Prof\u00aa Maria das Gra\u00e7as Nardi \u2013 Vera Cruz<\/p>\n<p align=\"left\">Pra\u00e7a R\u00fabia \u2013 Jardim S\u00e3o Guilherme<br \/>\nRuas Belmiro Moreira Soares\/Rua Francisco Augusto<\/p>\n<p align=\"left\">Pra\u00e7a Milton Cleiss- Jardim Tatiana<br \/>\nRua Romualdo Borghesi\/Rua Genaro Homem De Mello<\/p>\n<p align=\"left\">Centro Esportivo do Bairro Brigadeiro Tobias<br \/>\nAv. Bandeirantes, 3963<\/p>\n<p align=\"left\">Casas do Cidad\u00e3o:<br \/>\nPa\u00e7o Municipal<br \/>\nAv. Engenheiro Carlos Reinaldo Mendes, 3.041 \u2013 Andar T\u00e9rreo<br \/>\nIpanema<br \/>\nAv. Ipanema, 3.439 -vila Helena<br \/>\nItavuvu<br \/>\nAv. Itavuvu, 3.415 -parque Das Laranjeiras<\/p>\n<p align=\"left\">\u00c9den<br \/>\nRua Bonif\u00e1cio de Oliveira Cass\u00fa, 80 -\u00c9den<br \/>\nIpiranga<br \/>\nRua Estado de Israel, 424 -jd. Ipiranga<br \/>\nBrigadeiro Tobias<br \/>\nAv. Bandeirantes, 4.155 &#8211; Brigadeiro Tobias<br \/>\nNogueira Padilha<br \/>\nAv. Nogueira Padilha, 1.460 -vila Hort\u00eancia<\/p>\n<p align=\"left\">Parque Tr\u00eas Meninos<br \/>\nRua Nair D\u2019elboux Moreira, S\/N\u00ba<\/p>\n<p align=\"left\">Campo Esportivo do Parque Vit\u00f3ria R\u00e9gia<br \/>\nRua Jos\u00e9 Martinez Peres, 1856<\/p>\n<p align=\"left\">Campo Esportivo do Bairro do Cajuru<\/p>\n<p>[\/collapse]<\/p>\n<p>[collapse title=&#8221;Oficinas do Saber adaptadas para creches&#8221;]<\/p>\n<p>CEI 115 atendendo 100 crian\u00e7as em per\u00edodo integral, no Habiteto, Rua Eug\u00eanio Carlos<br \/>\nMendes s\/n\u00ba<br \/>\nCEI 116 para atendendo 150 crian\u00e7as, Rua Jos\u00e9 Leite do Canto J\u00fanior n\u00ba605 \u2013 Jardim<br \/>\nMontreal<br \/>\nCEI 117 para atender 150 crian\u00e7as, Rua Alpheu Castro Santos s\/n\u00ba \u2013 Jardim Rodrigo<\/p>\n<p>[\/collapse]<\/p>\n<p>[collapse title=&#8221;Revitaliza\u00e7\u00e3o, implanta\u00e7\u00e3o, reformas, manuten\u00e7\u00e3o de academias ao ar\u00a0livre; gradis met\u00e1licos, fontes e chafarizes; pr\u00f3prios municipais,\u00a0de 2017 a 2019&#8243;]<\/p>\n<p align=\"left\">Manuten\u00e7\u00e3o de academias ao ar livre: 740<\/p>\n<p align=\"left\">Bebedouros : 1.326<\/p>\n<p align=\"left\">Fontes\/Chafariz : 1.293<\/p>\n<p align=\"left\">Pr\u00f3prios Municipais : 4.306<\/p>\n<p align=\"left\">Total de manuten\u00e7\u00f5es : 7.665<\/p>\n<p align=\"left\">Total de implanta\u00e7\u00e3o de gradis met\u00e1licos : 3.283<\/p>\n<p>[\/collapse]<\/p>\n<p>[collapse title=&#8221;Revitaliza\u00e7\u00e3o do edif\u00edcio do Corpo de Bombeiros do Cerrado&#8221;]<\/p>\n<p align=\"left\">Rua Bento Manoel Ribeiro, 121<\/p>\n<p>[\/collapse]<\/p>\n<p>[collapse title=&#8221;Cobertura de quadras&#8221;]<\/p>\n<p align=\"left\">Jardim S\u00e3o Conrando (Rua Altino Arantes\/Ten. \u00c9rico de Oliveira s\/n\u00ba)<br \/>\nParque das Laranjeiras (Av. Ulisses Guimar\u00e3es s\/n\u00ba pr\u00f3x. Of. do Saber)<br \/>\nCampo do Espanha (Rua Ant\u00f4nio Silva de Oliveira s\/n\u00ba)<\/p>\n<p>[\/collapse]<\/p>\n<p>[collapse title=&#8221;Academias ao ar livre implantadas&#8221;]<\/p>\n<p align=\"left\">2018<\/p>\n<p align=\"left\">Jardim Abati\u00e1<\/p>\n<p align=\"left\">Mercado Distrital<\/p>\n<p align=\"left\">Jardim dos Estados<\/p>\n<p align=\"left\">Jardim Tatiana<\/p>\n<p align=\"left\">Av. Independ\u00eancia<\/p>\n<p align=\"left\">Wanel Ville<\/p>\n<p align=\"left\">Campo do Espanha<\/p>\n<p align=\"left\">2019<\/p>\n<p align=\"left\">Parque Tr\u00eas Meninos<\/p>\n<p align=\"left\">Pra\u00e7a do L\u00edder<\/p>\n<p align=\"left\">Parque S\u00e3o Bento<\/p>\n<p align=\"left\">Jardim Tr\u00eas Marias<\/p>\n<p align=\"left\">Jardim Santo Andr\u00e9<\/p>\n<p align=\"left\">Jardim S\u00e3o Conrado<\/p>\n<p align=\"left\">Jardim Paineiras<\/p>\n<p align=\"left\">Parque Santa Isabel<\/p>\n<p>[\/collapse]<\/p>\n<p>[collapse title=&#8221;Obras (Constru\u00e7\u00e3o)&#8221;]<\/p>\n<p align=\"left\">Pra\u00e7a do Jardim Abati\u00e1 \u2013 \u00c1rea Constru\u00edda: 30 mil m\u00b2<br \/>\nRua H\u00e9lio Meira\/Rua Idalina Maria De Jesus S\/N\u00ba &#8211; Jardim Abati\u00e1<\/p>\n<p align=\"left\">Parque Municipal Ives Ota \u2013 \u00c1rea Constru\u00edda: 7.660 m\u00b2<br \/>\nRua Aristides Carvalho, 2-70 \u2013 Jardim Morumbi<\/p>\n<p align=\"left\">Escola Municipal \u201cJaci Dourado Matielli\u201d &#8211; \u00c1rea Constru\u00edda: 3.093 m\u00b2<br \/>\nRua Jos\u00e9 Brand\u00e3o, 180 \u2013 Jardim Montreal<\/p>\n<p align=\"left\">CRAS Vit\u00f3ria R\u00e9gia &#8211; \u00c1rea Constru\u00edda: 216,60 m\u00b2<\/p>\n<p align=\"left\">Escola Municipal \u201cRenice Seraphim\u201d \u2013 \u00c1rea Constru\u00edda: 3.270 m\u00b2 (25 Salas)<br \/>\nRua Iolanda Carvalho, 160 \u2013 Carand\u00e1<\/p>\n<p align=\"left\">Base Para o Corpo de Bombeiros \u2013 \u00c1rea Constru\u00edda: 438,47 m\u00b2<br \/>\nAv. Itavuvu\/ Rua Yara Pichiguelli de Abreu \u2013 Jardim Maria Ant\u00f4nia Prado<\/p>\n<p align=\"left\">Campo Society \u2013 Grama Sint\u00e9tica Centro Esportivo And\u00e9 Matielli<br \/>\nRua Padre Lara Moraes, S\/N\u00ba \u2013 Pinheiros<\/p>\n<p align=\"left\">Pista Skate Carand\u00e1<br \/>\nEntre Os Bairros Carand\u00e1 e Altos De Ipanema<\/p>\n<p align=\"left\">Terraplanagem Constru\u00e7\u00e3o Escolas Altos do Panema<\/p>\n<p align=\"left\">02 Escolas No Altos Do Ipanema<\/p>\n<p align=\"left\">03 Creches No Carand\u00e1<\/p>\n<p align=\"left\">Passarela Jardim S\u00e3o Guilherme III &#8211; 2019<\/p>\n<p>[\/collapse]<\/p>\n<p>[collapse title=&#8221;Reparos e manuten\u00e7\u00f5es\u00a0de pontes &#8211; 2018\/2019&#8243;]<\/p>\n<p align=\"left\">Rua Martina Ruiz Crespo &#8211; Jardim Nova Ipanema<\/p>\n<p align=\"left\">Av. Paulo Varchavtchik \u2013 Bairros: Aparecidinha\/Brigadeiro Tobias<\/p>\n<p align=\"left\">Jardim Santa Luiza\/Paineiras<\/p>\n<p align=\"left\">Ponte Jardim Los Angeles &#8211; Rua Jos\u00e9 C. Lopes<\/p>\n<p align=\"left\">Ponte Jardim Los Angeles \u2013 Rua Maria F. Aguado<\/p>\n<p align=\"left\">Ponte Jardim Los Angeles \u2013 Rua Rubens Cleto<\/p>\n<p align=\"left\">Ponte Ipanema das Pedras \u2013 Estrada dos Ferrovi\u00e1rios Jo\u00e3o de Oliveira<\/p>\n<p align=\"left\">Ponte Santo Andr\u00e9\/Santa Luiza<\/p>\n<p align=\"left\">Ponte Jardim Paulista\/Santa Cec\u00edlia<\/p>\n<p align=\"left\">Ponte Rua Alfeu Castro Santos &#8211; Lopes de Oliveira<\/p>\n<p align=\"left\">Ponte do Pica-pau \u2013 Estrada Ara\u00e7oiabinha &#8211; Ipatinga<\/p>\n<p align=\"left\">Ponte do Rinc\u00e3o Ga\u00facho \u2013 Estrada Jos\u00e9 Ribeiro Leite &#8211; Ipatinga<\/p>\n<p align=\"left\">Ponte Flor do Carvalho \u2013 Rua Flor do Carvalho &#8211; \u00c9den<\/p>\n<p align=\"left\">Ponte da Rua Paulo Set\u00fabal \u2013 Pinheiros<\/p>\n<p align=\"left\">Ponte do Mato Dentro \u2013 Estrada do 25 &#8211; Mato Dentro<\/p>\n<p>[\/collapse]<\/p>\n<p>[collapse title=&#8221;Manuten\u00e7\u00e3o de passarelas &#8211; 2018\/2019&#8243;]<\/p>\n<p align=\"left\">Passarela do Parque Kasato Maru \u2013 Jardim Panor\u00e2mico &#8211; 2018<\/p>\n<p align=\"left\">Passarela do Ulysses Guimar\u00e3es \u2013 Parque Das Laranjeiras &#8211; 2019<\/p>\n<p align=\"left\">Passarela do Jardim Santa Esmeralda &#8211; 2019<\/p>\n<p>[\/collapse]<\/p>\n<p>[collapse title=&#8221;Ilumina\u00e7\u00e3o p\u00fablica em toda cidade&#8221;]<\/p>\n<p align=\"left\">2017 &#8211; 11.832<br \/>\n2018 &#8211; 11.198<br \/>\n2019 &#8211; 892<\/p>\n<p>[\/collapse]<\/p>\n<p>[collapse title=&#8221;Patrolamento nos bairros \u2013 vias de terra&#8221;]<\/p>\n<p align=\"left\">2017 &#8211; 29.128,00 m\u00b2<br \/>\n2018 \u2013 5.608,000, 00 m\u00b2<br \/>\n2019 &#8211; 2.151,584,00 m\u00b2<\/p>\n<p align=\"left\">TOTAL 7.788,712 m\u00b2<\/p>\n<p>[\/collapse]<\/p>\n<p>[collapse title=&#8221;Tapa buracos nos bairros&#8221;]<\/p>\n<p align=\"left\">2017 \u2013 157.081,00 m\u00b2<br \/>\n2018 \u2013 88.905,00 m\u00b2<br \/>\n2019 &#8211; 32.462,00 \u2013 at\u00e9 abril<\/p>\n<p align=\"left\">TOTAL: 278.448,00 m\u00b2<\/p>\n<p>[\/collapse]<\/p>\n<p>[collapse title=&#8221;Pavimenta\u00e7\u00e3o nos bairros&#8221;]<\/p>\n<p align=\"left\">Maria Eug\u00eania: 3.358,30 m\u00b2<br \/>\nAparecidinha; Jardim Leoc\u00e1dia; Jardim Pelegrino; Cajuru; \u00c9den: 5032,98 m\u00b2<\/p>\n<p align=\"left\">TOTAL: 9.666,28 m\u00b2 &#8211; 2017\/2018<\/p>\n<p>[\/collapse]<\/p>\n<p>[collapse title=&#8221;Recapeamento\/Refazimento&#8221;]<\/p>\n<p align=\"left\">2017:<\/p>\n<p align=\"left\">Nova Esperan\u00e7a; Jardim Prestes Barros; Parque dos Eucaliptos; \u00c9den; Paineiras; Santa<br \/>\nMarina; Jardim Magn\u00f3lia; Jardim S\u00e3o Marcos; Jardim Colonial; Jardim Iguatemi; Vila<br \/>\nGabriel; Al\u00e9m Ponte; Campolim<br \/>\nTOTAL: 162.120,00 m\u00b2<\/p>\n<p align=\"left\">2018:<\/p>\n<p align=\"left\">Vila Hort\u00eancia; Barcelona; Vila Santana; Nilton Torres;<br \/>\nTOTAL: 23.672,68 m\u00b2<\/p>\n<p align=\"left\">At\u00e9 abril\/2019:<\/p>\n<p align=\"left\">Centro; Vila Hort\u00eancia; Av. D. Aguirre<br \/>\nTOTAL: 5.540,00 m\u00b2<\/p>\n<p>[\/collapse]<\/p>\n<p>[collapse title=&#8221;Manuten\u00e7\u00e3o de cal\u00e7adas&#8221;]<\/p>\n<p>2017:<\/p>\n<p>Vila S\u00e3o Caetano; Jardim Leoc\u00e1dia<br \/>\nTotal: 175m\u00b2<\/p>\n<p>2018:<\/p>\n<p>Alto da Boa Vista; Jardins Vera Cruz; Saira; Prestes de Barros; Zulmira; \u00c1rvore grande;<br \/>\nCampolim e Cajuru<br \/>\nTotal: 1.158,33 m\u00b2<\/p>\n<p>[\/collapse]<\/p>\n<p>[collapse title=&#8221;Constru\u00e7\u00e3o de cal\u00e7adas&#8221;]<\/p>\n<p>2018:<\/p>\n<p>Lopes de Oliveira; Abati\u00e1; Jardim Leoc\u00e1dia; \u00c9den; Vila Aeroporto; Brasil\u00e2ndia<br \/>\nTOTAL: 1.270,95 m\u00b2<\/p>\n<p>At\u00e9 abril \/ 2019:<\/p>\n<p>\u00c9den, Mineir\u00e3o<br \/>\nTOTAL: 500m\u00b2<\/p>\n<p>[\/collapse]<\/p>\n<p>[collapse title=&#8221;Implanta\u00e7\u00e3o de ciclovias&#8221;]<\/p>\n<p>2017 \u2013 1.275 m\u00b2<br \/>\n2018 \u2013 1975,00 m\u00b2<\/p>\n<p>[\/collapse]<\/p>\n<p>[collapse title=&#8221;Constru\u00e7\u00e3o de guias&#8221;]<\/p>\n<p>Vila Rica; Distrito Industrial; Aparecidinha; Cajuru<br \/>\nTOTAL 2017 \u2013 1268,00 m\u00b2<\/p>\n<p>Vilas Regente; Sabi\u00e1; Eros; Aparecidinha; Aerporto; Jardins Leoc\u00e1dia; Guadalupe<br \/>\nTOTAL 2018 &#8211; 986m\u00b2<\/p>\n<p>Parque S\u00e3o Bento; Jardim Guadalupe; Retiro S\u00e3o Jo\u00e3o<br \/>\nTOTAL 2019: 754 m\u00b2 at\u00e9 abril<\/p>\n<p>[\/collapse]<\/p>\n<p>[collapse title=&#8221;Constru\u00e7\u00e3o de sarget\u00f5es&#8221;]<\/p>\n<p>TOTAL: 106 unidades &#8211; 2017 at\u00e9 abril de 2019.<\/p>\n<p>[\/collapse]<\/p>\n<p>[collapse title=&#8221;Demoli\u00e7\u00f5es&#8221;]<\/p>\n<p>TOTAL: 323 demoli\u00e7\u00f5es &#8211; 2017 at\u00e9 abril de 2019.<\/p>\n<p>[\/collapse]<\/p>\n<p>[collapse title=&#8221;Capina\u00e7\u00e3o&#8221;]<\/p>\n<p>198.851,00 m\u00b2\/2018<br \/>\n91.460,00 m\u00b2\/2019 \u2013 224 ruas at\u00e9 abril<\/p>\n<p>TOTAL: 290.311,00 m\u00b2<\/p>\n<p>[\/collapse]<\/p>\n<p>[collapse title=&#8221;Retirada de entulho&#8221;]<\/p>\n<p>2017 \u2013 7.420 t<br \/>\n2018 \u2013 9.820 t<br \/>\n2019 \u2013 1.512 t<br \/>\nTOTAL: 18.752<\/p>\n<p>[\/collapse]<\/p>\n<p>[collapse title=&#8221;Projeto Seu Bairro em Suas M\u00e3os &#8211; 2018&#8243;]<\/p>\n<p>Pavimenta\u00e7\u00e3o com piso intertravado: Ruas Manoel Vitorino Pereira Fernando de Melo<br \/>\nViana \u2013 Vila Eros<br \/>\nExtens\u00e3o: 2.100,00m\u00b2<br \/>\nConstru\u00e7\u00e3o de guias: Ruas Manoel Vitorino Pereira Fernando de Melo Viana \u2013 Vila Eros<br \/>\nExtens\u00e3o: 500,00 m (linear)<\/p>\n<p>[\/collapse]<\/p>\n<p>[collapse title=&#8221;Aberturas de canteiro central &#8211; 2018&#8243;]<\/p>\n<p>Av. Afonso Vergueiro \u2013 Guia e Cal\u00e7ada &#8211; 13,00 m\u00b2<br \/>\nAv. Ad\u00e3o Pereira de Camargo 12,00 m\u00b2<br \/>\nTOTAL 25,00 m\u00b2<\/p>\n<p>[\/collapse]<\/p>\n<p>[collapse title=&#8221;Constru\u00e7\u00e3o de muro de arrimo &#8211; 2018&#8243;]<\/p>\n<p>Vila Jo\u00e3o Rom\u00e3o<br \/>\n\u00c1rea: 93.75,00 m\u00b2<\/p>\n<p>[\/collapse]<\/p>\n<p>[collapse title=&#8221;Recapeamento e implanta\u00e7\u00e3o do sistema vi\u00e1rio &#8211; 2019&#8243;]<\/p>\n<p>Av. Juvenal de Campos \u2013 Jardim Sandra<br \/>\nExtens\u00e3o: 35.000,00 m\u00b2<\/p>\n<p>[\/collapse]<\/p>\n<p>[collapse title=&#8221;Manuten\u00e7\u00e3o de ciclovias e cal\u00e7adas &#8211; 2019&#8243;]<\/p>\n<p>Extens\u00e3o: 8.000<br \/>\nAv. Juvenal de Campos \u2013 Jardim Sandra<\/p>\n<p>[\/collapse]<\/p>\n<p>[collapse title=&#8221;Ilumina\u00e7\u00e3o p\u00fablica \u2013 Led \u2013 2017\/2019&#8243;]<\/p>\n<p align=\"left\">Total de l\u00e2mpadas Led: 262<\/p>\n<p align=\"left\">Reservat\u00f3rio de Conten\u00e7\u00e3o de Cheias -RDC &#8211; 30<\/p>\n<p align=\"left\">Pra\u00e7a Jardim Abati\u00e1 &#8211; 12<\/p>\n<p align=\"left\">Pra\u00e7a do Jardim Carand\u00e1 &#8211; 16<\/p>\n<p align=\"left\">Pra\u00e7a Cel. Fernando Prestes &#8211; 24<\/p>\n<p>[\/collapse]<\/p>\n<p>[collapse title=&#8221;Plantio de grama&#8221;]<\/p>\n<p align=\"left\">Av. Juvenal de Campos \u2013 Jardim Sandra<br \/>\nTOTAL: 1.000 m\u00b2<\/p>\n<p>[\/collapse]<\/p>\n<p>[collapse title=&#8221;Readequa\u00e7\u00e3o vi\u00e1ria&#8221;]<\/p>\n<p align=\"left\">Av. Juvenal de Campos \u2013 Jardim Sandra<br \/>\nExtens\u00e3o: 7.184 m\u00b2<\/p>\n<p>[\/collapse]<\/p>\n<p>[collapse title=&#8221;Implanta\u00e7\u00e3o do sistema vi\u00e1rio &#8211; recapeamento&#8221;]<\/p>\n<p align=\"left\">Rua Esperan\u00e7a<br \/>\nExtens\u00e3o: 2.200 m\u00b2<\/p>\n<p>[\/collapse]<\/p>\n","protected":false},"excerpt":{"rendered":"<p>[collapse title=&#8221;Obras (Reformas)&#8221;] 5\u00ba Andar &#8211; Mirante do Pa\u00e7o Av. Eng Carlos Reinaldo Mendes, 3041 \u2013 Alto Da Boa Vista Samu \u2013 Servi\u00e7o de Atendimento M\u00e9dico de Urg\u00eancias &#8211; \u00c9den Av. Independ\u00eancia, 4193 UBS Lopes de Oliveira Rua Alpheu Castro Santos, 220 UBS \u00c9den Rua Salvador Leite Marques, 933 UBS M\u00e1rcia Mendes Rua Jos\u00e9 Augusto&nbsp; <a href=\"https:\/\/sorocaba.sp.gov.br\/acompanheogoverno\/conservacao-servicos-e-obras-serpo\/\">&hellip; Leia mais<\/a><\/p>\n","protected":false},"author":69,"featured_media":0,"parent":0,"menu_order":0,"comment_status":"closed","ping_status":"closed","template":"","meta":{"footnotes":""},"class_list":["post-30","page","type-page","status-publish","hentry"],"_links":{"self":[{"href":"https:\/\/sorocaba.sp.gov.br\/acompanheogoverno\/wp-json\/wp\/v2\/pages\/30","targetHints":{"allow":["GET"]}}],"collection":[{"href":"https:\/\/sorocaba.sp.gov.br\/acompanheogoverno\/wp-json\/wp\/v2\/pages"}],"about":[{"href":"https:\/\/sorocaba.sp.gov.br\/acompanheogoverno\/wp-json\/wp\/v2\/types\/page"}],"author":[{"embeddable":true,"href":"https:\/\/sorocaba.sp.gov.br\/acompanheogoverno\/wp-json\/wp\/v2\/users\/69"}],"replies":[{"embeddable":true,"href":"https:\/\/sorocaba.sp.gov.br\/acompanheogoverno\/wp-json\/wp\/v2\/comments?post=30"}],"version-history":[{"count":8,"href":"https:\/\/sorocaba.sp.gov.br\/acompanheogoverno\/wp-json\/wp\/v2\/pages\/30\/revisions"}],"predecessor-version":[{"id":127,"href":"https:\/\/sorocaba.sp.gov.br\/acompanheogoverno\/wp-json\/wp\/v2\/pages\/30\/revisions\/127"}],"wp:attachment":[{"href":"https:\/\/sorocaba.sp.gov.br\/acompanheogoverno\/wp-json\/wp\/v2\/media?parent=30"}],"curies":[{"name":"wp","href":"https:\/\/api.w.org\/{rel}","templated":true}]}}