{"id":35,"date":"2019-05-21T13:52:55","date_gmt":"2019-05-21T16:52:55","guid":{"rendered":"http:\/\/sorocaba.sp.gov.br\/obraseacoes\/?page_id=35"},"modified":"2019-05-22T13:37:30","modified_gmt":"2019-05-22T16:37:30","slug":"cultura-secult","status":"publish","type":"page","link":"https:\/\/sorocaba.sp.gov.br\/acompanheogoverno\/cultura-secult\/","title":{"rendered":"Cultura (SECULT)"},"content":{"rendered":"<p>[collapse title=&#8221;Mais de 500 atividades realizadas nas manh\u00e3s de s\u00e1bado na Biblioteca Infantil Municipal (entre 2017\/2019)&#8221;]<\/p>\n<p align=\"left\">Encontros com a MPB<br \/>\nOficinas de Dobraduras para Crian\u00e7as<br \/>\nEncontros com o Mito<br \/>\nEspet\u00e1culos de Circo<br \/>\nPasseios Culturais<br \/>\nOficinas de Culin\u00e1ria para Crian\u00e7as<br \/>\nEspet\u00e1culo Corn\u00e9lio Pires \u2013 Grupo Barrac\u00e3o da V\u00f3<br \/>\nO Showman Caipira \u2013 Quadrilogia Teatral<br \/>\nO desenho Dan\u00e7ante\u201d \u201cViajando Pelas Ondas<br \/>\nOficina de Feij\u00e3o Tropeiro<br \/>\nAnimateca<br \/>\nLan\u00e7amentos de Livros<br \/>\nInterven\u00e7\u00e3o Cultural \u2013 Conversas Tran\u00e7adas<br \/>\nEspet\u00e1culos de Teatro<br \/>\nExibi\u00e7\u00e3o de Filmes<br \/>\nQuinta Dan\u00e7antes<br \/>\nExposi\u00e7\u00f5es Culturais<br \/>\nApresenta\u00e7\u00e3o de Corais<br \/>\nSarau Feminino<br \/>\nCarnaval<br \/>\nF\u00e9rias na Biblioteca<br \/>\nConta\u00e7\u00e3o de Hist\u00f3rias<br \/>\nSemana Mundial do Brincar<br \/>\nAulas de Tai Chi<\/p>\n<p>[\/collapse]<\/p>\n<p>[collapse title=&#8221;Atividades nos museus Hist\u00f3rico; da Estrada de Ferro, Chal\u00e9 Franc\u00eas e Casar\u00e3o de\u00a0Brigadeiro Tobias&#8221;]<\/p>\n<p align=\"left\">F\u00e9rias no Museu<br \/>\nExposi\u00e7\u00f5es diversas<br \/>\nCiclo de Oficinas<br \/>\nCiclos de Palestras<br \/>\nVisitas noturnas monitoradas<\/p>\n<p>[\/collapse]<\/p>\n<p>[collapse title=&#8221;Atividades na Biblioteca Municipal&#8221;]<\/p>\n<p align=\"left\">2017, 2018 at\u00e9 abril de 2019:<\/p>\n<p align=\"left\">Exposi\u00e7\u00f5es e oficinas diversas<br \/>\nApresenta\u00e7\u00f5es Musicais e Teatrais<br \/>\nCarnaval para as Crian\u00e7as<br \/>\nProjeto Cinemateca<br \/>\nI Encontro de Biblioteca e Bibliotec\u00e1rios da Regi\u00e3o Metropolitana<br \/>\nSaraus, poemas e m\u00fasica<br \/>\nTroca-trocas de livros \u00faltimas sextas\/m\u00eas;<br \/>\nVias Amigas<br \/>\nFestival de Fanfarras<br \/>\nA\u00e7\u00f5es Culturais ga\u00fachas<br \/>\nLan\u00e7amentos de Livros<br \/>\nAcantonamento<br \/>\nCurso de Braille<br \/>\nSemana Mundial do Brincar 20 a 27\/05\/18<br \/>\n10\u00ba Sal\u00e3o Nacional de Fotografia de Sorocaba<br \/>\nEventos de Cultura Chinesa<\/p>\n<p>[\/collapse]<\/p>\n<p>[collapse title=&#8221;Atividades no Mercado Distrital&#8221;]<\/p>\n<p align=\"left\">Projeto \u201cM\u00fasica de Mercado\u201d<br \/>\nEspecial do Dia Nacional do Samba; Especial Moda de Viola<br \/>\nSarau Livre<br \/>\nFeira de Artesanato<br \/>\nCarnaval<br \/>\nDomingo Sertanejo<\/p>\n<p>[\/collapse]<\/p>\n<p>[collapse title=&#8221;Atividades no Parque dos Espanh\u00f3is; das \u00c1guas; e Chico Mendes&#8221;]<\/p>\n<p align=\"left\">Espet\u00e1culos e Shows Musicais<br \/>\nBailes de Carnaval<br \/>\nExposi\u00e7\u00e3o de Fotos<br \/>\nCurso de Artes Circenses e Teatro<br \/>\nEncena\u00e7\u00e3o da Paix\u00e3o de Cristo 2018<br \/>\nEncena\u00e7\u00e3o da Paix\u00e3o de Cristo 2019<br \/>\nSemana Mundial do Brincar 20 a 27\/05\/18<\/p>\n<p>[\/collapse]<\/p>\n<p>[collapse title=&#8221;Carnaval: 12\u00a0dias com mais de 30 a\u00e7\u00f5es e atividades diversas&#8221;]<br \/>\nDesfile de Rua (em 2017)<br \/>\nCarnaval da Dignidade Vila dos Velhinhos e Lar S\u00e3o Vicente<br \/>\nRodas de Samba \u2013 Mercados Municipal e Distrital<br \/>\nCarnaval sem Barreiras<br \/>\nCarnaval da Dignidade &#8211; Vila Dignidade<br \/>\nConta\u00e7\u00e3o de Hist\u00f3rias no GPACI;<br \/>\nCarnaval nos Bairros \u00c9den, Brigadeiro Tobias, Vit\u00f3ria R\u00e9gia e Santa B\u00e1rbara \u2013 Teatro de<br \/>\nArena do Pa\u00e7o: Rockfolia<\/p>\n<p>Carnaval 2018<br \/>\nOficina de Abad\u00e1s<br \/>\nDan\u00e7a de Sal\u00e3o<br \/>\nEncontro de Baterias de Escolas de Samba<br \/>\nBailes e Matines<br \/>\nDesfile de Blocos<br \/>\nCarnaval nos Parques<br \/>\nCarnaval nos Bairros<br \/>\nDesfile das Escolas de Samba<\/p>\n<p>Carnaval 2019<br \/>\nDesfiles das Escolas de Samba<br \/>\nShows em Feiras Livres, Jardim Mailaski<br \/>\nLGBT Folia<br \/>\nRock Folia<br \/>\nCEU Folia, Carnatronic, Matine da Melhor Idade<br \/>\nBailes \u2013 Vila dos Velhinhos, Lar S\u00e3o Vicente de Paulo, Biblioteca Infantil<br \/>\nSorocaba Club &#8211; \u201cReencontros para a Melhor Idade\u201d<\/p>\n<p>[\/collapse]<\/p>\n<p>[collapse title=&#8221;Barrac\u00e3o Cultural&#8221;]<\/p>\n<p align=\"left\">Oficinas diversas<br \/>\nHist\u00f3rias Invis\u00edveis; Cine Terror ; Fotografia etc.<br \/>\nSemana Hip Hop<br \/>\nEncontro Sorocabano de Museus \u2013 Dia do Museu<br \/>\nAprendendo Teatro com Desenhos Animados<br \/>\nAulas de Capoeira<br \/>\nF\u00f3rum de Hip Hop<br \/>\nEncontros Culturais de Samba Rock; Conta\u00e7\u00e3o de Hist\u00f3rias, etc<br \/>\n2\u00aa Edi\u00e7\u00e3o do Festival de Marchinhas Barrac\u00e3o Cultural<br \/>\n2\u00ba Encontro Regional de Museus<\/p>\n<p>[\/collapse]<\/p>\n<p>[collapse title=&#8221;C\u00e9u das Artes&#8221;]<\/p>\n<p align=\"left\">Projeto M\u00fasica na Biblioteca<br \/>\nOcupa\u00e7\u00e3o Preta\/Sarau<br \/>\nSemana HIP HOP<br \/>\nBas Hap Ball<br \/>\nBanda da Feira<br \/>\nDia da Crian\u00e7a Inclusivo e Informativo<br \/>\nCursos de Ingl\u00eas e Espanhol<br \/>\nProjeto \u201cToca esse Afox\u00e9\u201d<\/p>\n<p>[\/collapse]<\/p>\n<p>[collapse title=&#8221;Teatro Municipal Teot\u00f4nio Vilela (TMTV)&#8221;]<\/p>\n<p align=\"left\">Espet\u00e1culos teatrais; musicais; de dan\u00e7a; concertos de m\u00fasica erudita<br \/>\nFestival de M\u00fasica Gospel, \u201cShows Retrato Bossa Jazz\u201d com Mafalda Minozzi, Z\u00e9lia Duncan<\/p>\n<p>[\/collapse]<\/p>\n<p>[collapse title=&#8221;Espet\u00e1culos de dan\u00e7a e m\u00fasica nos Terminais Santo Ant\u00f4nio e S\u00e3o Paulo&#8221;]<\/p>\n<p>Na Semana da Mulher, com a academia Clagma.<\/p>\n<p>[\/collapse]<\/p>\n<p>[collapse title=&#8221;Projeto No Centro do Palco&#8221;]<\/p>\n<p align=\"left\">Cinco edi\u00e7\u00f5es na Pra\u00e7a Cel. Fernando Prestes.<\/p>\n<p>[\/collapse]<\/p>\n<p>[collapse title=&#8221;Projeto Revivendo a Pra\u00e7a&#8221;]<\/p>\n<p align=\"left\">1\u00aa Edi\u00e7\u00e3o do Festival de Marchinhas Pra\u00e7a Cel. Fernando Prestes; 2018; Mostra de Dan\u00e7a de Sal\u00e3o 2018.<\/p>\n<p>[\/collapse]<\/p>\n<p>[collapse title=&#8221;Festival de M\u00fasica Sertaneja&#8221;]<\/p>\n<p align=\"left\">26\/05 \/18<\/p>\n<p>[\/collapse]<\/p>\n<p>[collapse title=&#8221;Concertos internacionais FINAMAX\/ASTRA&#8221;]<\/p>\n<p>[\/collapse]<\/p>\n<p>[collapse title=&#8221;6\u00aa Confer\u00eancia Municipal de Cultura \u2013 SENAC Sorocaba&#8221;]<\/p>\n<p>[\/collapse]<\/p>\n<p>[collapse title=&#8221;Teatro em Tr\u00e2nsito&#8221;]<\/p>\n<p align=\"left\">19 A 31\/01\/19<\/p>\n<p>[\/collapse]<\/p>\n<p>[collapse title=&#8221;Arrast\u00e3o Cultural&#8221;]<\/p>\n<p align=\"left\">4 Edi\u00e7\u00f5es:<\/p>\n<p align=\"left\">1\u00aa edi\u00e7\u00e3o :de 03 a 09 de abril- Parque Vit\u00f3ria R\u00e9gia<br \/>\n2\u00aa edi\u00e7\u00e3o de 10 a 18 de junho \u2013 \u00c9den e Cajuru<br \/>\n3\u00aa edi\u00e7\u00e3o de 19\/08 a 03\/09 \u2013 Parque S\u00e3o Bento; Jardim Carand\u00e1 e Cagua\u00e7u<br \/>\n4\u00aa edi\u00e7\u00e3o de 11 a 24\/04\/18 \u2013 Brigadeiro Tobias<br \/>\n5\u00aa edi\u00e7\u00e3o de 17 a 26\/10\/18 \u2013 Ana Paula Eleut\u00e9rio (Habiteto)<\/p>\n<p>[\/collapse]<\/p>\n<p>[collapse title=&#8221;1\u00ba Encontro de Dirigentes Municipais da Regi\u00e3o Metropolitana no PTS&#8221;]<\/p>\n<p align=\"left\">Parceria com SEDETER e SERIM.<\/p>\n<p>[\/collapse]<\/p>\n<p>[collapse title=&#8221;Seresta na Esta\u00e7\u00e3o Ferrovi\u00e1ria e exposi\u00e7\u00e3o de fotos antigas&#8221;]<\/p>\n<p align=\"left\">No Dia do Ferrovi\u00e1rio.<\/p>\n<p>[\/collapse]<\/p>\n<p>[collapse title=&#8221;Feira Permanente de Artes Pl\u00e1sticas&#8221;]<\/p>\n<p align=\"left\">Pra\u00e7a Pio XII, no Jd. Santa Ros\u00e1lia.<\/p>\n<p>[\/collapse]<\/p>\n<p>[collapse title=&#8221;Elabora\u00e7\u00e3o do \u201cPlano Diretor de Turismo\u201d em vigor&#8221;]<\/p>\n<p>[\/collapse]<\/p>\n<p>[collapse title=&#8221;50\u00aa Semana do Tropeiro &#8211; 2017&#8243;]<\/p>\n<p>[\/collapse]<\/p>\n<p>[collapse title=&#8221;51\u00aa Semana do Tropeiro\u00a0&#8211; 2018&#8243;]<\/p>\n<p>[\/collapse]<\/p>\n<p>[collapse title=&#8221;Implanta\u00e7\u00e3o do Projeto Vizinhos Culturais&#8221;]<\/p>\n<p align=\"left\">Interc\u00e2mbios culturais entre artistas da regi\u00e3o metropolitana, com exposi\u00e7\u00f5es e apresenta\u00e7\u00f5es.<\/p>\n<p>[\/collapse]<\/p>\n<p>[collapse title=&#8221;Lan\u00e7amento do Projeto Arte de Passagem&#8221;]<\/p>\n<p align=\"left\">Exposi\u00e7\u00e3o de poemas de autores da regi\u00e3o metropolitana nas linhas de \u00f4nibus de Sorocaba.<\/p>\n<p>[\/collapse]<\/p>\n<p>[collapse title=&#8221;Cria\u00e7\u00e3o da Escola P\u00fablica de Cultura e Artes Ettore Marangoni&#8221;]<\/p>\n<p align=\"left\">Jardim Sandra.<\/p>\n<p>[\/collapse]<\/p>\n<p>[collapse title=&#8221;Virada Cultural Paulista 2017&#8243;]<\/p>\n<p>[\/collapse]<\/p>\n<p>[collapse title=&#8221;Virada Cultural Paulista 2018&#8243;]<\/p>\n<p>[\/collapse]<\/p>\n<p>[collapse title=&#8221;Domingo no Parque&#8221;]<\/p>\n<p align=\"left\">Espet\u00e1culos musicais nos parques de Sorocaba.<\/p>\n<p>[\/collapse]<\/p>\n<p>[collapse title=&#8221;Cine Boa Pra\u00e7a&#8221;]<\/p>\n<p align=\"left\">2017\/2018<\/p>\n<p align=\"left\">Exibi\u00e7\u00e3o de filmes em diversos bairros ex.: pra\u00e7a de Aparecidinha, quadra do Parque das Laranjeiras, Vit\u00f3ria R\u00e9gia, Pra\u00e7a Amedeu Franciulli<\/p>\n<p>[\/collapse]<\/p>\n<p>[collapse title=&#8221;38\u00aa Edi\u00e7\u00e3o da Festa Junina Beneficente&#8221;]<\/p>\n<p align=\"left\">Parque das \u00c1guas 2017<\/p>\n<p>[\/collapse]<\/p>\n<p>[collapse title=&#8221;39\u00aa Edi\u00e7\u00e3o da Festa Junina Beneficente&#8221;]<\/p>\n<p align=\"left\">Parque das \u00c1guas 2018<\/p>\n<p>[\/collapse]<\/p>\n<p>[collapse title=&#8221;363 anos de Sorocaba&#8221;]<\/p>\n<p>[\/collapse]<\/p>\n<p>[collapse title=&#8221;364 anos de Sorocaba&#8221;]<\/p>\n<p>[\/collapse]<\/p>\n<p>[collapse title=&#8221;Sal\u00e3o Nacional de Fotografia&#8221;]<\/p>\n<p>[\/collapse]<\/p>\n<p>[collapse title=&#8221;Arte na Pra\u00e7a&#8221;]<\/p>\n<p align=\"left\">Pra\u00e7a M\u00e1rcia Mendes.<\/p>\n<p>[\/collapse]<\/p>\n<p>[collapse title=&#8221;Sarau nos bairros perif\u00e9ricos de Sorocaba&#8221;]<\/p>\n<p>[\/collapse]<\/p>\n<p>[collapse title=&#8221;Pr\u00eamio de Artes Visuais&#8221;]<\/p>\n<p>[\/collapse]<\/p>\n<p>[collapse title=&#8221;Pr\u00eamio de Literatura&#8221;]<\/p>\n<p>[\/collapse]<\/p>\n<p>[collapse title=&#8221;1\u00aa\u00a0FLAUS\u00a0\u2013 Feira do Livro de Autores Sorocabanos&#8221;]<\/p>\n<p>[\/collapse]<\/p>\n<p>[collapse title=&#8221;M\u00fasica na Pra\u00e7a&#8221;]<\/p>\n<p>Parque S\u00e3o Bento<\/p>\n<p>[\/collapse]<\/p>\n<p>[collapse title=&#8221;1\u00aa Edi\u00e7\u00e3o Natal M\u00e1gico Paz na Terra&#8221;]<\/p>\n<p>em Parceria com o Fundo Social. 2017.<\/p>\n<p>[\/collapse]<\/p>\n<p>[collapse title=&#8221;2\u00aa Edi\u00e7\u00e3o Natal M\u00e1gico Paz na Terra&#8221;]<\/p>\n<p>Em Parceria com o Fundo Social. 2018.<\/p>\n<p>[\/collapse]<\/p>\n<p>[collapse title=&#8221;Semana Nacional de Museus&#8221;]<\/p>\n<p>[\/collapse]<\/p>\n<p>[collapse title=&#8221;XI Pr\u00eamio de Sorocaba de M\u00fasica \u2013 Festival Nacional de MPB Livre&#8221;]<\/p>\n<p>[\/collapse]<\/p>\n<p>[collapse title=&#8221;Festival de Pipas PTS&#8221;]<\/p>\n<p>[\/collapse]<\/p>\n<p>[collapse title=&#8221;5\u00aa Mostra Livre de Cinema&#8221;]<\/p>\n<p>Cineplay Sorocaba Shopping<\/p>\n<p>[\/collapse]<\/p>\n<p>[collapse title=&#8221;Passeio de locomotiva 58&#8243;]<\/p>\n<p>12 e 13\/10\/2018<\/p>\n<p>22 e 23\/12\/2018<\/p>\n<p>[\/collapse]<\/p>\n<p>[collapse title=&#8221;II Encontro de Carros Cl\u00e1ssicos&#8221;]<\/p>\n<p>Novembro\/2018<\/p>\n<p>[\/collapse]<\/p>\n<p>[collapse title=&#8221;1\u00ba Passeio de rolim\u00e3 e similares, no empreendimento LINC&#8221;]<\/p>\n<p>Dezembro\/ 2018<\/p>\n<p>[\/collapse]<\/p>\n<p>[collapse title=&#8221;2\u00ba\u00a0Passeio de rolim\u00e3 e similares, no empreendimento LINC&#8221;]<\/p>\n<p>Mar\u00e7o\/ 2019<\/p>\n<p>[\/collapse]<\/p>\n<p>[collapse title=&#8221;Atividades no Mercado Municipal&#8221;]<\/p>\n<p>Lan\u00e7amento da Orquestra de Viola Z\u00e9 Franco<\/p>\n<p>[\/collapse]<\/p>\n<p>[collapse title=&#8221;Inaugura\u00e7\u00e3o da Pinacoteca Municipal&#8221;]<\/p>\n<p>Janeiro \/ 2019<\/p>\n<p>[\/collapse]<\/p>\n<p>[collapse title=&#8221;4\u00aa Edi\u00e7\u00e3o da Festa Klandestino&#8221;]<\/p>\n<p>Pra\u00e7a da Bandeira<\/p>\n<p>Janeiro \/ 2019<\/p>\n<p>[\/collapse]<\/p>\n<p>[collapse title=&#8221;1\u00aa Fest\u00e3o \u2013 Festival Regional de Teatro&#8221;]<\/p>\n<p>Pra\u00e7a Frei Bara\u00fana e No Dois ponto Oito.<\/p>\n<p>[\/collapse]<\/p>\n<p>[collapse title=&#8221;2\u00aa Hiphofera \u2013 Parque da Formosa&#8221;]<\/p>\n<p>[\/collapse]<\/p>\n","protected":false},"excerpt":{"rendered":"<p>[collapse title=&#8221;Mais de 500 atividades realizadas nas manh\u00e3s de s\u00e1bado na Biblioteca Infantil Municipal (entre 2017\/2019)&#8221;] Encontros com a MPB Oficinas de Dobraduras para Crian\u00e7as Encontros com o Mito Espet\u00e1culos de Circo Passeios Culturais Oficinas de Culin\u00e1ria para Crian\u00e7as Espet\u00e1culo Corn\u00e9lio Pires \u2013 Grupo Barrac\u00e3o da V\u00f3 O Showman Caipira \u2013 Quadrilogia Teatral O desenho&nbsp; <a href=\"https:\/\/sorocaba.sp.gov.br\/acompanheogoverno\/cultura-secult\/\">&hellip; Leia mais<\/a><\/p>\n","protected":false},"author":69,"featured_media":0,"parent":0,"menu_order":0,"comment_status":"closed","ping_status":"closed","template":"","meta":{"footnotes":""},"class_list":["post-35","page","type-page","status-publish","hentry"],"_links":{"self":[{"href":"https:\/\/sorocaba.sp.gov.br\/acompanheogoverno\/wp-json\/wp\/v2\/pages\/35","targetHints":{"allow":["GET"]}}],"collection":[{"href":"https:\/\/sorocaba.sp.gov.br\/acompanheogoverno\/wp-json\/wp\/v2\/pages"}],"about":[{"href":"https:\/\/sorocaba.sp.gov.br\/acompanheogoverno\/wp-json\/wp\/v2\/types\/page"}],"author":[{"embeddable":true,"href":"https:\/\/sorocaba.sp.gov.br\/acompanheogoverno\/wp-json\/wp\/v2\/users\/69"}],"replies":[{"embeddable":true,"href":"https:\/\/sorocaba.sp.gov.br\/acompanheogoverno\/wp-json\/wp\/v2\/comments?post=35"}],"version-history":[{"count":7,"href":"https:\/\/sorocaba.sp.gov.br\/acompanheogoverno\/wp-json\/wp\/v2\/pages\/35\/revisions"}],"predecessor-version":[{"id":236,"href":"https:\/\/sorocaba.sp.gov.br\/acompanheogoverno\/wp-json\/wp\/v2\/pages\/35\/revisions\/236"}],"wp:attachment":[{"href":"https:\/\/sorocaba.sp.gov.br\/acompanheogoverno\/wp-json\/wp\/v2\/media?parent=35"}],"curies":[{"name":"wp","href":"https:\/\/api.w.org\/{rel}","templated":true}]}}