{"id":37,"date":"2019-05-21T13:53:10","date_gmt":"2019-05-21T16:53:10","guid":{"rendered":"http:\/\/sorocaba.sp.gov.br\/obraseacoes\/?page_id=37"},"modified":"2019-05-22T13:38:57","modified_gmt":"2019-05-22T16:38:57","slug":"desenvolvimento-economico-trabalho-turismo-e-renda-sedetter","status":"publish","type":"page","link":"https:\/\/sorocaba.sp.gov.br\/acompanheogoverno\/desenvolvimento-economico-trabalho-turismo-e-renda-sedetter\/","title":{"rendered":"Desenvolvimento Econ\u00f4mico, Trabalho, Turismo e Renda (SEDETTER)"},"content":{"rendered":"<p>[collapse title=&#8221;Implanta\u00e7\u00e3o de um Polo da UNIVEST na sede da SEDETTER&#8221;]<\/p>\n<p>Vagas Oferecidas: 200 vagas<br \/>\nCursos: de Engenharia da Computa\u00e7\u00e3o (50), Licenciatura em Matem\u00e1tica (50), Pedagogia (50) e Tecn\u00f3logo em Gest\u00e3o P\u00fablica (50), este em parceria com a FATEC Sorocaba.<\/p>\n<p>[\/collapse]<\/p>\n<p>[collapse title=&#8221;Entrega de Termos de Permiss\u00e3o para mais de 100 ambulantes regularizados&#8221;]<\/p>\n<p>Para o exerc\u00edcio desse trabalho nas vias e logradouros da cidade, tornando-se MEI \u2013 Microempreendedores Individuais.<\/p>\n<p>[\/collapse]<\/p>\n<p>[collapse title=&#8221;Implanta\u00e7\u00e3o de Posto Avan\u00e7ado do SEBRAE no Parque Tecnol\u00f3gico&#8221;]<\/p>\n<p>Denominado \u201cSEBRAE Aqui\u201d, visa fomentar o desenvolvimento sustent\u00e1vel da regi\u00e3o metropolitana, al\u00e9m de propostas de melhorias para as micro e pequenas empresas.<\/p>\n<p>[\/collapse]<\/p>\n<p>[collapse title=&#8221;Espa\u00e7o Empreendedor&#8221;]<\/p>\n<p>Desenvolveu v\u00e1rias a\u00e7\u00f5es t\u00e9cnicas com implementa\u00e7\u00e3o de novas estrat\u00e9gicas para acelerar o atendimento ao empreendedor.<\/p>\n<p>[\/collapse]<\/p>\n<p>[collapse title=&#8221;Ranking de Formaliza\u00e7\u00e3o no Estado&#8221;]<\/p>\n<p>Sorocaba ocupa a QUINTA coloca\u00e7\u00e3o geral dentre os munic\u00edpios que mais formalizam no Estado de S\u00e3o Paulo, \u00e9 a SEGUNDA maior, dentre os munic\u00edpios com menos de 1 milh\u00e3o de habitantes.<\/p>\n<p>[\/collapse]<\/p>\n<p>[collapse title=&#8221;Atendimento aos empreendedores&#8221;]<\/p>\n<p>Cresceu 22,76% entre 2017 \/2018.<\/p>\n<p>[\/collapse]<\/p>\n<p>[collapse title=&#8221;Banco do Povo Paulista (BPP)&#8221;]<\/p>\n<p>Unidade Sorocaba.<\/p>\n<p>[\/collapse]<\/p>\n<p>[collapse title=&#8221;Comparativo de Crescimento de Valores Contratados&#8221;]<\/p>\n<p>Em 2017 &#8211; R$ 1.922.709,78<br \/>\nEm 2018 \u2013 R$ 2.627.728,54<br \/>\nPercentual de Crescimento: 36,67%<\/p>\n<p>Entre JANEIRO A ABRIL de 2018: R$ 698.527,81<br \/>\nEntre JANEIRO A ABRIL de 2019: R$ 846.000,57<br \/>\nPercentual de Crescimento: 21,11%<\/p>\n<p>[\/collapse]<\/p>\n<p>[collapse title=&#8221;Posto de Atendimento ao Trabalhador &#8211; PAT&#8221;]<\/p>\n<p>Programa Time de Emprego : prepara\u00e7\u00e3o de desempregados para o mercado de<br \/>\ntrabalho 50 turmas preparadas<br \/>\n1500 participantes<br \/>\nMutir\u00e3o do Emprego: anualmente em maio PAT convida as principais empresas de<br \/>\ntodos os segmentos; objetivo de ampliar a oferta de vagas.<br \/>\nVagas ofertadas: 500<br \/>\nInser\u00e7\u00e3o no mercado de trabalho: 9.848 trabalhadores<br \/>\nEmiss\u00e3o de Carteiras de Trabalho &#8211; CTPS: 27.609<br \/>\nUtiliza\u00e7\u00e3o da Sala do Empres\u00e1rio: empregador\/trabalhador na fase da contrata\u00e7\u00e3o: 1854 vezes empresas da Grande S\u00e3o Paulo, Sorocaba e Regi\u00e3o utilizaram a sala, com 20.645 candidatos entrevistados<\/p>\n<p>Cadastramento do trabalhador \u2013 Sistema Emprega Brasil: 14.022 cadastros;<br \/>\nTotal no banco de dados 63.349, muitos j\u00e1 inseridos no mercado de trabalho<\/p>\n<p>Vagas de emprego captadas: 12.045<\/p>\n<p>Encaminhamento de candidatos \u00e0 vaga de emprego: 39.569<br \/>\nTotal de atendimentos: 214.490<\/p>\n<p>Descentraliza\u00e7\u00e3o do PAT em 2019: em 60 DIAS as Casas do Cidad\u00e3o do Ipiranga; Ipanema; Itavuvu\u00a0e \u00c9den realizaram 3.278 atendimentos.<\/p>\n<p>[\/collapse]<\/p>\n<p>[collapse title=&#8221;Atendimento Empresarial&#8221;]<\/p>\n<p>2017 \u2013 830 empresas atendidas<\/p>\n<p>14 (quatorze)\u00a0empresas atra\u00eddas 2018\/2019: SOROCRED; DPR; SUPERMERCADO CONFIAN\u00c7A; VARROC; ROSEPLASTIC; TECSIS; ABB; GRUPO MABEL; WHITE MARTINS; ALIMENT\u00cdCIAS; MULTICEL; ATACAD\u00c3O; ARCH QU\u00cdMICA E TEGMA<\/p>\n<p>1,9\u00a0bilh\u00f5es investidos e 3.500\u00a0empregos gerados<\/p>\n<p>Programa APL \u2013 Articula\u00e7\u00e3o com empresas em cadeias produtivas: 35 APL\u2019S \u2013 (35 Metalmec\u00e2nico; 42 Aeroespacial; 11 Micro-cervejarias.<br \/>\nTotal: 88\u00a0empresas<\/p>\n<p>2017\/2019 \u2013 262\u00a0empresas participaram de encontros, workshop e meeting empresarial, com a presen\u00e7a de mais de 200 participantes<\/p>\n<p>2018 \u2013Regulamentado o Conselho Municipal de Ci\u00eancia, Tecnologia e Inova\u00e7\u00e3o<\/p>\n<p>2017 a 2019 \u2013 21 Concess\u00f5es para Incentivos Fiscais<br \/>\n20.18 \u2013 Universidade do Trabalhador Empreendedor e Neg\u00f3cios<\/p>\n<p>2017 a 2018 &#8211; Cursos para o trabalhador\u00a0\u2013 4.720 formandos; com previs\u00e3o de mais 2500 para 2019<\/p>\n<p>[\/collapse]<\/p>\n<p>[collapse title=&#8221;Universidade Virtual do Estado de S\u00e3o Paulo&#8221;]<\/p>\n<p>In\u00edcio: 2018<\/p>\n<p>Cursos:<\/p>\n<p>Pedagogia &#8211; 45 alunos<br \/>\nLicenciatura em Matem\u00e1tica &#8211; 45 alunos<br \/>\nEngenharia da Computa\u00e7\u00e3o &#8211; 45 alunos<br \/>\nGest\u00e3o P\u00fablica &#8211; 45 alunos<\/p>\n<p>Total de 180 alunos cursando<\/p>\n<p>[\/collapse]<\/p>\n<p>[collapse title=&#8221;Metareciclagem&#8221;]<\/p>\n<p>M\u00e1quinas Reaproveitadas:<br \/>\n2017\/2018 \u2013 45 (kits)<\/p>\n<p>[\/collapse]<\/p>\n<p>[collapse title=&#8221;Obten\u00e7\u00e3o do Certificado ISO-9001 pela SEDETTER&#8221;]<\/p>\n<p>Em Gest\u00e3o Organizacional pela Quality Service Brazil<\/p>\n<p>[\/collapse]<\/p>\n<p>[collapse title=&#8221;Turismo &#8211; 2017 a 2019&#8243;]<\/p>\n<p align=\"left\">2017:<\/p>\n<p align=\"left\">Plano Diretor de Turismo<\/p>\n<p align=\"left\">Invent\u00e1rio Tur\u00edstico<\/p>\n<p align=\"left\">I F\u00f3rum de Desenvolvimento Tur\u00edstico da Regi\u00e3o Metropolitana<\/p>\n<p align=\"left\">Plano Diretor da Regi\u00e3o Tur\u00edstica Hist\u00f3ria e Aventuras \u2013 Parceria Senac<\/p>\n<p align=\"left\">9\u00aa Festa da Col\u00f4nia Japonesa<\/p>\n<p align=\"left\">City Tour Cultural<\/p>\n<p align=\"left\">Rodeo Motorcycle<\/p>\n<p align=\"left\">Turismo Cervejeiro<\/p>\n<p align=\"left\">2018:<\/p>\n<p align=\"left\">39\u00aa Festa Junina de Sorocaba<\/p>\n<p align=\"left\">II F\u00f3rum de Desenvolvimento Tur\u00edstico da Regi\u00e3o Metropolitana<\/p>\n<p align=\"left\">Semin\u00e1rio MIT \u2013 Munic\u00edpios de Interesse Tur\u00edstico<\/p>\n<p align=\"left\">City Tour Cultural<\/p>\n<p align=\"left\">Feira do Agricultor Familiar de Iper\u00f3 e Regi\u00e3o &#8211; AGRIFIR<\/p>\n<p align=\"left\">1\u00ba Revelando a Regi\u00e3o Metropolitana de Sorocaba<\/p>\n<p align=\"left\">Lan\u00e7amento Oficial da P\u00e1gina @visitesorocaba no Facebook<\/p>\n<p align=\"left\">Sorocaba no Mapa do Turismo<\/p>\n<p align=\"left\">Participa\u00e7\u00e3o Integra Turismo<\/p>\n<p align=\"left\">2019:<\/p>\n<p align=\"left\">PDT &#8211; Plano Diretor da Regi\u00e3o Tur\u00edstica Hist\u00f3ria e Aventuras<\/p>\n<p align=\"left\">Desafio Senac &#8211; Mapeamento dos Atrativos Tur\u00edsticos -PDT<\/p>\n<p align=\"left\">Desafio Senac \u2013 Pesquisa de Demandas &#8211; PDT<\/p>\n<p align=\"left\">Expo Madcentro<\/p>\n<p align=\"left\">Desafio Senac \u2013 Levantamento Meios de Hospedagem; A&amp;B \u2013 Alimenta\u00e7\u00e3o e Bebidas &#8211;\u00a0PDT<\/p>\n<p align=\"left\">Desafio Senac \u2013 Mapeamento da Gastronomia Local &#8211; PDT<\/p>\n<p align=\"left\">Desafio Senac \u2013 Calend\u00e1rio de Eventos da Cidade -PDT<\/p>\n<p align=\"left\">Desafio Senac \u2013 Hierarquiza\u00e7\u00e3o de Atrativos<\/p>\n<p>[\/collapse]<\/p>\n","protected":false},"excerpt":{"rendered":"<p>[collapse title=&#8221;Implanta\u00e7\u00e3o de um Polo da UNIVEST na sede da SEDETTER&#8221;] Vagas Oferecidas: 200 vagas Cursos: de Engenharia da Computa\u00e7\u00e3o (50), Licenciatura em Matem\u00e1tica (50), Pedagogia (50) e Tecn\u00f3logo em Gest\u00e3o P\u00fablica (50), este em parceria com a FATEC Sorocaba. [\/collapse] [collapse title=&#8221;Entrega de Termos de Permiss\u00e3o para mais de 100 ambulantes regularizados&#8221;] Para o&nbsp; <a href=\"https:\/\/sorocaba.sp.gov.br\/acompanheogoverno\/desenvolvimento-economico-trabalho-turismo-e-renda-sedetter\/\">&hellip; Leia mais<\/a><\/p>\n","protected":false},"author":69,"featured_media":0,"parent":0,"menu_order":0,"comment_status":"closed","ping_status":"closed","template":"","meta":{"footnotes":""},"class_list":["post-37","page","type-page","status-publish","hentry"],"_links":{"self":[{"href":"https:\/\/sorocaba.sp.gov.br\/acompanheogoverno\/wp-json\/wp\/v2\/pages\/37","targetHints":{"allow":["GET"]}}],"collection":[{"href":"https:\/\/sorocaba.sp.gov.br\/acompanheogoverno\/wp-json\/wp\/v2\/pages"}],"about":[{"href":"https:\/\/sorocaba.sp.gov.br\/acompanheogoverno\/wp-json\/wp\/v2\/types\/page"}],"author":[{"embeddable":true,"href":"https:\/\/sorocaba.sp.gov.br\/acompanheogoverno\/wp-json\/wp\/v2\/users\/69"}],"replies":[{"embeddable":true,"href":"https:\/\/sorocaba.sp.gov.br\/acompanheogoverno\/wp-json\/wp\/v2\/comments?post=37"}],"version-history":[{"count":8,"href":"https:\/\/sorocaba.sp.gov.br\/acompanheogoverno\/wp-json\/wp\/v2\/pages\/37\/revisions"}],"predecessor-version":[{"id":237,"href":"https:\/\/sorocaba.sp.gov.br\/acompanheogoverno\/wp-json\/wp\/v2\/pages\/37\/revisions\/237"}],"wp:attachment":[{"href":"https:\/\/sorocaba.sp.gov.br\/acompanheogoverno\/wp-json\/wp\/v2\/media?parent=37"}],"curies":[{"name":"wp","href":"https:\/\/api.w.org\/{rel}","templated":true}]}}