{"id":41,"date":"2019-05-21T13:54:03","date_gmt":"2019-05-21T16:54:03","guid":{"rendered":"http:\/\/sorocaba.sp.gov.br\/obraseacoes\/?page_id=41"},"modified":"2019-05-22T07:07:44","modified_gmt":"2019-05-22T10:07:44","slug":"educacao-sedu","status":"publish","type":"page","link":"https:\/\/sorocaba.sp.gov.br\/acompanheogoverno\/educacao-sedu\/","title":{"rendered":"Educa\u00e7\u00e3o (SEDU)"},"content":{"rendered":"<p>[collapse title=&#8221;Implanta\u00e7\u00e3o das \u201cClasses Domiciliares\u201d&#8221;]<\/p>\n<p>Para estudantes da Rede Municipal afastados da escola por ordem m\u00e9dica por mais de 120 dias.<\/p>\n<p>[\/collapse]<\/p>\n<p>[collapse title=&#8221;Implanta\u00e7\u00e3o do Projeto \u201cRevivendo a Pra\u00e7a\u201d&#8221;]<\/p>\n<p>Em parceria com a Associa\u00e7\u00e3o Comercial e o Gabinete de Leitura Sorocabano, visando rememorar com atra\u00e7\u00f5es culturais, os velhos tempos da Pra\u00e7a Coronel Fernando Prestes.<\/p>\n<p>[\/collapse]<\/p>\n<p>[collapse title=&#8221;Regulariza\u00e7\u00e3o da distribui\u00e7\u00e3o dos \u201cKits Escolares\u201d&#8221;]<\/p>\n<p>Para todos os estudantes da rede p\u00fablica municipal, na primeira semana letiva do ano, 57 mil alunos.<\/p>\n<p>[\/collapse]<\/p>\n<p>[collapse title=&#8221;Implanta\u00e7\u00e3o do \u201cPlayground Inclusivo\u201d&#8221;]<\/p>\n<p>Balan\u00e7o e carrossel adaptados para cadeirantes em parceira com SEMES, na EM \u201cMilton Leite de Oliveira\u201d, Rua Ant\u00f4nio Moreira da Silva, 248, proporcionando acessibilidade e inclus\u00e3o dessas crian\u00e7as.<\/p>\n<p>[\/collapse]<\/p>\n<p>[collapse title=&#8221;Constru\u00e7\u00e3o e inaugura\u00e7\u00e3o da Escola Municipal \u201cRenice Seraphim\u201d&#8221;]<\/p>\n<p>Rua Iolanda de Carvalho, 160 atendendo o Carand\u00e1 e Altos do Ipanema, 27 salas de aula em Pr\u00e9-escola e Fundamental ciclo 1, em parceria com a Secretaria de Obras e Servi\u00e7os (SERPO).<\/p>\n<p>[\/collapse]<\/p>\n<p>[collapse title=&#8221;Institui\u00e7\u00e3o da disciplina \u00c9tica, Solidariedade e Cidadania&#8221;]<\/p>\n<p>Em todas as salas de aula do Fundamental ciclo 2 da rede municipal, 1 hora por semana, ministrada por professor volunt\u00e1rio da pr\u00f3pria rede. 2019.<\/p>\n<p>[\/collapse]<\/p>\n<p>[collapse title=&#8221;Implanta\u00e7\u00e3o em conv\u00eanio com o SESI \u2013 Servi\u00e7o Social da Ind\u00fastria&#8221;]<\/p>\n<p>Em 150 escolas da rede municipal, do \u201cSistema Did\u00e1tico de Ensino do SESI\u201d, incluindo apostilas, livros e treinamento de professores. 2019.<\/p>\n<p>[\/collapse]<\/p>\n<p>[collapse title=&#8221;Implanta\u00e7\u00e3o das \u201cSalas de Leitura Hospitalar\u201d&#8221;]<\/p>\n<p>Para os hospitalizados por longos per\u00edodos GPACI.<\/p>\n<p>[\/collapse]<\/p>\n<p>[collapse title=&#8221;Inaugura\u00e7\u00e3o da CEI 115&#8243;]<\/p>\n<p>Atendendo 100 crian\u00e7as em per\u00edodo integral, no Habiteto, Rua Eug\u00eanio Carlos Mendes s\/n\u00ba<\/p>\n<p>[\/collapse]<\/p>\n<p>[collapse title=&#8221;Inaugura\u00e7\u00e3o da CEI 116&#8243;]<\/p>\n<p>Atendendo 150 crian\u00e7as, Rua Jos\u00e9 Leite do Canto J\u00fanior n\u00ba 605 \u2013 Jardim Montreal<\/p>\n<p>[\/collapse]<\/p>\n<p>[collapse title=&#8221;Inaugura\u00e7\u00e3o da CEI 117&#8243;]<\/p>\n<p>Atendendo 150 crian\u00e7as, Rua Alpheu Castro Santos s\/n\u00ba \u2013 Jardim Rodrigo<\/p>\n<p>[\/collapse]<\/p>\n<p>[collapse title=&#8221;Cria\u00e7\u00e3o do Momento C\u00edvico&#8221;]<\/p>\n<p>Em todas as escolas da rede \u00e0s segundas-feiras com hasteamento das bandeiras e canto dos Hinos Nacional e de Sorocaba.<\/p>\n<p>[\/collapse]<\/p>\n<p>[collapse title=&#8221;Conclus\u00e3o e entrega, at\u00e9 o m\u00eas de julho\/2019, de outras 09 Oficinas do Saber adaptadas para creches&#8221;]<\/p>\n<p>Para atender 1500 crian\u00e7as.<\/p>\n<p>[\/collapse]<\/p>\n<p>[collapse title=&#8221;Inaugura\u00e7\u00e3o da Escola Municipal \u201cJaci Dourado Matielli\u201d&#8221;]<\/p>\n<p>Em 2017, Rua Jos\u00e9 Brand\u00e3o N\u00ba180<\/p>\n<p>[\/collapse]<\/p>\n<p>[collapse title=&#8221;Cria\u00e7\u00e3o do Sarau da Educa\u00e7\u00e3o&#8221;]<\/p>\n<p>Nas segundas sextas de cada m\u00eas trazendo a comunidade para o CRE, traz a literatura como ferramenta de transforma\u00e7\u00e3o e apresenta\u00e7\u00f5es musicais. 2018.<\/p>\n<p>[\/collapse]<\/p>\n<p>[collapse title=&#8221;Realiza\u00e7\u00e3o dos F\u00f3runs Municipal das Rela\u00e7\u00f5es \u00c9tnico Raciais e o em Defesa da Crian\u00e7a com Defici\u00eancia&#8221;]<\/p>\n<p>[\/collapse]<\/p>\n<p>[collapse title=&#8221;Processo formativo para os 1400 auxiliares de educa\u00e7\u00e3o da Rede Municipal&#8221;]<\/p>\n<p>[\/collapse]<\/p>\n<p>[collapse title=&#8221;CRE Vivo&#8221;]<\/p>\n<p>Palestras e forma\u00e7\u00f5es \u00e0 comunidade.<\/p>\n<p>[\/collapse]<\/p>\n<p>[collapse title=&#8221;Cursos de Livre Escolha&#8221;]<\/p>\n<p>Para forma\u00e7\u00e3o continuada a todos os profissionais da educa\u00e7\u00e3o.<\/p>\n<p>[\/collapse]<\/p>\n<p>[collapse title=&#8221;Promo\u00e7\u00e3o de atividades culturais de educa\u00e7\u00e3o para o tr\u00e2nsito&#8221;]<\/p>\n<p>Parceria CCR Via Oeste.<\/p>\n<p>[\/collapse]<\/p>\n<p>[collapse title=&#8221;Oferta de aulas de rob\u00f3tica educacional aos estudantes do Ensino Fundamental II&#8221;]<\/p>\n<p>Parceria com o Parque Tecnol\u00f3gico de Sorocaba (PTS).<\/p>\n<p>[\/collapse]<\/p>\n<p>[collapse title=&#8221;Forma\u00e7\u00e3o continuada a todos os professores de educa\u00e7\u00e3o f\u00edsica&#8221;]<\/p>\n<p>[\/collapse]<\/p>\n<p>[collapse title=&#8221;Oferta a todos os professores da Rede Municipal de Curso de L\u00edngua Italiana&#8221;]<\/p>\n<p>Com in\u00edcio previsto no 2\u00ba Semestre.<\/p>\n<p>[\/collapse]<\/p>\n<p>[collapse title=&#8221;Aulas de rugby&#8221;]<\/p>\n<p>Aos estudantes matriculados no Fundamental II.<\/p>\n<p>[\/collapse]<\/p>\n<p>[collapse title=&#8221;Amplia\u00e7\u00e3o do Projeto de Leitura na Primeira Inf\u00e2ncia&#8221;]<\/p>\n<p>A todas as escolas de educa\u00e7\u00e3o infantil da Rede.<\/p>\n<p>[\/collapse]<\/p>\n<p>[collapse title=&#8221;Forma\u00e7\u00e3o em contexto de musicaliza\u00e7\u00e3o e conta\u00e7\u00e3o de hist\u00f3rias nas escolas da<br \/>\nRede&#8221;]<\/p>\n<p>[\/collapse]<\/p>\n<p>[collapse title=&#8221;Aquisi\u00e7\u00e3o pela primeira vez de material escolar a todos os alunos da Educa\u00e7\u00e3o de Jovens e Adultos \u2013 EJA&#8221;]<\/p>\n<p>[\/collapse]<\/p>\n<p>[collapse title=&#8221;Aquisi\u00e7\u00e3o de material escolar em braile&#8221;]<\/p>\n<p>A todos os alunos com defici\u00eancia visual matriculados na Rede Municipal.<\/p>\n<p>[\/collapse]<\/p>\n<p>[collapse title=&#8221;Contrata\u00e7\u00e3o de int\u00e9rpretes de libras&#8221;]<\/p>\n<p>Para acompanhar todos os alunos da Rede Municipal durante as aulas.<\/p>\n<p>[\/collapse]<\/p>\n<p>[collapse title=&#8221;Programa F\u00e9rias no CRE&#8221;]<\/p>\n<p>[\/collapse]<\/p>\n<p>[collapse title=&#8221;Projeto Grupo de Estudos Avan\u00e7ados&#8221;]<\/p>\n<p>Aos alunos que tem rendimento escolar acima do esperado.<\/p>\n<p>[\/collapse]<\/p>\n<p>[collapse title=&#8221;Programa \u201cPr\u00e1ticas Corporais\u201d&#8221;]<\/p>\n<p>A todos os alunos do Ensino Fundamental II e das Escolas em Tempo Integral, para incentivar o desenvolvimento e acesso aos esportes.<\/p>\n<p>[\/collapse]<\/p>\n<p>[collapse title=&#8221;Municipaliza\u00e7\u00e3o de duas escolas estaduais&#8221;]<\/p>\n<p>Professor Jos\u00e9 Os\u00f3rio de Campos Maia e Almeida \u2013 Rua Ter\u00eancio Costa Dias n\u00ba 561 \u2013 Jardim Bertanha<\/p>\n<p>Professor Dirceu Ferreira da Silva \u2013 Rod. Emerenciano Prestes de Barros s\/n\u00ba \u2013 Cagua\u00e7u<\/p>\n<p>[\/collapse]<\/p>\n<p>[collapse title=&#8221;Desvincula\u00e7\u00e3o e cria\u00e7\u00e3o da Escola Municipal Ernesto Martins&#8221;]<\/p>\n<p>Rua Arlete Pimentel Viesi, s\/n\u00ba \u2013 Retiro S\u00e3o Jo\u00e3o<\/p>\n<p>&nbsp;<\/p>\n<p>[\/collapse]<\/p>\n<p>[collapse title=&#8221;Avalia\u00e7\u00e3o de Acuidade Visual&#8221;]<\/p>\n<p>Em 5.732 alunos do 1\u00ba ano da Rede Municipal.<br \/>\nParceria com a UNISO e UNIP.<\/p>\n<p>[\/collapse]<\/p>\n<p>[collapse title=&#8221;Programa Educa\u00e7\u00e3o Conectada em 117 institui\u00e7\u00f5es educacionais&#8221;]<\/p>\n<p>Com vistas a ampliar o acesso \u00e0 internet e fomentando o uso pedag\u00f3gico de tecnologia em educa\u00e7\u00e3o.<\/p>\n<p>[\/collapse]<\/p>\n","protected":false},"excerpt":{"rendered":"<p>[collapse title=&#8221;Implanta\u00e7\u00e3o das \u201cClasses Domiciliares\u201d&#8221;] Para estudantes da Rede Municipal afastados da escola por ordem m\u00e9dica por mais de 120 dias. [\/collapse] [collapse title=&#8221;Implanta\u00e7\u00e3o do Projeto \u201cRevivendo a Pra\u00e7a\u201d&#8221;] Em parceria com a Associa\u00e7\u00e3o Comercial e o Gabinete de Leitura Sorocabano, visando rememorar com atra\u00e7\u00f5es culturais, os velhos tempos da Pra\u00e7a Coronel Fernando Prestes. [\/collapse]&nbsp; <a href=\"https:\/\/sorocaba.sp.gov.br\/acompanheogoverno\/educacao-sedu\/\">&hellip; Leia mais<\/a><\/p>\n","protected":false},"author":69,"featured_media":0,"parent":0,"menu_order":0,"comment_status":"closed","ping_status":"closed","template":"","meta":{"footnotes":""},"class_list":["post-41","page","type-page","status-publish","hentry"],"_links":{"self":[{"href":"https:\/\/sorocaba.sp.gov.br\/acompanheogoverno\/wp-json\/wp\/v2\/pages\/41","targetHints":{"allow":["GET"]}}],"collection":[{"href":"https:\/\/sorocaba.sp.gov.br\/acompanheogoverno\/wp-json\/wp\/v2\/pages"}],"about":[{"href":"https:\/\/sorocaba.sp.gov.br\/acompanheogoverno\/wp-json\/wp\/v2\/types\/page"}],"author":[{"embeddable":true,"href":"https:\/\/sorocaba.sp.gov.br\/acompanheogoverno\/wp-json\/wp\/v2\/users\/69"}],"replies":[{"embeddable":true,"href":"https:\/\/sorocaba.sp.gov.br\/acompanheogoverno\/wp-json\/wp\/v2\/comments?post=41"}],"version-history":[{"count":4,"href":"https:\/\/sorocaba.sp.gov.br\/acompanheogoverno\/wp-json\/wp\/v2\/pages\/41\/revisions"}],"predecessor-version":[{"id":144,"href":"https:\/\/sorocaba.sp.gov.br\/acompanheogoverno\/wp-json\/wp\/v2\/pages\/41\/revisions\/144"}],"wp:attachment":[{"href":"https:\/\/sorocaba.sp.gov.br\/acompanheogoverno\/wp-json\/wp\/v2\/media?parent=41"}],"curies":[{"name":"wp","href":"https:\/\/api.w.org\/{rel}","templated":true}]}}