{"id":45,"date":"2019-05-21T13:54:35","date_gmt":"2019-05-21T16:54:35","guid":{"rendered":"http:\/\/sorocaba.sp.gov.br\/obraseacoes\/?page_id=45"},"modified":"2019-05-22T07:56:13","modified_gmt":"2019-05-22T10:56:13","slug":"fazenda-sefaz","status":"publish","type":"page","link":"https:\/\/sorocaba.sp.gov.br\/acompanheogoverno\/fazenda-sefaz\/","title":{"rendered":"Fazenda (SEFAZ)"},"content":{"rendered":"<p>[collapse title=&#8221;Certid\u00e3o Web&#8221;]<\/p>\n<p>Objetivo: disponibilizar aos contribuintes a possibilidade de emitirem certid\u00f5es via web, em janeiro de 2017.<br \/>\n2017 \u2013 5000 emiss\u00f5es m\u00eas de certid\u00f5es (presencial)<br \/>\n2018 \u2013 8000 emiss\u00f5es m\u00eas de certid\u00f5es (via web)<br \/>\n2019 \u2013 11.600 emiss\u00f5es m\u00eas de certid\u00f5es (via web) de janeiro at\u00e9 abril<\/p>\n<p>[\/collapse]<\/p>\n<p>[collapse title=&#8221;DEC &#8211; Domic\u00edlio Eletr\u00f4nico do Contribuinte&#8221;]<\/p>\n<p>Objetivo: proporcionar maior celeridade nos atos administrativos gerando economia aos cofres p\u00fablicos com redu\u00e7\u00e3o das despesas de Correio. Temos at\u00e9 o presente: 3400 empresas credenciadas<\/p>\n<p>[\/collapse]<\/p>\n<p>[collapse title=&#8221;Programa Nota Fiscal Sorocabana&#8221;]<\/p>\n<p>Objetivo: combater a sonega\u00e7\u00e3o fiscal de servi\u00e7os<br \/>\n2017 \u2013 antes da implanta\u00e7\u00e3o do programa &#8211; 1.865.118 notas emitidas<br \/>\n2018 &#8211; ano da implanta\u00e7\u00e3o do programa &#8211; 2.174.009 notas emitidas<br \/>\nResultado: Crescimento de 16,56% de notas emitidas e de 5,29% em valores totalizando R$289 milh\u00f5es de reais<br \/>\nValores em pr\u00eamios: R$350.000,00 \u2013 151 sorteados<\/p>\n<p>[\/collapse]<\/p>\n<p>[collapse title=&#8221;Programa Em Dia com o IPTU&#8221;]<\/p>\n<p>Objetivo: reduzir a inadimpl\u00eancia e incentivar o pagamento em dia do IPTU, implantado em 2018, concedendo pr\u00eamios em dinheiro atrav\u00e9s de sorteios pela Loteria Federal.<\/p>\n<p>Foram 03 sorteios:<\/p>\n<p>05 de maio de 2018: 02 pr\u00eamios de R$ 10.000,00 cada;<\/p>\n<p>04 de agosto de 2018: pr\u00eamio \u00fanico de R$40.000,00;<\/p>\n<p>01 de dezembro de 2018: pr\u00eamio \u00fanico de R$150.000,00.<\/p>\n<p>[\/collapse]<\/p>\n<p>[collapse title=&#8221;VRE &#8211; Via R\u00e1pida Empresa&#8221;]<\/p>\n<p>Objetivo:\u00a0facilitar a abertura de empresas atrav\u00e9s de conv\u00eanio firmado com a JUCESP<br \/>\nImplantado em 28\/11\/2018, at\u00e9 02\/05\/2019 \u2013 1268 empresas abertas<\/p>\n<p>[\/collapse]<\/p>\n<p>&nbsp;<\/p>\n","protected":false},"excerpt":{"rendered":"<p>[collapse title=&#8221;Certid\u00e3o Web&#8221;] Objetivo: disponibilizar aos contribuintes a possibilidade de emitirem certid\u00f5es via web, em janeiro de 2017. 2017 \u2013 5000 emiss\u00f5es m\u00eas de certid\u00f5es (presencial) 2018 \u2013 8000 emiss\u00f5es m\u00eas de certid\u00f5es (via web) 2019 \u2013 11.600 emiss\u00f5es m\u00eas de certid\u00f5es (via web) de janeiro at\u00e9 abril [\/collapse] [collapse title=&#8221;DEC &#8211; Domic\u00edlio Eletr\u00f4nico do&nbsp; <a href=\"https:\/\/sorocaba.sp.gov.br\/acompanheogoverno\/fazenda-sefaz\/\">&hellip; Leia mais<\/a><\/p>\n","protected":false},"author":69,"featured_media":0,"parent":0,"menu_order":0,"comment_status":"closed","ping_status":"closed","template":"","meta":{"footnotes":""},"class_list":["post-45","page","type-page","status-publish","hentry"],"_links":{"self":[{"href":"https:\/\/sorocaba.sp.gov.br\/acompanheogoverno\/wp-json\/wp\/v2\/pages\/45","targetHints":{"allow":["GET"]}}],"collection":[{"href":"https:\/\/sorocaba.sp.gov.br\/acompanheogoverno\/wp-json\/wp\/v2\/pages"}],"about":[{"href":"https:\/\/sorocaba.sp.gov.br\/acompanheogoverno\/wp-json\/wp\/v2\/types\/page"}],"author":[{"embeddable":true,"href":"https:\/\/sorocaba.sp.gov.br\/acompanheogoverno\/wp-json\/wp\/v2\/users\/69"}],"replies":[{"embeddable":true,"href":"https:\/\/sorocaba.sp.gov.br\/acompanheogoverno\/wp-json\/wp\/v2\/comments?post=45"}],"version-history":[{"count":4,"href":"https:\/\/sorocaba.sp.gov.br\/acompanheogoverno\/wp-json\/wp\/v2\/pages\/45\/revisions"}],"predecessor-version":[{"id":149,"href":"https:\/\/sorocaba.sp.gov.br\/acompanheogoverno\/wp-json\/wp\/v2\/pages\/45\/revisions\/149"}],"wp:attachment":[{"href":"https:\/\/sorocaba.sp.gov.br\/acompanheogoverno\/wp-json\/wp\/v2\/media?parent=45"}],"curies":[{"name":"wp","href":"https:\/\/api.w.org\/{rel}","templated":true}]}}