{"id":47,"date":"2019-05-21T13:54:47","date_gmt":"2019-05-21T16:54:47","guid":{"rendered":"http:\/\/sorocaba.sp.gov.br\/obraseacoes\/?page_id=47"},"modified":"2019-05-22T13:44:02","modified_gmt":"2019-05-22T16:44:02","slug":"fundo-social-de-solidariedade-fss","status":"publish","type":"page","link":"https:\/\/sorocaba.sp.gov.br\/acompanheogoverno\/fundo-social-de-solidariedade-fss\/","title":{"rendered":"Fundo Social de Solidariedade (FSS)"},"content":{"rendered":"<p>[collapse title=&#8221;Casa do Artes\u00e3o&#8221;]<\/p>\n<p>Parceria com a SEDETTER, no Shopping P\u00e1tio Cian\u00ea &#8211; 7 Associa\u00e7\u00f5es de Artes\u00e3os e mais de 50 profissionais expondo e vendendo seus produtos. 2018.<\/p>\n<p>[\/collapse]<\/p>\n<p>[collapse title=&#8221;Casamento Comunit\u00e1rio&#8221;]<\/p>\n<p align=\"left\">03 edi\u00e7\u00f5es do Casamento Comunit\u00e1rio: 2017, 2018,\u00a02019, para 100 casais<\/p>\n<p align=\"left\">Total: 300 casais de 2017 a 2019<\/p>\n<p align=\"left\">Local: Instituto Humberto de Campos<\/p>\n<p align=\"left\">Festa: 1.000 pessoas<\/p>\n<p align=\"left\">Total: 3.000 pessoas de 2017 a 2019<\/p>\n<p align=\"left\">Orquestra Sinf\u00f4nica Jovem<\/p>\n<p align=\"left\">Cantora\/tecladista<\/p>\n<p align=\"left\">Decora\u00e7\u00e3o \u2013 8 de maio<\/p>\n<p align=\"left\">Bolo &#8211; Carrefour<\/p>\n<p align=\"left\">Refrigerantes &#8211; Carrefour e Coca-cola<\/p>\n<p align=\"left\">Lanches curso de noivos<\/p>\n<p align=\"left\">Vestidos de noiva \u2013 FSS<\/p>\n<p align=\"left\">Presentes variados aos noivos nas \u00faltimas edi\u00e7\u00f5es foram arrecadados e doados aos\u00a0noivos entre eletrodom\u00e9sticos, toalhas de banho, utens\u00edlios para o lar, 800 itens na tr\u00eas\u00a0edi\u00e7\u00f5es; sorteados 04 pares de alian\u00e7as e de \u00f3culos de sol; 20 noites em hot\u00e9is, 30\u00a0jantares e almo\u00e7os, pizzas; 01 translado de limousine (2018), 02 trajes completos\u00a0noivo\/noiva; no dia da festa doadas todas as lembran\u00e7as oferecidas pelo botic\u00e1rio;\u00a0mantecau do vov\u00f4; maravilhas do lar entre outros parceiros, em torno de 1.000 itens.<\/p>\n<p align=\"left\">Lanches para as crian\u00e7as &#8211; parceria Mc Donalds; Skimell sorvetes<\/p>\n<p align=\"left\">Fot\u00f3grafos<\/p>\n<p align=\"left\">Da inscri\u00e7\u00e3o \u00e0 festa tudo \u00e9 totalmente gratuito para os casais e tamb\u00e9m para os\u00a0cofres da prefeitura \u2013 tudo oferecido por parceiros<\/p>\n<p>[\/collapse]<\/p>\n<p>[collapse title=&#8221;Doa\u00e7\u00f5es de 70 kit completos de computadores&#8221;]<\/p>\n<p align=\"left\">Parceria Metareciclagem &#8211;\u00a0SEDETTER &#8211; 30 kits completos de computadores doados\u00a0para as entidades cadastradas no fundo social de solidariedade \u2013 2017<\/p>\n<p align=\"left\">Parceria Metareciclagem &#8211;\u00a0SEDETTER &#8211; 40 kits completos de computadores doados\u00a0para as entidades cadastradas no fundo social de solidariedade \u2013 2018<\/p>\n<p>[\/collapse]<\/p>\n<p>[collapse title=&#8221;Arrecada\u00e7\u00e3o e distribui\u00e7\u00e3o de alimentos&#8221;]<\/p>\n<p align=\"left\"><strong>2017, entidades cadastradas\u00a0no FSS<\/strong><\/p>\n<p align=\"left\">16 toneladas de alimentos<\/p>\n<p align=\"left\">24.000 litros de leite<\/p>\n<p align=\"left\">19.000 medicamentos<\/p>\n<p align=\"left\">05 toneladas de futas, legumes e verduras<\/p>\n<p align=\"left\">80 pacotes de fraldas geri\u00e1tricas<\/p>\n<p align=\"left\">144 cestas b\u00e1sicas<\/p>\n<p align=\"left\"><strong>2018, entidades cadastradas no FSS<\/strong><\/p>\n<p align=\"left\">10 toneladas de alimentos<\/p>\n<p align=\"left\">9.000 litros de leite<\/p>\n<p align=\"left\">19.000 medicamentos<\/p>\n<p align=\"left\">220 cestas b\u00e1sicas<\/p>\n<p align=\"left\">5000 unidades pipocas<\/p>\n<p align=\"left\">5000 unidades mentos\/balas<\/p>\n<p align=\"left\"><strong>2019, entidades cadastradas no FSS\u00a0(de janeiro \u00e0 primeira quinzena maio\/2019)<\/strong><\/p>\n<p align=\"left\">03 toneladas de alimentos<\/p>\n<p align=\"left\">128 cestas b\u00e1sicas<\/p>\n<p align=\"left\">4500 unidades de absorventes femininos<\/p>\n<p align=\"left\">8000 medicamentos<\/p>\n<p align=\"left\">total geral: 29 toneladas de alimentos; 33 mil litros de leite; 46 mil medicamentos;\u00a0495 cestas b\u00e1sicas; 80 pacotes de fraldas geri\u00e1tricas; 4500 unidades de absorvente\u00a0femininos; 02 toneladas de legumes e frutas, 10 mil unidades pipocas\/mentos (5\u00a0mil\/cada)<\/p>\n<p>[\/collapse]<\/p>\n<p>[collapse title=&#8221;Campanha do Agasalho&#8221;]<\/p>\n<p align=\"left\">Campanha do Agasalho 2017<\/p>\n<p align=\"left\">Parceria com o Fundo Social de S\u00e3o Paulo (doador\u00a0das caixas de papel\u00e3o)<\/p>\n<p align=\"left\">Colaboradores: Carrefour; CCR Via Oeste; com\u00e9rcio em\u00a0geral, Tiro de Guerra; Pol\u00edcia Militar, Unimed \u2013 57.785 pe\u00e7as triadas e\u00a0distribu\u00eddas \u00e0s entidades cadastradas<\/p>\n<p align=\"left\">Al\u00e9m da aquisi\u00e7\u00e3o de 450 cobertores pelo FSS, atrav\u00e9s de licita\u00e7\u00e3o.<\/p>\n<p align=\"left\">Campanha do agasalho 2018<\/p>\n<p align=\"left\">Parceria com o Fundo Social de S\u00e3o Paulo (doador\u00a0das caixas de papel\u00e3o)<\/p>\n<p align=\"left\">Colaboradores: Carrefour; CCR Via Oeste; com\u00e9rcio em\u00a0geral, Tiro de Guerra; Pol\u00edcia Militar, Unimed &#8211; 50.034 pe\u00e7as triadas e distribu\u00eddas\u00a0\u00e0s entidades cadastradas<\/p>\n<p align=\"left\">Al\u00e9m da aquisi\u00e7\u00e3o de 400 cobertores pelo FSS, atrav\u00e9s de licita\u00e7\u00e3o.<\/p>\n<p align=\"left\">Total de pe\u00e7as arrecadadas e doadas: 107.819 e 850 cobertores de 2017 a 2019<\/p>\n<p>[\/collapse]<\/p>\n<p>[collapse title=&#8221;Natal M\u00e1gico Paz na Terra&#8221;]<\/p>\n<p align=\"left\">1\u00aa Edi\u00e7\u00e3o Natal M\u00e1gico Paz na Terra &#8211; de 09\/12\/ 2017 A 06\/01\/2018<\/p>\n<p align=\"left\">Decora\u00e7\u00e3o natalina na Pra\u00e7a Central com Ilumina\u00e7\u00e3o; \u00e1rvore de Natal, casa do Papai Noel<\/p>\n<p align=\"left\">Distribui\u00e7\u00e3o de 2500 presentes \u00e0s crian\u00e7as atendidas pelas entidades inscritas<\/p>\n<p align=\"left\">Papai Noel<\/p>\n<p align=\"left\">Festa com lanches, refrigerantes, sorvetes, pastel e pipoca; kit lanche,<\/p>\n<p align=\"left\">Brinquedos e atra\u00e7\u00f5es variadas (teatro; bonecos, m\u00fasica)<\/p>\n<p align=\"left\">Parceiros principais: Secultur; Associa\u00e7\u00e3o Comercial, doadores dos brinquedos e\u00a0lanches<\/p>\n<p align=\"left\">2\u00aa Edi\u00e7\u00e3o Natal M\u00e1gico Paz na Terra &#8211;\u00a0 de 01\/12\/ 2018 A 06\/01\/2019<\/p>\n<p align=\"left\">Decora\u00e7\u00e3o Natalina na Pra\u00e7a Central com ilumina\u00e7\u00e3o de todas as \u00e1rvores naturais pela\u00a0Acso; \u00e1rvore de Natal de 17 metros iluminada com Led, tren\u00f3, p\u00f3rtico.<\/p>\n<p align=\"left\">Bola especial, brinquedos e personagens para fotos, casa do Papai Noel<\/p>\n<p align=\"left\">Distribui\u00e7\u00e3o de 2500 presentes \u00e0s crian\u00e7as atendidas pelas entidades inscritas<\/p>\n<p align=\"left\">Papai Noel<\/p>\n<p align=\"left\">Festa com barracas de lanches variados: churros, kreps, past\u00e9is, cachorro-quente, pipoca, algod\u00e3o doce, sorvetes, refrigerantes; brinquedos e atra\u00e7\u00f5es variadas (teatro; bonecos, m\u00fasica)<\/p>\n<p align=\"left\">Parceiros principais: Secultur; Associa\u00e7\u00e3o Comercial, doadores dos brinquedos e\u00a0lanches<\/p>\n<p align=\"left\">Ilumina\u00e7\u00e3o Natalina no Pa\u00e7o Municipal \u2013 pela primeira vez na hist\u00f3ria o Pa\u00e7o foi decorado para o Natal<\/p>\n<p>[\/collapse]<\/p>\n<p>[collapse title=&#8221;Organiza\u00e7\u00e3o e planejamento de eventos de congra\u00e7amento e do\u00a0calend\u00e1rio institucional do Pa\u00e7o e da cidade \u2013 2017\/2018&#8243;]<\/p>\n<p align=\"left\">Visita das Ins\u00edgnias do Divino no Pa\u00e7o<\/p>\n<p align=\"left\">Missa e culto de A\u00e7\u00e3o de Gra\u00e7as aos funcion\u00e1rios p\u00fablicos<\/p>\n<p align=\"left\">Anivers\u00e1rio da cidade \u2013 bolo de 20 metros servidos a 4000 pessoas ap\u00f3s o desfile<\/p>\n<p align=\"left\">C\u00edvico do anivers\u00e1rio de Sorocaba &#8211; custo zero<\/p>\n<p align=\"left\">Organiza\u00e7\u00e3o e distribui\u00e7\u00e3o de lanches na exibi\u00e7\u00e3o da esquadrilha da fuma\u00e7a<\/p>\n<p align=\"left\">Comemora\u00e7\u00e3o do Dia da Crian\u00e7as \u2013 custo zero<\/p>\n<p align=\"left\">Abertura do Outubro Rosa &#8211; parceria com a Liga de Combate ao C\u00e2ncer \u2013 corrida<\/p>\n<p align=\"left\">Pink do Bem &#8211; renda toda revertida para realiza\u00e7\u00e3o de exames de mamografia (2018 \u2013\u00a0800 mamografias realizadas)<\/p>\n<p>[\/collapse]<\/p>\n","protected":false},"excerpt":{"rendered":"<p>[collapse title=&#8221;Casa do Artes\u00e3o&#8221;] Parceria com a SEDETTER, no Shopping P\u00e1tio Cian\u00ea &#8211; 7 Associa\u00e7\u00f5es de Artes\u00e3os e mais de 50 profissionais expondo e vendendo seus produtos. 2018. [\/collapse] [collapse title=&#8221;Casamento Comunit\u00e1rio&#8221;] 03 edi\u00e7\u00f5es do Casamento Comunit\u00e1rio: 2017, 2018,\u00a02019, para 100 casais Total: 300 casais de 2017 a 2019 Local: Instituto Humberto de Campos Festa:&nbsp; <a href=\"https:\/\/sorocaba.sp.gov.br\/acompanheogoverno\/fundo-social-de-solidariedade-fss\/\">&hellip; Leia mais<\/a><\/p>\n","protected":false},"author":69,"featured_media":0,"parent":0,"menu_order":0,"comment_status":"closed","ping_status":"closed","template":"","meta":{"footnotes":""},"class_list":["post-47","page","type-page","status-publish","hentry"],"_links":{"self":[{"href":"https:\/\/sorocaba.sp.gov.br\/acompanheogoverno\/wp-json\/wp\/v2\/pages\/47","targetHints":{"allow":["GET"]}}],"collection":[{"href":"https:\/\/sorocaba.sp.gov.br\/acompanheogoverno\/wp-json\/wp\/v2\/pages"}],"about":[{"href":"https:\/\/sorocaba.sp.gov.br\/acompanheogoverno\/wp-json\/wp\/v2\/types\/page"}],"author":[{"embeddable":true,"href":"https:\/\/sorocaba.sp.gov.br\/acompanheogoverno\/wp-json\/wp\/v2\/users\/69"}],"replies":[{"embeddable":true,"href":"https:\/\/sorocaba.sp.gov.br\/acompanheogoverno\/wp-json\/wp\/v2\/comments?post=47"}],"version-history":[{"count":5,"href":"https:\/\/sorocaba.sp.gov.br\/acompanheogoverno\/wp-json\/wp\/v2\/pages\/47\/revisions"}],"predecessor-version":[{"id":239,"href":"https:\/\/sorocaba.sp.gov.br\/acompanheogoverno\/wp-json\/wp\/v2\/pages\/47\/revisions\/239"}],"wp:attachment":[{"href":"https:\/\/sorocaba.sp.gov.br\/acompanheogoverno\/wp-json\/wp\/v2\/media?parent=47"}],"curies":[{"name":"wp","href":"https:\/\/api.w.org\/{rel}","templated":true}]}}