{"id":49,"date":"2019-05-21T13:54:59","date_gmt":"2019-05-21T16:54:59","guid":{"rendered":"http:\/\/sorocaba.sp.gov.br\/obraseacoes\/?page_id=49"},"modified":"2019-05-22T08:45:58","modified_gmt":"2019-05-22T11:45:58","slug":"gabinete-central-sgc","status":"publish","type":"page","link":"https:\/\/sorocaba.sp.gov.br\/acompanheogoverno\/gabinete-central-sgc\/","title":{"rendered":"Gabinete Central (SGC)"},"content":{"rendered":"<p>[collapse title=&#8221;Cria\u00e7\u00e3o do programa de Ouvidoria ativa \u201cOuvindo Sorocaba\u201d&#8221;]<\/p>\n<p align=\"left\">Com objetivo de conhecer as demandas da popula\u00e7\u00e3o, ter uma percep\u00e7\u00e3o adequada da qualidade dos servi\u00e7os p\u00fablicos, para melhor\u00e1-los, e criar mecanismos entre a Administra\u00e7\u00e3o municipal e os moradores dos bairros da cidade.<\/p>\n<p>[\/collapse]<\/p>\n<p>[collapse title=&#8221;Implanta\u00e7\u00e3o da nova sede do PROCON em pr\u00e9dio pr\u00f3prio&#8221;]<\/p>\n<p align=\"left\">Agora denominada \u201cPal\u00e1cio do Consumidor\u201d, na Av. Antonio Carlos C\u00f4mitre 330, para melhor atender esse p\u00fablico. 2018.<\/p>\n<p>[\/collapse]<\/p>\n<p>[collapse title=&#8221;Implanta\u00e7\u00e3o do Aplicativo do PROCON&#8221;]<\/p>\n<p align=\"left\">Com a finalidade de ser ferramenta mais \u00e1gil e eficaz, desenvolvido em parceria da faculdade ESAMC com o Parque Tecnol\u00f3gico de Sorocaba (PTS), sem custos para a Prefeitura.<\/p>\n<p>[\/collapse]<\/p>\n<p>[collapse title=&#8221;Implanta\u00e7\u00e3o da \u201cCarta de Servi\u00e7os ao Cidad\u00e3o\u201d&#8221;]<\/p>\n<p align=\"left\">Com o objetivo de conferir visibilidade, efici\u00eancia, transpar\u00eancia e, sobretudo, ampliar o acesso do cidad\u00e3o aos servi\u00e7os p\u00fablicos oferecidos pela Administra\u00e7\u00e3o municipal.<\/p>\n<p>[\/collapse]<\/p>\n<p>[collapse title=&#8221;Inaugura\u00e7\u00e3o do \u201cEspa\u00e7o PROCON\u201d na Casa do Cidad\u00e3o na Av. Nogueira Padilha&#8221;]<\/p>\n<p align=\"left\">Av. Nogueira Padilha, n\u00ba 1460.<\/p>\n<p align=\"left\">Quase mil atendimentos por m\u00eas.<\/p>\n<p>[\/collapse]<\/p>\n<p>[collapse title=&#8221;Inaugura\u00e7\u00e3o do \u201cEspa\u00e7o PROCON\u201d na Casa do Cidad\u00e3o na Av. Ipanema&#8221;]<\/p>\n<p align=\"left\">Av. Ipanema n\u00ba 3439.<\/p>\n<p>[\/collapse]<\/p>\n<p>[collapse title=&#8221;Implanta\u00e7\u00e3o de postos de atendimentos da Ouvidoria do munic\u00edpio em todas as Casas do Cidad\u00e3o&#8221;]<\/p>\n<p align=\"left\">Para ouvir as demandas, cr\u00edticas e sugest\u00f5es referentes aos servi\u00e7os p\u00fablicos.<\/p>\n<p>[\/collapse]<\/p>\n<p>[collapse title=&#8221;Celebra\u00e7\u00e3o, por meio da Corregedoria do Munic\u00edpio, de um \u201cTermo de Coopera\u00e7\u00e3o\u201d com a Corregedoria do Estado&#8221;]<\/p>\n<p align=\"left\">Para trazer a Sorocaba o SISPATRI &#8211; Sistema de Registro dos Agentes P\u00fablicos, que fiscaliza o crescimento patrimonial dos servidores.<\/p>\n<p>[\/collapse]<\/p>\n","protected":false},"excerpt":{"rendered":"<p>[collapse title=&#8221;Cria\u00e7\u00e3o do programa de Ouvidoria ativa \u201cOuvindo Sorocaba\u201d&#8221;] Com objetivo de conhecer as demandas da popula\u00e7\u00e3o, ter uma percep\u00e7\u00e3o adequada da qualidade dos servi\u00e7os p\u00fablicos, para melhor\u00e1-los, e criar mecanismos entre a Administra\u00e7\u00e3o municipal e os moradores dos bairros da cidade. [\/collapse] [collapse title=&#8221;Implanta\u00e7\u00e3o da nova sede do PROCON em pr\u00e9dio pr\u00f3prio&#8221;] Agora denominada&nbsp; <a href=\"https:\/\/sorocaba.sp.gov.br\/acompanheogoverno\/gabinete-central-sgc\/\">&hellip; Leia mais<\/a><\/p>\n","protected":false},"author":69,"featured_media":0,"parent":0,"menu_order":0,"comment_status":"closed","ping_status":"closed","template":"","meta":{"footnotes":""},"class_list":["post-49","page","type-page","status-publish","hentry"],"_links":{"self":[{"href":"https:\/\/sorocaba.sp.gov.br\/acompanheogoverno\/wp-json\/wp\/v2\/pages\/49","targetHints":{"allow":["GET"]}}],"collection":[{"href":"https:\/\/sorocaba.sp.gov.br\/acompanheogoverno\/wp-json\/wp\/v2\/pages"}],"about":[{"href":"https:\/\/sorocaba.sp.gov.br\/acompanheogoverno\/wp-json\/wp\/v2\/types\/page"}],"author":[{"embeddable":true,"href":"https:\/\/sorocaba.sp.gov.br\/acompanheogoverno\/wp-json\/wp\/v2\/users\/69"}],"replies":[{"embeddable":true,"href":"https:\/\/sorocaba.sp.gov.br\/acompanheogoverno\/wp-json\/wp\/v2\/comments?post=49"}],"version-history":[{"count":3,"href":"https:\/\/sorocaba.sp.gov.br\/acompanheogoverno\/wp-json\/wp\/v2\/pages\/49\/revisions"}],"predecessor-version":[{"id":153,"href":"https:\/\/sorocaba.sp.gov.br\/acompanheogoverno\/wp-json\/wp\/v2\/pages\/49\/revisions\/153"}],"wp:attachment":[{"href":"https:\/\/sorocaba.sp.gov.br\/acompanheogoverno\/wp-json\/wp\/v2\/media?parent=49"}],"curies":[{"name":"wp","href":"https:\/\/api.w.org\/{rel}","templated":true}]}}