{"id":59,"date":"2019-05-21T13:57:12","date_gmt":"2019-05-21T16:57:12","guid":{"rendered":"http:\/\/sorocaba.sp.gov.br\/obraseacoes\/?page_id=59"},"modified":"2019-05-22T10:13:27","modified_gmt":"2019-05-22T13:13:27","slug":"habitacao-e-regularizacao-fundiaria-sehab","status":"publish","type":"page","link":"https:\/\/sorocaba.sp.gov.br\/acompanheogoverno\/habitacao-e-regularizacao-fundiaria-sehab\/","title":{"rendered":"Habita\u00e7\u00e3o e Regulariza\u00e7\u00e3o Fundi\u00e1ria (SEHAB)"},"content":{"rendered":"<p>[collapse title=&#8221;Implanta\u00e7\u00e3o do Residencial Carand\u00e1&#8221;]<\/p>\n<p>\u00c0s margens da Rodovia Emerenciano Prestes de Barros, que beneficiou 2.560 fam\u00edlias, 2017.<\/p>\n<p>[\/collapse]<\/p>\n<p>[collapse title=&#8221;Inaugura\u00e7\u00e3o e implanta\u00e7\u00e3o do Residencial Altos do Ipanema&#8221;]<\/p>\n<p>\u00c0s margens da Rodovia Emerenciano Prestes de Barros, beneficiando mais 2.160 fam\u00edlias, 2017.<\/p>\n<p>[\/collapse]<\/p>\n<p>[collapse title=&#8221;Implanta\u00e7\u00e3o do projeto MUTS &#8211; Moradia Urbana com Tecnologia Social&#8221;]<\/p>\n<p>No Residencial Carand\u00e1 e Altos do Ipanema.<\/p>\n<p>[\/collapse]<\/p>\n<p>[collapse title=&#8221;Entrega de 1.140 Escrituras&#8221;]<\/p>\n<p>Entrega de Escrituras para 285 fam\u00edlias das Zonas Norte e Oeste de Sorocaba, no Programa de Interesse Social CASA LEGAL 2017<br \/>\nEntrega de Escrituras para 285 fam\u00edlias dos n\u00facleos: Nova Esperan\u00e7a II e III, Baronesa I, Parque Vitoria Regia III, Jardim Ipiranga, Retiro S\u00e3o Jo\u00e3o e Pq. Julio de Mesquita Filho, atrav\u00e9s do Programa Municipal CASA LEGAL 2017<\/p>\n<p>Entrega 285 Escrituras, agora para fam\u00edlias do Pq. Vit\u00f3ria R\u00e9gia III, Jd. Ipiranga, Retiro S\u00e3o Jo\u00e3o, Vila Bar\u00e3o, Jd. Guadalupe, Pq. das Laranjeiras, Vl. Colorau II, Vl. Jo\u00e3o Rom\u00e3o, Vl. Sabi\u00e1, Vl. Zacarias e Pq. J\u00falio de Mesquita Filho.<\/p>\n<p>Entrega de Escrituras para 285 fam\u00edlias dos n\u00facleos: Pq. Vitoria Regia III, Jd. Ipiranga, Retiro S\u00e3o Jo\u00e3o, Vila Bar\u00e3o, Jd. Guadalupe, Pq. Das Laranjeiras, Vila Colorau II e VI, Jo\u00e3o<br \/>\nRom\u00e3o, Vila Sabi\u00e1, Vila Zacarias e Pq. Julio de Mesquita Filho \u2013 2018<\/p>\n<p>OS DOIS PROGRAMAS ENTREGARAM UM TOTAL DE: 1.140 ESCRITURAS<\/p>\n<p>[\/collapse]<\/p>\n<p>[collapse title=&#8221;Implanta\u00e7\u00e3o da 2\u00aa etapa do projeto MUTS com a tecnologia escolhida \u201cRevolu\u00e7\u00e3o dos Baldinhos\u201d&#8221;]<\/p>\n<p>Onde moradores do Residencial Jd. Carand\u00e1 realizam o tratamento dos res\u00edduos s\u00f3lidos por meio da compostagem.<\/p>\n<p>[\/collapse]<\/p>\n<p>[collapse title=&#8221;Execu\u00e7\u00e3o do Projeto T\u00e9cnico Jardim Carand\u00e1 abordando 5 eixos&#8221;]<\/p>\n<p>5 eixos :<\/p>\n<p>Organiza\u00e7\u00e3o Comunit\u00e1ria, Educa\u00e7\u00e3o Patrimonial, Educa\u00e7\u00e3o Ambiental, Planejamento e Gest\u00e3o do Or\u00e7amento Familiar e Gera\u00e7\u00e3o de Trabalho e Renda, totalizando 915 atividades e 368 cursos profissionalizantes.<\/p>\n<p>[\/collapse]<\/p>\n<p>[collapse title=&#8221;Execu\u00e7\u00e3o do Projeto T\u00e9cnico Jardim Altos do Ipanema abordando 5 eixos&#8221;]<\/p>\n<p>5 eixos :<\/p>\n<p>Mobiliza\u00e7\u00e3o e Organiza\u00e7\u00e3o Comunit\u00e1ria, Acompanhamento e Gest\u00e3o Social da Interven\u00e7\u00e3o, Gera\u00e7\u00e3o de Trabalho e Renda, Educa\u00e7\u00e3o Ambiental e Patrimonial e Planejamento e Gest\u00e3o do Or\u00e7amento Familiar, totalizando 451 atividades e 320 cursos profissionalizantes.<\/p>\n<p>[\/collapse]<\/p>\n<p>[collapse title=&#8221;Apoio \u00e0 estrutura\u00e7\u00e3o da AMCAI &#8211; Associa\u00e7\u00e3o dos Moradores dos Residenciais Carand\u00e1 e Altos do Ipanema&#8221;]<\/p>\n<p>[\/collapse]<\/p>\n<p>[collapse title=&#8221;Regulariza\u00e7\u00e3o Fundi\u00e1ria&#8221;]<\/p>\n<p>Regulariza\u00e7\u00e3o Fundi\u00e1ria dos n\u00facleos: Retiro S\u00e3o Jo\u00e3o, Jardim Baronesa I, Jardim Nova Esperan\u00e7a II \u2013 Quadras H, I e K, gerando a abertura de 342 matriculas imobili\u00e1rias.<\/p>\n<p>Regulariza\u00e7\u00e3o dos n\u00facleos Jd. Nova Esperan\u00e7a III \u2013 \u00c1reas II, III e IV, Jd. Itangu\u00e1 II \u2013 \u00e1rea I, Jd. Ref\u00fagio, Gualberto Moreira e Jd. S\u00e3o Marcos II \u2013 parcelamento B, gerando a abertura<br \/>\nde 745 matriculas imobili\u00e1rias.<br \/>\nTOTAL DE MATR\u00cdCULAS GERADAS NOS DOIS N\u00daCLEOS: 1.087 MATR\u00cdCULAS<\/p>\n<p>[\/collapse]<\/p>\n<p>[collapse title=&#8221;\u201cWorkShop Metropolitano &#8211; apresenta\u00e7\u00e3o da Nova Legisla\u00e7\u00e3o de Regulariza\u00e7\u00e3o Fundi\u00e1ria&#8221;]<\/p>\n<p>[\/collapse]<\/p>\n<p>[collapse title=&#8221;Cria\u00e7\u00e3o do Conselho Municipal de Habita\u00e7\u00e3o de Interesse Social&#8221;]<\/p>\n<p>Atrav\u00e9s da Lei Municipal 11.689\/2018 e estrutura\u00e7\u00e3o do Decreto (24.278\/18) de nomea\u00e7\u00e3o dos Membros.<\/p>\n<p>[\/collapse]<\/p>\n<p>&nbsp;<\/p>\n","protected":false},"excerpt":{"rendered":"<p>[collapse title=&#8221;Implanta\u00e7\u00e3o do Residencial Carand\u00e1&#8221;] \u00c0s margens da Rodovia Emerenciano Prestes de Barros, que beneficiou 2.560 fam\u00edlias, 2017. [\/collapse] [collapse title=&#8221;Inaugura\u00e7\u00e3o e implanta\u00e7\u00e3o do Residencial Altos do Ipanema&#8221;] \u00c0s margens da Rodovia Emerenciano Prestes de Barros, beneficiando mais 2.160 fam\u00edlias, 2017. [\/collapse] [collapse title=&#8221;Implanta\u00e7\u00e3o do projeto MUTS &#8211; Moradia Urbana com Tecnologia Social&#8221;] No Residencial&nbsp; <a href=\"https:\/\/sorocaba.sp.gov.br\/acompanheogoverno\/habitacao-e-regularizacao-fundiaria-sehab\/\">&hellip; Leia mais<\/a><\/p>\n","protected":false},"author":69,"featured_media":0,"parent":0,"menu_order":0,"comment_status":"closed","ping_status":"closed","template":"","meta":{"footnotes":""},"class_list":["post-59","page","type-page","status-publish","hentry"],"_links":{"self":[{"href":"https:\/\/sorocaba.sp.gov.br\/acompanheogoverno\/wp-json\/wp\/v2\/pages\/59","targetHints":{"allow":["GET"]}}],"collection":[{"href":"https:\/\/sorocaba.sp.gov.br\/acompanheogoverno\/wp-json\/wp\/v2\/pages"}],"about":[{"href":"https:\/\/sorocaba.sp.gov.br\/acompanheogoverno\/wp-json\/wp\/v2\/types\/page"}],"author":[{"embeddable":true,"href":"https:\/\/sorocaba.sp.gov.br\/acompanheogoverno\/wp-json\/wp\/v2\/users\/69"}],"replies":[{"embeddable":true,"href":"https:\/\/sorocaba.sp.gov.br\/acompanheogoverno\/wp-json\/wp\/v2\/comments?post=59"}],"version-history":[{"count":4,"href":"https:\/\/sorocaba.sp.gov.br\/acompanheogoverno\/wp-json\/wp\/v2\/pages\/59\/revisions"}],"predecessor-version":[{"id":176,"href":"https:\/\/sorocaba.sp.gov.br\/acompanheogoverno\/wp-json\/wp\/v2\/pages\/59\/revisions\/176"}],"wp:attachment":[{"href":"https:\/\/sorocaba.sp.gov.br\/acompanheogoverno\/wp-json\/wp\/v2\/media?parent=59"}],"curies":[{"name":"wp","href":"https:\/\/api.w.org\/{rel}","templated":true}]}}