{"id":61,"date":"2019-05-21T13:57:37","date_gmt":"2019-05-21T16:57:37","guid":{"rendered":"http:\/\/sorocaba.sp.gov.br\/obraseacoes\/?page_id=61"},"modified":"2019-05-22T10:34:42","modified_gmt":"2019-05-22T13:34:42","slug":"igualdade-e-assistencia-social-sias","status":"publish","type":"page","link":"https:\/\/sorocaba.sp.gov.br\/acompanheogoverno\/igualdade-e-assistencia-social-sias\/","title":{"rendered":"Igualdade e Assist\u00eancia Social (SIAS)"},"content":{"rendered":"<p>[collapse title=&#8221;Implanta\u00e7\u00e3o de unidade do CREAS \u2013 Oeste &#8211; Centro de Refer\u00eancia Especializado de Assist\u00eancia Social no Jardim Guadalajara&#8221;]<\/p>\n<p>Rua C\u00f4nego Andr\u00e9 Pieroni n\u00ba 256<\/p>\n<p>[\/collapse]<\/p>\n<p>[collapse title=&#8221;Implanta\u00e7\u00e3o do Projeto Coaliz\u00e3o Comunit\u00e1ria&#8221;]<\/p>\n<p>Em 08\/12\/2017, com o objetivo de transformar as comunidades em um espa\u00e7o seguro, saud\u00e1vel e livre de drogas, por interm\u00e9dio de uma parceria internacional, a CADCA \u2013 Coaliz\u00f5es Comunit\u00e1rias Antidrogas da Am\u00e9rica, dos Estados Unidos.<\/p>\n<p>[\/collapse]<\/p>\n<p>[collapse title=&#8221;Implanta\u00e7\u00e3o de sala da Justi\u00e7a Restaurativa&#8221;]<\/p>\n<p>Novo ambiente de resolu\u00e7\u00e3o de conflitos, na sede da SIAS \u00e0 Rua Santa Cruz, n\u00ba 116.<\/p>\n<p>[\/collapse]<\/p>\n<p>[collapse title=&#8221;Amplia\u00e7\u00e3o do n\u00famero de jovens no Programa Identidade Jovem&#8221;]<\/p>\n<p>De atividades culturais e esportivas, mediante cess\u00e3o de passagens gratuitas de \u00f4nibus.<\/p>\n<p>[\/collapse]<\/p>\n<p>[collapse title=&#8221;Implanta\u00e7\u00e3o de unidade do CRAS (Centro de Refer\u00eancia de Assist\u00eancia Social) no bairro Jo\u00e3o Rom\u00e3o&#8221;]<\/p>\n<p>Rua Adelino Scarpa, n\u00ba 60.<\/p>\n<p>[\/collapse]<\/p>\n<p>[collapse title=&#8221;Amplia\u00e7\u00e3o em quatro vezes o quadro da equipe de abordagens em favor das pessoas em situa\u00e7\u00e3o de rua para lhes oferecer aux\u00edlio&#8221;]<\/p>\n<p>[\/collapse]<\/p>\n<p>[collapse title=&#8221;Duplica\u00e7\u00e3o do n\u00famero de assistidos pelo Centro Pop&#8221;]<\/p>\n<p>Funcionando agora \u00e0 Rua Francelino Rom\u00e3o, n\u00ba 100.<\/p>\n<p>[\/collapse]<\/p>\n<p>[collapse title=&#8221;Lan\u00e7amento do \u201cDisque Abordagem\u201d&#8221;]<\/p>\n<p>(15) 99101-4772 e (15) 99832-0581<\/p>\n<p>[\/collapse]<\/p>\n<p>[collapse title=&#8221;Conv\u00eanio de Coopera\u00e7\u00e3o T\u00e9cnica Interinstitucional entre a Prefeitura de Sorocaba e o MPT &#8211; Minist\u00e9rio P\u00fablico do Trabalho&#8221;]<\/p>\n<p>Firmado em 10\/01\/2018, visando o desenvolvimento de estrat\u00e9gias e a\u00e7\u00f5es para combate ao Trabalho Infantil e a Explora\u00e7\u00e3o Sexual de Crian\u00e7as e Adolescentes.<\/p>\n<p>[\/collapse]<\/p>\n<p>[collapse title=&#8221;Implanta\u00e7\u00e3o do Bot\u00e3o do P\u00e2nico&#8221;]<\/p>\n<p>Implantado em 08\/02\/2018, sistema que garante aux\u00edlio e seguran\u00e7a \u00e0s mulheres v\u00edtimas de viol\u00eancia dom\u00e9stica e que estejam sob prote\u00e7\u00e3o judicial. No primeiro ano at\u00e9 o dia 08\/03\/2019 : 331 mulheres cadastradas; 61 acionamentos; 14 pris\u00f5es; 11 condu\u00e7\u00f5es \u00e0 delegacia.<\/p>\n<p>[\/collapse]<\/p>\n<p>[collapse title=&#8221;Implantada uma nova unidade do CRAS \u2013 Centro de Refer\u00eancia de Assist\u00eancia Social&#8221;]<\/p>\n<p>R. Ors\u00e9lio Pereira 413 &#8211; no Pq. Vit\u00f3ria R\u00e9gia.<\/p>\n<p>Equipe que trabalha para o fortalecimento dos v\u00ednculos familiares e comunit\u00e1rios.<\/p>\n<p>[\/collapse]<\/p>\n<p>&nbsp;<\/p>\n","protected":false},"excerpt":{"rendered":"<p>[collapse title=&#8221;Implanta\u00e7\u00e3o de unidade do CREAS \u2013 Oeste &#8211; Centro de Refer\u00eancia Especializado de Assist\u00eancia Social no Jardim Guadalajara&#8221;] Rua C\u00f4nego Andr\u00e9 Pieroni n\u00ba 256 [\/collapse] [collapse title=&#8221;Implanta\u00e7\u00e3o do Projeto Coaliz\u00e3o Comunit\u00e1ria&#8221;] Em 08\/12\/2017, com o objetivo de transformar as comunidades em um espa\u00e7o seguro, saud\u00e1vel e livre de drogas, por interm\u00e9dio de uma parceria&nbsp; <a href=\"https:\/\/sorocaba.sp.gov.br\/acompanheogoverno\/igualdade-e-assistencia-social-sias\/\">&hellip; Leia mais<\/a><\/p>\n","protected":false},"author":69,"featured_media":0,"parent":0,"menu_order":0,"comment_status":"closed","ping_status":"closed","template":"","meta":{"footnotes":""},"class_list":["post-61","page","type-page","status-publish","hentry"],"_links":{"self":[{"href":"https:\/\/sorocaba.sp.gov.br\/acompanheogoverno\/wp-json\/wp\/v2\/pages\/61","targetHints":{"allow":["GET"]}}],"collection":[{"href":"https:\/\/sorocaba.sp.gov.br\/acompanheogoverno\/wp-json\/wp\/v2\/pages"}],"about":[{"href":"https:\/\/sorocaba.sp.gov.br\/acompanheogoverno\/wp-json\/wp\/v2\/types\/page"}],"author":[{"embeddable":true,"href":"https:\/\/sorocaba.sp.gov.br\/acompanheogoverno\/wp-json\/wp\/v2\/users\/69"}],"replies":[{"embeddable":true,"href":"https:\/\/sorocaba.sp.gov.br\/acompanheogoverno\/wp-json\/wp\/v2\/comments?post=61"}],"version-history":[{"count":5,"href":"https:\/\/sorocaba.sp.gov.br\/acompanheogoverno\/wp-json\/wp\/v2\/pages\/61\/revisions"}],"predecessor-version":[{"id":191,"href":"https:\/\/sorocaba.sp.gov.br\/acompanheogoverno\/wp-json\/wp\/v2\/pages\/61\/revisions\/191"}],"wp:attachment":[{"href":"https:\/\/sorocaba.sp.gov.br\/acompanheogoverno\/wp-json\/wp\/v2\/media?parent=61"}],"curies":[{"name":"wp","href":"https:\/\/api.w.org\/{rel}","templated":true}]}}