{"id":63,"date":"2019-05-21T13:57:53","date_gmt":"2019-05-21T16:57:53","guid":{"rendered":"http:\/\/sorocaba.sp.gov.br\/obraseacoes\/?page_id=63"},"modified":"2019-05-22T13:48:56","modified_gmt":"2019-05-22T16:48:56","slug":"licitacoes-e-contratos-selc","status":"publish","type":"page","link":"https:\/\/sorocaba.sp.gov.br\/acompanheogoverno\/licitacoes-e-contratos-selc\/","title":{"rendered":"Licita\u00e7\u00f5es e Contratos (SELC)"},"content":{"rendered":"<p>[collapse title=&#8221;Redu\u00e7\u00e3o de gastos com alugu\u00e9is de 2017 a maio de 2019&#8243;]<\/p>\n<p>Redu\u00e7\u00e3o de 27,43%, correspondentes a R$1.572,972,96\/ano de despesas de loca\u00e7\u00e3o de im\u00f3veis que foram remanejados para pr\u00e9dios p\u00fablicos.<\/p>\n<p>[\/collapse]<\/p>\n<p>[collapse title=&#8221;Projeto \u201cEcoa SELC\u201d&#8221;]<\/p>\n<p>Sistema\u00a0colaborativo entre gestores zelando pelo patrim\u00f4nio e solucionando problemas (parceira: SELC\/SEFAX\/SERPO\/SAAE)<\/p>\n<p>Redu\u00e7\u00e3o de gastos com energia el\u00e9trica: R$688.484,68<\/p>\n<p>Redu\u00e7\u00e3o tarifa (tarifa especial)\u00a0de \u00e1gua : Redu\u00e7\u00e3o de 60% dos valores<br \/>\nEconomia: R$9.600.000,00. (contrato especial celebrado entre o SAAE e a PMS, com anu\u00eancia da ARES-PCJ (2017 2019)<br \/>\nRedu\u00e7\u00e3o\u00a0de gastos e contesta\u00e7\u00f5es em telefonia m\u00f3vel e fixa. Economia:\u00a0R$3.154.331,14 (abr\/17 a maio\/19)<\/p>\n<p>[\/collapse]<\/p>\n<p>[collapse title=&#8221;Contratos autuados de 2017 at\u00e9 a presente data: 2.375 processos licitat\u00f3rios&#8221;]<\/p>\n<p>[\/collapse]<\/p>\n<p>[collapse title=&#8221;Apoio aos fiscalizadores indicados pelas Secretarias Solicitantes em 600 contratos atualmente em andamento&#8221;]<\/p>\n<p>[\/collapse]<\/p>\n<p>[collapse title=&#8221;Revitaliza\u00e7\u00e3o do 5\u00ba andar&#8221;]<\/p>\n<p>Parceria com a Secretaria de Obras e Servi\u00e7os (SERPO) e a Secretaria da Fazenda (SEFAZ)<\/p>\n<p>Junho\/2017<\/p>\n<p>[\/collapse]<\/p>\n<p>[collapse title=&#8221;Implanta\u00e7\u00e3o do Espa\u00e7o Ferrovi\u00e1rio \u201cRomeu Pires de Mello\u201d&#8221;]<\/p>\n<p>Parceria com a Secretaria de\u00a0Comunica\u00e7\u00e3o e Eventos\u00a0(SECOM)<\/p>\n<p>1\u00ba andar Pa\u00e7o<\/p>\n<p>2018<\/p>\n<p>[\/collapse]<\/p>\n","protected":false},"excerpt":{"rendered":"<p>[collapse title=&#8221;Redu\u00e7\u00e3o de gastos com alugu\u00e9is de 2017 a maio de 2019&#8243;] Redu\u00e7\u00e3o de 27,43%, correspondentes a R$1.572,972,96\/ano de despesas de loca\u00e7\u00e3o de im\u00f3veis que foram remanejados para pr\u00e9dios p\u00fablicos. [\/collapse] [collapse title=&#8221;Projeto \u201cEcoa SELC\u201d&#8221;] Sistema\u00a0colaborativo entre gestores zelando pelo patrim\u00f4nio e solucionando problemas (parceira: SELC\/SEFAX\/SERPO\/SAAE) Redu\u00e7\u00e3o de gastos com energia el\u00e9trica: R$688.484,68 Redu\u00e7\u00e3o tarifa&nbsp; <a href=\"https:\/\/sorocaba.sp.gov.br\/acompanheogoverno\/licitacoes-e-contratos-selc\/\">&hellip; Leia mais<\/a><\/p>\n","protected":false},"author":69,"featured_media":0,"parent":0,"menu_order":0,"comment_status":"closed","ping_status":"closed","template":"","meta":{"footnotes":""},"class_list":["post-63","page","type-page","status-publish","hentry"],"_links":{"self":[{"href":"https:\/\/sorocaba.sp.gov.br\/acompanheogoverno\/wp-json\/wp\/v2\/pages\/63","targetHints":{"allow":["GET"]}}],"collection":[{"href":"https:\/\/sorocaba.sp.gov.br\/acompanheogoverno\/wp-json\/wp\/v2\/pages"}],"about":[{"href":"https:\/\/sorocaba.sp.gov.br\/acompanheogoverno\/wp-json\/wp\/v2\/types\/page"}],"author":[{"embeddable":true,"href":"https:\/\/sorocaba.sp.gov.br\/acompanheogoverno\/wp-json\/wp\/v2\/users\/69"}],"replies":[{"embeddable":true,"href":"https:\/\/sorocaba.sp.gov.br\/acompanheogoverno\/wp-json\/wp\/v2\/comments?post=63"}],"version-history":[{"count":5,"href":"https:\/\/sorocaba.sp.gov.br\/acompanheogoverno\/wp-json\/wp\/v2\/pages\/63\/revisions"}],"predecessor-version":[{"id":241,"href":"https:\/\/sorocaba.sp.gov.br\/acompanheogoverno\/wp-json\/wp\/v2\/pages\/63\/revisions\/241"}],"wp:attachment":[{"href":"https:\/\/sorocaba.sp.gov.br\/acompanheogoverno\/wp-json\/wp\/v2\/media?parent=63"}],"curies":[{"name":"wp","href":"https:\/\/api.w.org\/{rel}","templated":true}]}}