{"id":65,"date":"2019-05-21T13:58:12","date_gmt":"2019-05-21T16:58:12","guid":{"rendered":"http:\/\/sorocaba.sp.gov.br\/obraseacoes\/?page_id=65"},"modified":"2019-05-22T11:07:43","modified_gmt":"2019-05-22T14:07:43","slug":"meio-ambiente-parques-e-jardins-sema","status":"publish","type":"page","link":"https:\/\/sorocaba.sp.gov.br\/acompanheogoverno\/meio-ambiente-parques-e-jardins-sema\/","title":{"rendered":"Meio Ambiente, Parques e Jardins (SEMA)"},"content":{"rendered":"<p>[collapse title=&#8221;38 atividades voltadas \u00e0 educa\u00e7\u00e3o ambiental&#8221;]<\/p>\n<p>Dentre todas, um destaque especial para a Campanha \u201cCada Gol Uma \u00c1rvore\u201d , parceria de sucesso com a SEMES, nas edi\u00e7\u00f5es do Cruzeir\u00e3o.<\/p>\n<p>2017: 62.671<br \/>\n2018: 63.704<br \/>\n2019: 12.539 &#8211; at\u00e9 abril<br \/>\nTOTAL DE PESSOAS BENEFICIADAS: 138.914<\/p>\n<p>[\/collapse]<\/p>\n<p>[collapse title=&#8221;Licenciamento e controle ambiental&#8221;]<\/p>\n<p>2017<br \/>\nLicen\u00e7as Ambientais Emitidas 104<br \/>\nVistoria concess\u00e3o de licen\u00e7a 104<br \/>\nDispensas de\u00a0licen\u00e7a<br \/>\nTCRA firmados 237<br \/>\nTCRA cumpridos 44<br \/>\nTCRA firmados\/empreendimentos 66<br \/>\nTCA firmados\/ multas 122<br \/>\nCertid\u00f5es emitidas 229<br \/>\nAutoriza\u00e7\u00f5es de poda 131<br \/>\nVistoria para an\u00e1lise de \u00e1rvores 557<br \/>\nVistorias de fiscaliza\u00e7\u00e3o ambiental 605<br \/>\nVistorias de fiscaliza\u00e7\u00e3o ru\u00eddo 173<br \/>\nBlitz de Fuma\u00e7a Preta 04<br \/>\nAutos de Infra\u00e7\u00e3o \u2013\u00a0multas 735<\/p>\n<p>2018<br \/>\nLicen\u00e7as Ambientais Emitidas 131<br \/>\nVistoria concess\u00e3o de licen\u00e7a 131<br \/>\nDispensas de\u00a0licen\u00e7a<br \/>\nTCRA firmados 283<br \/>\nTCRA cumpridos 15<br \/>\nTCRA firmados\/empreendimentos 66<br \/>\nTCA firmados\/ multas 60<br \/>\nCertid\u00f5es emitidas 194<br \/>\nAutoriza\u00e7\u00f5es de poda 100<br \/>\nVistoria para an\u00e1lise de \u00e1rvores 613<br \/>\nVistorias de fiscaliza\u00e7\u00e3o ambiental 334<br \/>\nVistorias de fiscaliza\u00e7\u00e3o ru\u00eddo 104<br \/>\nBlitz de Fuma\u00e7a Preta 03<br \/>\nAutos de Infra\u00e7\u00e3o \u2013\u00a0multas 676<\/p>\n<p>2019<br \/>\nLicen\u00e7as Ambientais Emitidas 32<br \/>\nVistoria concess\u00e3o de licen\u00e7a 32<br \/>\nDispensas de\u00a0licen\u00e7a 01<br \/>\nTCRA firmados 114<br \/>\nTCRA cumpridos 13<br \/>\nTCRA firmados\/empreendimentos 23<br \/>\nTCA firmados\/ multas 08<br \/>\nCertid\u00f5es emitidas 80<br \/>\nAutoriza\u00e7\u00f5es de poda 28<br \/>\nVistoria para an\u00e1lise de \u00e1rvores 348<br \/>\nVistorias de fiscaliza\u00e7\u00e3o ambiental 72<br \/>\nVistorias de fiscaliza\u00e7\u00e3o ru\u00eddo 280<br \/>\nBlitz de Fuma\u00e7a Preta 03<br \/>\nAutos de Infra\u00e7\u00e3o \u2013\u00a0multas 300<\/p>\n<p>[\/collapse]<\/p>\n<p>[collapse title=&#8221;Orienta\u00e7\u00e3o, servi\u00e7os, reformas, reparos, manuten\u00e7\u00e3o geral dos\u00a0parques e Jardim Bot\u00e2nico&#8221;]<\/p>\n<p>64 interven\u00e7\u00f5es contabilizadas de 2017 a 2019.<\/p>\n<p>[\/collapse]<\/p>\n<p>[collapse title=&#8221;Produ\u00e7\u00e3o vegetal &#8211; 2017\/2019&#8243;]<\/p>\n<p>58.194 mudas de \u00e1rvores produzidas<br \/>\n32.406 recebidas a t\u00edtulo de compensa\u00e7\u00e3o ambiental<br \/>\n73.474 mudas foram doadas aos mun\u00edcipes\/plantio em Sorocaba<br \/>\n1.776 mudas de plantas medicinais produzidas para doa\u00e7\u00e3o<br \/>\n15m\u00b3\/trimestral de composto org\u00e2nico produzido com inertes do aterro e esterco do Zoo<br \/>\nTransporte de mudas para viveiros de doa\u00e7\u00e3o; manuten\u00e7\u00e3o do jardim de medicinais<\/p>\n<p>[\/collapse]<\/p>\n<p>[collapse title=&#8221;Arboriza\u00e7\u00e3o &#8211; 2017\/2019&#8243;]<\/p>\n<p>58.194 mudas foram plantadas em 197 logradouros entre pra\u00e7as, escolas e pr\u00f3prios p\u00fablicos<br \/>\nRevitaliza\u00e7\u00e3o das nascentes dos Parques: Ouro Fino. \u00c1gua Vermelha e Vila Melges<br \/>\nProjeto Floresta Urbana &#8211; 40 mudas plantadas no bairro J\u00falio de Mesquita<br \/>\nProjeto \u201cEspa\u00e7o \u00c1rvore\u201d plantio em cal\u00e7adas, 151 mudas em 15 pr\u00f3prios municipais<\/p>\n<p>[\/collapse]<\/p>\n<p>[collapse title=&#8221;Manuten\u00e7\u00e3o de paisagismo e arboriza\u00e7\u00e3o&#8221;]<\/p>\n<p>2017<br \/>\nRo\u00e7agem em pr\u00f3prios municipais: 6.800.000 m\u00b2<br \/>\nRo\u00e7agem no paisagismo: 18.000.000 m\u00b2<br \/>\nPoda de limpeza de \u00e1rvores em pr\u00f3prios municipais 1200 exemplares<br \/>\nPoda de \u00c1rvores Paisagismo 5400 exemplares<br \/>\nRevitaliza\u00e7\u00e3o dos Canteiros\/Flores nas Avenidas do Anel Vi\u00e1rio<\/p>\n<p>2018<br \/>\nRo\u00e7agem em pr\u00f3prios municipais: 6.500.000 m\u00b2<br \/>\nRo\u00e7agem no paisagismo: 16.200.000 m\u00b2<br \/>\nPoda de limpeza de \u00e1rvores em pr\u00f3prios municipais 1.000 exemplares<br \/>\nPoda de \u00c1rvores Paisagismo 4.600 exemplares<br \/>\nRevitaliza\u00e7\u00e3o da Regi\u00e3o Central 60 vasos<\/p>\n<p>2019<br \/>\nRo\u00e7agem em pr\u00f3prios municipais: 2.000.000 m\u00b2<br \/>\nRo\u00e7agem no paisagismo: 3.100.000 m\u00b2<br \/>\nPoda de limpeza de \u00e1rvores em pr\u00f3prios municipais 600 exemplares<br \/>\nPoda de \u00c1rvores Paisagismo 540 exemplares<\/p>\n<p>[\/collapse]<\/p>\n<p>[collapse title=&#8221;Prote\u00e7\u00e3o e bem estar animal&#8221;]<\/p>\n<p>2018<br \/>\nCastra\u00e7\u00e3o\/Microchipagem animal: 5.733<br \/>\nAtendimento acumuladores\/e pr\u00f3prios 44<br \/>\nResgates 270<br \/>\nAnimais para Ado\u00e7\u00e3o 371<br \/>\nCampanhas Educativas em escolas 16<br \/>\nTurmas 69<br \/>\nAlunos Participantes 1.700<br \/>\nFiscaliza\u00e7\u00e3o den\u00fancias de maus tratos 615<br \/>\nRecolhimentos no canil 202<br \/>\nReclama\u00e7\u00f5es\/Sa\u00fade P\u00fablica 94<\/p>\n<p>[\/collapse]<\/p>\n<p>[collapse title=&#8221;Parque Zool\u00f3gico Municipal Quinzinho\u00a0de Barros&#8221;]<\/p>\n<p>2017\/2018<br \/>\nVisitantes: 918.468<br \/>\nConstru\u00e7\u00e3o dor recinto de reabilita\u00e7\u00e3o de animais silvestres &#8211; 2018<br \/>\nInaugura\u00e7\u00e3o da nova sede da SEMA, \u00e0 R. Santa Maria 197, na Vl. Hort\u00eancia em 21\/09\/2018<\/p>\n<p>2019<br \/>\nVisitantes: dado indispon\u00edvel<br \/>\nConstru\u00e7\u00e3o\/Reformas: muro de arrimo jaula tamandu\u00e1, recinto dos primatas<br \/>\nInstala\u00e7\u00e3o de lumin\u00e1rias de Led<\/p>\n<p>[\/collapse]<\/p>\n<p>[collapse title=&#8221;Instala\u00e7\u00e3o de 130 caixas coletoras de bitucas em v\u00e1rios pontos da cidade&#8221;]<\/p>\n<p>Objetivo: reciclar bitucas de cigarro e transform\u00e1-las em papel.<\/p>\n<p>[\/collapse]<\/p>\n","protected":false},"excerpt":{"rendered":"<p>[collapse title=&#8221;38 atividades voltadas \u00e0 educa\u00e7\u00e3o ambiental&#8221;] Dentre todas, um destaque especial para a Campanha \u201cCada Gol Uma \u00c1rvore\u201d , parceria de sucesso com a SEMES, nas edi\u00e7\u00f5es do Cruzeir\u00e3o. 2017: 62.671 2018: 63.704 2019: 12.539 &#8211; at\u00e9 abril TOTAL DE PESSOAS BENEFICIADAS: 138.914 [\/collapse] [collapse title=&#8221;Licenciamento e controle ambiental&#8221;] 2017 Licen\u00e7as Ambientais Emitidas 104&nbsp; <a href=\"https:\/\/sorocaba.sp.gov.br\/acompanheogoverno\/meio-ambiente-parques-e-jardins-sema\/\">&hellip; Leia mais<\/a><\/p>\n","protected":false},"author":69,"featured_media":0,"parent":0,"menu_order":0,"comment_status":"closed","ping_status":"closed","template":"","meta":{"footnotes":""},"class_list":["post-65","page","type-page","status-publish","hentry"],"_links":{"self":[{"href":"https:\/\/sorocaba.sp.gov.br\/acompanheogoverno\/wp-json\/wp\/v2\/pages\/65","targetHints":{"allow":["GET"]}}],"collection":[{"href":"https:\/\/sorocaba.sp.gov.br\/acompanheogoverno\/wp-json\/wp\/v2\/pages"}],"about":[{"href":"https:\/\/sorocaba.sp.gov.br\/acompanheogoverno\/wp-json\/wp\/v2\/types\/page"}],"author":[{"embeddable":true,"href":"https:\/\/sorocaba.sp.gov.br\/acompanheogoverno\/wp-json\/wp\/v2\/users\/69"}],"replies":[{"embeddable":true,"href":"https:\/\/sorocaba.sp.gov.br\/acompanheogoverno\/wp-json\/wp\/v2\/comments?post=65"}],"version-history":[{"count":4,"href":"https:\/\/sorocaba.sp.gov.br\/acompanheogoverno\/wp-json\/wp\/v2\/pages\/65\/revisions"}],"predecessor-version":[{"id":211,"href":"https:\/\/sorocaba.sp.gov.br\/acompanheogoverno\/wp-json\/wp\/v2\/pages\/65\/revisions\/211"}],"wp:attachment":[{"href":"https:\/\/sorocaba.sp.gov.br\/acompanheogoverno\/wp-json\/wp\/v2\/media?parent=65"}],"curies":[{"name":"wp","href":"https:\/\/api.w.org\/{rel}","templated":true}]}}