{"id":67,"date":"2019-05-21T13:58:26","date_gmt":"2019-05-21T16:58:26","guid":{"rendered":"http:\/\/sorocaba.sp.gov.br\/obraseacoes\/?page_id=67"},"modified":"2019-05-22T11:31:40","modified_gmt":"2019-05-22T14:31:40","slug":"mobilidade-e-acessibilidade-semoburbes","status":"publish","type":"page","link":"https:\/\/sorocaba.sp.gov.br\/acompanheogoverno\/mobilidade-e-acessibilidade-semoburbes\/","title":{"rendered":"Mobilidade e Acessibilidade (SEMOB\/URBES)"},"content":{"rendered":"<p>[collapse title=&#8221;Estacionamento rotativo na Zona Azul&#8221;]<\/p>\n<p>Mar\u00e7o de 2017.<\/p>\n<p>[\/collapse]<\/p>\n<p>[collapse title=&#8221;Amplia\u00e7\u00e3o do n\u00famero de vagas na Zona Azul&#8221;]<\/p>\n<p>Mais de 2.000 vagas na Zona Azul da cidade, totalizando mais de 5 mil vagas.<\/p>\n<p>[\/collapse]<\/p>\n<p>[collapse title=&#8221;Implanta\u00e7\u00e3o do aplicativo \u201cCittaMobi\u201d&#8221;]<\/p>\n<p>Fevereiro\/2018.<\/p>\n<p>[\/collapse]<\/p>\n<p>[collapse title=&#8221;Entrega de 30 novos \u00f4nibus&#8221;]<\/p>\n<p align=\"left\">14 articulados com ar condicionado e 16\u00a0padron<\/p>\n<p align=\"left\">Todos com wi-fi<\/p>\n<p align=\"left\">Julho\/2018<\/p>\n<p>[\/collapse]<\/p>\n<p>[collapse title=&#8221;Compra e utiliza\u00e7\u00e3o de passagem e bilhete por aplicativo QR Code&#8221;]<\/p>\n<p align=\"left\">Sistema de Reconhecimento Facial<\/p>\n<p align=\"left\">Novembro\/2018<\/p>\n<p>[\/collapse]<\/p>\n<p>[collapse title=&#8221;Instala\u00e7\u00e3o de bancos nos terminais e \u00e1reas de transfer\u00eancia&#8221;]<\/p>\n<p align=\"left\">Dezembro\/2018<\/p>\n<p>[\/collapse]<\/p>\n<p>[collapse title=&#8221;Cria\u00e7\u00e3o do \u201cComit\u00ea Municipal do Transporte Especial\u201d&#8221;]<\/p>\n<p align=\"left\">Visa buscar a permanente melhoria no atendimento gratuito das pessoas com defici\u00eancia.<br \/>\nPessoas Credenciadas. 1.256<\/p>\n<p>[\/collapse]<\/p>\n<p>[collapse title=&#8221;Zona Azul Digital&#8221;]<\/p>\n<p align=\"left\">5.600 usu\u00e1rios cadastrados para utiliza\u00e7\u00e3o.<\/p>\n<p>[\/collapse]<\/p>\n<p>[collapse title=&#8221;Implanta\u00e7\u00e3o de placas indicativas com nomes de ruas e avenidas&#8221;]<\/p>\n<p align=\"left\">De 2017 at\u00e9 abril de 2019: 842 novas placas foram instaladas.<\/p>\n<p align=\"left\">[\/collapse]<\/p>\n<p>[collapse title=&#8221;Programa de \u201cAcessibilidade nas Cal\u00e7adas\u201d&#8221;]<\/p>\n<p align=\"left\">Para pavimentar e remover obst\u00e1culos dos passeios p\u00fablicos da cidade.<\/p>\n<p align=\"left\">[\/collapse]<\/p>\n<p>[collapse title=&#8221;Implementa\u00e7\u00e3o do projeto \u201cFrente Segura\u201d&#8221;]<\/p>\n<p align=\"left\">Sinaliza\u00e7\u00e3o horizontal de espa\u00e7o reservado para motociclistas, nos principais cruzamentos de vias da cidade.<\/p>\n<p align=\"left\">[\/collapse]<\/p>\n<p>[collapse title=&#8221;In\u00edcio canteiro de obras do BRT&#8221;]<\/p>\n<p align=\"left\">\u00d4nibus R\u00e1pido, no corredor da Av. Itavuvu.<br \/>\nEm 22\/9\/18.<\/p>\n<p align=\"left\">[\/collapse]<\/p>\n<p>[collapse title=&#8221;Avan\u00e7a Sorocaba&#8221;]<\/p>\n<p align=\"left\">Celebra\u00e7\u00e3o do contrato de financiamento privilegiado entre a Prefeitura e o CAF (Banco de Desenvolvimento da Am\u00e9rica Latina) para melhorias no sistema vi\u00e1rio.<\/p>\n<p align=\"left\">Outubro\/2018<\/p>\n<p align=\"left\">[\/collapse]<\/p>\n<p>[collapse title=&#8221;\u201cCanal Whats App\u201d, em parceria com o Poder Judici\u00e1rio&#8221;]<\/p>\n<p align=\"left\">Permite que o contribuinte denuncie infra\u00e7\u00f5es de tr\u00e2nsito diretamente \u00e0 URBES \u2013 f. (15) 99183-0037.<\/p>\n<p align=\"left\">Desde a disponibiliza\u00e7\u00e3o da ferramenta foram enviadas at\u00e9 o m\u00eas de abril\/2019 2500 den\u00fancias.<\/p>\n<p align=\"left\">[\/collapse]<\/p>\n<p>[collapse title=&#8221;Integra Bike&#8221;]<\/p>\n<p align=\"left\">A cidade possui 25 esta\u00e7\u00f5es com 12 ou 08 bicicletas em cada uma delas 126 km de ciclofaixas<br \/>\n90 mil pessoas cadastradas no sistema que possibilita a utiliza\u00e7\u00e3o do modal<br \/>\n330 viagens\/dia pelo sistema<\/p>\n<p align=\"left\">[\/collapse]<\/p>\n<p>[collapse title=&#8221;Pedala Sorocaba&#8221;]<\/p>\n<p align=\"left\">Realiza passeios cicl\u00edsticos.<\/p>\n<p align=\"left\">[\/collapse]<\/p>\n<p>[collapse title=&#8221;Escola do Pedala&#8221;]<\/p>\n<p align=\"left\">Ensina gratuitamente aulas de bike<br \/>\n2018 \u2013 3000 pessoas tiveram aula incluindo os idosos<\/p>\n<p align=\"left\">[\/collapse]<\/p>\n<p>[collapse title=&#8221;Carros abandonados&#8221;]<\/p>\n<p align=\"left\">Foram eliminados 94 ve\u00edculos abandonados no primeiro trimestre de 2019.<\/p>\n<p align=\"left\">[\/collapse]<\/p>\n<p>[collapse title=&#8221;Curso gratuito de pilotagem para motociclistas&#8221;]<\/p>\n<p align=\"left\">Com vistas a ajudar na preven\u00e7\u00e3o de acidentes.<\/p>\n<p align=\"left\">Abril\/2019.<\/p>\n<p align=\"left\">[\/collapse]<\/p>\n<p>[collapse title=&#8221;Palestras educativas e atividades na semana do tr\u00e2nsito \u2013 Maio\u00a0Amarelo&#8221;]<\/p>\n<p align=\"left\">2017, 2018 e 2019.<\/p>\n<p align=\"left\">[\/collapse]<\/p>\n","protected":false},"excerpt":{"rendered":"<p>[collapse title=&#8221;Estacionamento rotativo na Zona Azul&#8221;] Mar\u00e7o de 2017. [\/collapse] [collapse title=&#8221;Amplia\u00e7\u00e3o do n\u00famero de vagas na Zona Azul&#8221;] Mais de 2.000 vagas na Zona Azul da cidade, totalizando mais de 5 mil vagas. [\/collapse] [collapse title=&#8221;Implanta\u00e7\u00e3o do aplicativo \u201cCittaMobi\u201d&#8221;] Fevereiro\/2018. [\/collapse] [collapse title=&#8221;Entrega de 30 novos \u00f4nibus&#8221;] 14 articulados com ar condicionado e 16\u00a0padron&nbsp; <a href=\"https:\/\/sorocaba.sp.gov.br\/acompanheogoverno\/mobilidade-e-acessibilidade-semoburbes\/\">&hellip; Leia mais<\/a><\/p>\n","protected":false},"author":69,"featured_media":0,"parent":0,"menu_order":0,"comment_status":"closed","ping_status":"closed","template":"","meta":{"footnotes":""},"class_list":["post-67","page","type-page","status-publish","hentry"],"_links":{"self":[{"href":"https:\/\/sorocaba.sp.gov.br\/acompanheogoverno\/wp-json\/wp\/v2\/pages\/67","targetHints":{"allow":["GET"]}}],"collection":[{"href":"https:\/\/sorocaba.sp.gov.br\/acompanheogoverno\/wp-json\/wp\/v2\/pages"}],"about":[{"href":"https:\/\/sorocaba.sp.gov.br\/acompanheogoverno\/wp-json\/wp\/v2\/types\/page"}],"author":[{"embeddable":true,"href":"https:\/\/sorocaba.sp.gov.br\/acompanheogoverno\/wp-json\/wp\/v2\/users\/69"}],"replies":[{"embeddable":true,"href":"https:\/\/sorocaba.sp.gov.br\/acompanheogoverno\/wp-json\/wp\/v2\/comments?post=67"}],"version-history":[{"count":3,"href":"https:\/\/sorocaba.sp.gov.br\/acompanheogoverno\/wp-json\/wp\/v2\/pages\/67\/revisions"}],"predecessor-version":[{"id":218,"href":"https:\/\/sorocaba.sp.gov.br\/acompanheogoverno\/wp-json\/wp\/v2\/pages\/67\/revisions\/218"}],"wp:attachment":[{"href":"https:\/\/sorocaba.sp.gov.br\/acompanheogoverno\/wp-json\/wp\/v2\/media?parent=67"}],"curies":[{"name":"wp","href":"https:\/\/api.w.org\/{rel}","templated":true}]}}