{"id":69,"date":"2019-05-21T13:58:37","date_gmt":"2019-05-21T16:58:37","guid":{"rendered":"http:\/\/sorocaba.sp.gov.br\/obraseacoes\/?page_id=69"},"modified":"2019-05-22T11:37:21","modified_gmt":"2019-05-22T14:37:21","slug":"parque-tecnologico-pts","status":"publish","type":"page","link":"https:\/\/sorocaba.sp.gov.br\/acompanheogoverno\/parque-tecnologico-pts\/","title":{"rendered":"Parque Tecnol\u00f3gico (PTS)"},"content":{"rendered":"<p>[collapse title=&#8221;Parceria com a Funda\u00e7\u00e3o P\u00e1tria (Aramar\/Marinha do Brasil)&#8221;]<\/p>\n<p>Objetivo: \u00e0s MPE utilizar os laborat\u00f3rios do Centro Tecnol\u00f3gico da Marinha em S\u00e3o Paulo (CTMSP) &#8211; 2017.<\/p>\n<p>[\/collapse]<\/p>\n<p>[collapse title=&#8221;1\u00b0 Circuito de Neg\u00f3cios&#8221;]<\/p>\n<p>Objetivo:\u00a0aproximar empres\u00e1rios, incentivar a gera\u00e7\u00e3o de neg\u00f3cios e promover\u00a0networking. Parceria: CIESP (Centro das Ind\u00fastrias do Estado de S\u00e3o Paulo) e a ACSO (Associa\u00e7\u00e3o Comercial de Sorocaba)\u00a0&#8211; 2017.<\/p>\n<p>[\/collapse]<\/p>\n<p>[collapse title=&#8221;Festival de Rob\u00f3tica &#8211; 2017&#8243;]<\/p>\n<p align=\"justify\">Participa\u00e7\u00e3o de alunos do ensino fundamental I (1\u00ba ao 5\u00ba ano) de Sorocaba e regi\u00e3o &#8211; Parceria ViaMaker Education.<\/p>\n<p align=\"justify\">Objetivo de incentivar o estudo de tecnologia de forma l\u00fadica por meio da programa\u00e7\u00e3o e automa\u00e7\u00e3o de rob\u00f4s legos com p\u00fablico: mais de tr\u00eas mil pessoas\u00a0&#8211; 2017.<\/p>\n<p>[\/collapse]<\/p>\n<p>[collapse title=&#8221;Semin\u00e1rio \u201cInd\u00fastria 4.0, a Revolu\u00e7\u00e3o Silenciosa Internacional\u201d&#8221;]<\/p>\n<p align=\"justify\">Discute o papel da Ind\u00fastria 4.0 nos dias atuais\u00a0&#8211; 2017.<\/p>\n<p>[\/collapse]<\/p>\n<p>[collapse title=&#8221;Semin\u00e1rio Internacional de Kaizen com o professor Kenji Nakata, do Jap\u00e3o&#8221;]<\/p>\n<p align=\"justify\">Aresenta\u00e7\u00e3o dos conceitos do modelo de Kaizen, com gera\u00e7\u00e3o de resultados e sustentabilidade por meio do uso desta ferramenta. Nakata \u00e9 o idealizador do 5\u00ba \u201cS\u201d (Shitsuke), trouxe o m\u00e9todo japon\u00eas ao Brasil &#8211; 2017.<\/p>\n<p align=\"justify\">[\/collapse]<\/p>\n<p>[collapse title=&#8221;Realidade virtual denominado \u201cSee Conecta\u201d&#8221;]<\/p>\n<p align=\"justify\">Primeiro evento de realidade virtual do Interior de S\u00e3o Paulo<\/p>\n<p align=\"justify\">Objetivo de apresentar as novidades e os benef\u00edcios da realidade virtual e a realidade aumentada no mercado atual\u00a0&#8211; 2017.<\/p>\n<p align=\"justify\">[\/collapse]<\/p>\n<p>[collapse title=&#8221;Lan\u00e7amento do Programa Startup SP&#8221;]<\/p>\n<p align=\"justify\">Mais de 50 projetos inscritos no programa;<\/p>\n<p align=\"justify\">20 startups selecionadas;<\/p>\n<p align=\"justify\">Oficinas e acompanhamento do desenvolvimento dos neg\u00f3cios, o Startup SP promoveu a conex\u00e3o dos selecionados com investidores e aceleradoras\u00a0&#8211; 2017.<\/p>\n<p align=\"justify\">[\/collapse]<\/p>\n<p>[collapse title=&#8221;Realiza\u00e7\u00e3o de audi\u00eancia p\u00fablica sobre a import\u00e2ncia do Parque Tecnol\u00f3gico de Sorocaba&#8221;]<\/p>\n<p>Objetivo foi demonstrar os resultados desde a sua funda\u00e7\u00e3o\u00a0&#8211; 2017.<\/p>\n<p align=\"justify\">[\/collapse]<\/p>\n<p>[collapse title=&#8221;Aprova\u00e7\u00e3o de Incentivo Fiscal para o Parque Tecnol\u00f3gico de Sorocaba&#8221;]<\/p>\n<p align=\"justify\">PTS se transformou em uma \u201cZona Franca da Inova\u00e7\u00e3o\u201d pela aprova\u00e7\u00e3o de Projeto de Lei de Incentivo Fiscal \u00e0s empresas, universidades e institui\u00e7\u00f5es de pesquisa, p\u00fablicas ou privadas, instaladas nas \u00e1reas do Parque Tecnol\u00f3gico de Sorocaba (PTS) &#8211; 2018.<\/p>\n<p align=\"justify\">[\/collapse]<\/p>\n<p>[collapse title=&#8221;Lan\u00e7amento do Plano Estrat\u00e9gico de Inova\u00e7\u00e3o de Sorocaba&#8221;]<\/p>\n<p align=\"justify\">200 vagas para os cursos de: Engenharia da Computa\u00e7\u00e3o, Licenciatura em Matem\u00e1tica, Pedagogia e Tecn\u00f3logo em Gest\u00e3o P\u00fablica &#8211; este \u00faltimo realizado em parceria com a FATEC\u00a0&#8211; 2018.<\/p>\n<p align=\"justify\">[\/collapse]<\/p>\n<p>[collapse title=&#8221;Instala\u00e7\u00e3o do Posto Avan\u00e7ado do SEBRAE no Parque Tecnol\u00f3gico de Sorocaba&#8221;]<\/p>\n<p align=\"justify\">Fomenta o desenvolvimento sustent\u00e1vel da regi\u00e3o; realiza propostas de melhoria para o ambiente de micro e pequenas empresas inovadoras fortalecendo a economia e o empreendedorismo local.<\/p>\n<p align=\"justify\">A unidade trabalha exclusivamente com a \u00e1rea de inova\u00e7\u00e3o e tecnologia, em conjunto com as universidades e empresas locais\u00a0&#8211; 2018.<\/p>\n<p align=\"justify\">[\/collapse]<\/p>\n<p>[collapse title=&#8221;Lan\u00e7amento do Programa Startup SP&#8221;]<\/p>\n<p align=\"justify\">Participa\u00e7\u00e3o: Mais 1000 pessoas participaram do \u201cStartup Night, desenvolvido pelo Parque Tecnol\u00f3gico de Sorocaba e SEBRAE- SP;<\/p>\n<p align=\"justify\">Objetivo: oferecer capacita\u00e7\u00e3o gratuita para startups digitais de Sorocaba e regi\u00e3o;<\/p>\n<p align=\"justify\">Mais de 50 projetos inscritos no programa e dez startups selecionadas. Apoio 4 meses.<\/p>\n<p align=\"justify\">Al\u00e9m das oficinas e do acompanhamento do desenvolvimento dos neg\u00f3cios, o Startup SP promove tamb\u00e9m a conex\u00e3o dos selecionados com investidores e aceleradoras\u00a0&#8211; 2018.<\/p>\n<p align=\"justify\">[\/collapse]<\/p>\n<p>[collapse title=&#8221;Feira de Estudante de Sorocaba e regi\u00e3o&#8221;]<\/p>\n<p align=\"justify\">Parceria com o CIEE, maior feira estudantil da regi\u00e3o de Sorocaba, para fomentar a capacita\u00e7\u00e3o e o direcionamento profissional dos jovens. P\u00fablico: mais de 2000 alunos\u00a0&#8211; 2018.<\/p>\n<p align=\"justify\">[\/collapse]<\/p>\n<p>[collapse title=&#8221;Projeto Turminha da Inova\u00e7\u00e3o&#8221;]<\/p>\n<p align=\"justify\">Capacitou mais de 9 mil crian\u00e7as das escolas p\u00fablicas de Sorocaba. Visa desenvolver compet\u00eancias nos estudantes por meio de atividades pr\u00e1ticas abrangendo conte\u00fados curriculares num contexto tecnol\u00f3gico. Crian\u00e7as constroem e testam suas solu\u00e7\u00f5es com tecnologias rob\u00f3ticas. At\u00e9 o fim de 2018, 7 mil crian\u00e7as foram atendidas.<\/p>\n<p align=\"justify\">[\/collapse]<\/p>\n<p>[collapse title=&#8221;Parceria com Instituto de Estudos Avan\u00e7ados (IEAv), das For\u00e7as A\u00e9reas Brasileiras (FAB)&#8221;]<\/p>\n<p align=\"justify\">Bases gerais de um regime m\u00fatuo de coopera\u00e7\u00e3o cient\u00edfica e tecnol\u00f3gica entre o IEAv e o PTS\u00a0&#8211; 2018.<\/p>\n<p align=\"justify\">[\/collapse]<\/p>\n<p>[collapse title=&#8221;Transfer\u00eancia de conhecimento \u00e0s institui\u00e7\u00f5es de Ensino Superior&#8221;]<\/p>\n<p align=\"justify\">Instaladas no Parque Tecnol\u00f3gico: empresas e startups associadas, base de representa\u00e7\u00e3o de uma organiza\u00e7\u00e3o de cunho cient\u00edfico-tecnol\u00f3gico ligada ao Departamento de Ci\u00eancia e Tecnologia Aeroespacial do Comando da Aeron\u00e1utica\u00a0&#8211; 2018.<\/p>\n<p align=\"justify\">[\/collapse]<\/p>\n<p>[collapse title=&#8221;Pr\u00eamio de Inova\u00e7\u00e3o. Tema \u201cCidade Inovadora\u201d&#8221;]<\/p>\n<p align=\"justify\">Objetivo: valorizar as solu\u00e7\u00f5es inovadoras que contribuam para a otimizar a atua\u00e7\u00e3o do poder p\u00fablico em Sorocaba &#8211; junho de\u00a02018;<\/p>\n<p align=\"justify\">Projetos inscritos \u2013 mais de 113;<\/p>\n<p align=\"justify\">P\u00fablico estimado: 600 pessoas , palestra do jornalista Caco Barcellos.<\/p>\n<p align=\"justify\">[\/collapse]<\/p>\n<p>[collapse title=&#8221;Lan\u00e7amento do Programa \u201cCoworking Universit\u00e1rio\u201d&#8221;]<\/p>\n<p align=\"justify\">Destinado aos universit\u00e1rios dos cursos de programa\u00e7\u00e3o de computadores (TI) das institui\u00e7\u00f5es de ensino superior de Sorocaba;<\/p>\n<p align=\"justify\">Tarefa: criar aplicativos para serem utilizados pelo Poder P\u00fablico de Sorocaba.<\/p>\n<p align=\"justify\">1\u00ba de novembro de 2018 com a entrega de cinco aplicativos em favor do Poder P\u00fablico.<\/p>\n<p align=\"justify\">[\/collapse]<\/p>\n<p>[collapse title=&#8221;Empreende Sorocaba&#8221;]<\/p>\n<p align=\"justify\">Incentiva e dissemina a cultura empreendedora em Sorocaba e regi\u00e3o, palestras e workshops. Mais de 30 a\u00e7\u00f5es realizadas ao empreendedorismo;<\/p>\n<p align=\"justify\">Contou com palestra Geraldo Rufino;<\/p>\n<p align=\"justify\">P\u00fablico estimado: mais de 500 pessoas;<\/p>\n<p align=\"justify\">A\u00e7\u00e3o de 2018.<\/p>\n<p align=\"justify\">[\/collapse]<\/p>\n<p>[collapse title=&#8221;Cria\u00e7\u00e3o do Conselho de Ci\u00eancia, Tecnologia e Inova\u00e7\u00e3o&#8221;]<\/p>\n<p align=\"justify\">Visa fomentar o desenvolvimento de projetos ligados \u00e0 tecnologia e implantar a cultura da inova\u00e7\u00e3o em 11 de julho de 2018.<\/p>\n<p align=\"justify\">[\/collapse]<\/p>\n<p>[collapse title=&#8221;Renova PTS&#8221;]<\/p>\n<p align=\"justify\">Concurso criado pelo Parque Tecnol\u00f3gico de Sorocaba (PTS) para estudantes e profissionais da \u00e1rea de arquitetura para mostrarem seus trabalhos. O pr\u00eamio prop\u00f4s a elabora\u00e7\u00e3o de um projeto arquitet\u00f4nico criativo e inovador para o pr\u00f3prio Parque. Os vencedores foram premiados com dinheiro e trof\u00e9us &#8211; 2018.<\/p>\n<p align=\"justify\">[\/collapse]<\/p>\n<p>[collapse title=&#8221;Inaugura\u00e7\u00e3o do Espa\u00e7o Sorocaba Maker&#8221;]<\/p>\n<p align=\"justify\">Local destinado ao compartilhamento de conhecimentos e \u00e0 forma\u00e7\u00e3o de grupos de pessoas de diversas \u00e1reas para solu\u00e7\u00e3o de problemas e cria\u00e7\u00e3o de oportunidades de neg\u00f3cios\u00a0&#8211; 2018.<\/p>\n<p align=\"justify\">[\/collapse]<\/p>\n<p>[collapse title=&#8221;1\u00aa Maratona Hackaton em prol da APAE (Associa\u00e7\u00e3o dos Pais e Amigos dos Excepcionais)&#8221;]<\/p>\n<p align=\"justify\">Nos dias 8 e 9 de dezembro de 2018, no PTS, reuniu diversos programadores \u201chackers\u201d com objetivo de desenvolver projetos de software e hardware em prol da APAE Sorocaba.<\/p>\n<p align=\"justify\">[\/collapse]<\/p>\n<p>[collapse title=&#8221;Festival de Rob\u00f3tica &#8211; 2018&#8243;]<\/p>\n<p align=\"justify\">Em 25\/8\/18, participa\u00e7\u00e3o de centenas de alunos do ensino fundamental I (1\u00ba ao 5\u00ba ano) de Sorocaba e regi\u00e3o, parceria com a ViaMaker Education Brasil, objetivo incentivar o estudo e a produ\u00e7\u00e3o de projetos inovadores com automa\u00e7\u00e3o e rob\u00f4s.<\/p>\n<p align=\"justify\">[\/collapse]<\/p>\n<p>[collapse title=&#8221;1\u00b0 Circuito de Neg\u00f3cios&#8221;]<\/p>\n<p align=\"justify\">Objetivo de aproximar empres\u00e1rios, incentivar a gera\u00e7\u00e3o de novos neg\u00f3cios e promover networking, em parceria com o CIESP &#8211; Centro das Ind\u00fastrias do Estado de S\u00e3o Paulo, a ACSO &#8211; Associa\u00e7\u00e3o Comercial de Sorocaba\u00a0&#8211; 2018.<\/p>\n<p align=\"justify\">[\/collapse]<\/p>\n<p>[collapse title=&#8221;Capacita\u00a02018&#8243;]<\/p>\n<p align=\"justify\">Qualifica\u00e7\u00e3o Profissional aos que buscam uma oportunidade de emprego parceria com a ACSO, CIESP E PTS, de 05 a 08 de novembro de 2018.<\/p>\n<p align=\"justify\">[\/collapse]<\/p>\n<p>[collapse title=&#8221;Semin\u00e1rio de empreendedorismo \u201cvale do sil\u00edcio\u201d: o futuro \u00e9 agora&#8221;]<\/p>\n<p align=\"justify\">P\u00fablico: mais de 600 empreendedores &#8211; 03\/10\/2018.<\/p>\n<p align=\"justify\">[\/collapse]<\/p>\n<p>[collapse title=&#8221;Encontro com as cem maiores empresas de Sorocaba&#8221;]<\/p>\n<p align=\"justify\">Estreitar la\u00e7os com o Munic\u00edpio;<\/p>\n<p align=\"justify\">Palestrante: Christian Lohbauer\u00a0&#8211; 2018.<\/p>\n<p align=\"justify\">[\/collapse]<\/p>\n<p>[collapse title=&#8221;Sorocaba \u00e9 considerada a 6\u00aa cidade do Estado com mais startups&#8221;]<\/p>\n<p align=\"justify\">Pequenas empresas que se caracterizam pela inova\u00e7\u00e3o do servi\u00e7o produzido, geralmente de base tecnol\u00f3gica. A cidade possui 44 neg\u00f3cios deste tipo cadastrados em sua base de dados do ecossistema brasileiro\u00a0 &#8211; 2019.<\/p>\n<p align=\"justify\">[\/collapse]<\/p>\n<p>[collapse title=&#8221;Programa #BeTheBoss&#8221;]<\/p>\n<p align=\"justify\">Fomentar o empreendedorismo inovador dentro das institui\u00e7\u00f5es de ensino superior em Sorocaba e regi\u00e3o;<\/p>\n<p align=\"justify\">Parceria com o SEBRAE; visa impactar mais de 20 mil alunos com assuntos ligados a inova\u00e7\u00e3o, empreendedorismo e startup;<\/p>\n<p align=\"justify\">Objetivo central \u00e9 auxiliar e incentivar os alunos a desenvolverem e criarem empresas e novos projetos para revolucionar o empreendedorismo dentro das universidades;<\/p>\n<p align=\"justify\">P\u00fablico: mais de 1.300 pessoas (universit\u00e1rios e popula\u00e7\u00e3o em geral; palestra da Shark Tank Camila Farani em 13 de mar\u00e7o de 2019, no PTS).<\/p>\n<p align=\"justify\">[\/collapse]<\/p>\n<p>[collapse title=&#8221;2\u00aa Edi\u00e7\u00e3o do Programa Coworking Universidades de Sorocaba&#8221;]<\/p>\n<p align=\"justify\">Objetivo: integrar alunos dos mais variados cursos de TI (Tecnologia da Informa\u00e7\u00e3o) das institui\u00e7\u00f5es de ensino supeiro da cidade, proporcionando treinamento intensivo por quatro meses em diferentes \u00e1reas: lideran\u00e7a, orat\u00f3ria, comunica\u00e7\u00e3o e express\u00e3o escrita, trabalho em time, gest\u00e3o de projetos e foco no projeto de carreira profissional.<\/p>\n<p align=\"justify\">Os cinco grupos tem o desafio de construir de aplicativos que tragam benef\u00edcios aos mun\u00edcipes, como digitalizar servi\u00e7os prestados pela prefeitura em diversas \u00e1reas.<\/p>\n<p align=\"justify\">P\u00fablico: 1000 pessoas (universit\u00e1rios e popula\u00e7\u00e3o em geral) &#8211; 17 de abril de 2019.<\/p>\n<p align=\"justify\">[\/collapse]<\/p>\n<p>[collapse title=&#8221;Projeto Mulheres que Lideram Sorocaba&#8221;]<\/p>\n<p align=\"justify\">Valorizou e reconheceu a hist\u00f3ria de 25 mulheres que lideram em Sorocaba;<\/p>\n<p align=\"justify\">Foram homenageadas e premiadas 25 mulheres empreendedoras da cidade.<\/p>\n<p align=\"justify\">Participa\u00e7\u00e3o de 800 pessoas e palestra da jornalista Giuliane Morrone &#8211; 27 de mar\u00e7o de 2019<\/p>\n<p align=\"justify\">[\/collapse]<\/p>\n<p>[collapse title=&#8221;Evento Regional de Economia Criativa foi realizado no PTS&#8221;]<\/p>\n<p align=\"justify\">Objetivo: fomentar a Economia Criativa em Sorocaba e regi\u00e3o. Contou al\u00e9m da exposi\u00e7\u00e3o de parceiros, apresenta\u00e7\u00f5es culturais e a apresenta\u00e7\u00e3o dos projetos ligados a Economia Criativa que ser\u00e3o desenvolvidos pelo Parque Tecnol\u00f3gico de Sorocaba, nos pr\u00f3ximos dois anos.<\/p>\n<p align=\"justify\">P\u00fablico mais de 1.400 pessoas (universit\u00e1rios e popula\u00e7\u00e3o em geral) e contou com a participa\u00e7\u00e3o do artista Eduardo Kobra. em 2 de maio de 2019.<\/p>\n<p align=\"justify\">[\/collapse]<\/p>\n<p>[collapse title=&#8221;Lan\u00e7amento do Projeto Robot Maker nas Escolas Municipais&#8221;]<\/p>\n<p align=\"justify\">Voltado para alunos do 9\u00ba ano das escolas municipais; programa extracurricular da Viamaker, em parceria com o PTS, experi\u00eancia educacional do futuro inspirada em ci\u00eancia, tecnologia e inova\u00e7\u00e3o para 90 alunos.<\/p>\n<p align=\"justify\">Fundamentado nos princ\u00edpios da pedagogia por projeto, desenvolve compet\u00eancias s\u00f3cio emocionais e cognitivas, desafiando a criatividade, comunica\u00e7\u00e3o e perseveran\u00e7a e estimulando o perfil de lideran\u00e7a e empreendedorismo.<\/p>\n<p align=\"justify\">Baseado em conceitos de STEAM (ci\u00eancias, tecnologia, engenharia, artes e matem\u00e1tica), objetiva contribuir na inicia\u00e7\u00e3o ao pensamento computacional, ao racioc\u00ednio l\u00f3gico e \u00e0 rob\u00f3tica. Abril\/2019<\/p>\n<p align=\"justify\">[\/collapse]<\/p>\n<p>[collapse title=&#8221;1\u00ba Encontro de Influenciadores Digitais&#8221;]<\/p>\n<p align=\"justify\">Promovido pela Secretaria de Comunica\u00e7\u00e3o e Eventos (Secom) e PTS, para valoriza\u00e7\u00e3o dos profissionais ligados \u00e0 Economia Criativa que, por meio da internet, elevam o nome da cidade e contribuem com a economia local.<\/p>\n<p align=\"justify\">P\u00fablico de mais 500 pessoas &#8211; 13 de fevereiro de 2019.<\/p>\n<p align=\"justify\">[\/collapse]<\/p>\n","protected":false},"excerpt":{"rendered":"<p>[collapse title=&#8221;Parceria com a Funda\u00e7\u00e3o P\u00e1tria (Aramar\/Marinha do Brasil)&#8221;] Objetivo: \u00e0s MPE utilizar os laborat\u00f3rios do Centro Tecnol\u00f3gico da Marinha em S\u00e3o Paulo (CTMSP) &#8211; 2017. [\/collapse] [collapse title=&#8221;1\u00b0 Circuito de Neg\u00f3cios&#8221;] Objetivo:\u00a0aproximar empres\u00e1rios, incentivar a gera\u00e7\u00e3o de neg\u00f3cios e promover\u00a0networking. Parceria: CIESP (Centro das Ind\u00fastrias do Estado de S\u00e3o Paulo) e a ACSO (Associa\u00e7\u00e3o&nbsp; <a href=\"https:\/\/sorocaba.sp.gov.br\/acompanheogoverno\/parque-tecnologico-pts\/\">&hellip; Leia mais<\/a><\/p>\n","protected":false},"author":69,"featured_media":0,"parent":0,"menu_order":0,"comment_status":"closed","ping_status":"closed","template":"","meta":{"footnotes":""},"class_list":["post-69","page","type-page","status-publish","hentry"],"_links":{"self":[{"href":"https:\/\/sorocaba.sp.gov.br\/acompanheogoverno\/wp-json\/wp\/v2\/pages\/69","targetHints":{"allow":["GET"]}}],"collection":[{"href":"https:\/\/sorocaba.sp.gov.br\/acompanheogoverno\/wp-json\/wp\/v2\/pages"}],"about":[{"href":"https:\/\/sorocaba.sp.gov.br\/acompanheogoverno\/wp-json\/wp\/v2\/types\/page"}],"author":[{"embeddable":true,"href":"https:\/\/sorocaba.sp.gov.br\/acompanheogoverno\/wp-json\/wp\/v2\/users\/69"}],"replies":[{"embeddable":true,"href":"https:\/\/sorocaba.sp.gov.br\/acompanheogoverno\/wp-json\/wp\/v2\/comments?post=69"}],"version-history":[{"count":10,"href":"https:\/\/sorocaba.sp.gov.br\/acompanheogoverno\/wp-json\/wp\/v2\/pages\/69\/revisions"}],"predecessor-version":[{"id":221,"href":"https:\/\/sorocaba.sp.gov.br\/acompanheogoverno\/wp-json\/wp\/v2\/pages\/69\/revisions\/221"}],"wp:attachment":[{"href":"https:\/\/sorocaba.sp.gov.br\/acompanheogoverno\/wp-json\/wp\/v2\/media?parent=69"}],"curies":[{"name":"wp","href":"https:\/\/api.w.org\/{rel}","templated":true}]}}