{"id":71,"date":"2019-05-21T13:58:52","date_gmt":"2019-05-21T16:58:52","guid":{"rendered":"http:\/\/sorocaba.sp.gov.br\/obraseacoes\/?page_id=71"},"modified":"2019-05-22T14:16:52","modified_gmt":"2019-05-22T17:16:52","slug":"planejamento-e-projetos-seplan","status":"publish","type":"page","link":"https:\/\/sorocaba.sp.gov.br\/acompanheogoverno\/planejamento-e-projetos-seplan\/","title":{"rendered":"Planejamento e Projetos (SEPLAN)"},"content":{"rendered":"<p>[collapse title=&#8221;Atendimentos de 2017\/2019&#8243;]<\/p>\n<p align=\"justify\">Em 2017 \u2013 24.111<\/p>\n<p align=\"justify\">Em 2018 &#8211; 32.590<\/p>\n<p align=\"justify\">Em 2019 \u2013 12.445<\/p>\n<p align=\"justify\">Total: 69.146<\/p>\n<p>[\/collapse]<\/p>\n<p>[collapse title=&#8221;Processos e projetos analisados de 2017\/2019&#8243;]<\/p>\n<p align=\"justify\">Em 2017 \u2013 7.448<\/p>\n<p align=\"justify\">Em 2018 \u2013 11.440<\/p>\n<p align=\"justify\">Em 2019 &#8211; 4.333<\/p>\n<p align=\"justify\">Total: 23.221<\/p>\n<p>[\/collapse]<\/p>\n<p>[collapse title=&#8221;A\u00e7\u00f5es fiscalizat\u00f3rias&#8221;]<\/p>\n<p align=\"justify\">Em 2017 \u2013 1.000<\/p>\n<p align=\"justify\">Em 2018 \u2013 1.631<\/p>\n<p align=\"justify\">Em 2019 &#8211; 421<\/p>\n<p align=\"justify\">Total: 3.052<\/p>\n<p>[\/collapse]<\/p>\n<p>[collapse title=&#8221;4 Aprove F\u00e1cil \u2013 alvar\u00e1s expedidos&#8221;]<\/p>\n<p align=\"justify\">Em 2017 \u2013 1.031<\/p>\n<p align=\"justify\">Em 2018 \u2013 1.000<\/p>\n<p align=\"justify\">Em 2019 &#8211; 245<\/p>\n<p align=\"justify\">Total: 2.276<\/p>\n<p>[\/collapse]<\/p>\n<p>[collapse title=&#8221;Via R\u00e1pida \u2013 empresas atendidas&#8221;]<\/p>\n<p align=\"justify\">Em 2017 \u2013 16.908<\/p>\n<p align=\"justify\">Em 2018 \u2013 16.683<\/p>\n<p align=\"justify\">Em 2019 &#8211; 6. 105<\/p>\n<p align=\"justify\">Total: 39. 696<\/p>\n<p>[\/collapse]<\/p>\n<p>[collapse title=&#8221;Empresa F\u00e1cil \u2013 viabilidades atendidas&#8221;]<\/p>\n<p align=\"justify\">Em 2017 \u2013 13.591<\/p>\n<p align=\"justify\">Em 2018 \u2013 18.000<\/p>\n<p align=\"justify\">Em 2019 &#8211; 3.239<\/p>\n<p align=\"justify\">Total: 34.830<\/p>\n<p align=\"justify\">[\/collapse]<\/p>\n<p>[collapse title=&#8221;Reintegra\u00e7\u00e3o da \u00e1rea p\u00fablica do Aeroclube de Sorocaba 2019&#8243;]<\/p>\n<p align=\"justify\">[\/collapse]<\/p>\n<p>[collapse title=&#8221;Acompanhamento de PA\u2019s&#8221;]<\/p>\n<p align=\"justify\">Processos administrativos junto \u00e0s secretarias municipais.<\/p>\n<p align=\"justify\">Cidad\u00e3o acessa atrav\u00e9s de sistema informatizado que permite acompanhamento via internet o andamento dos PA\u2019s.<\/p>\n<p align=\"justify\">[\/collapse]<\/p>\n<p>[collapse title=&#8221;Fab City&#8221;]<\/p>\n<p align=\"justify\">Sorocaba selecionada em 2018, como uma das 3 cidades do brasil no projeto \u201cFab City\u201d pela funda\u00e7\u00e3o Fab e o instituto de Arquitetura Avan\u00e7ada da Catalunha, Espanha.<\/p>\n<p align=\"justify\">[\/collapse]<\/p>\n<p>[collapse title=&#8221;Sorocaba \u00e9 a 2\u00aa melhor cidade em infraestrutura do brasil&#8221;]<\/p>\n<p align=\"justify\">Sorocaba \u00e9 2\u00aa melhor cidade em infraestrutura do brasil lucrativo de fomentos a empreendedorismo considerado de alto impacto &#8211; agosto\/2018<\/p>\n<p align=\"justify\">[\/collapse]<\/p>\n<p>[collapse title=&#8221;Urban Systems&#8221;]<\/p>\n<p align=\"justify\">Realizadora do Connected Smart Cities 2018 aponta sorocaba no 42\u00ba lugar no ranking das cidades mais conectadas do pa\u00eds avan\u00e7ando 18 posi\u00e7\u00f5es &#8211; Setembro\/2018.<\/p>\n<p align=\"justify\">[\/collapse]<\/p>\n<p>[collapse title=&#8221;Sorocaba \u00e9 a 13\u00ba cidade dentre 100 grandes, incluindo capitais, que mais investe com presta\u00e7\u00e3o de servi\u00e7os ao cidad\u00e3o&#8221;]<\/p>\n<p align=\"justify\">Outubro\/2018.<\/p>\n<p align=\"justify\">[\/collapse]<\/p>\n<p>[collapse title=&#8221;Sorocaba \u00e9 a 2\u00aa cidade do pa\u00eds com maior percentual da popula\u00e7\u00e3o com acesso \u00e0 internet r\u00e1pida&#8221;]<\/p>\n<p align=\"justify\">Gra\u00e7as aos investimentos da Prefeitura conta com rede de 480 km de fibra \u00f3ptica interligando 331 unidades da administra\u00e7\u00e3o , al\u00e9m de 64 pontos de internet p\u00fablica.<\/p>\n<p align=\"justify\">[\/collapse]<\/p>\n","protected":false},"excerpt":{"rendered":"<p>[collapse title=&#8221;Atendimentos de 2017\/2019&#8243;] Em 2017 \u2013 24.111 Em 2018 &#8211; 32.590 Em 2019 \u2013 12.445 Total: 69.146 [\/collapse] [collapse title=&#8221;Processos e projetos analisados de 2017\/2019&#8243;] Em 2017 \u2013 7.448 Em 2018 \u2013 11.440 Em 2019 &#8211; 4.333 Total: 23.221 [\/collapse] [collapse title=&#8221;A\u00e7\u00f5es fiscalizat\u00f3rias&#8221;] Em 2017 \u2013 1.000 Em 2018 \u2013 1.631 Em 2019 &#8211;&nbsp; <a href=\"https:\/\/sorocaba.sp.gov.br\/acompanheogoverno\/planejamento-e-projetos-seplan\/\">&hellip; Leia mais<\/a><\/p>\n","protected":false},"author":69,"featured_media":0,"parent":0,"menu_order":0,"comment_status":"closed","ping_status":"closed","template":"","meta":{"footnotes":""},"class_list":["post-71","page","type-page","status-publish","hentry"],"_links":{"self":[{"href":"https:\/\/sorocaba.sp.gov.br\/acompanheogoverno\/wp-json\/wp\/v2\/pages\/71","targetHints":{"allow":["GET"]}}],"collection":[{"href":"https:\/\/sorocaba.sp.gov.br\/acompanheogoverno\/wp-json\/wp\/v2\/pages"}],"about":[{"href":"https:\/\/sorocaba.sp.gov.br\/acompanheogoverno\/wp-json\/wp\/v2\/types\/page"}],"author":[{"embeddable":true,"href":"https:\/\/sorocaba.sp.gov.br\/acompanheogoverno\/wp-json\/wp\/v2\/users\/69"}],"replies":[{"embeddable":true,"href":"https:\/\/sorocaba.sp.gov.br\/acompanheogoverno\/wp-json\/wp\/v2\/comments?post=71"}],"version-history":[{"count":6,"href":"https:\/\/sorocaba.sp.gov.br\/acompanheogoverno\/wp-json\/wp\/v2\/pages\/71\/revisions"}],"predecessor-version":[{"id":246,"href":"https:\/\/sorocaba.sp.gov.br\/acompanheogoverno\/wp-json\/wp\/v2\/pages\/71\/revisions\/246"}],"wp:attachment":[{"href":"https:\/\/sorocaba.sp.gov.br\/acompanheogoverno\/wp-json\/wp\/v2\/media?parent=71"}],"curies":[{"name":"wp","href":"https:\/\/api.w.org\/{rel}","templated":true}]}}