{"id":73,"date":"2019-05-21T13:59:08","date_gmt":"2019-05-21T16:59:08","guid":{"rendered":"http:\/\/sorocaba.sp.gov.br\/obraseacoes\/?page_id=73"},"modified":"2019-05-22T14:00:05","modified_gmt":"2019-05-22T17:00:05","slug":"promotoria-economica-pec","status":"publish","type":"page","link":"https:\/\/sorocaba.sp.gov.br\/acompanheogoverno\/promotoria-economica-pec\/","title":{"rendered":"Promotoria Econ\u00f4mica (PEC)"},"content":{"rendered":"<p>[collapse title=&#8221;Implanta\u00e7\u00e3o do Comit\u00ea Permanente de Capta\u00e7\u00e3o de Recursos&#8221;]<\/p>\n<p align=\"justify\">Visa acentuar e melhorar o relacionamento da PEC junto \u00e0s demais secretarias para a capta\u00e7\u00e3o de recursos ou viabiliza\u00e7\u00e3o de solu\u00e7\u00f5es internas.<\/p>\n<p align=\"justify\">[\/collapse]<\/p>\n<p>[collapse title=&#8221;Reuni\u00e3o com a empresa SPD Brasil&#8221;]<\/p>\n<p align=\"justify\">Apresenta\u00e7\u00e3o e conhecimento de um sistema para a unifica\u00e7\u00e3o dos conv\u00eanios na Prefeitura de Sorocaba.<\/p>\n<p align=\"justify\">[\/collapse]<\/p>\n<p>[collapse title=&#8221;Prospec\u00e7\u00e3o e elabora\u00e7\u00e3o de planilha com descri\u00e7\u00e3o das \u00e1reas p\u00fablicas municipais&#8221;]<\/p>\n<p>Dispon\u00edveis para a implanta\u00e7\u00e3o de novos projetos e constru\u00e7\u00f5es.<\/p>\n<p align=\"justify\">[\/collapse]<\/p>\n<p align=\"justify\">[collapse title=&#8221;3\u00ba Reuni\u00e3o do Comit\u00ea Permanente de Capta\u00e7\u00e3o de Recursos, na Promotoria Econ\u00f4mica&#8221;]<\/p>\n<p align=\"justify\">[\/collapse]<\/p>\n<p align=\"justify\">[collapse title=&#8221;Cadastro no SICONV Federal de 07 propostas oriundas de emendas parlamentares impositivas para agregar recursos ao or\u00e7amento municipal&#8221;]<\/p>\n<p align=\"justify\">[\/collapse]<\/p>\n<p align=\"justify\">[collapse title=&#8221;Cadastro no SICONV Federal de 11 propostas no Programa \u201cDifusos\u201d do Minist\u00e9rio da justi\u00e7a e Seguran\u00e7a P\u00fablica&#8221;]<\/p>\n<p align=\"justify\">[\/collapse]<\/p>\n<p align=\"justify\">[collapse title=&#8221;Tratativas fortalecimento dos la\u00e7os entre Sorocaba e sua cidade&#8221;]<\/p>\n<p>Im\u00e3 Sha\u2019ar Hanegevcom o Estado de Israel, para viabilizar Interc\u00e2mbios: Culturais; Educacionais; Tecnol\u00f3gico para o desenvolvimento do munic\u00edpio.<\/p>\n<p align=\"justify\">[\/collapse]<\/p>\n<p align=\"justify\">[collapse title=&#8221;Tratativas fortalecimento dos la\u00e7os entre Sorocaba e a Cor\u00e9ia do Sul&#8221;]<\/p>\n<p>Objetivo de\u00a0viabilizar Interc\u00e2mbios: Culturais; Educacionais e Tecnol\u00f3gico para o desenvolvimento do munic\u00edpio.<\/p>\n<p align=\"justify\">[\/collapse]<\/p>\n<p align=\"justify\">[collapse title=&#8221;Tratativas junto da Secretaria de Estado de Assist\u00eancia Social&#8221;]<\/p>\n<p>Vistas \u00e0 implanta\u00e7\u00e3o do segundo Bom Prato no Munic\u00edpio.<\/p>\n<p align=\"justify\">[\/collapse]<\/p>\n<p align=\"justify\">\n","protected":false},"excerpt":{"rendered":"<p>[collapse title=&#8221;Implanta\u00e7\u00e3o do Comit\u00ea Permanente de Capta\u00e7\u00e3o de Recursos&#8221;] Visa acentuar e melhorar o relacionamento da PEC junto \u00e0s demais secretarias para a capta\u00e7\u00e3o de recursos ou viabiliza\u00e7\u00e3o de solu\u00e7\u00f5es internas. [\/collapse] [collapse title=&#8221;Reuni\u00e3o com a empresa SPD Brasil&#8221;] Apresenta\u00e7\u00e3o e conhecimento de um sistema para a unifica\u00e7\u00e3o dos conv\u00eanios na Prefeitura de Sorocaba. [\/collapse]&nbsp; <a href=\"https:\/\/sorocaba.sp.gov.br\/acompanheogoverno\/promotoria-economica-pec\/\">&hellip; Leia mais<\/a><\/p>\n","protected":false},"author":69,"featured_media":0,"parent":0,"menu_order":0,"comment_status":"closed","ping_status":"closed","template":"","meta":{"footnotes":""},"class_list":["post-73","page","type-page","status-publish","hentry"],"_links":{"self":[{"href":"https:\/\/sorocaba.sp.gov.br\/acompanheogoverno\/wp-json\/wp\/v2\/pages\/73","targetHints":{"allow":["GET"]}}],"collection":[{"href":"https:\/\/sorocaba.sp.gov.br\/acompanheogoverno\/wp-json\/wp\/v2\/pages"}],"about":[{"href":"https:\/\/sorocaba.sp.gov.br\/acompanheogoverno\/wp-json\/wp\/v2\/types\/page"}],"author":[{"embeddable":true,"href":"https:\/\/sorocaba.sp.gov.br\/acompanheogoverno\/wp-json\/wp\/v2\/users\/69"}],"replies":[{"embeddable":true,"href":"https:\/\/sorocaba.sp.gov.br\/acompanheogoverno\/wp-json\/wp\/v2\/comments?post=73"}],"version-history":[{"count":7,"href":"https:\/\/sorocaba.sp.gov.br\/acompanheogoverno\/wp-json\/wp\/v2\/pages\/73\/revisions"}],"predecessor-version":[{"id":242,"href":"https:\/\/sorocaba.sp.gov.br\/acompanheogoverno\/wp-json\/wp\/v2\/pages\/73\/revisions\/242"}],"wp:attachment":[{"href":"https:\/\/sorocaba.sp.gov.br\/acompanheogoverno\/wp-json\/wp\/v2\/media?parent=73"}],"curies":[{"name":"wp","href":"https:\/\/api.w.org\/{rel}","templated":true}]}}