{"id":75,"date":"2019-05-21T13:59:23","date_gmt":"2019-05-21T16:59:23","guid":{"rendered":"http:\/\/sorocaba.sp.gov.br\/obraseacoes\/?page_id=75"},"modified":"2019-05-22T14:25:30","modified_gmt":"2019-05-22T17:25:30","slug":"servico-autonomo-de-agua-e-esgotos-saae","status":"publish","type":"page","link":"https:\/\/sorocaba.sp.gov.br\/acompanheogoverno\/servico-autonomo-de-agua-e-esgotos-saae\/","title":{"rendered":"Servi\u00e7o Aut\u00f4nomo de \u00c1gua e Esgotos (SAAE)"},"content":{"rendered":"<p>[collapse title=&#8221;Inaugura\u00e7\u00e3o da primeira etapa do Reservat\u00f3rio de Deten\u00e7\u00e3o de Cheias (RDC) do c\u00f3rrego \u00c1gua Vermelha&#8221;]<\/p>\n<p align=\"justify\">No cruzamento da Av. Washington luiz com a Rua Cap. Bento Mascarenhas Jequitinhonha, no Jd. dos Estados, sendo de 12.750 m2 a bacia finalizada, com capacidade para 31.875 m3 de \u00e1gua &#8211; 23\/12\/17.<\/p>\n<p>[\/collapse]<\/p>\n<p>[collapse title=&#8221;Celebra\u00e7\u00e3o do financiamento de r$116,6 milh\u00f5es, provenientes do programa \u201cAvan\u00e7ar Cidades\u201d&#8221;]<\/p>\n<p align=\"justify\">Entre a Prefeitura e o Governo Federal, visando obras de saneamento da cidade.<\/p>\n<p>[\/collapse]<\/p>\n<p>[collapse title=&#8221;Investimento no valor de R$1,5 milh\u00e3o para implanta\u00e7\u00e3o de 16 tanques de filtragem para a ETA &#8211; Esta\u00e7\u00e3o de Tratamento de \u00c1gua do cerrado.&#8221;]<\/p>\n<p>[\/collapse]<\/p>\n<p>[collapse title=&#8221;Implanta\u00e7\u00e3o do coletor &#8211; tronco de esgotos&#8221;]<\/p>\n<p align=\"justify\">Margem do c\u00f3rrego Pirajibu, consistindo de 11.053 metros de tubula\u00e7\u00f5es de concreto, contribuindo para a total despolui\u00e7\u00e3o do Rio Sorocaba, 12 km de tubula\u00e7\u00f5es; tratados na ETE 2 &#8211;\u00a02017.<\/p>\n<p>[\/collapse]<\/p>\n<p>[collapse title=&#8221;Conserto do vazamento no centro de distribui\u00e7\u00e3o de Vila Santana&#8221;]<\/p>\n<p align=\"justify\">O\u00a0vazamento no centro de distribui\u00e7\u00e3o j\u00e1 durava 20 anos.<\/p>\n<p align=\"justify\">In\u00edcio do plano de redu\u00e7\u00e3o de perdas de \u00e1gua tratada.<\/p>\n<p>[\/collapse]<\/p>\n<p>[collapse title=&#8221;Amplia\u00e7\u00e3o da ETE S1&#8243;]<\/p>\n<p align=\"justify\">Em andamento desde 2018, as obras de amplia\u00e7\u00e3o da maior esta\u00e7\u00e3o de tratamento de esgotos da cidade, significando 6 toneladas di\u00e1rias a mais de tratamento.<\/p>\n<p>[\/collapse]<\/p>\n<p>[collapse title=&#8221;Obras de esgotamento sanit\u00e1rio de Brigadeiro Tobias e Cajuru&#8221;]<\/p>\n<p align=\"justify\">Complementa\u00e7\u00e3o das obras de esgotamento sanit\u00e1rio de Brigadeiro Tobias e do Cajuru.<\/p>\n<p align=\"justify\">Eliminados os despejos de quase 5 milh\u00f5es de litros de esgotos que ainda chegavam sem tratamento ao Rio Sorocaba.<\/p>\n<p>[\/collapse]<\/p>\n<p>[collapse title=&#8221;Amplia\u00e7\u00e3o da ETA \u2013 Esta\u00e7\u00e3o de tratamento de \u00e1gua do \u00c9den&#8221;]<\/p>\n<p align=\"justify\">Tratando assim 60% de volume a mais, chegando a 300 litros\/segundo.<\/p>\n<p>[\/collapse]<\/p>\n<p>[collapse title=&#8221;Implanta\u00e7\u00e3o do programa Caixa D\u2019\u00e1gua Social&#8221;]<\/p>\n<p align=\"justify\">Objetivo: doar reservat\u00f3rios e acess\u00f3rios de liga\u00e7\u00e3o \u00e0 fam\u00edlias em situa\u00e7\u00e3o de vulnerabilidade.<\/p>\n<p>[\/collapse]<\/p>\n<p>[collapse title=&#8221;Comprovante de resid\u00eancia&#8221;]<\/p>\n<p align=\"justify\">Com a inser\u00e7\u00e3o do nome do consumidor nas contas de \u00e1gua e esgotos que agora s\u00e3o comprovantes de resid\u00eancia.<\/p>\n<p>[\/collapse]<\/p>\n<p>[collapse title=&#8221;Recupera\u00e7\u00e3o da maior adutora em tempo recorde&#8221;]<\/p>\n<p>Represas de Itupararanga e Clemente na serra de S\u00e2o francisco de 31\/01 a 05\/02\/2017 \u2013 06 dias.<\/p>\n<p>[\/collapse]<\/p>\n<p>[collapse title=&#8221;Canal Supiriri&#8221;]<\/p>\n<p align=\"justify\">Interven\u00e7\u00f5es visando \u00e0 minimiza\u00e7\u00e3o das ocorr\u00eancias de alagamentos na regi\u00e3o da Avenida Dr. Afonso Vergueiro.<\/p>\n<p>[\/collapse]<\/p>\n<p>[collapse title=&#8221;Quarta adutora \u00e9 recuperada&#8221;]<\/p>\n<p align=\"justify\">Desativada desde 2004, o SAAE providenciou a implanta\u00e7\u00e3o de 16km de tubula\u00e7\u00e3o de ferro fundido e 500 mm de di\u00e2metro (70% j\u00e1 realizado).<\/p>\n<p>[\/collapse]<\/p>\n<p>[collapse title=&#8221;Conclus\u00e3o das obras de prote\u00e7\u00e3o \u00e0s adutoras&#8221;]<\/p>\n<p align=\"justify\">&#8211; Foram constru\u00eddos 02 muros de concreto armado para maior sustenta\u00e7\u00e3o das pilastras no trecho rompido na maior delas;<\/p>\n<p align=\"justify\">&#8211; Implanta\u00e7\u00e3o de treli\u00e7a met\u00e1lica (esp\u00e9cie de ponte) para sustenta\u00e7\u00e3o e recoloca\u00e7\u00e3o da tubula\u00e7\u00e3o rompida na posi\u00e7\u00e3o original.<\/p>\n<p>[\/collapse]<\/p>\n<p>[collapse title=&#8221;Drenagem Alto da Boa Vista&#8221;]<\/p>\n<p align=\"justify\">Amplia\u00e7\u00e3o das dimens\u00f5es dos pontos de capta\u00e7\u00e3o de \u00e1guas pluviais e implanta\u00e7\u00e3o de mais 4 bocas de lobo para eliminar os pontos de alagamentos na regi\u00e3o.<\/p>\n<p>[\/collapse]<\/p>\n<p>[collapse title=&#8221;Novo centro de distribui\u00e7\u00e3o de \u00e1gua \u2013\u00a0Ipatinga&#8221;]<\/p>\n<p align=\"justify\">Localizado na conflu\u00eancia da avenida dr. Am\u00e9rico Figueiredo com a Estrada do Ipatinga &#8211; Setembro\/2017.<\/p>\n<p>[\/collapse]<\/p>\n<p>[collapse title=&#8221;Implanta\u00e7\u00e3o de dois novos trechos de distribui\u00e7\u00e3o&#8221;]<\/p>\n<p align=\"justify\">Para inje\u00e7\u00e3o extra de \u00c1gua no sistema da Zona Norte (vilas Fiori; Gomes; Melges e Jardim Santa Esmeralda).<\/p>\n<p>[\/collapse]<\/p>\n<p>[collapse title=&#8221;Conclus\u00e3o das esta\u00e7\u00f5es elevat\u00f3rias de esgotos&#8221;]<\/p>\n<p align=\"justify\">EEE Ponte e EEE Represa: conferindo o amplo funcionamento do sistema de coleta e transporte de esgoto no bairro Brigadeiro Tobias e, consequentemente, o pleno funcionamento da ETE Aparecidinha &#8211; Dezembro\/ 2017.<\/p>\n<p>[\/collapse]<\/p>\n<p>[collapse title=&#8221;Brigadeiro Tobias, sistema de abastecimento de \u00e1gua ampliado&#8221;]<\/p>\n<p>Instalada nova rede de adu\u00e7\u00e3o de \u00e1gua novo reservat\u00f3rio em carga com capacidade de 2 milh\u00f5es de litros para o bairro &#8211; 2018.<\/p>\n<p>[\/collapse]<\/p>\n<p>[collapse title=&#8221;Revitaliza\u00e7\u00e3o da pra\u00e7a do Jardim Abati\u00e1&#8221;]<\/p>\n<p align=\"justify\">Nivelamento e aterramento da cratera de 6 metros de profundidade ao n\u00edvel da rua, com estrutura s\u00f3lida para abrigar a \u00e1rea de lazer.<\/p>\n<p align=\"justify\">Constru\u00e7\u00e3o de infraestrutura de drenagem de \u00e1gua pluvial e corre\u00e7\u00e3o dos lan\u00e7amentos irregulares de esgoto &#8211; 2018.<\/p>\n<p>[\/collapse]<\/p>\n<p>[collapse title=&#8221;Interliga\u00e7\u00e3o de bocas de lobo ao sistema de drenagem&#8221;]<\/p>\n<p>No Jardim Josane.\u00a0Obra aguardada h\u00e1 10 anos. Ruas Luiz Almeida Marins, Olga Charles Arruda, Benjamin Pinto e Luiz Petrungaro.<\/p>\n<p>[\/collapse]<\/p>\n<p>[collapse title=&#8221;Interven\u00e7\u00e3o na Vila Haro para solucionar os alagamentos&#8221;]<\/p>\n<p>Constru\u00e7\u00e3o de galeria pluvial para coleta da enxurrada, rua Jorge Caracante.<\/p>\n<p>[\/collapse]<\/p>\n<p>[collapse title=&#8221;Nova rede coletora de esgotos no Itangu\u00e1&#8221;]<\/p>\n<p>Eliminados os lan\u00e7amentos de aproximadamente 44 mil litros de esgoto no c\u00f3rrego Itangu\u00e1, atendendo a Rua Eug\u00eania de Oliveira Cirne, no Jardim Marli; os efluentes s\u00e3o encaminhados \u00e0 ETE Itangu\u00e1.<\/p>\n<p>[\/collapse]<\/p>\n<p>[collapse title=&#8221;\u00c1gua no Jardim Ana Maria&#8221;]<\/p>\n<p>Perfura\u00e7\u00e3o de po\u00e7o artesiano com capacidade de vaz\u00e3o de 30m\u00b3\/hora atender\u00e1 os moradores do Jardim Ana Maria, moradores aguaram esse benef\u00edcio desde que o bairro existe.<\/p>\n<p>[\/collapse]<\/p>\n<p>[collapse title=&#8221;Obras da ETA do Vit\u00f3ria R\u00e9gia&#8221;]<\/p>\n<p>Perfura\u00e7\u00e3o de po\u00e7o artesiano com capacidade de vaz\u00e3o de 30m\u00b3\/hora atender\u00e1 os moradores do Jardim Ana Maria, moradores aguaram esse benef\u00edcio desde que o bairro existe.<\/p>\n<p>[\/collapse]<\/p>\n<p>[collapse title=&#8221;Conclu\u00edda a interliga\u00e7\u00e3o do coletor tronco do Tapera Grande&#8221;]<\/p>\n<p align=\"justify\">Com o coletor-tronco do Pirajibu. A interliga\u00e7\u00e3o com 600 metros de extens\u00e3o permite que 2,8 milh\u00f5es de litros di\u00e1rios de esgoto cheguem para o tratamento. Esse volume \u00e9 gerado pela popula\u00e7\u00e3o estimada em 18 mil pessoas, residentes nos bairros da regi\u00e3o do cajuru \u00e0s margens da avenida paran\u00e1, entre o rio Pirajibu e a divisa com Itu.<\/p>\n<p>[\/collapse]<\/p>\n<p>&nbsp;<\/p>\n<p>&nbsp;<\/p>\n<p>&nbsp;<\/p>\n<p>&nbsp;<\/p>\n<p>&nbsp;<\/p>\n<p>&nbsp;<\/p>\n<p>&nbsp;<\/p>\n<p>&nbsp;<\/p>\n<p>&nbsp;<\/p>\n<p>&nbsp;<\/p>\n<p>&nbsp;<\/p>\n<p>&nbsp;<\/p>\n<p>&nbsp;<\/p>\n<p>&nbsp;<\/p>\n<p>&nbsp;<\/p>\n<p>&nbsp;<\/p>\n","protected":false},"excerpt":{"rendered":"<p>[collapse title=&#8221;Inaugura\u00e7\u00e3o da primeira etapa do Reservat\u00f3rio de Deten\u00e7\u00e3o de Cheias (RDC) do c\u00f3rrego \u00c1gua Vermelha&#8221;] No cruzamento da Av. Washington luiz com a Rua Cap. Bento Mascarenhas Jequitinhonha, no Jd. dos Estados, sendo de 12.750 m2 a bacia finalizada, com capacidade para 31.875 m3 de \u00e1gua &#8211; 23\/12\/17. [\/collapse] [collapse title=&#8221;Celebra\u00e7\u00e3o do financiamento de&nbsp; <a href=\"https:\/\/sorocaba.sp.gov.br\/acompanheogoverno\/servico-autonomo-de-agua-e-esgotos-saae\/\">&hellip; Leia mais<\/a><\/p>\n","protected":false},"author":69,"featured_media":0,"parent":0,"menu_order":0,"comment_status":"closed","ping_status":"closed","template":"","meta":{"footnotes":""},"class_list":["post-75","page","type-page","status-publish","hentry"],"_links":{"self":[{"href":"https:\/\/sorocaba.sp.gov.br\/acompanheogoverno\/wp-json\/wp\/v2\/pages\/75","targetHints":{"allow":["GET"]}}],"collection":[{"href":"https:\/\/sorocaba.sp.gov.br\/acompanheogoverno\/wp-json\/wp\/v2\/pages"}],"about":[{"href":"https:\/\/sorocaba.sp.gov.br\/acompanheogoverno\/wp-json\/wp\/v2\/types\/page"}],"author":[{"embeddable":true,"href":"https:\/\/sorocaba.sp.gov.br\/acompanheogoverno\/wp-json\/wp\/v2\/users\/69"}],"replies":[{"embeddable":true,"href":"https:\/\/sorocaba.sp.gov.br\/acompanheogoverno\/wp-json\/wp\/v2\/comments?post=75"}],"version-history":[{"count":8,"href":"https:\/\/sorocaba.sp.gov.br\/acompanheogoverno\/wp-json\/wp\/v2\/pages\/75\/revisions"}],"predecessor-version":[{"id":248,"href":"https:\/\/sorocaba.sp.gov.br\/acompanheogoverno\/wp-json\/wp\/v2\/pages\/75\/revisions\/248"}],"wp:attachment":[{"href":"https:\/\/sorocaba.sp.gov.br\/acompanheogoverno\/wp-json\/wp\/v2\/media?parent=75"}],"curies":[{"name":"wp","href":"https:\/\/api.w.org\/{rel}","templated":true}]}}