{"id":77,"date":"2019-05-21T13:59:35","date_gmt":"2019-05-21T16:59:35","guid":{"rendered":"http:\/\/sorocaba.sp.gov.br\/obraseacoes\/?page_id=77"},"modified":"2019-05-22T14:28:14","modified_gmt":"2019-05-22T17:28:14","slug":"recursos-humanos-serh","status":"publish","type":"page","link":"https:\/\/sorocaba.sp.gov.br\/acompanheogoverno\/recursos-humanos-serh\/","title":{"rendered":"Recursos Humanos (SERH)"},"content":{"rendered":"<p>[collapse title=&#8221;Lan\u00e7amento do Programa \u201cSa\u00fade em Dia\u201d&#8221;]<\/p>\n<p align=\"justify\">Aferi\u00e7\u00f5es de press\u00e3o arterial e exames de glicemia, para detectar poss\u00edveis problemas.<\/p>\n<p align=\"justify\">[\/collapse]<\/p>\n<p>[collapse title=&#8221;Acupuntura na Sa\u00fade Ocupacional e Gin\u00e1stica Laboral parceria SEMES&#8221;]<\/p>\n<p align=\"justify\">[\/collapse]<\/p>\n<p>[collapse title=&#8221;Projeto M\u00e3es Azuis&#8221;]<\/p>\n<p align=\"justify\">Coordenado por assistente social; encontros mensais para os servidores com filhos portadores de Transtorno do Espectro Autista &#8211; TEA.<\/p>\n<p align=\"justify\">[\/collapse]<\/p>\n<p>[collapse title=&#8221;Lan\u00e7amento do PMG &#8211; Plano de Motiva\u00e7\u00e3o e Governan\u00e7a&#8221;]<\/p>\n<p align=\"justify\">Valoriza\u00e7\u00e3o da carreira p\u00fablica; planejamento de cargos e sal\u00e1rios; os benef\u00edcios poss\u00edveis, baseados no bin\u00f4mio antiguidade\/meritocracia.<\/p>\n<p align=\"justify\">[\/collapse]<\/p>\n<p>[collapse title=&#8221;Otimiza\u00e7\u00e3o e redu\u00e7\u00e3o dos t\u00edtulos funcionais&#8221;]<\/p>\n<p align=\"justify\">Adapta\u00e7\u00e3o das s\u00famulas de atribui\u00e7\u00f5es, buscando polival\u00eancia funcional e efic\u00e1cia na presta\u00e7\u00e3o dos servi\u00e7os.<\/p>\n<p align=\"justify\">[\/collapse]<\/p>\n<p>[collapse title=&#8221;Escola de Gest\u00e3o P\u00fablica da Secretaria de Recursos Humanos ofereceu capacita\u00e7\u00e3o&#8221;]<\/p>\n<p align=\"justify\">Treinamento e oficinas para 2.159 servidores por meio de parcerias realizadas com as Secretarias &#8211; jan\/dez\/2018).<\/p>\n<p align=\"justify\">[\/collapse]<\/p>\n<p>[collapse title=&#8221;Acompanhar a realiza\u00e7\u00e3o concursos p\u00fablicos e processos seletivos at\u00e9 a homologa\u00e7\u00e3o&#8221;]<\/p>\n<p align=\"justify\">[\/collapse]<\/p>\n<p>[collapse title=&#8221;Implanta\u00e7\u00e3o de novas normas para concess\u00e3o de afastamentos e\/ou licen\u00e7as de sa\u00fade&#8221;]<\/p>\n<p align=\"justify\">[\/collapse]<\/p>\n<p>[collapse title=&#8221;Implanta\u00e7\u00e3o de Combate ao Absente\u00edsmo redu\u00e7\u00e3o de 18% na apresenta\u00e7\u00e3o de atestados m\u00e9dicos no primeiro trimestre de 2019&#8243;]<\/p>\n<p align=\"justify\">01\/01\/2018 a 15\/04\/2018 \u2013 27.945 dias de afastamento<\/p>\n<p align=\"justify\">01\/04\/2019 a 15\/04\/2019 \u2013 22.911 dias de afastamento<\/p>\n<p align=\"justify\">REDU\u00c7\u00c3O DE 5.034 dias de afastamento \u2013 18%<\/p>\n<p align=\"justify\">[\/collapse]<\/p>\n<p>[collapse title=&#8221;Implantada a adequa\u00e7\u00e3o da jornada dos docentes &#8211; fev. 2019 \u2013 lei n\u00ba 11.848\/2018&#8243;]<\/p>\n<p align=\"justify\">[\/collapse]<\/p>\n<p>[collapse title=&#8221;Remo\u00e7\u00e3o auxiliares de educa\u00e7\u00e3o&#8221;]<\/p>\n<p align=\"justify\">Auxiliar de educa\u00e7\u00e3o; regente maternal e agente infantil &#8211; in\u00edcio dos servidores nas novas unidades escolares: 01\/02\/19<\/p>\n<p align=\"justify\">[\/collapse]<\/p>\n<p>[collapse title=&#8221;Remo\u00e7\u00e3o de cargos na Secretaria de Educa\u00e7\u00e3o (SEDU)&#8221;]<\/p>\n<p align=\"justify\">Inspetor de alunos, secret\u00e1rio de escola e auxiliar administrativo. in\u00edcio dos servidores nas novas unidades escolares: 30\/07\/18.<\/p>\n<p align=\"justify\">[\/collapse]<\/p>\n<p>[collapse title=&#8221;Remo\u00e7\u00e3o do quadro de magist\u00e9rio (docentes e suporte pedag\u00f3gico)&#8221;]<\/p>\n<p align=\"justify\">In\u00edcio dos servidores nas novas unidades escolares: suporte pedag\u00f3gico em 02\/01\/19 e docentes em 01\/02\/19<\/p>\n<p align=\"justify\">[\/collapse]<\/p>\n<p>[collapse title=&#8221;Contrata\u00e7\u00e3o de auxiliares de educa\u00e7\u00e3o \u2013 03\/2019&#8243;]<\/p>\n<p align=\"justify\">[\/collapse]<\/p>\n<p>[collapse title=&#8221;Nomea\u00e7\u00e3o de novos servidores efetivos&#8221;]<\/p>\n<p align=\"justify\">Nomea\u00e7\u00e3o de novos servidores efetivos: PEB I: 163; auxiliar de educa\u00e7\u00e3o:153; inspetor de alunos:12, secret\u00e1rio escolar: 04; auxiliar de administra\u00e7\u00e3o: 16.<\/p>\n<p align=\"justify\">[\/collapse]<\/p>\n<p>[collapse title=&#8221;Chamada para candidatos aprovados em concurso p\u00fablico&#8221;]<\/p>\n<p align=\"justify\">Sele\u00e7\u00e3o de pessoal chamados &#8211; 580 candidatos aprovados em concurso p\u00fablico para preencherem as seguintes vagas:<\/p>\n<p align=\"justify\">Agente de Fiscaliza\u00e7\u00e3o: 02 em 2017\/ 04 em 2018<\/p>\n<p align=\"justify\">Analista de Sistemas I : 01 em 2017<\/p>\n<p align=\"justify\">Arquiteto I: 03 em 2017<\/p>\n<p align=\"justify\">Auxiliar de Administra\u00e7\u00e3o: 70 em 2017 \/ 68 em 2018 \/\u00a0 52 em 2019<\/p>\n<p align=\"justify\">Auxiliar de Educa\u00e7\u00e3o: 113 em 2017 \/\u00a0 50 em 2018 \/ 02 em 2019<\/p>\n<p align=\"justify\">Contador: 01 em 2019<\/p>\n<p align=\"justify\">Enfermeiro: 04 em 2017<\/p>\n<p align=\"justify\">Eng. Segur. do Trabalho I: 01 em 2017<\/p>\n<p align=\"justify\">Inspetor de Alunos: 15 em 2017<\/p>\n<p align=\"justify\">M\u00e9dico: 03 em 2017<\/p>\n<p align=\"justify\">PEB I: 99 em 2017 \/ 69 em 2019<\/p>\n<p align=\"justify\">Procurador 11 m 2018 \/ 05 em 2019<\/p>\n<p align=\"justify\">T\u00e9cnico Ambiental: 03 em 2018<\/p>\n<p align=\"justify\">Secret\u00e1rio de Escola: 04 m 2017<\/p>\n<p align=\"justify\">[\/collapse]<\/p>\n<p>[collapse title=&#8221;Implanta\u00e7\u00e3o do vale alimenta\u00e7\u00e3o substitui\u00e7\u00e3o \u00e0 cesta b\u00e1sica&#8221;]<\/p>\n<p>[\/collapse]<\/p>\n<p>[collapse title=&#8221;Outras a\u00e7\u00f5es da Secretaria de Recursos Humanos (SERH)&#8221;]<\/p>\n<p>Endomarketing Conecta Servidor;<\/p>\n<p>Canta Servidor em parceria com Secom;<\/p>\n<p>Feira dos servidores;<\/p>\n<p>Copa futsal intersecretarias;<\/p>\n<p>Banco de ideias.<\/p>\n<p>[\/collapse]<\/p>\n","protected":false},"excerpt":{"rendered":"<p>[collapse title=&#8221;Lan\u00e7amento do Programa \u201cSa\u00fade em Dia\u201d&#8221;] Aferi\u00e7\u00f5es de press\u00e3o arterial e exames de glicemia, para detectar poss\u00edveis problemas. [\/collapse] [collapse title=&#8221;Acupuntura na Sa\u00fade Ocupacional e Gin\u00e1stica Laboral parceria SEMES&#8221;] [\/collapse] [collapse title=&#8221;Projeto M\u00e3es Azuis&#8221;] Coordenado por assistente social; encontros mensais para os servidores com filhos portadores de Transtorno do Espectro Autista &#8211; TEA. [\/collapse]&nbsp; <a href=\"https:\/\/sorocaba.sp.gov.br\/acompanheogoverno\/recursos-humanos-serh\/\">&hellip; Leia mais<\/a><\/p>\n","protected":false},"author":69,"featured_media":0,"parent":0,"menu_order":0,"comment_status":"closed","ping_status":"closed","template":"","meta":{"footnotes":""},"class_list":["post-77","page","type-page","status-publish","hentry"],"_links":{"self":[{"href":"https:\/\/sorocaba.sp.gov.br\/acompanheogoverno\/wp-json\/wp\/v2\/pages\/77","targetHints":{"allow":["GET"]}}],"collection":[{"href":"https:\/\/sorocaba.sp.gov.br\/acompanheogoverno\/wp-json\/wp\/v2\/pages"}],"about":[{"href":"https:\/\/sorocaba.sp.gov.br\/acompanheogoverno\/wp-json\/wp\/v2\/types\/page"}],"author":[{"embeddable":true,"href":"https:\/\/sorocaba.sp.gov.br\/acompanheogoverno\/wp-json\/wp\/v2\/users\/69"}],"replies":[{"embeddable":true,"href":"https:\/\/sorocaba.sp.gov.br\/acompanheogoverno\/wp-json\/wp\/v2\/comments?post=77"}],"version-history":[{"count":6,"href":"https:\/\/sorocaba.sp.gov.br\/acompanheogoverno\/wp-json\/wp\/v2\/pages\/77\/revisions"}],"predecessor-version":[{"id":250,"href":"https:\/\/sorocaba.sp.gov.br\/acompanheogoverno\/wp-json\/wp\/v2\/pages\/77\/revisions\/250"}],"wp:attachment":[{"href":"https:\/\/sorocaba.sp.gov.br\/acompanheogoverno\/wp-json\/wp\/v2\/media?parent=77"}],"curies":[{"name":"wp","href":"https:\/\/api.w.org\/{rel}","templated":true}]}}