{"id":83,"date":"2019-05-21T14:00:13","date_gmt":"2019-05-21T17:00:13","guid":{"rendered":"http:\/\/sorocaba.sp.gov.br\/obraseacoes\/?page_id=83"},"modified":"2019-05-23T13:53:45","modified_gmt":"2019-05-23T16:53:45","slug":"seguranca-e-defesa-civil-sesdec","status":"publish","type":"page","link":"https:\/\/sorocaba.sp.gov.br\/acompanheogoverno\/seguranca-e-defesa-civil-sesdec\/","title":{"rendered":"Seguran\u00e7a e Defesa Civil (SESDEC)"},"content":{"rendered":"<p>[collapse title=&#8221;Cria\u00e7\u00e3o de postos fixos da Guarda Civil Municipal (GCM)&#8221;]<\/p>\n<p align=\"justify\">Em todos os centros esportivos da cidade.<\/p>\n<p align=\"justify\">Registros:<\/p>\n<p align=\"justify\">2017 &#8211; 513<\/p>\n<p align=\"justify\">2018 \u2013 1.420<\/p>\n<p align=\"justify\">2019 &#8211; 266<\/p>\n<p align=\"justify\">Total: 2.199<\/p>\n<p>[\/collapse]<\/p>\n<p>[collapse title=&#8221;16 novas viaturas Gol para a intensifica\u00e7\u00e3o do trabalho da GCM&#8221;]<\/p>\n<p>[\/collapse]<\/p>\n<p>[collapse title=&#8221;Inaugura\u00e7\u00e3o do canil da Guarda Civil&#8221;]<\/p>\n<p>Na\u00a0Rua Laura Pacheco, 158, Vila Rica &#8211;\u00a004\/04\/18.<\/p>\n<p align=\"justify\">Registros:<\/p>\n<p align=\"justify\">2018 \u2013 353<\/p>\n<p align=\"justify\">2019 &#8211; 241<\/p>\n<p align=\"justify\">Total: 594<\/p>\n<p>[\/collapse]<\/p>\n<p>[collapse title=&#8221;Criado o Centro de Opera\u00e7\u00f5es da Defesa Civil&#8221;]<\/p>\n<p align=\"justify\">Na sede da Guarda Civil Municipal, permitindo o monitoramento 24 horas das situa\u00e7\u00f5es clim\u00e1ticas da cidade, visando prevenir cat\u00e1strofes &#8211; Setembro\/2018.<\/p>\n<p>[\/collapse]<\/p>\n<p>[collapse title=&#8221;Planos Ver\u00e3o 2017\/2018 e 2018\/2019 da Defesa Civil&#8221;]<\/p>\n<p align=\"justify\">Para enfrentamento de situa\u00e7\u00f5es emergenciais em raz\u00e3o do per\u00edodo mais chuvoso do ano de dezembro a mar\u00e7o.<\/p>\n<p align=\"justify\">Plano Ver\u00e3o:<\/p>\n<p align=\"justify\">Atendimentos: 935 (2017\/2018) e 662 (2018\/2019);<\/p>\n<p align=\"justify\">Lona metro linear: 250 (2017\/2018) e 22 (2018\/2019).<\/p>\n<p>[\/collapse]<\/p>\n<p>[collapse title=&#8221;Total de atendimentos da Defesa Civil&#8221;]<\/p>\n<p align=\"justify\">2017: 3297<\/p>\n<p align=\"justify\">2018 : 1715<\/p>\n<p align=\"justify\">2019: 633<\/p>\n<p align=\"justify\">Total: 5645<\/p>\n<p align=\"justify\">[\/collapse]<\/p>\n<p>[collapse title=&#8221;Total materiais diversos fornecidos pela Defesa Civil&#8221;]<\/p>\n<p align=\"justify\">2017: 251<\/p>\n<p align=\"justify\">2018 : 418<\/p>\n<p align=\"justify\">2019: 72<\/p>\n<p align=\"justify\">Total: 741<\/p>\n<p align=\"justify\">[\/collapse]<\/p>\n<p>[collapse title=&#8221;Base de seguran\u00e7a na Pra\u00e7a Cel. Fernando Prestes&#8221;]<\/p>\n<p>2019<\/p>\n<p align=\"justify\">Total de registros: 2565.<\/p>\n<p>[\/collapse]<\/p>\n<p>[collapse title=&#8221;Base de seguran\u00e7a na Esta\u00e7\u00e3o Rodovi\u00e1ria&#8221;]<\/p>\n<p>2018<\/p>\n<p align=\"justify\">Total de registros: 310.<\/p>\n<p>[\/collapse]<\/p>\n<p>[collapse title=&#8221;Cria\u00e7\u00e3o, implanta\u00e7\u00e3o e funcionamento do programa \u201cBot\u00e3o do P\u00e2nico&#8221;]<\/p>\n<p align=\"justify\">Lan\u00e7ado oficialmente em 08\/02\/2018;<\/p>\n<p align=\"justify\">Total de mulheres cadastradas no sistema com medida judicial protetiva: 336;<\/p>\n<p align=\"justify\">2018 : 59 atendimentos com 11 suspeitos abordados, resultando em 07 presos;<\/p>\n<p align=\"justify\">2019: 106 atendimentos com 22 suspeitos abordados, resultando em 16 presos;<\/p>\n<p align=\"justify\">Total: 165 atendimentos com 23 pessoas presas, e 10 liberadas.<\/p>\n<p>[\/collapse]<\/p>\n<p>[collapse title=&#8221;Divis\u00e3o de fiscaliza\u00e7\u00e3o de \u00e1reas p\u00fablicas&#8221;]<\/p>\n<p align=\"justify\">De 01\/01\/2017 a 30\/04\/2019.<\/p>\n<p align=\"justify\">Se\u00e7\u00e3o de fiscaliza\u00e7\u00e3o de \u00e1reas p\u00fablicas: fiscalizar e vistoriar preventivamente para evitar invas\u00f5es.<\/p>\n<p align=\"justify\">2018 \u2013 02 invas\u00f5es concretizadas. Sem a fiscaliza\u00e7\u00e3o preventiva a incid\u00eancia aumenta para 01 invas\u00e3o por semana, totalizando uma m\u00e9dia de 52 invas\u00f5es\/ano.<\/p>\n<p align=\"justify\">Se\u00e7\u00e3o de fiscaliza\u00e7\u00e3o e permiss\u00e3o de uso: fiscalizar \u00e1reas p\u00fablicas cedidas ou concedidas.<\/p>\n<p align=\"justify\">Projeto &#8220;Mais Permiss\u00f5es&#8221; \u2013 in\u00edcio abril\/2019, em 10 dias foram encontradas mais de 30 \u00e1reas p\u00fablicas utilizadas sem a devida permiss\u00e3o, notificadas \u00e0 regularizarem a situa\u00e7\u00e3o.<\/p>\n<p align=\"justify\">[\/collapse]<\/p>\n<p>&nbsp;<\/p>\n<p>&nbsp;<\/p>\n<p>&nbsp;<\/p>\n<p>&nbsp;<\/p>\n<p>&nbsp;<\/p>\n<p>&nbsp;<\/p>\n<p>&nbsp;<\/p>\n<p>&nbsp;<\/p>\n<p>&nbsp;<\/p>\n","protected":false},"excerpt":{"rendered":"<p>[collapse title=&#8221;Cria\u00e7\u00e3o de postos fixos da Guarda Civil Municipal (GCM)&#8221;] Em todos os centros esportivos da cidade. Registros: 2017 &#8211; 513 2018 \u2013 1.420 2019 &#8211; 266 Total: 2.199 [\/collapse] [collapse title=&#8221;16 novas viaturas Gol para a intensifica\u00e7\u00e3o do trabalho da GCM&#8221;] [\/collapse] [collapse title=&#8221;Inaugura\u00e7\u00e3o do canil da Guarda Civil&#8221;] Na\u00a0Rua Laura Pacheco, 158, Vila&nbsp; <a href=\"https:\/\/sorocaba.sp.gov.br\/acompanheogoverno\/seguranca-e-defesa-civil-sesdec\/\">&hellip; Leia mais<\/a><\/p>\n","protected":false},"author":69,"featured_media":0,"parent":0,"menu_order":0,"comment_status":"closed","ping_status":"closed","template":"","meta":{"footnotes":""},"class_list":["post-83","page","type-page","status-publish","hentry"],"_links":{"self":[{"href":"https:\/\/sorocaba.sp.gov.br\/acompanheogoverno\/wp-json\/wp\/v2\/pages\/83","targetHints":{"allow":["GET"]}}],"collection":[{"href":"https:\/\/sorocaba.sp.gov.br\/acompanheogoverno\/wp-json\/wp\/v2\/pages"}],"about":[{"href":"https:\/\/sorocaba.sp.gov.br\/acompanheogoverno\/wp-json\/wp\/v2\/types\/page"}],"author":[{"embeddable":true,"href":"https:\/\/sorocaba.sp.gov.br\/acompanheogoverno\/wp-json\/wp\/v2\/users\/69"}],"replies":[{"embeddable":true,"href":"https:\/\/sorocaba.sp.gov.br\/acompanheogoverno\/wp-json\/wp\/v2\/comments?post=83"}],"version-history":[{"count":8,"href":"https:\/\/sorocaba.sp.gov.br\/acompanheogoverno\/wp-json\/wp\/v2\/pages\/83\/revisions"}],"predecessor-version":[{"id":265,"href":"https:\/\/sorocaba.sp.gov.br\/acompanheogoverno\/wp-json\/wp\/v2\/pages\/83\/revisions\/265"}],"wp:attachment":[{"href":"https:\/\/sorocaba.sp.gov.br\/acompanheogoverno\/wp-json\/wp\/v2\/media?parent=83"}],"curies":[{"name":"wp","href":"https:\/\/api.w.org\/{rel}","templated":true}]}}