{"id":85,"date":"2019-05-21T14:00:25","date_gmt":"2019-05-21T17:00:25","guid":{"rendered":"http:\/\/sorocaba.sp.gov.br\/obraseacoes\/?page_id=85"},"modified":"2019-05-23T13:48:35","modified_gmt":"2019-05-23T16:48:35","slug":"prevencao-e-combate-as-drogas-sepod","status":"publish","type":"page","link":"https:\/\/sorocaba.sp.gov.br\/acompanheogoverno\/prevencao-e-combate-as-drogas-sepod\/","title":{"rendered":"Preven\u00e7\u00e3o e Combate \u00e0s Drogas (SEPOD)"},"content":{"rendered":"<p>[collapse title=&#8221;Mapeamento dos locais e pontos de uso de subst\u00e2ncias entorpecentes&#8221;]<\/p>\n<p>[\/collapse]<\/p>\n<p>[collapse title=&#8221;Opera\u00e7\u00e3o Dignidade&#8221;]<\/p>\n<p align=\"justify\">O foco s\u00e3o as pessoas em situa\u00e7\u00e3o de rua e usu\u00e1rias de \u00e1lcool e drogas, em parceria com a Secretaria de Igualdade e Assist\u00eancia Social (SIAS); Secretaria da Seguran\u00e7a e Defesa Civil (SESDEC); com apoio do SOS; Pol\u00edcia Militar e Guada Civil Municipal.<\/p>\n<p>[\/collapse]<\/p>\n<p>[collapse title=&#8221;Em 30 dias, atua\u00e7\u00e3o em 14 pontos com caracter\u00edsticas de cenas abertas de uso de entorpecente foram identificados&#8221;]<\/p>\n<p>[\/collapse]<\/p>\n<p>[collapse title=&#8221;Opera\u00e7\u00e3o Mais Centro&#8221;]<\/p>\n<p align=\"justify\">De 13\/03 a 12\/04\/2019.<\/p>\n<p align=\"justify\">Em parceria com\u00a0SESDEC, conjuntamente com a GCM e a fiscaliza\u00e7\u00e3o realizaram v\u00e1rias a\u00e7\u00f5es que dentre outras resultaram em:<\/p>\n<p align=\"justify\">2 autua\u00e7\u00f5es a hot\u00e9is;<\/p>\n<p align=\"justify\">1 deten\u00e7\u00e3o posse de entorpecentes e apreens\u00e3o de produtos contrabandeados ou comercializados irregularmente;<\/p>\n<p align=\"justify\">1 interdi\u00e7\u00e3o por dois anos de pousada por pr\u00e1tica de prostitui\u00e7\u00e3o flagrado pela 3\u00aa vez consecutiva, al\u00e9m de imposi\u00e7\u00e3o de multa.<\/p>\n<p>[\/collapse]<\/p>\n<p>[collapse title=&#8221;Sepod e Vigil\u00e2ncia Sanit\u00e1ria\u00a0(SES) flagram casa clandestina para interna\u00e7\u00e3o de usu\u00e1rios de subst\u00e2ncias psicoativas, no bairro Jacutinga&#8221;]<\/p>\n<p align=\"justify\">3 pessoas em situa\u00e7\u00e3o de extrema vulnerabilidade social foram encaminhadas de imediato para os servi\u00e7os de sa\u00fade e assist\u00eancia social.<\/p>\n<p>[\/collapse]<\/p>\n<p>[collapse title=&#8221;Opera\u00e7\u00e3o Quem \u00e9 Voc\u00ea&#8221;]<\/p>\n<p align=\"justify\">Tem por objetivo identificar pessoas em situa\u00e7\u00e3o de rua e verificar junto ao banco de dados da Prefeitura se j\u00e1 foram atendidas pela rede socioassistencial (CRAS;, CREAS; Casa Azul; SOS).<\/p>\n<p align=\"justify\">Bairros visitados: Zona Oeste \u2013 fundos do CE Dr. Pitico; Ponte Humberto de Campos; Zona Leste &#8211; Ponte de Pinheiros.<\/p>\n<p>[\/collapse]<\/p>\n<p>[collapse title=&#8221;Opera\u00e7\u00e3o Dignidade&#8221;]<\/p>\n<p align=\"justify\">5 opera\u00e7\u00f5es realizadas; 67 pessoas abordadas; 2 procurados identificados e 1 flagrante de furto.<\/p>\n<p>[\/collapse]<\/p>\n<p>[collapse title=&#8221;SEPOD inscrita no Selo Social&#8221;]<\/p>\n<p align=\"justify\">Projeto T\u00f4 Fora, T\u00f4 Dentro.<\/p>\n<p>[\/collapse]<\/p>\n<p>[collapse title=&#8221;SEPOD em parceria com a GCM&#8221;]<\/p>\n<p align=\"justify\">Iniciou pesquisa sobre experimenta\u00e7\u00e3o e envolvimento familiar com subst\u00e2ncias psicoativas, com alunos da Escola Estadual H\u00e9lio Del Cistia, no Jardim S\u00e3o Guilherme.<\/p>\n<p>[\/collapse]<\/p>\n<p>[collapse title=&#8221;Jovens ente 14 a 17 anos responderam o question\u00e1rio&#8221;]<\/p>\n<p align=\"justify\">53 disseram que nunca usaram drogas l\u00edcitas e\/ou il\u00edcitas; 38 disseram que j\u00e1 usaram e 3 n\u00e3o responderam; m\u00e9dia de uso aos 15 anos.<\/p>\n<p>[\/collapse]<\/p>\n<p>[collapse title=&#8221;Programa Oportunidade para o Futuro&#8221;]<\/p>\n<p>Parceria da Prefeitura\/SEPOD com o Minist\u00e9rio do Trabalho \u2013 GRT.<\/p>\n<p align=\"justify\">Visando a disponibiliza\u00e7\u00e3o de postos de trabalho custeados pelas empresas que n\u00e3o podem cumprir sua cota de aprendizagem social, para \u00f3rg\u00e3os da Prefeitura.<\/p>\n<p align=\"justify\">Programa destinado a jovens em situa\u00e7\u00e3o de vulnerabilidade social e proporcionar\u00e1 ao Poder P\u00fablico a possibilidade de atuar como agente transformador da realidade social do aprendiz.<\/p>\n<p>[\/collapse]<\/p>\n<p>&nbsp;<\/p>\n<p>&nbsp;<\/p>\n<p>&nbsp;<\/p>\n<p>&nbsp;<\/p>\n<p>&nbsp;<\/p>\n<p>&nbsp;<\/p>\n<p>&nbsp;<\/p>\n<p>&nbsp;<\/p>\n<p>&nbsp;<\/p>\n","protected":false},"excerpt":{"rendered":"<p>[collapse title=&#8221;Mapeamento dos locais e pontos de uso de subst\u00e2ncias entorpecentes&#8221;] [\/collapse] [collapse title=&#8221;Opera\u00e7\u00e3o Dignidade&#8221;] O foco s\u00e3o as pessoas em situa\u00e7\u00e3o de rua e usu\u00e1rias de \u00e1lcool e drogas, em parceria com a Secretaria de Igualdade e Assist\u00eancia Social (SIAS); Secretaria da Seguran\u00e7a e Defesa Civil (SESDEC); com apoio do SOS; Pol\u00edcia Militar e&nbsp; <a href=\"https:\/\/sorocaba.sp.gov.br\/acompanheogoverno\/prevencao-e-combate-as-drogas-sepod\/\">&hellip; Leia mais<\/a><\/p>\n","protected":false},"author":69,"featured_media":0,"parent":0,"menu_order":0,"comment_status":"closed","ping_status":"closed","template":"","meta":{"footnotes":""},"class_list":["post-85","page","type-page","status-publish","hentry"],"_links":{"self":[{"href":"https:\/\/sorocaba.sp.gov.br\/acompanheogoverno\/wp-json\/wp\/v2\/pages\/85","targetHints":{"allow":["GET"]}}],"collection":[{"href":"https:\/\/sorocaba.sp.gov.br\/acompanheogoverno\/wp-json\/wp\/v2\/pages"}],"about":[{"href":"https:\/\/sorocaba.sp.gov.br\/acompanheogoverno\/wp-json\/wp\/v2\/types\/page"}],"author":[{"embeddable":true,"href":"https:\/\/sorocaba.sp.gov.br\/acompanheogoverno\/wp-json\/wp\/v2\/users\/69"}],"replies":[{"embeddable":true,"href":"https:\/\/sorocaba.sp.gov.br\/acompanheogoverno\/wp-json\/wp\/v2\/comments?post=85"}],"version-history":[{"count":6,"href":"https:\/\/sorocaba.sp.gov.br\/acompanheogoverno\/wp-json\/wp\/v2\/pages\/85\/revisions"}],"predecessor-version":[{"id":264,"href":"https:\/\/sorocaba.sp.gov.br\/acompanheogoverno\/wp-json\/wp\/v2\/pages\/85\/revisions\/264"}],"wp:attachment":[{"href":"https:\/\/sorocaba.sp.gov.br\/acompanheogoverno\/wp-json\/wp\/v2\/media?parent=85"}],"curies":[{"name":"wp","href":"https:\/\/api.w.org\/{rel}","templated":true}]}}