{"id":87,"date":"2019-05-21T14:00:40","date_gmt":"2019-05-21T17:00:40","guid":{"rendered":"http:\/\/sorocaba.sp.gov.br\/obraseacoes\/?page_id=87"},"modified":"2019-05-23T13:39:37","modified_gmt":"2019-05-23T16:39:37","slug":"investe-sorocaba-investe","status":"publish","type":"page","link":"https:\/\/sorocaba.sp.gov.br\/acompanheogoverno\/investe-sorocaba-investe\/","title":{"rendered":"Investe Sorocaba (INVESTE)"},"content":{"rendered":"<p>[collapse title=&#8221;Sancionada a Lei n\u00ba 11.864\/2019 que autorizou a cria\u00e7\u00e3o da Investe Sorocaba&#8221;]<\/p>\n<p>Em 29\/01\/2019.<\/p>\n<p>[\/collapse]<\/p>\n<p>[collapse title=&#8221;Edi\u00e7\u00e3o do Decreto n\u00ba 24.547\/2019 regulamentando a atividades da Autarquia&#8221;]<\/p>\n<p>[\/collapse]<\/p>\n<p>[collapse title=&#8221;Inaugura\u00e7\u00e3o da sede da Investe Sorocaba&#8221;]<\/p>\n<p align=\"justify\">Em 06\/03\/2019, em espa\u00e7o compartilhado com a \u2018\u2019Escola de Gest\u00e3o P\u00fablica\u2019\u2019, \u00e0 Av. Eng. Carlos Reinaldo Mendes, n\u00ba 3049, conforme Decreto n\u00ba 24.572\/2019.<\/p>\n<p>[\/collapse]<\/p>\n<p>[collapse title=&#8221;Emiss\u00e3o do CNPJ da Autarquia&#8221;]<\/p>\n<p>Sob o n\u00ba 32.983.506\/0001-54<\/p>\n<p>[\/collapse]<\/p>\n<p>[collapse title=&#8221;Planejamento Financeiro e Or\u00e7ament\u00e1rio para o Exerc\u00edcio de 2019 e Remanejamento da LOA 2019 conforme Decreto n\u00ba 24.676\/2019&#8243;]<\/p>\n<p>[\/collapse]<\/p>\n<p>&nbsp;<\/p>\n<p>&nbsp;<\/p>\n","protected":false},"excerpt":{"rendered":"<p>[collapse title=&#8221;Sancionada a Lei n\u00ba 11.864\/2019 que autorizou a cria\u00e7\u00e3o da Investe Sorocaba&#8221;] Em 29\/01\/2019. [\/collapse] [collapse title=&#8221;Edi\u00e7\u00e3o do Decreto n\u00ba 24.547\/2019 regulamentando a atividades da Autarquia&#8221;] [\/collapse] [collapse title=&#8221;Inaugura\u00e7\u00e3o da sede da Investe Sorocaba&#8221;] Em 06\/03\/2019, em espa\u00e7o compartilhado com a \u2018\u2019Escola de Gest\u00e3o P\u00fablica\u2019\u2019, \u00e0 Av. Eng. Carlos Reinaldo Mendes, n\u00ba 3049, conforme&nbsp; <a href=\"https:\/\/sorocaba.sp.gov.br\/acompanheogoverno\/investe-sorocaba-investe\/\">&hellip; Leia mais<\/a><\/p>\n","protected":false},"author":69,"featured_media":0,"parent":0,"menu_order":0,"comment_status":"closed","ping_status":"closed","template":"","meta":{"footnotes":""},"class_list":["post-87","page","type-page","status-publish","hentry"],"_links":{"self":[{"href":"https:\/\/sorocaba.sp.gov.br\/acompanheogoverno\/wp-json\/wp\/v2\/pages\/87","targetHints":{"allow":["GET"]}}],"collection":[{"href":"https:\/\/sorocaba.sp.gov.br\/acompanheogoverno\/wp-json\/wp\/v2\/pages"}],"about":[{"href":"https:\/\/sorocaba.sp.gov.br\/acompanheogoverno\/wp-json\/wp\/v2\/types\/page"}],"author":[{"embeddable":true,"href":"https:\/\/sorocaba.sp.gov.br\/acompanheogoverno\/wp-json\/wp\/v2\/users\/69"}],"replies":[{"embeddable":true,"href":"https:\/\/sorocaba.sp.gov.br\/acompanheogoverno\/wp-json\/wp\/v2\/comments?post=87"}],"version-history":[{"count":5,"href":"https:\/\/sorocaba.sp.gov.br\/acompanheogoverno\/wp-json\/wp\/v2\/pages\/87\/revisions"}],"predecessor-version":[{"id":262,"href":"https:\/\/sorocaba.sp.gov.br\/acompanheogoverno\/wp-json\/wp\/v2\/pages\/87\/revisions\/262"}],"wp:attachment":[{"href":"https:\/\/sorocaba.sp.gov.br\/acompanheogoverno\/wp-json\/wp\/v2\/media?parent=87"}],"curies":[{"name":"wp","href":"https:\/\/api.w.org\/{rel}","templated":true}]}}