{"id":145,"date":"2022-07-29T17:22:38","date_gmt":"2022-07-29T20:22:38","guid":{"rendered":"http:\/\/sorocaba.sp.gov.br\/aniversariodesorocaba\/?page_id=145"},"modified":"2022-07-29T17:23:06","modified_gmt":"2022-07-29T20:23:06","slug":"145-2","status":"publish","type":"page","link":"https:\/\/sorocaba.sp.gov.br\/aniversariodesorocaba\/145-2\/","title":{"rendered":"Mais atra\u00e7\u00f5es culturais"},"content":{"rendered":"<p><strong><u>De 1 a 12 de agosto<\/u><\/strong><\/p>\n<p><em><strong>Exposi\u00e7\u00e3o \u201cSorocaba Primeiros Tempos\u201d, com maquetes do artista pl\u00e1stico Santiago Ribeiro<\/strong><\/em><\/p>\n<p>Hor\u00e1rio: de segunda a sexta-feira, das 8h \u00e0s 17h<\/p>\n<p>Local: Biblioteca Infantil Municipal \u201cRenato S\u00eaneca de S\u00e1 Fleury\u201d (Rua da Penha, 673 \u2013 Centro)<\/p>\n<p>Classifica\u00e7\u00e3o et\u00e1ria: livre<\/p>\n<p>Entrada gratuita<\/p>\n<p>&nbsp;<\/p>\n<p><strong><u>De 1 a 31 de agosto<\/u><\/strong><\/p>\n<p><strong><em>Exposi\u00e7\u00e3o \u201cSorocaba em telas &#8211; 368 Anos\u201d, com obras do artista pl\u00e1stico Nelson Molina<\/em> <\/strong><\/p>\n<p>Acervo particular de Gal Moreira Dini, doado \u00e0 Prefeitura de Sorocaba<\/p>\n<p>Hor\u00e1rio: segunda a s\u00e1bado, das 10h \u00e0s 22h, e aos domingos, das 12h \u00e0s 20h<br \/>\nLocal: P\u00e1tio Cian\u00ea Shopping &#8211; Espa\u00e7o Cultural P\u00e1tio Cian\u00ea Shopping &#8211; Bloco B &#8211; Piso 1 (Av. Afonso Vergueiro, 823 &#8211; Centro)<\/p>\n<p>Classifica\u00e7\u00e3o et\u00e1ria: livre<\/p>\n<p>Entrada gratuita<\/p>\n<p>&nbsp;<\/p>\n<p><strong><u>Dia 3 de agosto (quarta-feira)<\/u><\/strong><\/p>\n<p><em><strong>Filmes Cult nas Quartas &#8211; \u201cA Fita Branca\u201d (2009), do diretor Michael Haneke<\/strong><\/em><\/p>\n<p>Hor\u00e1rio: das 19h \u00e0s 22h<\/p>\n<p>Local: Biblioteca Infantil Municipal \u201cRenato S\u00eaneca de S\u00e1 Fleury\u201d (Rua da Penha, 673 \u2013 Centro)<\/p>\n<p>Classifica\u00e7\u00e3o et\u00e1ria: a partir de 16 anos<\/p>\n<p>Entrada gratuita<\/p>\n<p>&nbsp;<\/p>\n<p><strong><u>Dia 4 de agosto (quinta-feira)<\/u><\/strong><\/p>\n<p><em><strong>Encontros com o Mito \u2013 Tema: Helena de Tr\u00f3ia<\/strong><\/em><\/p>\n<p>Hor\u00e1rio: das 14h \u00e0s 16h<\/p>\n<p>Local: Biblioteca Infantil Municipal \u201cRenato S\u00eaneca de S\u00e1 Fleury\u201d (Rua da Penha, 673 \u2013 Centro)<\/p>\n<p>Classifica\u00e7\u00e3o et\u00e1ria: a partir de 12 anos<\/p>\n<p>Entrada gratuita<\/p>\n<p>&nbsp;<\/p>\n<p><em><strong>Apresenta\u00e7\u00e3o de dan\u00e7a \u201cDonos da Terra\u201d, com a Cia Faces Ocultas<\/strong><\/em><\/p>\n<p>Hor\u00e1rio: 20h<\/p>\n<p>Local: Teatro Municipal \u201cTeot\u00f4nio Vilela\u201d (Av. Eng\u00ba Carlos Reinaldo Mendes, s\/n\u00ba &#8211; Alto da Boa Vista)<\/p>\n<p>Classifica\u00e7\u00e3o et\u00e1ria: livre<\/p>\n<p>Entrada gratuita (ingressos ser\u00e3o distribu\u00eddos na bilheteria do teatro no dia da apresenta\u00e7\u00e3o, a partir das 19h)<\/p>\n<p>Importante: As pessoas que forem prestigiar o espet\u00e1culo e puderem ajudar podem levar um quilo de alimento n\u00e3o perec\u00edvel para a campanha \u201cA Fome n\u00e3o \u00e9 Fake!\u201d, do Fundo Social de Solidariedade (FSS).<\/p>\n<p>&nbsp;<\/p>\n<p><strong><u>Dia 5 de agosto (sexta-feira)<\/u><\/strong><\/p>\n<p><em><strong>Tarde Cultural<\/strong><\/em><\/p>\n<p>Hor\u00e1rio: das 14h \u00e0s 16h<\/p>\n<p>Local: Biblioteca Municipal \u201cJorge Guilherme Senger\u201d (Rua Ministro Coqueijo Costa, 180 &#8211; Alto da Boa Vista)<\/p>\n<p>Classifica\u00e7\u00e3o et\u00e1ria: livre<\/p>\n<p>Entrada gratuita<\/p>\n<p>&nbsp;<\/p>\n<p><em><strong>Mostra Cultural \u201cAviva Cultura\u201d, da Acriart (Associa\u00e7\u00e3o Crist\u00e3 de Artistas)<\/strong><\/em><\/p>\n<p>Hor\u00e1rio: 19h30<\/p>\n<p>Local: Teatro Municipal \u201cTeot\u00f4nio Vilela\u201d (Av. Eng\u00ba Carlos Reinaldo Mendes, s\/n\u00ba &#8211; Alto da Boa Vista)<\/p>\n<p>Classifica\u00e7\u00e3o et\u00e1ria: livre<\/p>\n<p>Entrada gratuita (ingressos ser\u00e3o distribu\u00eddos na bilheteria do teatro no dia da mostra, a partir das 18h30)<\/p>\n<p>&nbsp;<\/p>\n<p><strong><u>Dia 6 de agosto (s\u00e1bado)<\/u><\/strong><\/p>\n<p><em><strong>Culin\u00e1ria para Crian\u00e7as \u2013 Oficina \u201cLivro de Receitas, Livro de Amor e Lembran\u00e7as\u201d, com a artista pl\u00e1stica, educadora, pesquisadora, escritora e culinarista Rita Taraborelli<\/strong><\/em><\/p>\n<p>Hor\u00e1rio: das 10h \u00e0s 12h<\/p>\n<p>Local: Biblioteca Infantil Municipal \u201cRenato S\u00eaneca de S\u00e1 Fleury\u201d (Rua da Penha, 673 \u2013 Centro)<\/p>\n<p>Atividade voltada a crian\u00e7as de 4 a 12 anos. Vagas limitadas. Inscri\u00e7\u00e3o a partir do dia 1\/8, das 8h \u00e0s 17h, pelo telefone: (15) 3231-5723.<\/p>\n<p>&nbsp;<\/p>\n<p><em><strong>Mostra Cultural \u201cAviva Cultura\u201d, da Acriart (Associa\u00e7\u00e3o Crist\u00e3 de Artistas)<\/strong><\/em><\/p>\n<p>Hor\u00e1rio: a partir das 14h30<\/p>\n<p>Local: Parque das \u00c1guas \u2013 Jardim Abaet\u00e9<\/p>\n<p>Classifica\u00e7\u00e3o et\u00e1ria: livre<\/p>\n<p>Entrada gratuita<\/p>\n<p>Informa\u00e7\u00f5es e inscri\u00e7\u00f5es pelo link: <u><a href=\"https:\/\/acriart.org.br\/avivacultura\/\">https:\/\/acriart.org.br\/avivacultura\/<\/a><\/u><\/p>\n<p>&nbsp;<\/p>\n<p><em><strong>Passeios Culturais<\/strong><\/em><\/p>\n<p>Hor\u00e1rio: das 14h \u00e0s 16h<\/p>\n<p>Local: Igreja de Jo\u00e3o de Camargo (Av. Bar\u00e3o de Tatu\u00ed, 1083 &#8211; Jardim Paulistano)<\/p>\n<p>Classifica\u00e7\u00e3o et\u00e1ria: livre<\/p>\n<p>Vagas limitadas. Inscri\u00e7\u00e3o a partir do dia 1\/8, das 8h \u00e0s 17h, pelo telefone: (15) 3231-5723<\/p>\n<p>&nbsp;<\/p>\n<p><strong><u>Dias 6, 13, 20 e 27<\/u><\/strong><\/p>\n<p><em><strong>Oficina de Videoclipe, com a coordena\u00e7\u00e3o de Cleiner Micceno<\/strong><\/em><\/p>\n<p>Hor\u00e1rio: das 15h \u00e0s 17h30<\/p>\n<p>Local: CEU das Artes (Rua Washington Pensa, 969 \u2013 Parque das Laranjeiras)<\/p>\n<p>Classifica\u00e7\u00e3o et\u00e1ria: a partir de 16 anos<\/p>\n<p>Vagas limitadas. Inscri\u00e7\u00e3o a partir de 29 de julho pelo link: <u><a href=\"https:\/\/tinyurl.com\/OficinadeVideoclipeSorocaba368\">https:\/\/tinyurl.com\/OficinadeVideoclipeSorocaba368<\/a><\/u> ou pelo telefone: (15) 3221-9917<\/p>\n<p>&nbsp;<\/p>\n<p><strong><u>Dia 7 de agosto (domingo)<\/u><\/strong><\/p>\n<p><em><strong>Mostra Cultural \u201cAviva Cultura\u201d, da Acriart (Associa\u00e7\u00e3o Crist\u00e3 de Artistas)<\/strong><\/em><\/p>\n<p>Oficinas de arte circense (10h), introdu\u00e7\u00e3o \u00e0 pintura em tela (11h) e dan\u00e7a moderna (12h)<\/p>\n<p>Hor\u00e1rio: das 10h \u00e0s 13h<\/p>\n<p>Local: CEU das Artes (Rua Washington Pensa, 969 \u2013 Parque das Laranjeiras)<\/p>\n<p>Classifica\u00e7\u00e3o et\u00e1ria: livre<\/p>\n<p>Entrada gratuita<\/p>\n<p>&nbsp;<\/p>\n<p><em><strong>Concerto Na Roda com o Maestro &#8211; Uma homenagem a Johann Sebastian Bach, com o pianista e maestro, Jo\u00e3o Carlos Martins e a Camerata Bachiana<\/strong><\/em><\/p>\n<p>Hor\u00e1rio: 18h<\/p>\n<p>Local: Teatro Municipal \u201cTeot\u00f4nio Vilela\u201d (Av. Eng\u00ba Carlos Reinaldo Mendes, s\/n\u00ba &#8211; Alto da Boa Vista)<\/p>\n<p>Classifica\u00e7\u00e3o et\u00e1ria: livre<\/p>\n<p>Entrada gratuita<\/p>\n<p>Ingressos e informa\u00e7\u00f5es: <a href=\"http:\/\/www.dcolor.art.br\/site\/agenda\/\">http:\/\/www.dcolor.art.br\/site\/agenda\/<\/a><\/p>\n<p>Importante: Apesar de os ingressos j\u00e1 estarem esgotados, uma hora antes do evento, ser\u00e3o distribu\u00eddas senhas aos interessados que n\u00e3o conseguiram retirar o voucher. No caso de desist\u00eancia por parte de quem fez a retirada do ingresso, os portadores das senhas ser\u00e3o chamados, quinze minutos antes do in\u00edcio do evento, em ordem de chegada, para assistirem ao espet\u00e1culo.<\/p>\n<p>&nbsp;<\/p>\n<p><strong><u>De 8 a 28 de agosto<\/u><\/strong><\/p>\n<p><em><strong>Exposi\u00e7\u00e3o \u201cUm dialogo entre \u00e1gua e tinta\u201d, com obras da artista Meng Hsun Lee<\/strong><\/em><br \/>\nHor\u00e1rio: segunda a s\u00e1bado, das 10h \u00e0s 22h, e aos domingos, das 12h \u00e0s 20h<br \/>\nLocal: P\u00e1tio Cian\u00ea Shopping &#8211; Espa\u00e7o Cultural P\u00e1tio Cian\u00ea Shopping &#8211; Bloco B &#8211; Piso 1 (Av. Afonso Vergueiro, 823 &#8211; Centro)<\/p>\n<p>Classifica\u00e7\u00e3o et\u00e1ria: livre<\/p>\n<p>Entrada gratuita<\/p>\n<p>&nbsp;<\/p>\n<p><strong><u>Dia 10 de agosto (quarta-feira)<\/u><\/strong><\/p>\n<p><em><strong>Hist\u00f3rias com Dobraduras \u2013 Tema: Ind\u00edgenas do Brasil<\/strong><\/em><\/p>\n<p>Hor\u00e1rio: das 9h \u00e0s 10h e das 14h \u00e0s 15h<\/p>\n<p>Local: Biblioteca Infantil Municipal \u201cRenato S\u00eaneca de S\u00e1 Fleury\u201d (Rua da Penha, 673 \u2013 Centro)<\/p>\n<p>Atividade voltada a crian\u00e7as de 6 a 12 anos<\/p>\n<p>Entrada gratuita<\/p>\n<p>&nbsp;<\/p>\n<p><strong><u>De 11 de agosto a 14 de outubro<\/u><\/strong><\/p>\n<p><em><strong>Exposi\u00e7\u00e3o \u201cSmall World &#8211; O Mundo Microsc\u00f3pico\u201d<\/strong><\/em><\/p>\n<p>Exposi\u00e7\u00e3o itinerante do Museu Catavento (S\u00e3o Paulo\/SP)<\/p>\n<p>Hor\u00e1rio: segunda a sexta-feira, das 9h \u00e0s 17h<\/p>\n<p>Local: Biblioteca Municipal \u201cJorge Guilherme Senger\u201d (Rua Ministro Coqueijo Costa, 180 &#8211; Alto da Boa Vista)<\/p>\n<p>Classifica\u00e7\u00e3o et\u00e1ria: livre<\/p>\n<p>Entrada gratuita. Grupos podem fazer agendamento para visita guiada pelo e-mail: <u><a href=\"mailto:bibliotecamunicipal@sorocaba.sp.gov.br\">bibliotecamunicipal@sorocaba.sp.gov.br<\/a><\/u><\/p>\n<p>&nbsp;<\/p>\n<p><strong><u>Dia 11 de agosto (quinta-feira)<\/u><\/strong><\/p>\n<p><em><strong>Encontros com o Mito \u2013 Tema: Noel Rosa<\/strong><\/em><\/p>\n<p>Hor\u00e1rio: das 14h \u00e0s 16h<\/p>\n<p>Local: Biblioteca Infantil Municipal \u201cRenato S\u00eaneca de S\u00e1 Fleury\u201d (Rua da Penha, 673 \u2013 Centro)<\/p>\n<p>Classifica\u00e7\u00e3o et\u00e1ria: a partir de 12 anos<\/p>\n<p>Entrada gratuita<\/p>\n<p>&nbsp;<\/p>\n<p><strong><u>De 12 de agosto a 16 de setembro<\/u><\/strong><\/p>\n<p><em><strong>Exposi\u00e7\u00e3o \u201cMarie Curie 1867-1934\u201d<\/strong><\/em><\/p>\n<p>Exposi\u00e7\u00e3o itinerante do Museu Catavento (S\u00e3o Paulo\/SP), em parceria com a IAB (Instituto de Arquitetos do Brasil) Sorocaba<\/p>\n<p>Hor\u00e1rio: segunda a sexta-feira, das 9h \u00e0s 16h<\/p>\n<p>Local: Chal\u00e9 Franc\u00eas (Av. Dr. Afonso Vergueiro, 553 \u2013 Centro)<\/p>\n<p>Classifica\u00e7\u00e3o et\u00e1ria: livre<\/p>\n<p>Entrada gratuita. Grupos podem fazer agendamento para visita guiada pelo e-mail: <u><a href=\"mailto:museusdesorocaba2@gmail.com\">museusdesorocaba2@gmail.com<\/a><\/u><\/p>\n<p>&nbsp;<\/p>\n<p><strong><u>Dia 12 de agosto (sexta-feira)<\/u><\/strong><\/p>\n<p><em><strong>Tarde Cultural<\/strong><\/em><\/p>\n<p>Hor\u00e1rio: das 14h \u00e0s 16h<\/p>\n<p>Local: Biblioteca Municipal \u201cJorge Guilherme Senger\u201d (Rua Ministro Coqueijo Costa, 180 &#8211; Alto da Boa Vista)<\/p>\n<p>Classifica\u00e7\u00e3o et\u00e1ria: livre<\/p>\n<p>Entrada gratuita<\/p>\n<p>&nbsp;<\/p>\n<p><strong><u>De 13 a 25 de agosto<\/u><\/strong><\/p>\n<p><em><strong>Exposi\u00e7\u00e3o \u201cGrupo Tekila\u201d<\/strong><\/em><\/p>\n<p>Hor\u00e1rio: de segunda a sexta-feira, das 8h \u00e0s 17h<\/p>\n<p>Local: Biblioteca Infantil Municipal \u201cRenato S\u00eaneca de S\u00e1 Fleury\u201d (Rua da Penha, 673 \u2013 Centro)<\/p>\n<p>Classifica\u00e7\u00e3o et\u00e1ria: livre<\/p>\n<p>Entrada gratuita<\/p>\n<p>&nbsp;<\/p>\n<p><strong><u>Dia 13 de agosto (s\u00e1bado)<\/u><\/strong><\/p>\n<p><em><strong>Encontros com a MPB \u2013 Grupo Entre Amigos<\/strong><\/em><\/p>\n<p>Hor\u00e1rio: das 10h \u00e0s 12h<\/p>\n<p>Local: Biblioteca Infantil Municipal \u201cRenato S\u00eaneca de S\u00e1 Fleury\u201d (Rua da Penha, 673 \u2013 Centro)<\/p>\n<p>Classifica\u00e7\u00e3o et\u00e1ria: livre<\/p>\n<p>Entrada gratuita<\/p>\n<p>&nbsp;<\/p>\n<p><em><strong>Passeios Culturais<\/strong><\/em><\/p>\n<p>Hor\u00e1rio: das 15h \u00e0s 17h<\/p>\n<p>Local: Bairro da Vila Hort\u00eancia<\/p>\n<p>Classifica\u00e7\u00e3o et\u00e1ria: livre<\/p>\n<p>Vagas limitadas. Inscri\u00e7\u00e3o a partir do dia 8\/8, das 8h \u00e0s 17h, pelo telefone: (15) 3231-5723<\/p>\n<p>&nbsp;<\/p>\n<p><strong><u>Dia 17 de agosto (quarta-feira)<\/u><\/strong><\/p>\n<p><strong><em>Hist\u00f3rias com Dobraduras \u2013 Tema: Nossa Casa, Sorocaba<\/em> <\/strong><\/p>\n<p>Hor\u00e1rio: das 9h \u00e0s 10h e das 14h \u00e0s 15h<\/p>\n<p>Local: Biblioteca Infantil Municipal \u201cRenato S\u00eaneca de S\u00e1 Fleury\u201d (Rua da Penha, 673 \u2013 Centro)<\/p>\n<p>Atividade voltada a crian\u00e7as de 6 a 12 anos<\/p>\n<p>Entrada gratuita<\/p>\n<p>&nbsp;<\/p>\n<p><em><strong>Filmes Cult nas Quartas \u2013 \u201cNebraska\u201d (2014), do diretor Alexander Payne<\/strong><\/em><\/p>\n<p>Hor\u00e1rio: das 19h \u00e0s 22h<\/p>\n<p>Local: Biblioteca Infantil Municipal \u201cRenato S\u00eaneca de S\u00e1 Fleury\u201d (Rua da Penha, 673 \u2013 Centro)<\/p>\n<p>Classifica\u00e7\u00e3o et\u00e1ria: a partir de 16 anos<\/p>\n<p>Entrada gratuita<\/p>\n<p>&nbsp;<\/p>\n<p><strong><u>Dia 18 de agosto (quinta-feira)<\/u><\/strong><\/p>\n<p><em><strong>Encontros com o Mito \u2013 Tema: A M\u00e3o do Povo Brasileiro \u2013 Arte e Artesanato Popular<\/strong><\/em><\/p>\n<p>Hor\u00e1rio: das 14h \u00e0s 16h<\/p>\n<p>Local: Biblioteca Infantil Municipal \u201cRenato S\u00eaneca de S\u00e1 Fleury\u201d (Rua da Penha, 673 \u2013 Centro)<\/p>\n<p>Classifica\u00e7\u00e3o et\u00e1ria: a partir de 12 anos<\/p>\n<p>Entrada gratuita<\/p>\n<p>&nbsp;<\/p>\n<p><strong><u>Dia 19 de agosto (sexta-feira)<\/u><\/strong><\/p>\n<p><em><strong>Tarde Cultural<\/strong><\/em><\/p>\n<p>Hor\u00e1rio: das 14h \u00e0s 16h<\/p>\n<p>Local: Biblioteca Municipal \u201cJorge Guilherme Senger\u201d (Rua Ministro Coqueijo Costa, 180 &#8211; Alto da Boa Vista)<\/p>\n<p>Classifica\u00e7\u00e3o et\u00e1ria: livre<\/p>\n<p>Entrada gratuita<\/p>\n<p>&nbsp;<\/p>\n<p><strong><u>Dia 20 de agosto (s\u00e1bado)<\/u><\/strong><\/p>\n<p><em><strong>Passeios Culturais<\/strong><\/em><\/p>\n<p>Hor\u00e1rio: das 14h \u00e0s 16h<\/p>\n<p>Local: Cemit\u00e9rio da Saudade (Pra\u00e7a Pedro de Toledo, s\/n\u00ba &#8211; Al\u00e9m Linha)<\/p>\n<p>Classifica\u00e7\u00e3o et\u00e1ria: livre<\/p>\n<p>Vagas limitadas. Inscri\u00e7\u00e3o a partir do dia 15\/8, das 8h \u00e0s 17h, pelo telefone: (15) 3231-5723<\/p>\n<p>&nbsp;<\/p>\n<p><em><strong>Entreatus \u2013 Leitura \u00e0 italiana \u201cA Pequena Sereia\u201d<\/strong><\/em><\/p>\n<p>Hor\u00e1rio: 20h<\/p>\n<p>Local: Teatro Municipal \u201cTeot\u00f4nio Vilela\u201d (Av. Eng\u00ba Carlos Reinaldo Mendes, s\/n\u00ba &#8211; Alto da Boa Vista)<\/p>\n<p>Classifica\u00e7\u00e3o et\u00e1ria: livre<\/p>\n<p>Entrada gratuita. Os ingressos ser\u00e3o distribu\u00eddos at\u00e9 o dia 19\/08, na sede do Entreatus (Rua Prof. Daniel Pereira do Nascimento, 56 &#8211; Jd. S\u00e3o Carlos) ou na bilheteria do teatro, no dia da apresenta\u00e7\u00e3o, a partir das 19h<\/p>\n<p>Importante: as pessoas que forem prestigiar o espet\u00e1culo e puderem ajudar podem levar um quilo de alimento n\u00e3o perec\u00edvel para a campanha \u201cA Fome n\u00e3o \u00e9 Fake!\u201d, do Fundo Social de Solidariedade (FSS).<\/p>\n<p>&nbsp;<\/p>\n<p><strong><u>Dia 21 de agosto (domingo)<\/u><\/strong><\/p>\n<p><em><strong>Entreatus \u2013 Leitura \u00e0 italiana \u201cGrease\u201d<\/strong><\/em><\/p>\n<p>Hor\u00e1rio: 20h<\/p>\n<p>Local: Teatro Municipal \u201cTeot\u00f4nio Vilela\u201d (Av. Eng\u00ba Carlos Reinaldo Mendes, s\/n\u00ba &#8211; Alto da Boa Vista)<\/p>\n<p>Classifica\u00e7\u00e3o et\u00e1ria: livre<\/p>\n<p>Entrada gratuita. Os ingressos ser\u00e3o distribu\u00eddos at\u00e9 o dia 19\/08, na sede do Entreatus (Rua Prof. Daniel Pereira do Nascimento, 56 &#8211; Jd. S\u00e3o Carlos) ou na bilheteria do teatro, no dia da apresenta\u00e7\u00e3o, a partir das 19h<\/p>\n<p>Importante: as pessoas que forem prestigiar o espet\u00e1culo e puderem ajudar podem levar um quilo de alimento n\u00e3o perec\u00edvel para a campanha \u201cA Fome n\u00e3o \u00e9 Fake!\u201d, do Fundo Social de Solidariedade (FSS).<\/p>\n<p>&nbsp;<\/p>\n<p><strong><u>De 22 a 26 de agosto<\/u><\/strong><\/p>\n<p><em><strong>Oficina de Fotografia promovida pelos museus em comemora\u00e7\u00e3o ao anivers\u00e1rio de Sorocaba<\/strong><\/em><\/p>\n<p>Hor\u00e1rio: das 16h \u00e0s 17h20<\/p>\n<p>Local: Casa de Alu\u00edsio de Almeida (Rua Ruy Barbosa, 84 \u2013 Vila Hort\u00eancia)<\/p>\n<p>Atividade gratuita voltada para pessoas a partir de 12 anos<\/p>\n<p>Inscri\u00e7\u00e3o a partir das 9h do dia 15 de agosto pelo link: <u><a href=\"https:\/\/tinyurl.com\/OficinadeFotografiaSorocaba368\">https:\/\/tinyurl.com\/OficinadeFotografiaSorocaba368<\/a><\/u><\/p>\n<p>&nbsp;<\/p>\n<p><strong><u>De 22 de agosto a 18 de setembro<\/u><\/strong><\/p>\n<p><em><strong>Exposi\u00e7\u00e3o \u201cO mundo de Afelion\u201d, com obras da artista Valery Okorokova<\/strong><\/em><br \/>\nHor\u00e1rio: segunda a s\u00e1bado, das 10h \u00e0s 22h, e aos domingos, das 12h \u00e0s 20h<br \/>\nLocal: P\u00e1tio Cian\u00ea Shopping &#8211; Espa\u00e7o Cultural P\u00e1tio Cian\u00ea Shopping &#8211; Bloco B &#8211; Piso 1 (Av. Afonso Vergueiro, 823 &#8211; Centro)<\/p>\n<p>Classifica\u00e7\u00e3o et\u00e1ria: livre<\/p>\n<p>Entrada gratuita<\/p>\n<p>&nbsp;<\/p>\n<p><strong><u>De 24 a 31 de agosto<\/u><\/strong><\/p>\n<p><em><strong>Exposi\u00e7\u00e3o \u201cBordado Livre\u201d<\/strong><\/em><\/p>\n<p>Hor\u00e1rio: de segunda a sexta-feira, das 8h \u00e0s 17h<\/p>\n<p>Local: Biblioteca Infantil Municipal \u201cRenato S\u00eaneca de S\u00e1 Fleury\u201d (Rua da Penha, 673 \u2013 Centro)<\/p>\n<p>Classifica\u00e7\u00e3o et\u00e1ria: livre<\/p>\n<p>Entrada gratuita<\/p>\n<p>&nbsp;<\/p>\n<p><strong><u>Dia 24 de agosto (quarta-feira)<\/u><\/strong><\/p>\n<p><em><strong>Hist\u00f3rias com Dobraduras \u2013 Tema: Diferentes e Amigos<\/strong><\/em><\/p>\n<p>Hor\u00e1rio: das 9h \u00e0s 10h e das 14h \u00e0s 15h<\/p>\n<p>Local: Biblioteca Infantil Municipal \u201cRenato S\u00eaneca de S\u00e1 Fleury\u201d (Rua da Penha, 673 \u2013 Centro)<\/p>\n<p>Atividade voltada a crian\u00e7as de 6 a 12 anos<\/p>\n<p>Entrada gratuita<\/p>\n<p>&nbsp;<\/p>\n<p><strong><u>Dia 25 de agosto (quinta-feira)<\/u><\/strong><\/p>\n<p><em><strong>Encontros com o Mito \u2013 Tema: Rio Tiet\u00ea, Peabiru e Outros Caminhos do Interior Paulista<\/strong><\/em><\/p>\n<p>Hor\u00e1rio: das 14h \u00e0s 16h<\/p>\n<p>Local: Biblioteca Infantil Municipal \u201cRenato S\u00eaneca de S\u00e1 Fleury\u201d (Rua da Penha, 673 \u2013 Centro)<\/p>\n<p>Classifica\u00e7\u00e3o et\u00e1ria: a partir de 12 anos<\/p>\n<p>Entrada gratuita<\/p>\n<p>&nbsp;<\/p>\n<p><strong><u>Dia 26 de agosto (sexta-feira)<\/u><\/strong><\/p>\n<p><em><strong>Troca de Livros<\/strong><\/em><\/p>\n<p>Hor\u00e1rio: das 9h \u00e0s 16h<\/p>\n<p>Local: Biblioteca Municipal \u201cJorge Guilherme Senger\u201d (Rua Ministro Coqueijo Costa, 180 &#8211; Alto da Boa Vista)<\/p>\n<p>Classifica\u00e7\u00e3o et\u00e1ria: livre<\/p>\n<p>Entrada gratuita<\/p>\n<p>&nbsp;<\/p>\n<p><em><strong>Tarde Cultural<\/strong><\/em><\/p>\n<p>Hor\u00e1rio: das 14h \u00e0s 16h<\/p>\n<p>Local: Biblioteca Municipal \u201cJorge Guilherme Senger\u201d (Rua Ministro Coqueijo Costa, 180 &#8211; Alto da Boa Vista)<\/p>\n<p>Classifica\u00e7\u00e3o et\u00e1ria: livre<\/p>\n<p>Entrada gratuita<\/p>\n<p>&nbsp;<\/p>\n<p><em><strong>Culin\u00e1ria para Crian\u00e7as &#8211; Tema: Comida de \u00cdndio<\/strong><\/em><\/p>\n<p>Hor\u00e1rio: das 14h \u00e0s 16h<\/p>\n<p>Local: Biblioteca Infantil Municipal \u201cRenato S\u00eaneca de S\u00e1 Fleury\u201d (Rua da Penha, 673 \u2013 Centro)<\/p>\n<p>Atividade voltada a crian\u00e7as de 7 a 12 anos<\/p>\n<p>Vagas limitadas. Inscri\u00e7\u00e3o a partir do dia 22\/8, das 8h \u00e0s 17h, pelo telefone: (15) 3231.5723.<\/p>\n<p>&nbsp;<\/p>\n<p><strong><u>Dia 27 de agosto (s\u00e1bado)<\/u><\/strong><\/p>\n<p><em><strong>Encontros com a MPB \u2013 Grupo Entre Amigos<\/strong><\/em><\/p>\n<p>Hor\u00e1rio: das 10h \u00e0s 12h<\/p>\n<p>Local: Biblioteca Infantil Municipal \u201cRenato S\u00eaneca de S\u00e1 Fleury\u201d (Rua da Penha, 673 \u2013 Centro)<\/p>\n<p>Classifica\u00e7\u00e3o et\u00e1ria: livre<\/p>\n<p>Entrada gratuita<\/p>\n<p>&nbsp;<\/p>\n<p><em><strong>Passeios Culturais<\/strong><\/em><\/p>\n<p>Hor\u00e1rio: das 19h \u00e0s 21h<\/p>\n<p>Local: Centro Hist\u00f3rico<\/p>\n<p>Classifica\u00e7\u00e3o et\u00e1ria: livre<\/p>\n<p>Vagas limitadas. Inscri\u00e7\u00e3o a partir do dia 22\/8, das 8h \u00e0s 17h, pelo telefone: (15) 3231-5723<\/p>\n<p>&nbsp;<\/p>\n<p><strong><em>Teatro Infantil \u201cUm dia de c\u00e3o\u201d &#8211; Pet Protegido Sorocaba<\/em> <\/strong><\/p>\n<p>Hor\u00e1rio: 20h<\/p>\n<p>Local: Teatro Municipal \u201cTeot\u00f4nio Vilela\u201d (Av. Eng\u00ba Carlos Reinaldo Mendes, s\/n\u00ba &#8211; Alto da Boa Vista)<\/p>\n<p>Classifica\u00e7\u00e3o et\u00e1ria: livre<\/p>\n<p>Entrada gratuita (ingressos ser\u00e3o distribu\u00eddos na bilheteria do teatro no dia da apresenta\u00e7\u00e3o, a partir das 19h)<\/p>\n<p>Importante: as pessoas que forem prestigiar o espet\u00e1culo e puderem ajudar podem levar um quilo de ra\u00e7\u00e3o, que ser\u00e1 destinado a ONGs da cidade.<\/p>\n<p>&nbsp;<\/p>\n<p><strong><u>De 28 de agosto a 29 de setembro<\/u><\/strong><\/p>\n<p><em><strong>Exposi\u00e7\u00e3o \u201cOlhar Ocular\u201d, com obras do fot\u00f3grafo F\u00e1bio Rog\u00e9rio<\/strong><\/em><br \/>\nHor\u00e1rio: segunda a s\u00e1bado, das 10h \u00e0s 22h, e aos domingos, das 12h \u00e0s 20h<br \/>\nLocal: P\u00e1tio Cian\u00ea Shopping &#8211; Espa\u00e7o Cultural P\u00e1tio Cian\u00ea Shopping &#8211; Bloco B &#8211; Piso 1 (Av. Afonso Vergueiro, 823 &#8211; Centro)<\/p>\n<p>Classifica\u00e7\u00e3o et\u00e1ria: livre<\/p>\n<p>Entrada gratuita<\/p>\n<p>&nbsp;<\/p>\n<p><strong><u>Dia 28 de agosto (domingo)<\/u><\/strong><\/p>\n<p><strong><em>Teatro Infantil \u201cUm dia de c\u00e3o\u201d &#8211; Pet Protegido Sorocaba<\/em> <\/strong><\/p>\n<p>Hor\u00e1rio: 10h<\/p>\n<p>Local: Teatro Municipal \u201cTeot\u00f4nio Vilela\u201d (Av. Eng\u00ba Carlos Reinaldo Mendes, s\/n\u00ba &#8211; Alto da Boa Vista)<\/p>\n<p>Classifica\u00e7\u00e3o et\u00e1ria: livre<\/p>\n<p>Entrada gratuita (ingressos ser\u00e3o distribu\u00eddos na bilheteria do teatro no dia da apresenta\u00e7\u00e3o, a partir das 9h)<\/p>\n<p>Importante: as pessoas que forem prestigiar o espet\u00e1culo e puderem ajudar podem levar um quilo de ra\u00e7\u00e3o, que ser\u00e1 destinado a ONGs da cidade.<\/p>\n<p>&nbsp;<\/p>\n<p><em><strong>Projeto Nossa Pra\u00e7a<\/strong><\/em><br \/>\nHor\u00e1rio: das 15h \u00e0s 20h<\/p>\n<p>Local: Jardim Piazza Di Roma<\/p>\n<p>Classifica\u00e7\u00e3o et\u00e1ria: livre<\/p>\n<p>Entrada gratuita<\/p>\n<p>&nbsp;<\/p>\n<p><strong><u>Dia 31 de agosto (quarta-feira)<\/u><\/strong><\/p>\n<p><em><strong>Hist\u00f3rias com Dobraduras \u2013 Tema: Marinho, o Marinheiro<\/strong><\/em><\/p>\n<p>Hor\u00e1rio: das 9h \u00e0s 10h e das 14h \u00e0s 15h<\/p>\n<p>Local: Biblioteca Infantil Municipal \u201cRenato S\u00eaneca de S\u00e1 Fleury\u201d (Rua da Penha, 673 \u2013 Centro)<\/p>\n<p>Atividade voltada a crian\u00e7as de 6 a 12 anos<\/p>\n<p>Entrada gratuita<\/p>\n<p>&nbsp;<\/p>\n<p><em><strong>Filmes Cult nas Quartas &#8211; \u201cA Field in England\u201d (2013), do diretor Ben Wheatley<\/strong><\/em><\/p>\n<p>Hor\u00e1rio: das 19h \u00e0s 22h<\/p>\n<p>Local: Biblioteca Infantil Municipal \u201cRenato S\u00eaneca de S\u00e1 Fleury\u201d (Rua da Penha, 673 \u2013 Centro)<\/p>\n<p>Classifica\u00e7\u00e3o et\u00e1ria: a partir de 16 anos<\/p>\n<p>Entrada gratuita<\/p>\n<p>&nbsp;<\/p>\n<p>&nbsp;<\/p>\n<div id=\"njcdgcofcbnlbpkpdhmlmiblaglnkpnj\"><\/div>\n","protected":false},"excerpt":{"rendered":"<p>De 1 a 12 de agosto Exposi\u00e7\u00e3o \u201cSorocaba Primeiros Tempos\u201d, com maquetes do artista pl\u00e1stico Santiago Ribeiro Hor\u00e1rio: de segunda a sexta-feira, das 8h \u00e0s 17h Local: Biblioteca Infantil Municipal \u201cRenato S\u00eaneca de S\u00e1 Fleury\u201d (Rua da Penha, 673 \u2013 Centro) Classifica\u00e7\u00e3o et\u00e1ria: livre Entrada gratuita &nbsp; De 1 a 31 de agosto Exposi\u00e7\u00e3o \u201cSorocaba&nbsp; <a href=\"https:\/\/sorocaba.sp.gov.br\/aniversariodesorocaba\/145-2\/\">&hellip; Leia mais<\/a><\/p>\n","protected":false},"author":37,"featured_media":0,"parent":0,"menu_order":0,"comment_status":"closed","ping_status":"closed","template":"","meta":{"footnotes":""},"class_list":["post-145","page","type-page","status-publish","hentry"],"_links":{"self":[{"href":"https:\/\/sorocaba.sp.gov.br\/aniversariodesorocaba\/wp-json\/wp\/v2\/pages\/145","targetHints":{"allow":["GET"]}}],"collection":[{"href":"https:\/\/sorocaba.sp.gov.br\/aniversariodesorocaba\/wp-json\/wp\/v2\/pages"}],"about":[{"href":"https:\/\/sorocaba.sp.gov.br\/aniversariodesorocaba\/wp-json\/wp\/v2\/types\/page"}],"author":[{"embeddable":true,"href":"https:\/\/sorocaba.sp.gov.br\/aniversariodesorocaba\/wp-json\/wp\/v2\/users\/37"}],"replies":[{"embeddable":true,"href":"https:\/\/sorocaba.sp.gov.br\/aniversariodesorocaba\/wp-json\/wp\/v2\/comments?post=145"}],"version-history":[{"count":2,"href":"https:\/\/sorocaba.sp.gov.br\/aniversariodesorocaba\/wp-json\/wp\/v2\/pages\/145\/revisions"}],"predecessor-version":[{"id":147,"href":"https:\/\/sorocaba.sp.gov.br\/aniversariodesorocaba\/wp-json\/wp\/v2\/pages\/145\/revisions\/147"}],"wp:attachment":[{"href":"https:\/\/sorocaba.sp.gov.br\/aniversariodesorocaba\/wp-json\/wp\/v2\/media?parent=145"}],"curies":[{"name":"wp","href":"https:\/\/api.w.org\/{rel}","templated":true}]}}