{"id":67,"date":"2022-07-26T19:44:58","date_gmt":"2022-07-26T22:44:58","guid":{"rendered":"http:\/\/sorocaba.sp.gov.br\/aniversariodesorocaba\/?page_id=67"},"modified":"2022-07-28T11:03:13","modified_gmt":"2022-07-28T14:03:13","slug":"programacao-1208","status":"publish","type":"page","link":"https:\/\/sorocaba.sp.gov.br\/aniversariodesorocaba\/programacao-1208\/","title":{"rendered":"Programa\u00e7\u00e3o 12\/08"},"content":{"rendered":"<p><strong>Dia 12 de agosto (sexta-feira)<\/strong><\/p>\n<p><strong>FESTA DE ANIVERS\u00c1RIO DE SOROCABA <\/strong><br \/>\nHor\u00e1rio: 17h \u00e0s 22h<br \/>\nLocal: Pa\u00e7o Municipal<br \/>\nEvento aberto ao p\u00fablico<\/p>\n<p>19h \u2013 Abertura oficial da Festa de Anivers\u00e1rio de Sorocaba<br \/>\n19h30 \u2013 Orquestra Filarm\u00f4nica Jazz SESI\/SENAI Sorocaba, com a participa\u00e7\u00e3o do Duolema<br \/>\nMais atrativos: Pra\u00e7a de Alimenta\u00e7\u00e3o; \u00c1rea Kids e \u00d4nibus \u201cPTS na Escola\u201d (Parque Tecnol\u00f3gico de Sorocaba \u2013 PTS)<\/p>\n<div id=\"njcdgcofcbnlbpkpdhmlmiblaglnkpnj\"><strong>\u00a0BAILE DA CIDADE (EVENTO BENEFICENTE)<\/strong><br \/>\nHor\u00e1rio: 21h30<br \/>\nLocal: Ipanema Clube*<br \/>\n*Entrada mediante apresenta\u00e7\u00e3o de convite<\/div>\n<div><\/div>\n<div id=\"njcdgcofcbnlbpkpdhmlmiblaglnkpnj\">\u00a0<img loading=\"lazy\" decoding=\"async\" class=\"alignleft wp-image-81 size-large\" src=\"http:\/\/sorocaba.sp.gov.br\/aniversariodesorocaba\/wp-content\/uploads\/sites\/75\/2022\/07\/orq-970x602.jpeg\" alt=\"orq\" width=\"600\" height=\"372\" srcset=\"https:\/\/sorocaba.sp.gov.br\/aniversariodesorocaba\/wp-content\/uploads\/sites\/75\/2022\/07\/orq-970x602.jpeg 970w, https:\/\/sorocaba.sp.gov.br\/aniversariodesorocaba\/wp-content\/uploads\/sites\/75\/2022\/07\/orq-470x292.jpeg 470w, https:\/\/sorocaba.sp.gov.br\/aniversariodesorocaba\/wp-content\/uploads\/sites\/75\/2022\/07\/orq-768x476.jpeg 768w, https:\/\/sorocaba.sp.gov.br\/aniversariodesorocaba\/wp-content\/uploads\/sites\/75\/2022\/07\/orq.jpeg 1051w\" sizes=\"auto, (max-width: 600px) 100vw, 600px\" \/><\/div>\n<p>&nbsp;<\/p>\n<div id=\"njcdgcofcbnlbpkpdhmlmiblaglnkpnj\"><\/div>\n<div id=\"njcdgcofcbnlbpkpdhmlmiblaglnkpnj\"><\/div>\n<div id=\"njcdgcofcbnlbpkpdhmlmiblaglnkpnj\"><\/div>\n","protected":false},"excerpt":{"rendered":"<p>Dia 12 de agosto (sexta-feira) FESTA DE ANIVERS\u00c1RIO DE SOROCABA Hor\u00e1rio: 17h \u00e0s 22h Local: Pa\u00e7o Municipal Evento aberto ao p\u00fablico 19h \u2013 Abertura oficial da Festa de Anivers\u00e1rio de Sorocaba 19h30 \u2013 Orquestra Filarm\u00f4nica Jazz SESI\/SENAI Sorocaba, com a participa\u00e7\u00e3o do Duolema Mais atrativos: Pra\u00e7a de Alimenta\u00e7\u00e3o; \u00c1rea Kids e \u00d4nibus \u201cPTS na Escola\u201d&nbsp; <a href=\"https:\/\/sorocaba.sp.gov.br\/aniversariodesorocaba\/programacao-1208\/\">&hellip; Leia mais<\/a><\/p>\n","protected":false},"author":7,"featured_media":0,"parent":0,"menu_order":0,"comment_status":"closed","ping_status":"closed","template":"","meta":{"footnotes":""},"class_list":["post-67","page","type-page","status-publish","hentry"],"_links":{"self":[{"href":"https:\/\/sorocaba.sp.gov.br\/aniversariodesorocaba\/wp-json\/wp\/v2\/pages\/67","targetHints":{"allow":["GET"]}}],"collection":[{"href":"https:\/\/sorocaba.sp.gov.br\/aniversariodesorocaba\/wp-json\/wp\/v2\/pages"}],"about":[{"href":"https:\/\/sorocaba.sp.gov.br\/aniversariodesorocaba\/wp-json\/wp\/v2\/types\/page"}],"author":[{"embeddable":true,"href":"https:\/\/sorocaba.sp.gov.br\/aniversariodesorocaba\/wp-json\/wp\/v2\/users\/7"}],"replies":[{"embeddable":true,"href":"https:\/\/sorocaba.sp.gov.br\/aniversariodesorocaba\/wp-json\/wp\/v2\/comments?post=67"}],"version-history":[{"count":13,"href":"https:\/\/sorocaba.sp.gov.br\/aniversariodesorocaba\/wp-json\/wp\/v2\/pages\/67\/revisions"}],"predecessor-version":[{"id":139,"href":"https:\/\/sorocaba.sp.gov.br\/aniversariodesorocaba\/wp-json\/wp\/v2\/pages\/67\/revisions\/139"}],"wp:attachment":[{"href":"https:\/\/sorocaba.sp.gov.br\/aniversariodesorocaba\/wp-json\/wp\/v2\/media?parent=67"}],"curies":[{"name":"wp","href":"https:\/\/api.w.org\/{rel}","templated":true}]}}