{"id":69,"date":"2022-07-26T19:45:42","date_gmt":"2022-07-26T22:45:42","guid":{"rendered":"http:\/\/sorocaba.sp.gov.br\/aniversariodesorocaba\/?page_id=69"},"modified":"2022-07-28T11:02:58","modified_gmt":"2022-07-28T14:02:58","slug":"programacao-1308","status":"publish","type":"page","link":"https:\/\/sorocaba.sp.gov.br\/aniversariodesorocaba\/programacao-1308\/","title":{"rendered":"Programa\u00e7\u00e3o 13\/08"},"content":{"rendered":"<p><strong>Dia 13 de agosto (s\u00e1bado)<\/strong><\/p>\n<p><strong>FESTA DE ANIVERS\u00c1RIO DE SOROCABA<\/strong><br \/>\nHor\u00e1rio: 12h \u00e0s 22h<br \/>\nLocal: Pa\u00e7o Municipal<br \/>\nEvento aberto ao p\u00fablico<br \/>\n15h30 \u2013 Esquadrilha da Fuma\u00e7a<br \/>\n17h \u2013 Palha\u00e7o Fusquinha<br \/>\n18h \u2013 Coral Olga<br \/>\n18h \u2013 Balonismo de exibi\u00e7\u00e3o<br \/>\n<strong>Mais atrativos:<\/strong><\/p>\n<p>Pra\u00e7a de Alimenta\u00e7\u00e3o; \u00c1rea Kids; \u00d4nibus \u201cPTS na Escola\u201d (Parque Tecnol\u00f3gico de Sorocaba \u2013 PTS); Feira de Ado\u00e7\u00e3o de Animais (Secretaria do Meio Ambiente, Prote\u00e7\u00e3o e Bem-Estar Animal \u2013 Sema); \u00d4nibus da Sema e exposi\u00e7\u00e3o de animais taxidermizados (\u201cempalhados\u201d) e demonstra\u00e7\u00e3o de aeromodelismo.<\/p>\n<p>&nbsp;<\/p>\n<p><img loading=\"lazy\" decoding=\"async\" class=\"alignnone wp-image-130 size-large\" src=\"http:\/\/sorocaba.sp.gov.br\/aniversariodesorocaba\/wp-content\/uploads\/sites\/75\/2022\/07\/esq-3-970x646.jpeg\" alt=\"esq\" width=\"600\" height=\"400\" srcset=\"https:\/\/sorocaba.sp.gov.br\/aniversariodesorocaba\/wp-content\/uploads\/sites\/75\/2022\/07\/esq-3-970x646.jpeg 970w, https:\/\/sorocaba.sp.gov.br\/aniversariodesorocaba\/wp-content\/uploads\/sites\/75\/2022\/07\/esq-3-450x300.jpeg 450w, https:\/\/sorocaba.sp.gov.br\/aniversariodesorocaba\/wp-content\/uploads\/sites\/75\/2022\/07\/esq-3-768x512.jpeg 768w, https:\/\/sorocaba.sp.gov.br\/aniversariodesorocaba\/wp-content\/uploads\/sites\/75\/2022\/07\/esq-3.jpeg 1280w\" sizes=\"auto, (max-width: 600px) 100vw, 600px\" \/><\/p>\n<p>&nbsp;<\/p>\n<p><img loading=\"lazy\" decoding=\"async\" class=\"alignnone wp-image-126 size-large\" src=\"http:\/\/sorocaba.sp.gov.br\/aniversariodesorocaba\/wp-content\/uploads\/sites\/75\/2022\/07\/balao-2-970x558.jpeg\" alt=\"balao\" width=\"600\" height=\"345\" srcset=\"https:\/\/sorocaba.sp.gov.br\/aniversariodesorocaba\/wp-content\/uploads\/sites\/75\/2022\/07\/balao-2-970x558.jpeg 970w, https:\/\/sorocaba.sp.gov.br\/aniversariodesorocaba\/wp-content\/uploads\/sites\/75\/2022\/07\/balao-2-470x270.jpeg 470w, https:\/\/sorocaba.sp.gov.br\/aniversariodesorocaba\/wp-content\/uploads\/sites\/75\/2022\/07\/balao-2-768x442.jpeg 768w, https:\/\/sorocaba.sp.gov.br\/aniversariodesorocaba\/wp-content\/uploads\/sites\/75\/2022\/07\/balao-2.jpeg 1024w\" sizes=\"auto, (max-width: 600px) 100vw, 600px\" \/><\/p>\n<p>&nbsp;<\/p>\n<p>&nbsp;<\/p>\n<div id=\"njcdgcofcbnlbpkpdhmlmiblaglnkpnj\"><\/div>\n<div id=\"njcdgcofcbnlbpkpdhmlmiblaglnkpnj\"><\/div>\n<div id=\"njcdgcofcbnlbpkpdhmlmiblaglnkpnj\"><\/div>\n<div id=\"njcdgcofcbnlbpkpdhmlmiblaglnkpnj\"><\/div>\n<div id=\"njcdgcofcbnlbpkpdhmlmiblaglnkpnj\"><\/div>\n","protected":false},"excerpt":{"rendered":"<p>Dia 13 de agosto (s\u00e1bado) FESTA DE ANIVERS\u00c1RIO DE SOROCABA Hor\u00e1rio: 12h \u00e0s 22h Local: Pa\u00e7o Municipal Evento aberto ao p\u00fablico 15h30 \u2013 Esquadrilha da Fuma\u00e7a 17h \u2013 Palha\u00e7o Fusquinha 18h \u2013 Coral Olga 18h \u2013 Balonismo de exibi\u00e7\u00e3o Mais atrativos: Pra\u00e7a de Alimenta\u00e7\u00e3o; \u00c1rea Kids; \u00d4nibus \u201cPTS na Escola\u201d (Parque Tecnol\u00f3gico de Sorocaba \u2013&nbsp; <a href=\"https:\/\/sorocaba.sp.gov.br\/aniversariodesorocaba\/programacao-1308\/\">&hellip; Leia mais<\/a><\/p>\n","protected":false},"author":7,"featured_media":0,"parent":0,"menu_order":0,"comment_status":"closed","ping_status":"closed","template":"","meta":{"footnotes":""},"class_list":["post-69","page","type-page","status-publish","hentry"],"_links":{"self":[{"href":"https:\/\/sorocaba.sp.gov.br\/aniversariodesorocaba\/wp-json\/wp\/v2\/pages\/69","targetHints":{"allow":["GET"]}}],"collection":[{"href":"https:\/\/sorocaba.sp.gov.br\/aniversariodesorocaba\/wp-json\/wp\/v2\/pages"}],"about":[{"href":"https:\/\/sorocaba.sp.gov.br\/aniversariodesorocaba\/wp-json\/wp\/v2\/types\/page"}],"author":[{"embeddable":true,"href":"https:\/\/sorocaba.sp.gov.br\/aniversariodesorocaba\/wp-json\/wp\/v2\/users\/7"}],"replies":[{"embeddable":true,"href":"https:\/\/sorocaba.sp.gov.br\/aniversariodesorocaba\/wp-json\/wp\/v2\/comments?post=69"}],"version-history":[{"count":22,"href":"https:\/\/sorocaba.sp.gov.br\/aniversariodesorocaba\/wp-json\/wp\/v2\/pages\/69\/revisions"}],"predecessor-version":[{"id":138,"href":"https:\/\/sorocaba.sp.gov.br\/aniversariodesorocaba\/wp-json\/wp\/v2\/pages\/69\/revisions\/138"}],"wp:attachment":[{"href":"https:\/\/sorocaba.sp.gov.br\/aniversariodesorocaba\/wp-json\/wp\/v2\/media?parent=69"}],"curies":[{"name":"wp","href":"https:\/\/api.w.org\/{rel}","templated":true}]}}