{"id":182,"date":"2016-07-19T17:51:40","date_gmt":"2016-07-19T17:51:40","guid":{"rendered":"http:\/\/sorocaba.sp.gov.br\/catalogodecursos\/?page_id=182"},"modified":"2016-07-21T14:32:13","modified_gmt":"2016-07-21T14:32:13","slug":"curso-34-oficina-intervencao-pedagogica-por-meio-de-jogos-no-contexto-das-dificuldades-de-aprendizagem","status":"publish","type":"page","link":"https:\/\/sorocaba.sp.gov.br\/catalogodecursos\/curso-34-oficina-intervencao-pedagogica-por-meio-de-jogos-no-contexto-das-dificuldades-de-aprendizagem\/","title":{"rendered":"CURSO 34: OFICINA: \u201cINTERVEN\u00c7\u00c3O PEDAG\u00d3GICA POR MEIO DE JOGOS NO CONTEXTO DAS DIFICULDADES DE APRENDIZAGEM\u201d"},"content":{"rendered":"<p class=\"western\" lang=\"en-US\" align=\"left\"><span style=\"color: #000000;\"><span style=\"font-family: 'Times New Roman', serif;\"><span style=\"font-size: medium;\"><span lang=\"pt-BR\"><b>Ementa:<\/b><\/span><\/span><\/span><\/span><b> <\/b><em><span style=\"color: #000000;\"><span style=\"font-family: 'Times New Roman', serif;\"><span style=\"font-size: medium;\"><span lang=\"pt-BR\">Planejamento de uma interven\u00e7\u00e3o com jogos. Compreens\u00e3o do jogo como recurso did\u00e1tico pedag\u00f3gico essencial ao desenvolvimento integral do sujeito e como forma natural de intera\u00e7\u00e3o social. O jogo como instrumento de interven\u00e7\u00e3o junto a alunos com dificuldades de aprendizagem e em atividades de recupera\u00e7\u00e3o paralela. <\/span><\/span><\/span><\/span><\/em><\/p>\n<p class=\"western\" lang=\"en-US\" align=\"left\"><span style=\"color: #000000;\"><span style=\"font-family: 'Times New Roman', serif;\"><span style=\"font-size: medium;\"><span lang=\"pt-BR\"><b>Formadora<\/b><\/span><span lang=\"pt-BR\">: Prof.\u00aa. Dra. Andreia Osti <\/span><\/span><\/span><\/span><\/p>\n<p class=\"western\" lang=\"en-US\" align=\"left\"><span style=\"color: #000000;\"><span style=\"font-family: 'Times New Roman', serif;\"><span style=\"font-size: medium;\"><span lang=\"pt-BR\"><b>P\u00fablico Alvo: <\/b><\/span><span lang=\"pt-BR\">Professores da Educa\u00e7\u00e3o B\u00e1sica <\/span><\/span><\/span><\/span><\/p>\n<p class=\"western\" lang=\"en-US\" align=\"left\"><span style=\"color: #000000;\"><span style=\"font-family: 'Times New Roman', serif;\"><span style=\"font-size: medium;\"><span lang=\"pt-BR\"><b>Vagas: <\/b><\/span><span lang=\"pt-BR\">20 <\/span><\/span><\/span><\/span><\/p>\n<p class=\"western\" lang=\"en-US\" align=\"left\"><span style=\"color: #000000;\"><span style=\"font-family: 'Times New Roman', serif;\"><span style=\"font-size: medium;\"><span lang=\"pt-BR\"><b>*As vagas ser\u00e3o preenchidas por ordem de inscri\u00e7\u00e3o<\/b><\/span><\/span><\/span><\/span><\/p>\n<p class=\"western\" lang=\"en-US\" align=\"left\"><span style=\"color: #000000;\"><span style=\"font-family: 'Times New Roman', serif;\"><span style=\"font-size: medium;\"><span lang=\"pt-BR\"><b>Per\u00edodo de realiza\u00e7\u00e3o: agosto de 2016 <\/b><\/span><\/span><\/span><\/span><\/p>\n<p class=\"western\" lang=\"en-US\" align=\"left\"><span style=\"color: #000000;\"><span style=\"font-family: 'Times New Roman', serif;\"><span style=\"font-size: medium;\"><span lang=\"pt-BR\"><b>Per\u00edodo de inscri\u00e7\u00e3o: 25 de julho \u00e0 02 de agosto de 2016<\/b><\/span><\/span><\/span><\/span><\/p>\n<p class=\"western\" lang=\"en-US\" align=\"left\"><span style=\"color: #000000;\"><span style=\"font-family: 'Times New Roman', serif;\"><span style=\"font-size: medium;\"><span lang=\"pt-BR\"><b>Divulga\u00e7\u00e3o dos inscritos: <\/b><\/span><span lang=\"pt-BR\">08 de agosto <\/span><\/span><\/span><\/span><\/p>\n<p class=\"western\" lang=\"en-US\" align=\"left\"><span style=\"color: #000000;\"><span style=\"font-family: 'Times New Roman', serif;\"><span style=\"font-size: medium;\"><span lang=\"pt-BR\"><b>Carga hor\u00e1ria: <\/b><\/span><span lang=\"pt-BR\"> 08 horas<\/span><\/span><\/span><\/span><\/p>\n<p class=\"western\" lang=\"en-US\" align=\"left\"><span style=\"color: #000000;\"><span style=\"font-family: 'Times New Roman', serif;\"><span style=\"font-size: medium;\"><span lang=\"pt-BR\"><b>Hor\u00e1rio: <\/b><\/span><span lang=\"pt-BR\">13h \u00e0s 17h <\/span><\/span><\/span><\/span><\/p>\n<p class=\"western\" lang=\"en-US\" align=\"left\"><span style=\"color: #000000;\"><span style=\"font-family: 'Times New Roman', serif;\"><span style=\"font-size: medium;\"><span lang=\"pt-BR\"><b>Local:<\/b><\/span><span lang=\"pt-BR\"> Centro de Refer\u00eancia em Educa\u00e7\u00e3o<\/span><\/span><\/span><\/span><\/p>\n<p class=\"western\" lang=\"en-US\" align=\"left\"><span style=\"color: #000000;\"> <span style=\"font-family: 'Times New Roman', serif;\"><span style=\"font-size: medium;\"><span lang=\"pt-BR\">Rua: Arthur Caldini, 211 <\/span><\/span><\/span><\/span><\/p>\n<p class=\"western\" lang=\"en-US\" align=\"left\"><span style=\"color: #000000;\"> <span style=\"font-family: 'Times New Roman', serif;\"><span style=\"font-size: medium;\"><span lang=\"pt-BR\">Jardim Saira <\/span><\/span><\/span><\/span><\/p>\n<table width=\"702\" cellspacing=\"0\" cellpadding=\"7\">\n<colgroup>\n<col width=\"75\" \/>\n<col width=\"598\" \/> <\/colgroup>\n<tbody>\n<tr valign=\"top\">\n<td width=\"75\" height=\"12\">\n<p class=\"western\" lang=\"en-US\" align=\"left\"><span style=\"color: #000000;\"><span style=\"font-family: 'Times New Roman', serif;\"><span style=\"font-size: medium;\"><span lang=\"pt-BR\"><b>Datas<\/b><\/span><\/span><\/span><\/span><\/p>\n<\/td>\n<td width=\"598\">\n<p class=\"western\" lang=\"en-US\" align=\"left\"><span style=\"color: #000000;\"><span style=\"font-family: 'Times New Roman', serif;\"><span style=\"font-size: medium;\"><span lang=\"pt-BR\"><b>Conte\u00fado Program\u00e1tico<\/b><\/span><\/span><\/span><\/span><\/p>\n<\/td>\n<\/tr>\n<tr valign=\"top\">\n<td width=\"75\" height=\"13\">\n<p class=\"western\" lang=\"en-US\" align=\"left\"><span style=\"color: #000000;\"><span style=\"font-family: 'Times New Roman', serif;\"><span style=\"font-size: medium;\"><span lang=\"pt-BR\">17 \/08<\/span><\/span><\/span><\/span><\/p>\n<\/td>\n<td rowspan=\"2\" width=\"598\">\n<p class=\"western\" lang=\"en-US\" align=\"left\"><span style=\"color: #000000;\"><span style=\"font-family: 'Times New Roman', serif;\"><span style=\"font-size: medium;\"><span lang=\"pt-BR\">Inicialmente ser\u00e1 apresentado um roteiro que direciona o trabalho com jogos e a partir dele, ser\u00e3o expostas algumas considera\u00e7\u00f5es sobre o jogo como um recurso de interven\u00e7\u00e3o para a aprendizagem e suas possibilidades. Praticamente ser\u00e3o apresentados alguns jogos em que os participantes ser\u00e3o convidados a jogar. Por meio de atividades como essa ser\u00e3o discutidas as possibilidades da utiliza\u00e7\u00e3o do jogo como instrumento de diagn\u00f3stico, interven\u00e7\u00e3o e ludicidade.<\/span><\/span><\/span><\/span><\/p>\n<\/td>\n<\/tr>\n<tr valign=\"top\">\n<td width=\"75\" height=\"81\">\n<p class=\"western\" lang=\"en-US\" align=\"left\"><span style=\"color: #000000;\"><span style=\"font-family: 'Times New Roman', serif;\"><span style=\"font-size: medium;\"><span lang=\"pt-BR\">31\/08<\/span><\/span><\/span><\/span><\/p>\n<\/td>\n<\/tr>\n<\/tbody>\n<\/table>\n<p lang=\"en-US\" align=\"center\"><span style=\"font-size: medium;\"><span lang=\"pt-PT\"><b>Link para inscri\u00e7\u00e3o: <\/b><\/span><\/span><span style=\"font-size: medium;\"><span lang=\"pt-BR\"><b> <a href=\"https:\/\/goo.gl\/NyBqQX\">https:\/\/goo.gl\/NyBqQX<\/a><\/b><\/span><\/span><\/p>\n<p>&nbsp;<\/p>\n","protected":false},"excerpt":{"rendered":"<p>Ementa: Planejamento de uma interven\u00e7\u00e3o com jogos. Compreens\u00e3o do jogo como recurso did\u00e1tico pedag\u00f3gico essencial ao desenvolvimento integral do sujeito e como forma natural de intera\u00e7\u00e3o social. O jogo como instrumento de interven\u00e7\u00e3o junto a alunos com dificuldades de aprendizagem e em atividades de recupera\u00e7\u00e3o paralela. Formadora: Prof.\u00aa. Dra. Andreia Osti P\u00fablico Alvo: Professores da&nbsp; <a href=\"https:\/\/sorocaba.sp.gov.br\/catalogodecursos\/curso-34-oficina-intervencao-pedagogica-por-meio-de-jogos-no-contexto-das-dificuldades-de-aprendizagem\/\">&hellip; Leia mais<\/a><\/p>\n","protected":false},"author":12,"featured_media":0,"parent":0,"menu_order":0,"comment_status":"closed","ping_status":"closed","template":"","meta":{"footnotes":""},"class_list":["post-182","page","type-page","status-publish","hentry"],"_links":{"self":[{"href":"https:\/\/sorocaba.sp.gov.br\/catalogodecursos\/wp-json\/wp\/v2\/pages\/182","targetHints":{"allow":["GET"]}}],"collection":[{"href":"https:\/\/sorocaba.sp.gov.br\/catalogodecursos\/wp-json\/wp\/v2\/pages"}],"about":[{"href":"https:\/\/sorocaba.sp.gov.br\/catalogodecursos\/wp-json\/wp\/v2\/types\/page"}],"author":[{"embeddable":true,"href":"https:\/\/sorocaba.sp.gov.br\/catalogodecursos\/wp-json\/wp\/v2\/users\/12"}],"replies":[{"embeddable":true,"href":"https:\/\/sorocaba.sp.gov.br\/catalogodecursos\/wp-json\/wp\/v2\/comments?post=182"}],"version-history":[{"count":2,"href":"https:\/\/sorocaba.sp.gov.br\/catalogodecursos\/wp-json\/wp\/v2\/pages\/182\/revisions"}],"predecessor-version":[{"id":233,"href":"https:\/\/sorocaba.sp.gov.br\/catalogodecursos\/wp-json\/wp\/v2\/pages\/182\/revisions\/233"}],"wp:attachment":[{"href":"https:\/\/sorocaba.sp.gov.br\/catalogodecursos\/wp-json\/wp\/v2\/media?parent=182"}],"curies":[{"name":"wp","href":"https:\/\/api.w.org\/{rel}","templated":true}]}}