{"id":15,"date":"2023-08-17T17:33:41","date_gmt":"2023-08-17T20:33:41","guid":{"rendered":"http:\/\/sorocaba.sp.gov.br\/concursojornalisticoepublicitario2023\/?page_id=15"},"modified":"2023-08-29T19:30:57","modified_gmt":"2023-08-29T22:30:57","slug":"o-concurso","status":"publish","type":"page","link":"https:\/\/sorocaba.sp.gov.br\/concursojornalisticoepublicitario2023\/o-concurso\/","title":{"rendered":"O concurso"},"content":{"rendered":"<p>A edi\u00e7\u00e3o 2023 do Concurso Jornal\u00edstico e Publicit\u00e1rio da Prefeitura de Sorocaba tem como objetivo valorizar os trabalhos jornal\u00edsticos e publicit\u00e1rios que versam sobre assuntos que digam respeito ao munic\u00edpio de Sorocaba, veiculados no per\u00edodo de 1 de janeiro a 31 de dezembro de 2022.<\/p>\n<p>Nesta edi\u00e7\u00e3o, a premia\u00e7\u00e3o est\u00e1 organizada em sete categorias: Jornal Impresso, R\u00e1dio, Televis\u00e3o, Publicidade, Internet, Assessoria de Imprensa\/Rela\u00e7\u00f5es P\u00fablicas e Projeto Experimental. Cada participante poder\u00e1 concorrer em at\u00e9 tr\u00eas categorias, com um trabalho por item de premia\u00e7\u00e3o e cada vencedor receber\u00e1 um pr\u00eamio de R$ 3.500,00, al\u00e9m do trof\u00e9u.<\/p>\n<div id=\"njcdgcofcbnlbpkpdhmlmiblaglnkpnj\"><\/div>\n","protected":false},"excerpt":{"rendered":"<p>A edi\u00e7\u00e3o 2023 do Concurso Jornal\u00edstico e Publicit\u00e1rio da Prefeitura de Sorocaba tem como objetivo valorizar os trabalhos jornal\u00edsticos e publicit\u00e1rios que versam sobre assuntos que digam respeito ao munic\u00edpio de Sorocaba, veiculados no per\u00edodo de 1 de janeiro a 31 de dezembro de 2022. Nesta edi\u00e7\u00e3o, a premia\u00e7\u00e3o est\u00e1 organizada em sete categorias: Jornal&nbsp; <a href=\"https:\/\/sorocaba.sp.gov.br\/concursojornalisticoepublicitario2023\/o-concurso\/\">&hellip; Leia mais<\/a><\/p>\n","protected":false},"author":37,"featured_media":0,"parent":0,"menu_order":0,"comment_status":"closed","ping_status":"closed","template":"","meta":{"footnotes":""},"class_list":["post-15","page","type-page","status-publish","hentry"],"_links":{"self":[{"href":"https:\/\/sorocaba.sp.gov.br\/concursojornalisticoepublicitario2023\/wp-json\/wp\/v2\/pages\/15","targetHints":{"allow":["GET"]}}],"collection":[{"href":"https:\/\/sorocaba.sp.gov.br\/concursojornalisticoepublicitario2023\/wp-json\/wp\/v2\/pages"}],"about":[{"href":"https:\/\/sorocaba.sp.gov.br\/concursojornalisticoepublicitario2023\/wp-json\/wp\/v2\/types\/page"}],"author":[{"embeddable":true,"href":"https:\/\/sorocaba.sp.gov.br\/concursojornalisticoepublicitario2023\/wp-json\/wp\/v2\/users\/37"}],"replies":[{"embeddable":true,"href":"https:\/\/sorocaba.sp.gov.br\/concursojornalisticoepublicitario2023\/wp-json\/wp\/v2\/comments?post=15"}],"version-history":[{"count":3,"href":"https:\/\/sorocaba.sp.gov.br\/concursojornalisticoepublicitario2023\/wp-json\/wp\/v2\/pages\/15\/revisions"}],"predecessor-version":[{"id":34,"href":"https:\/\/sorocaba.sp.gov.br\/concursojornalisticoepublicitario2023\/wp-json\/wp\/v2\/pages\/15\/revisions\/34"}],"wp:attachment":[{"href":"https:\/\/sorocaba.sp.gov.br\/concursojornalisticoepublicitario2023\/wp-json\/wp\/v2\/media?parent=15"}],"curies":[{"name":"wp","href":"https:\/\/api.w.org\/{rel}","templated":true}]}}