{"id":2,"date":"2023-08-17T17:19:16","date_gmt":"2023-08-17T20:19:16","guid":{"rendered":"http:\/\/sorocaba.sp.gov.br\/concursojornalisticoepublicitario2023\/?page_id=2"},"modified":"2023-08-29T19:26:53","modified_gmt":"2023-08-29T22:26:53","slug":"pagina-exemplo","status":"publish","type":"page","link":"https:\/\/sorocaba.sp.gov.br\/concursojornalisticoepublicitario2023\/pagina-exemplo\/","title":{"rendered":"Inscri\u00e7\u00f5es e Regulamentos"},"content":{"rendered":"<p>&nbsp;<\/p>\n<p><em><strong>Edital:<\/strong><\/em><\/p>\n<p><a href=\"http:\/\/sorocaba.sp.gov.br\/concursojornalisticoepublicitario2023\/wp-content\/uploads\/sites\/87\/2023\/08\/EDITAL-DO-CONCURSO-JORNALISTICO-E-PUBLICIT\u00c1RIO-DA-PREFEITURA-DE-SOROCABA-2023.pdf\">EDITAL DO CONCURSO JORNAL\u00cdSTICO E PUBLICIT\u00c1RIO DA PREFEITURA DE SOROCABA 2023<\/p>\n<p><\/a><br \/>\n<em><strong>Inscri\u00e7\u00f5es:<br \/>\n<\/strong><\/em><\/p>\n<p>De 30\/08 at\u00e9 24\/09\/2023<\/p>\n<p><a href=\"https:\/\/appsorocaba.com.br\/concursojornalisticoepublicitario-2023\/\">CLIQUE AQUI<\/a><\/p>\n<p>&nbsp;<\/p>\n<p>&nbsp;<\/p>\n<p>&nbsp;<\/p>\n<div id=\"njcdgcofcbnlbpkpdhmlmiblaglnkpnj\"><\/div>\n<div id=\"njcdgcofcbnlbpkpdhmlmiblaglnkpnj\"><\/div>\n<div id=\"njcdgcofcbnlbpkpdhmlmiblaglnkpnj\"><\/div>\n<div id=\"njcdgcofcbnlbpkpdhmlmiblaglnkpnj\"><\/div>\n<div id=\"njcdgcofcbnlbpkpdhmlmiblaglnkpnj\"><\/div>\n<div id=\"njcdgcofcbnlbpkpdhmlmiblaglnkpnj\"><\/div>\n<div id=\"njcdgcofcbnlbpkpdhmlmiblaglnkpnj\"><\/div>\n<div id=\"njcdgcofcbnlbpkpdhmlmiblaglnkpnj\"><\/div>\n<div id=\"njcdgcofcbnlbpkpdhmlmiblaglnkpnj\"><\/div>\n<div id=\"njcdgcofcbnlbpkpdhmlmiblaglnkpnj\"><\/div>\n<div id=\"njcdgcofcbnlbpkpdhmlmiblaglnkpnj\"><\/div>\n<div id=\"njcdgcofcbnlbpkpdhmlmiblaglnkpnj\"><\/div>\n","protected":false},"excerpt":{"rendered":"<p>&nbsp; Edital: EDITAL DO CONCURSO JORNAL\u00cdSTICO E PUBLICIT\u00c1RIO DA PREFEITURA DE SOROCABA 2023 Inscri\u00e7\u00f5es: De 30\/08 at\u00e9 24\/09\/2023 CLIQUE AQUI &nbsp; &nbsp; &nbsp;<\/p>\n","protected":false},"author":37,"featured_media":0,"parent":0,"menu_order":0,"comment_status":"closed","ping_status":"open","template":"","meta":{"footnotes":""},"class_list":["post-2","page","type-page","status-publish","hentry"],"_links":{"self":[{"href":"https:\/\/sorocaba.sp.gov.br\/concursojornalisticoepublicitario2023\/wp-json\/wp\/v2\/pages\/2","targetHints":{"allow":["GET"]}}],"collection":[{"href":"https:\/\/sorocaba.sp.gov.br\/concursojornalisticoepublicitario2023\/wp-json\/wp\/v2\/pages"}],"about":[{"href":"https:\/\/sorocaba.sp.gov.br\/concursojornalisticoepublicitario2023\/wp-json\/wp\/v2\/types\/page"}],"author":[{"embeddable":true,"href":"https:\/\/sorocaba.sp.gov.br\/concursojornalisticoepublicitario2023\/wp-json\/wp\/v2\/users\/37"}],"replies":[{"embeddable":true,"href":"https:\/\/sorocaba.sp.gov.br\/concursojornalisticoepublicitario2023\/wp-json\/wp\/v2\/comments?post=2"}],"version-history":[{"count":15,"href":"https:\/\/sorocaba.sp.gov.br\/concursojornalisticoepublicitario2023\/wp-json\/wp\/v2\/pages\/2\/revisions"}],"predecessor-version":[{"id":36,"href":"https:\/\/sorocaba.sp.gov.br\/concursojornalisticoepublicitario2023\/wp-json\/wp\/v2\/pages\/2\/revisions\/36"}],"wp:attachment":[{"href":"https:\/\/sorocaba.sp.gov.br\/concursojornalisticoepublicitario2023\/wp-json\/wp\/v2\/media?parent=2"}],"curies":[{"name":"wp","href":"https:\/\/api.w.org\/{rel}","templated":true}]}}