{"id":2,"date":"2022-09-28T16:47:32","date_gmt":"2022-09-28T19:47:32","guid":{"rendered":"http:\/\/sorocaba.sp.gov.br\/diadascriancas2022\/?page_id=2"},"modified":"2022-09-30T12:23:06","modified_gmt":"2022-09-30T15:23:06","slug":"pagina-exemplo","status":"publish","type":"page","link":"https:\/\/sorocaba.sp.gov.br\/diadascriancas2022\/pagina-exemplo\/","title":{"rendered":"Programa\u00e7\u00e3o Especial"},"content":{"rendered":"<p>As fam\u00edlias sorocabanas est\u00e3o convidadas a participar gratuitamente, no dia 12 de outubro, das 9h \u00e0s 16h, de uma grande festa para celebrar o Dia das Crian\u00e7as (12 de outubro), no Pa\u00e7o Municipal, no Alto da Boa Vista. O evento festivo contar\u00e1 com espet\u00e1culos de m\u00fasica, teatro, conta\u00e7\u00e3o de hist\u00f3ria, apresenta\u00e7\u00e3o circense, gincana, entre muitas outras atra\u00e7\u00f5es especiais.<\/p>\n<p>Elaborada pela Prefeitura de Sorocaba, por meio da Secretaria de Governo (Segov) e do Fundo Social de Solidariedade (FSS), com o apoio das demais secretarias municipais e do Parque Tecnol\u00f3gico de Sorocaba (PTS), a programa\u00e7\u00e3o tem como objetivo oferecer um dia alegre e agrad\u00e1vel a todos, especialmente \u00e0s crian\u00e7as, promovendo divers\u00e3o aliada \u00e0 cultura, ao esporte e ao lazer, permitindo que os mun\u00edcipes tenham contato com atividades culturais, esportivas e de recrea\u00e7\u00e3o, de forma leve e descontra\u00edda, ao mesmo tempo em que aproveitam esse dia em fam\u00edlia.<\/p>\n<p><img loading=\"lazy\" decoding=\"async\" src=\"http:\/\/sorocaba.sp.gov.br\/diadascriancas2022\/wp-content\/uploads\/sites\/83\/2022\/09\/WhatsApp-Image-2022-09-30-at-11.20.23-3-931x1024.jpeg\" alt=\"WhatsApp Image 2022-09-30 at 11.20.23\" width=\"600\" height=\"660\" class=\"aligncenter size-large wp-image-79\" srcset=\"https:\/\/sorocaba.sp.gov.br\/diadascriancas2022\/wp-content\/uploads\/sites\/83\/2022\/09\/WhatsApp-Image-2022-09-30-at-11.20.23-3-931x1024.jpeg 931w, https:\/\/sorocaba.sp.gov.br\/diadascriancas2022\/wp-content\/uploads\/sites\/83\/2022\/09\/WhatsApp-Image-2022-09-30-at-11.20.23-3-273x300.jpeg 273w, https:\/\/sorocaba.sp.gov.br\/diadascriancas2022\/wp-content\/uploads\/sites\/83\/2022\/09\/WhatsApp-Image-2022-09-30-at-11.20.23-3-768x845.jpeg 768w, https:\/\/sorocaba.sp.gov.br\/diadascriancas2022\/wp-content\/uploads\/sites\/83\/2022\/09\/WhatsApp-Image-2022-09-30-at-11.20.23-3.jpeg 1000w\" sizes=\"auto, (max-width: 600px) 100vw, 600px\" \/>&nbsp;<\/p>\n<div id=\"njcdgcofcbnlbpkpdhmlmiblaglnkpnj\"><\/div>\n<div id=\"njcdgcofcbnlbpkpdhmlmiblaglnkpnj\"><\/div>\n","protected":false},"excerpt":{"rendered":"<p>As fam\u00edlias sorocabanas est\u00e3o convidadas a participar gratuitamente, no dia 12 de outubro, das 9h \u00e0s 16h, de uma grande festa para celebrar o Dia das Crian\u00e7as (12 de outubro), no Pa\u00e7o Municipal, no Alto da Boa Vista. O evento festivo contar\u00e1 com espet\u00e1culos de m\u00fasica, teatro, conta\u00e7\u00e3o de hist\u00f3ria, apresenta\u00e7\u00e3o circense, gincana, entre muitas&nbsp; <a href=\"https:\/\/sorocaba.sp.gov.br\/diadascriancas2022\/pagina-exemplo\/\">&hellip; Leia mais<\/a><\/p>\n","protected":false},"author":1,"featured_media":0,"parent":0,"menu_order":0,"comment_status":"closed","ping_status":"open","template":"","meta":{"footnotes":""},"class_list":["post-2","page","type-page","status-publish","hentry"],"_links":{"self":[{"href":"https:\/\/sorocaba.sp.gov.br\/diadascriancas2022\/wp-json\/wp\/v2\/pages\/2","targetHints":{"allow":["GET"]}}],"collection":[{"href":"https:\/\/sorocaba.sp.gov.br\/diadascriancas2022\/wp-json\/wp\/v2\/pages"}],"about":[{"href":"https:\/\/sorocaba.sp.gov.br\/diadascriancas2022\/wp-json\/wp\/v2\/types\/page"}],"author":[{"embeddable":true,"href":"https:\/\/sorocaba.sp.gov.br\/diadascriancas2022\/wp-json\/wp\/v2\/users\/1"}],"replies":[{"embeddable":true,"href":"https:\/\/sorocaba.sp.gov.br\/diadascriancas2022\/wp-json\/wp\/v2\/comments?post=2"}],"version-history":[{"count":11,"href":"https:\/\/sorocaba.sp.gov.br\/diadascriancas2022\/wp-json\/wp\/v2\/pages\/2\/revisions"}],"predecessor-version":[{"id":82,"href":"https:\/\/sorocaba.sp.gov.br\/diadascriancas2022\/wp-json\/wp\/v2\/pages\/2\/revisions\/82"}],"wp:attachment":[{"href":"https:\/\/sorocaba.sp.gov.br\/diadascriancas2022\/wp-json\/wp\/v2\/media?parent=2"}],"curies":[{"name":"wp","href":"https:\/\/api.w.org\/{rel}","templated":true}]}}