{"id":47,"date":"2022-09-30T11:40:49","date_gmt":"2022-09-30T14:40:49","guid":{"rendered":"http:\/\/sorocaba.sp.gov.br\/diadascriancas2022\/?page_id=47"},"modified":"2022-09-30T12:24:28","modified_gmt":"2022-09-30T15:24:28","slug":"teatro-de-arena","status":"publish","type":"page","link":"https:\/\/sorocaba.sp.gov.br\/diadascriancas2022\/teatro-de-arena\/","title":{"rendered":"Teatro de Arena"},"content":{"rendered":"<p>No Teatro de Arena do Teatro Municipal \u201cTeot\u00f4nio Vilela\u201d (TMTV), \u00e0s 14h30, o Palha\u00e7o Fusquinha apresentar\u00e1 o espet\u00e1culo \u201c\u00d4tovinu!\u201d, que ter\u00e1 n\u00fameros c\u00f4micos, virtuosos e picaretas, como malabarismo, ilus\u00f5es, acrobacias e palha\u00e7adas, com muita intera\u00e7\u00e3o com o p\u00fablico. Com incrementada sonoplastia e m\u00fasica, \u00e9 um espet\u00e1culo voltado para toda a fam\u00edlia, principalmente \u00e0s crian\u00e7as.<\/p>\n<p>A festa no Pa\u00e7o Municipal tamb\u00e9m contar\u00e1 com outras atra\u00e7\u00f5es especiais espalhadas pelo local, como atividades da Associa\u00e7\u00e3o Cultural Pintura Solid\u00e1ria (das 9h \u00e0s 12h30), pintura facial e perna de pau, al\u00e9m de diversos brinquedos infl\u00e1veis, como castelo de bolinha, cama el\u00e1stica e tobog\u00e3 \u00e0 disposi\u00e7\u00e3o das crian\u00e7as.<\/p>\n<p>A Secretaria de Esporte e Qualidade de Vida (Sequav) vai oferecer, durante todo o dia, oficinas esportivas de minibasquete, minifutebol, badminsgton, bambol\u00ea, cordas e Espa\u00e7o Kids. A Secretaria de Cultura, por sua vez, comandar\u00e1 as atividades recreativas, como gibiteca, brinquedoteca, pebolim e t\u00eanis de mesa.<\/p>\n<p>A Secretaria da Educa\u00e7\u00e3o (Sedu) levar\u00e1 a \u201cCarreta Liter\u00e1ria\u201d, que \u00e9 uma biblioteca itinerante, al\u00e9m de jogos de pintar para a garotada. A Secretaria da Sa\u00fade (SES) ofertar\u00e1 servi\u00e7o de auriculoterapia, oficinas de escultura de bal\u00f5es e de brinquedos recicl\u00e1veis, al\u00e9m de teatro infantil. A Divis\u00e3o de Zoonoses da SES tamb\u00e9m levar\u00e1 uma exposi\u00e7\u00e3o sobre preven\u00e7\u00e3o \u00e0 dengue e outras doen\u00e7as, al\u00e9m do \u201cmosquit\u00e3o\u201d infl\u00e1vel, que costuma chamar a aten\u00e7\u00e3o dos pequenos.<\/p>\n<p>As crian\u00e7as e os adolescentes ter\u00e3o \u00e0 disposi\u00e7\u00e3o, ainda, o \u00f4nibus do Parque Tecnol\u00f3gico de Sorocaba (PTS), com oficinas e uma exposi\u00e7\u00e3o tecnol\u00f3gica. Outras atra\u00e7\u00f5es ser\u00e3o a feira de ado\u00e7\u00e3o de c\u00e3es e gatos, do programa municipal \u201cD + uma chance, adote uma vida!\u201d, da Secretaria do Meio Ambiente, Prote\u00e7\u00e3o e Bem-Estar Animal (Sema), e o c\u00e3o terapeuta da Guarda Civil Municipal (GCM).<\/p>\n<p><img loading=\"lazy\" decoding=\"async\" class=\"aligncenter size-large wp-image-69\" src=\"http:\/\/sorocaba.sp.gov.br\/diadascriancas2022\/wp-content\/uploads\/sites\/83\/2022\/09\/WhatsApp-Image-2022-09-30-at-11.20.24-2-2-931x1024.jpeg\" alt=\"WhatsApp Image 2022-09-30 at 11.20.24 (2)\" width=\"600\" height=\"660\" srcset=\"https:\/\/sorocaba.sp.gov.br\/diadascriancas2022\/wp-content\/uploads\/sites\/83\/2022\/09\/WhatsApp-Image-2022-09-30-at-11.20.24-2-2-931x1024.jpeg 931w, https:\/\/sorocaba.sp.gov.br\/diadascriancas2022\/wp-content\/uploads\/sites\/83\/2022\/09\/WhatsApp-Image-2022-09-30-at-11.20.24-2-2-273x300.jpeg 273w, https:\/\/sorocaba.sp.gov.br\/diadascriancas2022\/wp-content\/uploads\/sites\/83\/2022\/09\/WhatsApp-Image-2022-09-30-at-11.20.24-2-2-768x845.jpeg 768w, https:\/\/sorocaba.sp.gov.br\/diadascriancas2022\/wp-content\/uploads\/sites\/83\/2022\/09\/WhatsApp-Image-2022-09-30-at-11.20.24-2-2.jpeg 1000w\" sizes=\"auto, (max-width: 600px) 100vw, 600px\" \/><\/p>\n<div id=\"njcdgcofcbnlbpkpdhmlmiblaglnkpnj\"><\/div>\n<div id=\"njcdgcofcbnlbpkpdhmlmiblaglnkpnj\"><\/div>\n<div id=\"njcdgcofcbnlbpkpdhmlmiblaglnkpnj\"><\/div>\n","protected":false},"excerpt":{"rendered":"<p>No Teatro de Arena do Teatro Municipal \u201cTeot\u00f4nio Vilela\u201d (TMTV), \u00e0s 14h30, o Palha\u00e7o Fusquinha apresentar\u00e1 o espet\u00e1culo \u201c\u00d4tovinu!\u201d, que ter\u00e1 n\u00fameros c\u00f4micos, virtuosos e picaretas, como malabarismo, ilus\u00f5es, acrobacias e palha\u00e7adas, com muita intera\u00e7\u00e3o com o p\u00fablico. Com incrementada sonoplastia e m\u00fasica, \u00e9 um espet\u00e1culo voltado para toda a fam\u00edlia, principalmente \u00e0s crian\u00e7as. A&nbsp; <a href=\"https:\/\/sorocaba.sp.gov.br\/diadascriancas2022\/teatro-de-arena\/\">&hellip; Leia mais<\/a><\/p>\n","protected":false},"author":37,"featured_media":0,"parent":0,"menu_order":0,"comment_status":"closed","ping_status":"closed","template":"","meta":{"footnotes":""},"class_list":["post-47","page","type-page","status-publish","hentry"],"_links":{"self":[{"href":"https:\/\/sorocaba.sp.gov.br\/diadascriancas2022\/wp-json\/wp\/v2\/pages\/47","targetHints":{"allow":["GET"]}}],"collection":[{"href":"https:\/\/sorocaba.sp.gov.br\/diadascriancas2022\/wp-json\/wp\/v2\/pages"}],"about":[{"href":"https:\/\/sorocaba.sp.gov.br\/diadascriancas2022\/wp-json\/wp\/v2\/types\/page"}],"author":[{"embeddable":true,"href":"https:\/\/sorocaba.sp.gov.br\/diadascriancas2022\/wp-json\/wp\/v2\/users\/37"}],"replies":[{"embeddable":true,"href":"https:\/\/sorocaba.sp.gov.br\/diadascriancas2022\/wp-json\/wp\/v2\/comments?post=47"}],"version-history":[{"count":5,"href":"https:\/\/sorocaba.sp.gov.br\/diadascriancas2022\/wp-json\/wp\/v2\/pages\/47\/revisions"}],"predecessor-version":[{"id":85,"href":"https:\/\/sorocaba.sp.gov.br\/diadascriancas2022\/wp-json\/wp\/v2\/pages\/47\/revisions\/85"}],"wp:attachment":[{"href":"https:\/\/sorocaba.sp.gov.br\/diadascriancas2022\/wp-json\/wp\/v2\/media?parent=47"}],"curies":[{"name":"wp","href":"https:\/\/api.w.org\/{rel}","templated":true}]}}