{"id":74,"date":"2022-09-30T11:53:43","date_gmt":"2022-09-30T14:53:43","guid":{"rendered":"http:\/\/sorocaba.sp.gov.br\/diadascriancas2022\/?page_id=74"},"modified":"2022-09-30T12:23:57","modified_gmt":"2022-09-30T15:23:57","slug":"palco-principal","status":"publish","type":"page","link":"https:\/\/sorocaba.sp.gov.br\/diadascriancas2022\/palco-principal\/","title":{"rendered":"Palco Principal"},"content":{"rendered":"<p>A abertura oficial da festa do Dia das Crian\u00e7as ser\u00e1 \u00e0s 10h, no Palco Principal do evento. Em seguida, \u00e0s 10h30, a Cia. Tempo de Brincar apresentar\u00e1 o espet\u00e1culo \u201cCantos de Assombra\u00e7\u00e3o\u201d, que trata, por exemplo, do mist\u00e9rio da vida e da morte e do medo e da coragem, com personagens e mitos em hist\u00f3rias cantadas, como \u201cBoi da cara preta\u201d e as \u201cCaveiras\u201d. J\u00e1, \u00e0s 14h, ter\u00e1 a apresenta\u00e7\u00e3o dos super-her\u00f3is mais queridos da garotada, como Capit\u00e3o Am\u00e9rica, Homem-Aranha, Batman, Super-Homem e Homem de Ferro. J\u00e1, \u00e0s 15h, o p\u00fablico poder\u00e1 conferir uma apresenta\u00e7\u00e3o musical inspirada no filme \u201cEncanto\u201d, da Disney.<\/p>\n<p><img loading=\"lazy\" decoding=\"async\" src=\"http:\/\/sorocaba.sp.gov.br\/diadascriancas2022\/wp-content\/uploads\/sites\/83\/2022\/09\/WhatsApp-Image-2022-09-30-at-11.20.24-5-931x1024.jpeg\" alt=\"WhatsApp Image 2022-09-30 at 11.20.24\" width=\"600\" height=\"660\" class=\"aligncenter size-large wp-image-75\" srcset=\"https:\/\/sorocaba.sp.gov.br\/diadascriancas2022\/wp-content\/uploads\/sites\/83\/2022\/09\/WhatsApp-Image-2022-09-30-at-11.20.24-5-931x1024.jpeg 931w, https:\/\/sorocaba.sp.gov.br\/diadascriancas2022\/wp-content\/uploads\/sites\/83\/2022\/09\/WhatsApp-Image-2022-09-30-at-11.20.24-5-273x300.jpeg 273w, https:\/\/sorocaba.sp.gov.br\/diadascriancas2022\/wp-content\/uploads\/sites\/83\/2022\/09\/WhatsApp-Image-2022-09-30-at-11.20.24-5-768x845.jpeg 768w, https:\/\/sorocaba.sp.gov.br\/diadascriancas2022\/wp-content\/uploads\/sites\/83\/2022\/09\/WhatsApp-Image-2022-09-30-at-11.20.24-5.jpeg 1000w\" sizes=\"auto, (max-width: 600px) 100vw, 600px\" \/><\/p>\n","protected":false},"excerpt":{"rendered":"<p>A abertura oficial da festa do Dia das Crian\u00e7as ser\u00e1 \u00e0s 10h, no Palco Principal do evento. Em seguida, \u00e0s 10h30, a Cia. Tempo de Brincar apresentar\u00e1 o espet\u00e1culo \u201cCantos de Assombra\u00e7\u00e3o\u201d, que trata, por exemplo, do mist\u00e9rio da vida e da morte e do medo e da coragem, com personagens e mitos em hist\u00f3rias&nbsp; <a href=\"https:\/\/sorocaba.sp.gov.br\/diadascriancas2022\/palco-principal\/\">&hellip; Leia mais<\/a><\/p>\n","protected":false},"author":37,"featured_media":0,"parent":0,"menu_order":0,"comment_status":"closed","ping_status":"closed","template":"","meta":{"footnotes":""},"class_list":["post-74","page","type-page","status-publish","hentry"],"_links":{"self":[{"href":"https:\/\/sorocaba.sp.gov.br\/diadascriancas2022\/wp-json\/wp\/v2\/pages\/74","targetHints":{"allow":["GET"]}}],"collection":[{"href":"https:\/\/sorocaba.sp.gov.br\/diadascriancas2022\/wp-json\/wp\/v2\/pages"}],"about":[{"href":"https:\/\/sorocaba.sp.gov.br\/diadascriancas2022\/wp-json\/wp\/v2\/types\/page"}],"author":[{"embeddable":true,"href":"https:\/\/sorocaba.sp.gov.br\/diadascriancas2022\/wp-json\/wp\/v2\/users\/37"}],"replies":[{"embeddable":true,"href":"https:\/\/sorocaba.sp.gov.br\/diadascriancas2022\/wp-json\/wp\/v2\/comments?post=74"}],"version-history":[{"count":2,"href":"https:\/\/sorocaba.sp.gov.br\/diadascriancas2022\/wp-json\/wp\/v2\/pages\/74\/revisions"}],"predecessor-version":[{"id":83,"href":"https:\/\/sorocaba.sp.gov.br\/diadascriancas2022\/wp-json\/wp\/v2\/pages\/74\/revisions\/83"}],"wp:attachment":[{"href":"https:\/\/sorocaba.sp.gov.br\/diadascriancas2022\/wp-json\/wp\/v2\/media?parent=74"}],"curies":[{"name":"wp","href":"https:\/\/api.w.org\/{rel}","templated":true}]}}