{"id":166,"date":"2017-12-26T14:30:42","date_gmt":"2017-12-26T16:30:42","guid":{"rendered":"http:\/\/sorocaba.sp.gov.br\/ferias\/?page_id=166"},"modified":"2018-01-05T13:00:14","modified_gmt":"2018-01-05T15:00:14","slug":"conhecendo-os-animais-do-zoo","status":"publish","type":"page","link":"https:\/\/sorocaba.sp.gov.br\/ferias\/conhecendo-os-animais-do-zoo\/","title":{"rendered":"Visita ao Museu de Zoologia"},"content":{"rendered":"<p class=\"western\" align=\"justify\"><span style=\"color: #000000\"><span style=\"font-family: Arial, sans-serif\"><span style=\"font-size: small\">Nos dias <\/span><\/span><\/span><span style=\"color: #000000\"><span style=\"font-family: Arial, sans-serif\"><span style=\"font-size: small\"><b>12, 13, 14 e 26, 27 e 28 de janeiro de 2018, <\/b><\/span><\/span><\/span><span style=\"color: #000000\"><span style=\"font-family: Arial, sans-serif\"><span style=\"font-size: small\">quem for ao Zoo de Sorocaba<\/span><\/span><\/span><span style=\"color: #000000\"><span style=\"font-family: Arial, sans-serif\"><span style=\"font-size: small\"> poder\u00e1 entrar no Museu de Zoologia e conhecer mais de perto seu acervo, composto por pe\u00e7as biol\u00f3gicas e animais taxidemizados (&#8220;empalhados&#8221;). <\/span><\/span><\/span><span style=\"color: #000000\"><span style=\"font-family: Arial, sans-serif\"><span style=\"font-size: small\">O Museu de Zoologia do Zoo de Sorocaba, inaugurado em 1988, conta com cerca de 1000 pe<\/span><\/span><\/span><span style=\"color: #000000\"><span style=\"font-family: Arial, sans-serif\"><span style=\"font-size: small\">\u00e7as, dentre elas os famosos animais taxidermizados (popularmente conhecidos como \u201cempalhados\u201d), al\u00e9m de cr\u00e2nios, esqueletos, animais conservados em \u00e1lcool, penas, bicos etc. Durante a visita, as pessoas ver\u00e3o de perto algumas pe\u00e7as bastante curiosas ou raras, como por exemplo: o enorme cr\u00e2nio de hipop\u00f3tamo (que muitos visitantes acham ser um dinossauro!), o pequeno tamandua\u00ed taxidermizado (que \u00e9 a menor esp\u00e9cie de tamandu\u00e1 existente), famosa barata gigante (que na verdade \u00e9 um crust\u00e1ceo) os espinhos de um porco-espinho ou at\u00e9 a pegada de um filhote de urso-de-\u00f3culos. Para a visita ao Museu de Zoologia ser\u00e1 permita a entrada de 20 pessoas por vez, de modo que os participantes consigam aproveitar a atividade da melhor forma poss\u00edvel! A dura\u00e7\u00e3o da visita \u00e9 de cerca de 30 minutos e a participa\u00e7\u00e3o \u00e9 por ordem de chegada.<\/span><\/span><\/span><\/p>\n<p align=\"justify\"><span style=\"color: #000000\"><span style=\"font-family: Arial, sans-serif\"><span style=\"font-size: small\"><b>Datas da atividade: <\/b><\/span><\/span><\/span><span style=\"color: #000000\"><span style=\"font-family: Arial, sans-serif\"><span style=\"font-size: small\">Sextas, S\u00e1bados e Domingos, <\/span><\/span><\/span><span style=\"color: #000000\"><span style=\"font-family: Arial, sans-serif\"><span style=\"font-size: small\">12, 13, 14, 26, 27 e 28 de janeiro de 2018. <\/span><\/span><\/span><\/p>\n<p align=\"justify\"><span style=\"color: #000000\"><span style=\"font-family: Arial, sans-serif\"><span style=\"font-size: small\"><b>Hor\u00e1rio: <\/b><\/span><\/span><\/span><span style=\"color: #000000\"><span style=\"font-family: Arial, sans-serif\"><span style=\"font-size: small\">Das 9:30 \u00e0s 11:30 e das <\/span><\/span><\/span><span style=\"color: #000000\"><span style=\"font-family: Arial, sans-serif\"><span style=\"font-size: small\">13:30<\/span><\/span><\/span><span style=\"color: #000000\"><span style=\"font-family: Arial, sans-serif\"><span style=\"font-size: small\"> \u00e0s 16:30.<\/span><\/span><\/span><\/p>\n<p align=\"justify\"><span style=\"color: #000000\"><span style=\"font-family: Arial, sans-serif\"><span style=\"font-size: small\"><b>Local: <\/b><\/span><\/span><\/span><span style=\"color: #000000\"><span style=\"font-family: Arial, sans-serif\"><span style=\"font-size: small\">Museu de Zoologia. <\/span><\/span><\/span><\/p>\n<p align=\"justify\"><span style=\"color: #000000\"><span style=\"font-family: Arial, sans-serif\"><span style=\"font-size: small\"><b>P\u00fablico-alvo: <\/b><\/span><\/span><\/span><span style=\"color: #000000\"><span style=\"font-family: Arial, sans-serif\"><span style=\"font-size: small\">Visitantes do zoo.<\/span><\/span><\/span><\/p>\n<p align=\"justify\"><span style=\"color: #000000\"><span style=\"font-family: Arial, sans-serif\"><span style=\"font-size: small\"><b>Atividade gratuita, sem necessidade de inscri\u00e7\u00e3o pr\u00e9via, bastando estar presente na data\/hora\/local definidos anteriormente. I<\/b><\/span><\/span><\/span><span style=\"color: #000000\"><span style=\"font-family: Arial, sans-serif\"><span style=\"font-size: small\"><b>nforma\u00e7\u00f5es importantes:<\/b><\/span><\/span><\/span><b> <\/b><span style=\"color: #000000\"><span style=\"font-family: Arial, sans-serif\"><span style=\"font-size: small\">Para a visita ao Museu de Zoologia ser\u00e1 permita a entrada de 20 pessoas por vez. A dura\u00e7\u00e3o da visita \u00e9 de cerca de 30 minutos e a participa\u00e7\u00e3o \u00e9 por ordem de chegada.<\/span><\/span><\/span><\/p>\n","protected":false},"excerpt":{"rendered":"<p>Nos dias 12, 13, 14 e 26, 27 e 28 de janeiro de 2018, quem for ao Zoo de Sorocaba poder\u00e1 entrar no Museu de Zoologia e conhecer mais de perto seu acervo, composto por pe\u00e7as biol\u00f3gicas e animais taxidemizados (&#8220;empalhados&#8221;). O Museu de Zoologia do Zoo de Sorocaba, inaugurado em 1988, conta com cerca&nbsp; <a href=\"https:\/\/sorocaba.sp.gov.br\/ferias\/conhecendo-os-animais-do-zoo\/\">&hellip; Leia mais<\/a><\/p>\n","protected":false},"author":7,"featured_media":0,"parent":0,"menu_order":0,"comment_status":"closed","ping_status":"closed","template":"","meta":{"footnotes":""},"class_list":["post-166","page","type-page","status-publish","hentry"],"_links":{"self":[{"href":"https:\/\/sorocaba.sp.gov.br\/ferias\/wp-json\/wp\/v2\/pages\/166","targetHints":{"allow":["GET"]}}],"collection":[{"href":"https:\/\/sorocaba.sp.gov.br\/ferias\/wp-json\/wp\/v2\/pages"}],"about":[{"href":"https:\/\/sorocaba.sp.gov.br\/ferias\/wp-json\/wp\/v2\/types\/page"}],"author":[{"embeddable":true,"href":"https:\/\/sorocaba.sp.gov.br\/ferias\/wp-json\/wp\/v2\/users\/7"}],"replies":[{"embeddable":true,"href":"https:\/\/sorocaba.sp.gov.br\/ferias\/wp-json\/wp\/v2\/comments?post=166"}],"version-history":[{"count":4,"href":"https:\/\/sorocaba.sp.gov.br\/ferias\/wp-json\/wp\/v2\/pages\/166\/revisions"}],"predecessor-version":[{"id":195,"href":"https:\/\/sorocaba.sp.gov.br\/ferias\/wp-json\/wp\/v2\/pages\/166\/revisions\/195"}],"wp:attachment":[{"href":"https:\/\/sorocaba.sp.gov.br\/ferias\/wp-json\/wp\/v2\/media?parent=166"}],"curies":[{"name":"wp","href":"https:\/\/api.w.org\/{rel}","templated":true}]}}