{"id":169,"date":"2017-12-27T10:13:59","date_gmt":"2017-12-27T12:13:59","guid":{"rendered":"http:\/\/sorocaba.sp.gov.br\/ferias\/?page_id=169"},"modified":"2017-12-27T10:13:59","modified_gmt":"2017-12-27T12:13:59","slug":"ferias-na-bica","status":"publish","type":"page","link":"https:\/\/sorocaba.sp.gov.br\/ferias\/ferias-na-bica\/","title":{"rendered":"F\u00e9rias na Bica"},"content":{"rendered":"<p><strong>Parque da Biquinha vai oferecer uma programa\u00e7\u00e3o de f\u00e9rias gratuita para 40 crian\u00e7as <\/strong><\/p>\n<p><em><u>Inscri\u00e7\u00e3o ocorrer\u00e1 nos dias 4 e 5 de janeiro, das 8h \u00e0s 12h, no pr\u00f3prio parque<\/u><\/em><\/p>\n<p style=\"text-align: justify;\">\n<p style=\"text-align: justify;\">A Prefeitura de Sorocaba, por meio da Secretaria do Meio Ambiente, Parques e Jardins (Sema), vai oferecer de 10 a 12 de janeiro, das 14h \u00e0s 17h, uma programa\u00e7\u00e3o gratuita de f\u00e9rias para 40 crian\u00e7as no Parque da Biquinha. As inscri\u00e7\u00f5es para o \u201cF\u00e9rias na Bica\u201d ser\u00e3o feitas por ordem de chegada nos dias 4 e 5 de janeiro, das 8h \u00e0s 12h, no pr\u00f3prio parque.<\/p>\n<p style=\"text-align: justify;\">Direcionado a crian\u00e7as de 7 a 10 anos de idade, as atividades ter\u00e3o como tema \u201cAnimais do parque e os ref\u00fagios da biodiversidade\u201d. O objetivo ser\u00e1 de estimular os participantes a reconhecerem animais silvestres que vivem no parque e na cidade, aprendendo a conviver e respeitar essas esp\u00e9cies contribuindo para a conserva\u00e7\u00e3o dos ref\u00fagios da biodiversidade da cidade.<\/p>\n<p style=\"text-align: justify;\">Cada dia a programa\u00e7\u00e3o do \u201cF\u00e9rias na Bica\u201d ter\u00e1 um foco diferente: as aves, os mam\u00edferos e os repteis e anf\u00edbios. A ideia da equipe de Educa\u00e7\u00e3o Ambiental da Sema \u00e9 tratar da import\u00e2ncia dos animais para o equil\u00edbrio ambiental e desmistificar cren\u00e7as e mitos existentes relacionados a algumas esp\u00e9cies, como o sapo, a cobra, o morcego, o gamb\u00e1 e a coruja, permitindo assim que as crian\u00e7as lidem com os pr\u00f3prios medos e criem uma conex\u00e3o emocional com o meio ambiente.<\/p>\n<p style=\"text-align: justify;\">Durante o projeto, os pequenos participar\u00e3o de v\u00e1rias atividades, como gincanas, trilhas, oficinas de brinquedos com reaproveitamento, observa\u00e7\u00e3o de aves, entre outras.<\/p>\n<p style=\"text-align: justify;\">As inscri\u00e7\u00f5es ser\u00e3o feitas por ordem de chegada. Os pais ou respons\u00e1veis dever\u00e3o levar um documento original da crian\u00e7a com foto. O Parque da Biquinha est\u00e1 localizado na avenida Comendador Pereira In\u00e1cio, 1.112, no Jardim Em\u00edlia. Mais informa\u00e7\u00f5es pelo telefone (15) 3224.1997.<\/p>\n<p>&nbsp;<\/p>\n","protected":false},"excerpt":{"rendered":"<p>Parque da Biquinha vai oferecer uma programa\u00e7\u00e3o de f\u00e9rias gratuita para 40 crian\u00e7as Inscri\u00e7\u00e3o ocorrer\u00e1 nos dias 4 e 5 de janeiro, das 8h \u00e0s 12h, no pr\u00f3prio parque A Prefeitura de Sorocaba, por meio da Secretaria do Meio Ambiente, Parques e Jardins (Sema), vai oferecer de 10 a 12 de janeiro, das 14h \u00e0s&nbsp; <a href=\"https:\/\/sorocaba.sp.gov.br\/ferias\/ferias-na-bica\/\">&hellip; Leia mais<\/a><\/p>\n","protected":false},"author":7,"featured_media":0,"parent":0,"menu_order":0,"comment_status":"closed","ping_status":"closed","template":"","meta":{"footnotes":""},"class_list":["post-169","page","type-page","status-publish","hentry"],"_links":{"self":[{"href":"https:\/\/sorocaba.sp.gov.br\/ferias\/wp-json\/wp\/v2\/pages\/169","targetHints":{"allow":["GET"]}}],"collection":[{"href":"https:\/\/sorocaba.sp.gov.br\/ferias\/wp-json\/wp\/v2\/pages"}],"about":[{"href":"https:\/\/sorocaba.sp.gov.br\/ferias\/wp-json\/wp\/v2\/types\/page"}],"author":[{"embeddable":true,"href":"https:\/\/sorocaba.sp.gov.br\/ferias\/wp-json\/wp\/v2\/users\/7"}],"replies":[{"embeddable":true,"href":"https:\/\/sorocaba.sp.gov.br\/ferias\/wp-json\/wp\/v2\/comments?post=169"}],"version-history":[{"count":1,"href":"https:\/\/sorocaba.sp.gov.br\/ferias\/wp-json\/wp\/v2\/pages\/169\/revisions"}],"predecessor-version":[{"id":171,"href":"https:\/\/sorocaba.sp.gov.br\/ferias\/wp-json\/wp\/v2\/pages\/169\/revisions\/171"}],"wp:attachment":[{"href":"https:\/\/sorocaba.sp.gov.br\/ferias\/wp-json\/wp\/v2\/media?parent=169"}],"curies":[{"name":"wp","href":"https:\/\/api.w.org\/{rel}","templated":true}]}}