{"id":176,"date":"2018-01-05T10:39:14","date_gmt":"2018-01-05T12:39:14","guid":{"rendered":"http:\/\/sorocaba.sp.gov.br\/ferias\/?page_id=176"},"modified":"2018-01-05T12:56:07","modified_gmt":"2018-01-05T14:56:07","slug":"visita-monitorada-do-zoo-conhecendo-os-animais-que-vivem-em-sorocaba","status":"publish","type":"page","link":"https:\/\/sorocaba.sp.gov.br\/ferias\/visita-monitorada-do-zoo-conhecendo-os-animais-que-vivem-em-sorocaba\/","title":{"rendered":"Visita Monitorada do Zoo: Conhecendo os animais que vivem em Sorocaba"},"content":{"rendered":"<p class=\"western\" style=\"text-align: justify\" align=\"justify\"><span style=\"color: #000000\"><span style=\"font-family: Arial, sans-serif\"><span style=\"font-size: small\">Voc\u00ea sabia que apesar de Sorocaba ser uma cidade grande ela tem ainda tem regi\u00f5es de floresta e que muitos animais silvestres ainda vivem aqui? Nos dias <\/span><\/span><\/span><span style=\"color: #000000\"><span style=\"font-family: Arial, sans-serif\"><span style=\"font-size: small\"><b>12, 13, 26 e 27 de janeiro<\/b><\/span><\/span><\/span><span style=\"color: #000000\"><span style=\"font-family: Arial, sans-serif\"><span style=\"font-size: small\"> as pessoas que quiserem conhecer sobre os animais que vivem em Sorocaba e sobre o importante papel que o Zoo cumpre para a conserva\u00e7\u00e3o destes animais poder\u00e3o fazer uma visita monitorada bastante especial. Durante a visita os participantes ter\u00e3o a oportunidade de saber algumas caracter\u00edsticas e curiosidades de animais como o lobo-guar\u00e1, o papagaio-verdadeiro e a on\u00e7a-parda, al\u00e9m de visitar o Setor de Biologia e Veterin\u00e1ria (importante setor do Zool\u00f3gico, respons\u00e1vel por garantir a sa\u00fade e o bem-estar dos animais do Zoo) e o Setor de Nutri\u00e7\u00e3o (respons\u00e1vel por elaborar e garantir que os animais recebem uma alimenta\u00e7\u00e3o balanceada e de acordo com as necessidades de cada esp\u00e9cie). As visitas monitoradas acontecer\u00e3o no per\u00edodo da manh\u00e3 e da tarde (1 grupo de at\u00e9 40 pessoas por per\u00edodo). Para participar, basta fazer a inscri\u00e7\u00e3o pr\u00e9via atrav\u00e9s do site da Secretaria do Meio Ambiente, Parques e Jardins\u00a0a partir de 05 de janeiro de 2018. A atividade tem vagas limitadas, que ser\u00e3o preenchidas por ordem de inscri\u00e7\u00e3o.<\/span><\/span><\/span><\/p>\n<p align=\"justify\"><span style=\"color: #000000\"><span style=\"font-family: Arial, sans-serif\"><span style=\"font-size: small\"><b>Datas da atividade: <\/b><\/span><\/span><\/span><span style=\"color: #000000\"><span style=\"font-family: Arial, sans-serif\"><span style=\"font-size: small\">Sextas e S\u00e1bados, <\/span><\/span><\/span><span style=\"color: #000000\"><span style=\"font-family: Arial, sans-serif\"><span style=\"font-size: small\">12, 13, 26 e 27 de janeiro de 2018. <\/span><\/span><\/span><\/p>\n<p align=\"justify\"><span style=\"color: #000000\"><span style=\"font-family: Arial, sans-serif\"><span style=\"font-size: small\"><b>Hor\u00e1rio: <\/b><\/span><\/span><\/span><span style=\"color: #000000\"><span style=\"font-family: Arial, sans-serif\"><span style=\"font-size: small\">Das 9:30 \u00e0s 11:30 e das 14:30 \u00e0s 16:30.<\/span><\/span><\/span><\/p>\n<p class=\"western\" align=\"justify\"><span style=\"color: #000000\"><span style=\"font-family: Arial, sans-serif\"><span style=\"font-size: small\"><b>Inscri\u00e7\u00f5es: <\/b><\/span><\/span><\/span><span style=\"color: #000000\"><span style=\"font-family: Arial, sans-serif\"><span style=\"font-size: small\">A partir de <\/span><\/span><\/span><span style=\"color: #000000\"><span style=\"font-family: Arial, sans-serif\"><span style=\"font-size: small\">05\/01\/18 (sexta-feira) at\u00e9 48 horas do dia pretendido para a visita monitorada.<\/span><\/span><\/span><\/p>\n<p align=\"justify\"><span style=\"color: #000000\"><span style=\"font-family: Arial, sans-serif\"><span style=\"font-size: small\"><b>Local: <\/b><\/span><\/span><\/span><span style=\"color: #000000\"><span style=\"font-family: Arial, sans-serif\"><span style=\"font-size: small\">Zool\u00f3gico de Sorocaba.<\/span><\/span><\/span><\/p>\n<p align=\"justify\"><span style=\"color: #000000\"><span style=\"font-family: Arial, sans-serif\"><span style=\"font-size: small\"><b>P\u00fablico-alvo: <\/b><\/span><\/span><\/span><span style=\"color: #000000\"><span style=\"font-family: Arial, sans-serif\"><span style=\"font-size: small\">Visitantes do zoo, mediante inscri\u00e7\u00e3o pr\u00e9via.<\/span><\/span><\/span><\/p>\n<pre class=\"western\"><a href=\"https:\/\/goo.gl\/forms\/AlQJ5qI3LHMi7pKN2\" target=\"_blank\"><span style=\"text-decoration: underline;color: #0000ff\"><b>INSCRI\u00c7\u00d5ES PARA A VISITA MONITORADA<\/b><\/span><\/a><\/pre>\n<p class=\"western\" align=\"justify\"><span style=\"color: #000000\"><span style=\"font-family: Arial, sans-serif\"><span style=\"font-size: small\"><b>Atividade gratuita<\/b><\/span><\/span><\/span><span style=\"color: #000000\"><span style=\"font-family: Arial, sans-serif\"><span style=\"font-size: small\">,<\/span><\/span><\/span><span style=\"color: #000000\"><span style=\"font-family: Arial, sans-serif\"><span style=\"font-size: small\"><b> informa\u00e7\u00f5es importantes a seguir:<\/b><\/span><\/span><\/span><\/p>\n<p align=\"justify\"><span style=\"font-family: 'Times New Roman', serif\"><span style=\"color: #000000\"><span style=\"font-family: Arial, sans-serif\"><span style=\"font-size: small\"><u>INFORMA\u00c7\u00d5ES IMPORTANTES<\/u><\/span><\/span><\/span> <\/span><\/p>\n<p align=\"justify\"><span style=\"font-family: 'Times New Roman', serif\"><span style=\"color: #000000\"><span style=\"font-family: Arial, sans-serif\"><span style=\"font-size: small\">(Por favor, leia com aten\u00e7\u00e3o!)<\/span><\/span><\/span><\/span><\/p>\n<p class=\"western\" align=\"justify\"><span style=\"color: #000000\"><span style=\"font-family: Arial, sans-serif\"><span style=\"font-size: small\">1-As inscri\u00e7\u00f5es para as visitas monitoradas podem ser realizadas a partir de 05\/01\/18 (sexta-feira) AT\u00c9 48 HORAS ANTES DO DIA PRETENDIDO PARA A PARTICIPA\u00c7\u00c3O NA VISITA MONITORADA;<\/span><\/span><\/span><\/p>\n<p class=\"western\" align=\"justify\"><span style=\"color: #000000\"><span style=\"font-family: Arial, sans-serif\"><span style=\"font-size: small\">2-A realiza\u00e7\u00e3o da inscri\u00e7\u00e3o N\u00c3O GARANTE A PARTICIPA\u00c7\u00c3O na visita monitorada;<\/span><\/span><\/span><\/p>\n<p class=\"western\" align=\"justify\"><span style=\"color: #000000\"><span style=\"font-family: Arial, sans-serif\"><span style=\"font-size: small\">3-A CONFIRMA\u00c7\u00c3O da participa\u00e7\u00e3o do inscrito e seus acompanhantes SER\u00c1 REALIZADA ATRAV\u00c9S DO EMAIL E\/OU TELEFONE fornecidos no presente formul\u00e1rio;<\/span><\/span><\/span><\/p>\n<p class=\"western\" align=\"justify\"><span style=\"color: #000000\"><span style=\"font-family: Arial, sans-serif\"><span style=\"font-size: small\">4-A inscri\u00e7\u00e3o deve ser realizada por um adulto (maior de 18 anos), que ser\u00e1 o titular da vaga;<\/span><\/span><\/span><\/p>\n<p class=\"western\" align=\"justify\"><span style=\"color: #000000\"><span style=\"font-family: Arial, sans-serif\"><span style=\"font-size: small\">5-Cada inscrito (titular da vaga) pode levar at\u00e9 4 acompanhantes (a quantidade de acompanhantes deve ser determinada no momento da inscri\u00e7\u00e3o);<\/span><\/span><\/span><\/p>\n<p class=\"western\" align=\"justify\"><span style=\"color: #000000\"><span style=\"font-family: Arial, sans-serif\"><span style=\"font-size: small\">6-Para as visitas monitoradas ser\u00e3o disponibilizadas at\u00e9 40 vagas em cada dia e hor\u00e1rio definidos;<\/span><\/span><\/span><\/p>\n<p class=\"western\" align=\"justify\"><span style=\"color: #000000\"><span style=\"font-family: Arial, sans-serif\"><span style=\"font-size: small\">7-As vagas ser\u00e3o preenchidas por ordem de inscri\u00e7\u00e3o para cada dia\/hor\u00e1rio disponibilizado;<\/span><\/span><\/span><\/p>\n<p class=\"western\" align=\"justify\"><span style=\"color: #000000\"><span style=\"font-family: Arial, sans-serif\"><span style=\"font-size: small\">8-As visitas monitoradas acontecer\u00e3o dias 12, 13, 26 e 27 de janeiro \u00e0s 9:30 e \u00e0s 14:30;<\/span><\/span><\/span><\/p>\n<p class=\"western\" align=\"justify\"><span style=\"color: #000000\"><span style=\"font-family: Arial, sans-serif\"><span style=\"font-size: small\">9-Cada visita monitorada tem a dura\u00e7\u00e3o aproximada de 2 horas (das 09:30 \u00e0s 11:30 e das 14:30 \u00e0s 16:30);<\/span><\/span><\/span><\/p>\n<p class=\"western\" align=\"justify\"><span style=\"color: #000000\"><span style=\"font-family: Arial, sans-serif\"><span style=\"font-size: small\">10-A visita monitorada tem como tema os animais que vivem em Sorocaba e sua rela\u00e7\u00e3o com o Zoo de Sorocaba, atrav\u00e9s do importante papel que o zoo exerce para a conserva\u00e7\u00e3o das esp\u00e9cies da fauna;<\/span><\/span><\/span><\/p>\n<p class=\"western\" align=\"justify\"><span style=\"color: #000000\"><span style=\"font-family: Arial, sans-serif\"><span style=\"font-size: small\">11-A visita monitorada possui um roteiro pr\u00e9-estabelecido, passando pelos seguintes animais: lobo-guar\u00e1, cachorro-do-mato, on\u00e7a-parda, jaguatirica, papagaio-verdadeiro, coruja-de-igreja, c\u00e1gado, jiboia (n\u00e3o garantido);<\/span><\/span><\/span><\/p>\n<p class=\"western\" align=\"justify\"><span style=\"color: #000000\"><span style=\"font-family: Arial, sans-serif\"><span style=\"font-size: small\">12-Al\u00e9m dos animais a visita tamb\u00e9m permitir\u00e1 que o participante conhe\u00e7a parte dos bastidores do zool\u00f3gico (Setor de Biologia e Veterin\u00e1ria e Setor de Nutri\u00e7\u00e3o);<\/span><\/span><\/span><\/p>\n<p class=\"western\" align=\"justify\"><span style=\"color: #000000\"><span style=\"font-family: Arial, sans-serif\"><span style=\"font-size: small\">13-No caso de confirma\u00e7\u00e3o da participa\u00e7\u00e3o, o titular da vaga deve estar presente no dia da visita (os acompanhantes n\u00e3o poder\u00e3o participar sem a presen\u00e7a do titular da vaga, que tamb\u00e9m dever\u00e1 participar da visita);<\/span><\/span><\/span><\/p>\n<p class=\"western\" align=\"justify\"><span style=\"color: #000000\"><span style=\"font-family: Arial, sans-serif\"><span style=\"font-size: small\">14-Para a participa\u00e7\u00e3o na visita (ap\u00f3s feita confirma\u00e7\u00e3o) \u00e9 necess\u00e1rio apresentar o RG do titular da vaga;<\/span><\/span><\/span><\/p>\n<p class=\"western\" align=\"justify\"><span style=\"color: #000000\"><span style=\"font-family: Arial, sans-serif\"><span style=\"font-size: small\">15-N\u00e3o ser\u00e1 permitida a participa\u00e7\u00e3o de menores de 18 anos desacompanhados de um respons\u00e1vel.<\/span><\/span><\/span><\/p>\n<p class=\"western\" align=\"justify\"><span style=\"color: #000000\"><span style=\"font-family: Arial, sans-serif\"><span style=\"font-size: small\">ATEN\u00c7\u00c3O: Em caso de imprevisto, no qual houve a confirma\u00e7\u00e3o da participa\u00e7\u00e3o do titular da vaga, por\u00e9m se descobriu, posteriormente, que o mesmo n\u00e3o poder\u00e1 participar, dever\u00e1 ser enviado e-mail justificando a falta, com a maior anteced\u00eancia poss\u00edvel, sobre pena do mesmo ficar proibido de se inscrever em outras atividades educativas do zool\u00f3gico. Nestes casos, o pr\u00f3ximo inscrito ser\u00e1 contatado.<\/span><\/span><\/span><\/p>\n","protected":false},"excerpt":{"rendered":"<p>Voc\u00ea sabia que apesar de Sorocaba ser uma cidade grande ela tem ainda tem regi\u00f5es de floresta e que muitos animais silvestres ainda vivem aqui? Nos dias 12, 13, 26 e 27 de janeiro as pessoas que quiserem conhecer sobre os animais que vivem em Sorocaba e sobre o importante papel que o Zoo cumpre&nbsp; <a href=\"https:\/\/sorocaba.sp.gov.br\/ferias\/visita-monitorada-do-zoo-conhecendo-os-animais-que-vivem-em-sorocaba\/\">&hellip; Leia mais<\/a><\/p>\n","protected":false},"author":28,"featured_media":0,"parent":0,"menu_order":0,"comment_status":"closed","ping_status":"closed","template":"","meta":{"footnotes":""},"class_list":["post-176","page","type-page","status-publish","hentry"],"_links":{"self":[{"href":"https:\/\/sorocaba.sp.gov.br\/ferias\/wp-json\/wp\/v2\/pages\/176","targetHints":{"allow":["GET"]}}],"collection":[{"href":"https:\/\/sorocaba.sp.gov.br\/ferias\/wp-json\/wp\/v2\/pages"}],"about":[{"href":"https:\/\/sorocaba.sp.gov.br\/ferias\/wp-json\/wp\/v2\/types\/page"}],"author":[{"embeddable":true,"href":"https:\/\/sorocaba.sp.gov.br\/ferias\/wp-json\/wp\/v2\/users\/28"}],"replies":[{"embeddable":true,"href":"https:\/\/sorocaba.sp.gov.br\/ferias\/wp-json\/wp\/v2\/comments?post=176"}],"version-history":[{"count":4,"href":"https:\/\/sorocaba.sp.gov.br\/ferias\/wp-json\/wp\/v2\/pages\/176\/revisions"}],"predecessor-version":[{"id":193,"href":"https:\/\/sorocaba.sp.gov.br\/ferias\/wp-json\/wp\/v2\/pages\/176\/revisions\/193"}],"wp:attachment":[{"href":"https:\/\/sorocaba.sp.gov.br\/ferias\/wp-json\/wp\/v2\/media?parent=176"}],"curies":[{"name":"wp","href":"https:\/\/api.w.org\/{rel}","templated":true}]}}