{"id":182,"date":"2018-01-05T10:44:44","date_gmt":"2018-01-05T12:44:44","guid":{"rendered":"http:\/\/sorocaba.sp.gov.br\/ferias\/?page_id=182"},"modified":"2018-01-05T10:44:44","modified_gmt":"2018-01-05T12:44:44","slug":"conhecendo-os-animais-idosos-do-zoo","status":"publish","type":"page","link":"https:\/\/sorocaba.sp.gov.br\/ferias\/conhecendo-os-animais-idosos-do-zoo\/","title":{"rendered":"Conhecendo os animais idosos do ZOO"},"content":{"rendered":"<p align=\"justify\"><span style=\"color: #000000\"><span style=\"font-family: Arial, sans-serif\"><span style=\"font-size: small\">Nos dias <\/span><\/span><\/span><span style=\"color: #000000\"><span style=\"font-family: Arial, sans-serif\"><span style=\"font-size: small\"><b>14 e 28 de janeiro de 2018,<\/b><\/span><\/span><\/span><span style=\"color: #000000\"><span style=\"font-family: Arial, sans-serif\"><span style=\"font-size: small\"> o p\u00fablico que visitar o Zoo de Sorocaba ter\u00e1 uma oportunidade \u00fanica, pois poder\u00e1 ver como \u00e9 o tratamento carinhoso e especial que alguns dos animais mais antigos do zoo recebem. Nestes dias os visitantes poder\u00e3o ver os elefantes caminhando, a on\u00e7a-pintada brincando, a mandril f\u00eamea e os macacos-aranha comendo e at\u00e9 mesmo o hipop\u00f3tamo abrindo sua enorme boca.<\/span><\/span><\/span><\/p>\n<p align=\"justify\"><span style=\"font-family: 'Times New Roman', serif\"><span style=\"font-size: medium\"><span style=\"font-family: Arial, sans-serif\"><span style=\"font-size: small\">Estes animais vivem no zoo h\u00e1 bastante tempo e podem ser considerados \u201cidosos\u201d, ou seja, eles j\u00e1 viveram bastante e sua idade est\u00e1 pr\u00f3xima ou at\u00e9 mesmo supera o tempo de vida estimado para outros indiv\u00edduos da mesma esp\u00e9cie. <\/span><\/span><\/span><\/span><\/p>\n<p align=\"justify\"><span style=\"color: #000000\"><span style=\"font-family: Arial, sans-serif\"><span style=\"font-size: small\">\u00c9 sabido que a expectativa de vida dos animais que vivem sob cuidados humanos (em cativeiro) tende a ser maior do que aquela dos animais que vivem na natureza (em vida livre). Isso ocorre porque estes animais recebem abrigo; cuidados m\u00e9dicos regulares (preventivos ou tratamentos); uma alimenta\u00e7\u00e3o de qualidade, frequente e balanceada; al\u00e9m de estarem livres de predadores. No Zoo de Sorocaba esta realidade n\u00e3o \u00e9 diferente e o que o p\u00fablico ver\u00e1 faz parte da rotina de cuidados que estes animais recebem. O intuito da a\u00e7\u00e3o \u00e9 tornar o p\u00fablico mais pr\u00f3ximo dos animais idosos do zoo, gerando uma identifica\u00e7\u00e3o com os mesmos e sensibilizando para a conserva\u00e7\u00e3o da biodiversidade de esp\u00e9cies da fauna. <\/span><\/span><\/span><\/p>\n<p align=\"justify\"><span style=\"color: #000000\"><span style=\"font-family: Arial, sans-serif\"><span style=\"font-size: small\"><b>Data da a\u00e7\u00e3o: <\/b><\/span><\/span><\/span><span style=\"color: #000000\"><span style=\"font-family: Arial, sans-serif\"><span style=\"font-size: small\">Domingos, 14 e 28 de janeiro de 2018.<\/span><\/span><\/span><\/p>\n<p align=\"justify\"><span style=\"color: #000000\"><span style=\"font-family: Arial, sans-serif\"><span style=\"font-size: small\"><b>Hor\u00e1rios, atividades e animais envolvidos: <\/b><\/span><\/span><\/span><\/p>\n<p align=\"justify\"><span style=\"font-family: Arial, sans-serif\"><span style=\"font-size: small\">&#8211; Macacos-aranha brincando: 11:00;<\/span><\/span><\/p>\n<p align=\"justify\"><span style=\"font-family: Arial, sans-serif\"><span style=\"font-size: small\">&#8211; Hipop\u00f3tamo abrindo a boca: 13:00;<\/span><\/span><\/p>\n<p align=\"justify\"><span style=\"font-family: Arial, sans-serif\"><span style=\"font-size: small\">&#8211; Mandril f\u00eamea comendo: 14:00;<\/span><\/span><\/p>\n<p align=\"justify\"><span style=\"font-family: 'Times New Roman', serif\"><span style=\"font-size: medium\"><span style=\"font-family: Arial, sans-serif\"><span style=\"font-size: small\">&#8211; On\u00e7a-pintada brincando: 15:00;<\/span><\/span><\/span><\/span><\/p>\n<p align=\"justify\"><span style=\"color: #000000\"><span style=\"font-family: Arial, sans-serif\"><span style=\"font-size: small\">&#8211; Elefantes caminhando: 16:00.<\/span><\/span><\/span><\/p>\n<p align=\"justify\"><span style=\"color: #000000\"><span style=\"font-family: Arial, sans-serif\"><span style=\"font-size: small\"><b>Locais: <\/b><\/span><\/span><\/span><span style=\"color: #000000\"><span style=\"font-family: Arial, sans-serif\"><span style=\"font-size: small\">Em frente ao recinto das esp\u00e9cies.<\/span><\/span><\/span><\/p>\n<p align=\"justify\"><span style=\"color: #000000\"><span style=\"font-family: Arial, sans-serif\"><span style=\"font-size: small\"><b>P\u00fablico-alvo: <\/b><\/span><\/span><\/span><span style=\"color: #000000\"><span style=\"font-family: Arial, sans-serif\"><span style=\"font-size: small\">Visitantes do zoo.<\/span><\/span><\/span><\/p>\n<p align=\"justify\"><span style=\"color: #000000\"><span style=\"font-family: Arial, sans-serif\"><span style=\"font-size: small\"><b>Atividade gratuita, sem necessidade de inscri\u00e7\u00e3o pr\u00e9via, bastando estar presente na data\/hora\/local definidos anteriormente.<\/b><\/span><\/span><\/span><\/p>\n","protected":false},"excerpt":{"rendered":"<p>Nos dias 14 e 28 de janeiro de 2018, o p\u00fablico que visitar o Zoo de Sorocaba ter\u00e1 uma oportunidade \u00fanica, pois poder\u00e1 ver como \u00e9 o tratamento carinhoso e especial que alguns dos animais mais antigos do zoo recebem. Nestes dias os visitantes poder\u00e3o ver os elefantes caminhando, a on\u00e7a-pintada brincando, a mandril f\u00eamea&nbsp; <a href=\"https:\/\/sorocaba.sp.gov.br\/ferias\/conhecendo-os-animais-idosos-do-zoo\/\">&hellip; Leia mais<\/a><\/p>\n","protected":false},"author":28,"featured_media":0,"parent":0,"menu_order":0,"comment_status":"closed","ping_status":"closed","template":"","meta":{"footnotes":""},"class_list":["post-182","page","type-page","status-publish","hentry"],"_links":{"self":[{"href":"https:\/\/sorocaba.sp.gov.br\/ferias\/wp-json\/wp\/v2\/pages\/182","targetHints":{"allow":["GET"]}}],"collection":[{"href":"https:\/\/sorocaba.sp.gov.br\/ferias\/wp-json\/wp\/v2\/pages"}],"about":[{"href":"https:\/\/sorocaba.sp.gov.br\/ferias\/wp-json\/wp\/v2\/types\/page"}],"author":[{"embeddable":true,"href":"https:\/\/sorocaba.sp.gov.br\/ferias\/wp-json\/wp\/v2\/users\/28"}],"replies":[{"embeddable":true,"href":"https:\/\/sorocaba.sp.gov.br\/ferias\/wp-json\/wp\/v2\/comments?post=182"}],"version-history":[{"count":1,"href":"https:\/\/sorocaba.sp.gov.br\/ferias\/wp-json\/wp\/v2\/pages\/182\/revisions"}],"predecessor-version":[{"id":184,"href":"https:\/\/sorocaba.sp.gov.br\/ferias\/wp-json\/wp\/v2\/pages\/182\/revisions\/184"}],"wp:attachment":[{"href":"https:\/\/sorocaba.sp.gov.br\/ferias\/wp-json\/wp\/v2\/media?parent=182"}],"curies":[{"name":"wp","href":"https:\/\/api.w.org\/{rel}","templated":true}]}}