{"id":206,"date":"2018-01-15T11:22:57","date_gmt":"2018-01-15T13:22:57","guid":{"rendered":"http:\/\/sorocaba.sp.gov.br\/ferias\/?page_id=206"},"modified":"2018-01-15T11:22:57","modified_gmt":"2018-01-15T13:22:57","slug":"biblioteca-infantil","status":"publish","type":"page","link":"https:\/\/sorocaba.sp.gov.br\/ferias\/biblioteca-infantil\/","title":{"rendered":"Biblioteca Infantil"},"content":{"rendered":"<p style=\"text-align: justify;\">Oficina de culin\u00e1ria, dobradura e muitas brincadeiras. Esta ser\u00e1 a programa\u00e7\u00e3o especial de f\u00e9rias da Biblioteca Infantil Municipal \u201cRenato S\u00eaneca de S\u00e1 Fleury\u201d, que tem in\u00edcio nesta ter\u00e7a-feira (16), das 14h \u00e0s 16h. Ao todo, 28 crian\u00e7as de 7 a 10 anos de idade v\u00e3o se divertir com as atividades oferecidas gratuitamente pela Prefeitura de Sorocaba at\u00e9 quinta-feira (18).<\/p>\n<p style=\"text-align: justify;\">Realizada pela Secretaria de Cultura e Turismo (Secultur), o objetivo \u00e9 oferecer recrea\u00e7\u00e3o e lazer \u00e0s crian\u00e7as num dos espa\u00e7os mais especiais de Sorocaba durante o recesso escolar. As atividades ser\u00e3o desenvolvidas pela equipe t\u00e9cnica da Biblioteca Infantil e volunt\u00e1rios.<\/p>\n<p style=\"text-align: justify;\">Na ter\u00e7a-feira, as crian\u00e7as participar\u00e3o de uma oficina de dobraduras. Em seguida, ter\u00e3o brincadeiras com bexigas. Na quarta-feira, ser\u00e1 realizada uma oficina de culin\u00e1ria. Elas v\u00e3o preparar um lanche natural saud\u00e1vel, com receita de p\u00e3o caseiro integral e hamb\u00farguer de soja. Para encerrar, v\u00e3o brincar de esconde-esconde e queimada.<\/p>\n<p style=\"text-align: justify;\">J\u00e1 na quinta-feira, \u00faltimo dia de atividades, a programa\u00e7\u00e3o contar\u00e1 com diversas brincadeiras antigas e atuais, como boliche, amarelinha, futebol, pula-corda, pega-pega e ca\u00e7a ao tesouro.<\/p>\n<p style=\"text-align: justify;\">A Biblioteca Infantil est\u00e1 localizada na rua da Penha, 673, no Centro, e funciona de segunda a sexta-feira, das 8h \u00e0s 17h. Mais informa\u00e7\u00f5es pelo telefone (15) 3231.5723.<\/p>\n","protected":false},"excerpt":{"rendered":"<p>Oficina de culin\u00e1ria, dobradura e muitas brincadeiras. Esta ser\u00e1 a programa\u00e7\u00e3o especial de f\u00e9rias da Biblioteca Infantil Municipal \u201cRenato S\u00eaneca de S\u00e1 Fleury\u201d, que tem in\u00edcio nesta ter\u00e7a-feira (16), das 14h \u00e0s 16h. Ao todo, 28 crian\u00e7as de 7 a 10 anos de idade v\u00e3o se divertir com as atividades oferecidas gratuitamente pela Prefeitura de&nbsp; <a href=\"https:\/\/sorocaba.sp.gov.br\/ferias\/biblioteca-infantil\/\">&hellip; Leia mais<\/a><\/p>\n","protected":false},"author":7,"featured_media":0,"parent":0,"menu_order":0,"comment_status":"closed","ping_status":"closed","template":"","meta":{"footnotes":""},"class_list":["post-206","page","type-page","status-publish","hentry"],"_links":{"self":[{"href":"https:\/\/sorocaba.sp.gov.br\/ferias\/wp-json\/wp\/v2\/pages\/206","targetHints":{"allow":["GET"]}}],"collection":[{"href":"https:\/\/sorocaba.sp.gov.br\/ferias\/wp-json\/wp\/v2\/pages"}],"about":[{"href":"https:\/\/sorocaba.sp.gov.br\/ferias\/wp-json\/wp\/v2\/types\/page"}],"author":[{"embeddable":true,"href":"https:\/\/sorocaba.sp.gov.br\/ferias\/wp-json\/wp\/v2\/users\/7"}],"replies":[{"embeddable":true,"href":"https:\/\/sorocaba.sp.gov.br\/ferias\/wp-json\/wp\/v2\/comments?post=206"}],"version-history":[{"count":1,"href":"https:\/\/sorocaba.sp.gov.br\/ferias\/wp-json\/wp\/v2\/pages\/206\/revisions"}],"predecessor-version":[{"id":208,"href":"https:\/\/sorocaba.sp.gov.br\/ferias\/wp-json\/wp\/v2\/pages\/206\/revisions\/208"}],"wp:attachment":[{"href":"https:\/\/sorocaba.sp.gov.br\/ferias\/wp-json\/wp\/v2\/media?parent=206"}],"curies":[{"name":"wp","href":"https:\/\/api.w.org\/{rel}","templated":true}]}}