{"id":46,"date":"2017-06-30T12:40:52","date_gmt":"2017-06-30T15:40:52","guid":{"rendered":"http:\/\/sorocaba.sp.gov.br\/ferias\/?page_id=46"},"modified":"2018-01-12T12:17:50","modified_gmt":"2018-01-12T14:17:50","slug":"animazoo","status":"publish","type":"page","link":"https:\/\/sorocaba.sp.gov.br\/ferias\/animazoo\/","title":{"rendered":"Animazoo Adolescente &#8211; As inscri\u00e7\u00f5es encerraram no dia 09\/01 , todos os inscritos foram contemplados e dever\u00e3o confirmar interesse pela vaga at\u00e9 o dia 16\/01 respondendo email com demais orienta\u00e7\u00f5es que ser\u00e1 encaminhado at\u00e9 o dia 12\/01"},"content":{"rendered":"<header>\n<p align=\"justify\">Nos dias\u00a0<b>22<\/b>\u00a0<b>\u00e0 25 de janeiro de 2018,<\/b>\u00a0o Zool\u00f3gico de Sorocaba realizar\u00e1 mais uma edi\u00e7\u00e3o do curso de f\u00e9rias Animazoo Adolescente (para jovens entre 13 e 17 anos). Com o tema \u201cZool\u00f3gicos Contempor\u00e2neos\u201d e o lema\u00a0\u201cO Zoo de Sorocaba \u00e9 demais!\u201d,\u00a0este curso tem como objetivo levar os adolescentes a conhecerem as fun\u00e7\u00f5es que os zool\u00f3gicos atuais possuem e refletirem sobre a import\u00e2ncia que eles tem para a sociedade.<\/p>\n<p class=\"western\" align=\"justify\">Os zool\u00f3gicos foram criados, originalmente, como um local de contempla\u00e7\u00e3o de animais, onde, na maioria das vezes, esses animais eram retirados da natureza e tratados de maneira cruel. Atualmente, no entanto, os zool\u00f3gicos t\u00eam diversas fun\u00e7\u00f5es, que levam sempre em considera\u00e7\u00e3o a conserva\u00e7\u00e3o das esp\u00e9cies e o bem-estar dos animais.<\/p>\n<p class=\"western\" align=\"justify\">Semelhantemente \u00e0s outras edi\u00e7\u00f5es, este Animazoo ter\u00e1 muito \u201cbate-papo\u201d, oficinas, gincanas, jogos e outras atividades l\u00fadicas.\u00a0Ser\u00e3o disponibilizadas 40 vagas que ser\u00e3o preenchidas mediante sorteio, caso o n\u00famero de inscritos ultrapasse esse total. Para participar, os interessados dever\u00e3o realizar sua inscri\u00e7\u00e3o pr\u00e9via, exclusivamente online, atrav\u00e9s do site da Secretaria do Meio Ambiente, Parques e Jardins (meioambiente.sorocaba.sp.gov.br), conforme datas e hor\u00e1rios definidos abaixo:<\/p>\n<p class=\"western\" align=\"justify\"><b>Data do Animazoo:\u00a0<\/b>de 22\/01\/18 (segunda-feira) \u00e0 25\/01\/2018 (quinta-feira), no per\u00edodo da tarde.<\/p>\n<p class=\"western\" align=\"justify\"><b>Inscri\u00e7\u00f5es:<\/b>\u00a0De\u00a005\/01\/18 (sexta-feira) \u00e0 09\/01\/18 (ter\u00e7a-feira),\u00a0exclusivamente atrav\u00e9s site da Secretaria do Meio Ambiente, Parques e Jardins<\/p>\n<p class=\"western\" align=\"justify\"><b>Sorteio de vagas (caso necess\u00e1rio):<\/b>\u00a011\/01\/18 (quinta-feira)\u00a0\u00e0s 14:00 no audit\u00f3rio fechado do Zoo de Sorocaba (a presen\u00e7a n\u00e3o \u00e9 obrigat\u00f3ria)<b>.\u00a0<\/b><\/p>\n<p class=\"western\" align=\"justify\"><b>P\u00fablico-alvo:\u00a0<\/b>Adolescentes entre 13 e 17 anos.<\/p>\n<pre class=\"western\"><a href=\"https:\/\/docs.google.com\/forms\/d\/e\/1FAIpQLSeFF5OUF1l5Gk_onMzI5ZvNNb7c-H6umm4Cn9nudPbFxxBijA\/closedform\"> <span style=\"text-decoration: underline\"><strong><span style=\"color: #0000ff;text-decoration: underline\">INSCRI\u00c7\u00d5ES ENCERRADAS<\/span><\/strong><\/span> <strong><span style=\"color: #0000ff\">!!!<\/span><\/strong><\/a><\/pre>\n<h5 class=\"western\" align=\"justify\">\u00a0<b>Atividade gratuita<\/b>,<b>\u00a0informa\u00e7\u00f5es importantes a seguir:<\/b><\/h5>\n<p align=\"justify\"><u>INFORMA\u00c7\u00d5ES IMPORTANTES<\/u><\/p>\n<p align=\"justify\">(Por favor, leia com aten\u00e7\u00e3o!)<\/p>\n<p align=\"justify\">1-Somente poder\u00e3o participar do Animazoo Adolescente, jovens entre 13 anos (que tenham completado 13 anos at\u00e9 o 1\u00ba dia de curso) e 17 anos (que n\u00e3o tenham completado 18 anos at\u00e9 o \u00faltimo dia de curso);<\/p>\n<p align=\"justify\">2-Para o Animazoo Adolescente ser\u00e3o disponibilizadas 40 vagas para participantes (e 20 vagas para suplentes);<\/p>\n<p align=\"justify\">3-O Animazoo adolescente acontecer\u00e1 entre os dias 22\/01\/18 (segunda-feira) e 25\/01\/18 (quinta-feira) no Zool\u00f3gico de Sorocaba<u>, no per\u00edodo da tarde<\/u><u>\u00a0(o hor\u00e1rio exato e a programa\u00e7\u00e3o detalhada ser\u00e3o passados na reuni\u00e3o com os respons\u00e1veis);<\/u><\/p>\n<p align=\"justify\">4-A inscri\u00e7\u00e3o poder\u00e1 ser realizada entre as\u00a014:00 do dia\u00a005\/01\/18 (sexta-feira)\u00a0\u00e0s 23:59 do dia09\/01\/18 (ter\u00e7a-feira);<\/p>\n<p align=\"justify\">5-A inscri\u00e7\u00e3o deve ser realizada pela internet,\u00a0<u>exclusivamente<\/u>\u00a0atrav\u00e9s do site da Secretaria do Meio Ambiente, Parques e Jardins (<span lang=\"zxx\"><u><a href=\"http:\/\/meioambiente.sorocaba.sp.gov.br\/\">meioambiente.sorocaba.sp.gov.br<\/a><\/u><\/span>);<\/p>\n<p align=\"justify\">6-Caso o n\u00famero de inscritos ultrapasse a quantidade de vagas, ser\u00e1 realizado um sorteio;<\/p>\n<p align=\"justify\">7-O sorteio, caso necess\u00e1rio, ser\u00e1 realizado \u00e0s 14:00 do dia\u00a011\/01\/18 (quinta-feira)\u00a0no audit\u00f3rio fechado do Zool\u00f3gico de Sorocaba.\u00a0O sorteio ser\u00e1 aberto ao p\u00fablico, por\u00e9m a presen\u00e7a dos inscritos<u>n\u00e3o \u00e9<\/u>\u00a0obrigat\u00f3ria.<\/p>\n<p align=\"justify\">8-A lista de sorteados e suplentes estar\u00e3o fixadas na bilheteria do Zool\u00f3gico de Sorocaba e dispon\u00edveis no site da Secretaria do Meio Ambiente, Parques e Jardins (<span lang=\"zxx\"><u><a href=\"http:\/\/meioambiente.sorocaba.sp.gov.br\/\">http:\/\/meioambiente.sorocaba.sp.gov.br\/<\/a><\/u><\/span>) a partir\u00a0das 17:00 do dia 12\/01\/18 (sexta-feira);<\/p>\n<p align=\"justify\">9-Os sorteados\u00a0ser\u00e3o contatados exclusivamente por email no dia 12\/01\/18 (sexta-feira)\u00a0e\u00a0dever\u00e3o confirmar a participa\u00e7\u00e3o do inscrito at\u00e9 o dia 16\/01\/18 (ter\u00e7a-feira), exclusivamente respondendo o e-mail recebido;<\/p>\n<p align=\"justify\">10-<u>Sorteados que n\u00e3o confirmarem a presen\u00e7a at\u00e9 as 23:59 do dia 16\/01\/18<\/u>\u00a0(atrav\u00e9s do procedimento descrito no item anterior) perder\u00e3o a vaga e um suplente ser\u00e1 chamado (seguindo a ordem da lista de suplentes);<\/p>\n<p align=\"justify\">11-No dia 17\/01\/18 (quarta-feira) \u00e0s 19:00 ser\u00e1 realizada, no audit\u00f3rio fechado do Zoo de Sorocaba, uma reuni\u00e3o com os respons\u00e1veis pelos jovens sorteados e que confirmaram presen\u00e7a, cuja participa\u00e7\u00e3o de um respons\u00e1vel maior de 21 anos \u00e9 obrigat\u00f3ria.\u00a0<u>A aus\u00eancia do respons\u00e1vel nesta reuni\u00e3o acarretar\u00e1 na impossibilidade de participa\u00e7\u00e3o do jovem e na chamada de um suplente<\/u>;<\/p>\n<p align=\"justify\">12-Ser\u00e1 obrigat\u00f3ria a apresenta\u00e7\u00e3o e entrega de c\u00f3pia do RG do jovem no dia da reuni\u00e3o com os respons\u00e1veis (17\/01\/2018).\u00a0<u>A n\u00e3o apresenta\u00e7\u00e3o acarretar\u00e1 na impossibilidade de participa\u00e7\u00e3o do jovem e na chamada de um suplente<\/u><\/p>\n<p align=\"justify\">13-O cronograma detalhado do curso (hor\u00e1rios e atividades a serem realizadas), demais orienta\u00e7\u00f5es (o que levar, o que vestir, etc) e os documentos que precisam ser preenchidos ser\u00e3o entregues para os sorteados que confirmarem a presen\u00e7a via e-mail e no dia da reuni\u00e3o com os respons\u00e1veis.<\/p>\n<p align=\"justify\">14-ATEN\u00c7\u00c3O: Devido \u00e0 grande procura de interessados em participar dos cursos de f\u00e9rias, em caso de imprevisto, no qual houve a confirma\u00e7\u00e3o da participa\u00e7\u00e3o do adolescente sorteado por\u00e9m se descobriu, posteriormente, que o mesmo n\u00e3o poder\u00e1 participar, dever\u00e1 ser enviado novo e-mail justificando a falta, com a maior anteced\u00eancia poss\u00edvel, sobre pena do adolescente ficar proibido de se inscrever na pr\u00f3xima edi\u00e7\u00e3o do curso de f\u00e9rias. Nestes casos, o pr\u00f3ximo adolescente suplente da lista ser\u00e1 chamado para ocupar a vaga.<\/p>\n<\/header>\n","protected":false},"excerpt":{"rendered":"<p>Nos dias\u00a022\u00a0\u00e0 25 de janeiro de 2018,\u00a0o Zool\u00f3gico de Sorocaba realizar\u00e1 mais uma edi\u00e7\u00e3o do curso de f\u00e9rias Animazoo Adolescente (para jovens entre 13 e 17 anos). Com o tema \u201cZool\u00f3gicos Contempor\u00e2neos\u201d e o lema\u00a0\u201cO Zoo de Sorocaba \u00e9 demais!\u201d,\u00a0este curso tem como objetivo levar os adolescentes a conhecerem as fun\u00e7\u00f5es que os zool\u00f3gicos atuais&nbsp; <a href=\"https:\/\/sorocaba.sp.gov.br\/ferias\/animazoo\/\">&hellip; Leia mais<\/a><\/p>\n","protected":false},"author":7,"featured_media":0,"parent":0,"menu_order":0,"comment_status":"closed","ping_status":"closed","template":"","meta":{"footnotes":""},"class_list":["post-46","page","type-page","status-publish","hentry"],"_links":{"self":[{"href":"https:\/\/sorocaba.sp.gov.br\/ferias\/wp-json\/wp\/v2\/pages\/46","targetHints":{"allow":["GET"]}}],"collection":[{"href":"https:\/\/sorocaba.sp.gov.br\/ferias\/wp-json\/wp\/v2\/pages"}],"about":[{"href":"https:\/\/sorocaba.sp.gov.br\/ferias\/wp-json\/wp\/v2\/types\/page"}],"author":[{"embeddable":true,"href":"https:\/\/sorocaba.sp.gov.br\/ferias\/wp-json\/wp\/v2\/users\/7"}],"replies":[{"embeddable":true,"href":"https:\/\/sorocaba.sp.gov.br\/ferias\/wp-json\/wp\/v2\/comments?post=46"}],"version-history":[{"count":29,"href":"https:\/\/sorocaba.sp.gov.br\/ferias\/wp-json\/wp\/v2\/pages\/46\/revisions"}],"predecessor-version":[{"id":204,"href":"https:\/\/sorocaba.sp.gov.br\/ferias\/wp-json\/wp\/v2\/pages\/46\/revisions\/204"}],"wp:attachment":[{"href":"https:\/\/sorocaba.sp.gov.br\/ferias\/wp-json\/wp\/v2\/media?parent=46"}],"curies":[{"name":"wp","href":"https:\/\/api.w.org\/{rel}","templated":true}]}}