{"id":2,"date":"2017-07-07T12:20:15","date_gmt":"2017-07-07T15:20:15","guid":{"rendered":"http:\/\/sorocaba.sp.gov.br\/jogosregionais\/?page_id=2"},"modified":"2019-06-26T08:38:28","modified_gmt":"2019-06-26T11:38:28","slug":"inicio","status":"publish","type":"page","link":"https:\/\/sorocaba.sp.gov.br\/jogosregionais\/","title":{"rendered":"Boas-Vindas"},"content":{"rendered":"<p style=\"text-align: justify\">\u00c9 com muita alegria e orgulho que Sorocaba \u00e9, mais uma vez, sede dos Jogos Regionais, que neste ano chega a sua 63\u00aa edi\u00e7\u00e3o. \u00c9 uma satisfa\u00e7\u00e3o para a nossa cidade receber tantos amigos, entre atletas, dirigentes, t\u00e9cnicos esportivos, imprensa e demais pessoas que ir\u00e3o participar, de alguma forma deste que \u00e9 um dos mais importantes eventos esportivos envolvendo cidades de toda a nossa regi\u00e3o.<\/p>\n<p style=\"text-align: justify\">Compreendemos o esporte como um mecanismo ativo de transforma\u00e7\u00e3o social, necess\u00e1rio e fundamental para a constru\u00e7\u00e3o de uma sociedade melhor e mais saud\u00e1vel. Esperamos que a passagem de tantos esportistas em Sorocaba resulte no aprofundamento da amizade entre nossas cidades. Bons jogos a todos!<\/p>\n<p><strong>Jos\u00e9 Ant\u00f4nio Caldini Crespo<\/strong><br \/>\nPrefeito de Sorocaba<\/p>\n","protected":false},"excerpt":{"rendered":"<p>\u00c9 com muita alegria e orgulho que Sorocaba \u00e9, mais uma vez, sede dos Jogos Regionais, que neste ano chega a sua 63\u00aa edi\u00e7\u00e3o. \u00c9 uma satisfa\u00e7\u00e3o para a nossa cidade receber tantos amigos, entre atletas, dirigentes, t\u00e9cnicos esportivos, imprensa e demais pessoas que ir\u00e3o participar, de alguma forma deste que \u00e9 um dos mais&nbsp; <a href=\"https:\/\/sorocaba.sp.gov.br\/jogosregionais\/\">&hellip; Leia mais<\/a><\/p>\n","protected":false},"author":7,"featured_media":0,"parent":0,"menu_order":0,"comment_status":"closed","ping_status":"open","template":"","meta":{"footnotes":""},"class_list":["post-2","page","type-page","status-publish","hentry"],"_links":{"self":[{"href":"https:\/\/sorocaba.sp.gov.br\/jogosregionais\/wp-json\/wp\/v2\/pages\/2","targetHints":{"allow":["GET"]}}],"collection":[{"href":"https:\/\/sorocaba.sp.gov.br\/jogosregionais\/wp-json\/wp\/v2\/pages"}],"about":[{"href":"https:\/\/sorocaba.sp.gov.br\/jogosregionais\/wp-json\/wp\/v2\/types\/page"}],"author":[{"embeddable":true,"href":"https:\/\/sorocaba.sp.gov.br\/jogosregionais\/wp-json\/wp\/v2\/users\/7"}],"replies":[{"embeddable":true,"href":"https:\/\/sorocaba.sp.gov.br\/jogosregionais\/wp-json\/wp\/v2\/comments?post=2"}],"version-history":[{"count":7,"href":"https:\/\/sorocaba.sp.gov.br\/jogosregionais\/wp-json\/wp\/v2\/pages\/2\/revisions"}],"predecessor-version":[{"id":163,"href":"https:\/\/sorocaba.sp.gov.br\/jogosregionais\/wp-json\/wp\/v2\/pages\/2\/revisions\/163"}],"wp:attachment":[{"href":"https:\/\/sorocaba.sp.gov.br\/jogosregionais\/wp-json\/wp\/v2\/media?parent=2"}],"curies":[{"name":"wp","href":"https:\/\/api.w.org\/{rel}","templated":true}]}}