{"id":157,"date":"2015-03-27T08:26:38","date_gmt":"2015-03-27T11:26:38","guid":{"rendered":"http:\/\/sorocaba.sp.gov.br\/linc\/?page_id=157"},"modified":"2015-03-27T08:26:38","modified_gmt":"2015-03-27T11:26:38","slug":"linc-2015","status":"publish","type":"page","link":"https:\/\/sorocaba.sp.gov.br\/linc\/","title":{"rendered":"LINC 2015"},"content":{"rendered":"<h3>Prefeitura abre inscri\u00e7\u00f5es para o Projetos Culturais nas \u00e1reas contempladas pela Lei de Incentivo \u00e0 Cultura <\/h3>\n<p>A Prefeitura de Sorocaba, por meio da Secretaria da Cultura, abre inscri\u00e7\u00f5es para Projetos Culturais a serem contemplados pela Lei de Incentivo \u00e0 Cultura, edital 2015. As inscri\u00e7\u00f5es acontecem entre 27 de mar\u00e7o a 11 de maio de 2015 e dever\u00e3o ser entregues pessoalmente pelo proponente do projeto na Secretaria da Cultura, Rua Souza Pereira, 440, Centro, CEP 18010-320, Sorocaba\/SP.<\/p>\n<p>A inscri\u00e7\u00e3o dos projetos se dar\u00e1 por duas categorias: Primeiros Projetos e Projetos Experientes. Na categoria \u201cPrimeiros Projetos\u201d poder\u00e3o se inscrever proponentes que n\u00e3o foram contemplados anteriormente por incentivos culturais disponibilizados pela Lei de Incentivo \u00e0 Cultura de Sorocaba. A verba destinada para este Edital \u00e9 de R$ 1.000.000,00 (um milh\u00e3o de reais), do montante total, at\u00e9 10% ser\u00e1 reservado para custear o processo de avalia\u00e7\u00e3o. Do montante restante, 20% (vinte por cento) ser\u00e1 disponibilizada para a Categoria Primeiros Projetos e 80% (oitenta por cento) a Categoria Projetos Experientes.<\/p>\n<p>Poder\u00e3o se inscrever projetos nas \u00e1reas seguintes \u00e1reas: Artes C\u00eanicas, Artes Visuais, Cinema e V\u00eddeo, Letras, M\u00fasica, Forma\u00e7\u00e3o Cultural, Patrim\u00f4nio Hist\u00f3rico e Cultural e Festivais. Para inscri\u00e7\u00e3o, devem ser apresentados, junto ao projeto, o Formul\u00e1rio-Guia e os documentos exigidos no edital espec\u00edfico, publicado no Jornal do Munic\u00edpio e dispon\u00edvel no portal da prefeitura. <\/p>\n<p>Mais informa\u00e7\u00f5es podem ser obtidas pelo telefone 3234-7332, das 9 \u00e0s11 horas e das 13 \u00e0s 16 horas, pelo e-mail linc@sorocaba.sp.gov.br e no site sorocaba.sp.gov.br. O plant\u00e3o de d\u00favidas referente \u00e0 elabora\u00e7\u00e3o de projetos ser\u00e1 no per\u00edodo de 30 de Mar\u00e7o a 04 de Maio de 2015, mediante agendamento pr\u00e9vio, realizado por meio dos contatos acima.<\/p>\n","protected":false},"excerpt":{"rendered":"<p>Prefeitura abre inscri\u00e7\u00f5es para o Projetos Culturais nas \u00e1reas contempladas pela Lei de Incentivo \u00e0 Cultura A Prefeitura de Sorocaba, por meio da Secretaria da Cultura, abre inscri\u00e7\u00f5es para Projetos Culturais a serem contemplados pela Lei de Incentivo \u00e0 Cultura, edital 2015. As inscri\u00e7\u00f5es acontecem entre 27 de mar\u00e7o a 11 de maio de 2015&nbsp; <a href=\"https:\/\/sorocaba.sp.gov.br\/linc\/\">&hellip; Leia mais<\/a><\/p>\n","protected":false},"author":12,"featured_media":0,"parent":0,"menu_order":0,"comment_status":"open","ping_status":"open","template":"","meta":{"footnotes":""},"class_list":["post-157","page","type-page","status-publish","hentry"],"_links":{"self":[{"href":"https:\/\/sorocaba.sp.gov.br\/linc\/wp-json\/wp\/v2\/pages\/157","targetHints":{"allow":["GET"]}}],"collection":[{"href":"https:\/\/sorocaba.sp.gov.br\/linc\/wp-json\/wp\/v2\/pages"}],"about":[{"href":"https:\/\/sorocaba.sp.gov.br\/linc\/wp-json\/wp\/v2\/types\/page"}],"author":[{"embeddable":true,"href":"https:\/\/sorocaba.sp.gov.br\/linc\/wp-json\/wp\/v2\/users\/12"}],"replies":[{"embeddable":true,"href":"https:\/\/sorocaba.sp.gov.br\/linc\/wp-json\/wp\/v2\/comments?post=157"}],"version-history":[{"count":1,"href":"https:\/\/sorocaba.sp.gov.br\/linc\/wp-json\/wp\/v2\/pages\/157\/revisions"}],"predecessor-version":[{"id":159,"href":"https:\/\/sorocaba.sp.gov.br\/linc\/wp-json\/wp\/v2\/pages\/157\/revisions\/159"}],"wp:attachment":[{"href":"https:\/\/sorocaba.sp.gov.br\/linc\/wp-json\/wp\/v2\/media?parent=157"}],"curies":[{"name":"wp","href":"https:\/\/api.w.org\/{rel}","templated":true}]}}