{"id":115,"date":"2023-11-22T19:32:57","date_gmt":"2023-11-22T22:32:57","guid":{"rendered":"http:\/\/sorocaba.sp.gov.br\/nataliluminado2023\/?page_id=115"},"modified":"2023-11-23T15:58:52","modified_gmt":"2023-11-23T18:58:52","slug":"outras-atividades-do-natal-2023","status":"publish","type":"page","link":"https:\/\/sorocaba.sp.gov.br\/nataliluminado2023\/outras-atividades-do-natal-2023\/","title":{"rendered":"Outras atividades do Natal 2023"},"content":{"rendered":"<p><img loading=\"lazy\" decoding=\"async\" class=\"aligncenter wp-image-175 size-large\" src=\"http:\/\/sorocaba.sp.gov.br\/nataliluminado2023\/wp-content\/uploads\/sites\/78\/2023\/11\/a84f2b07-0dc4-4336-a007-15ebfd72bfef-970x970.jpg\" alt=\"a84f2b07-0dc4-4336-a007-15ebfd72bfef\" width=\"600\" height=\"600\" srcset=\"https:\/\/sorocaba.sp.gov.br\/nataliluminado2023\/wp-content\/uploads\/sites\/78\/2023\/11\/a84f2b07-0dc4-4336-a007-15ebfd72bfef-970x970.jpg 970w, https:\/\/sorocaba.sp.gov.br\/nataliluminado2023\/wp-content\/uploads\/sites\/78\/2023\/11\/a84f2b07-0dc4-4336-a007-15ebfd72bfef-300x300.jpg 300w, https:\/\/sorocaba.sp.gov.br\/nataliluminado2023\/wp-content\/uploads\/sites\/78\/2023\/11\/a84f2b07-0dc4-4336-a007-15ebfd72bfef-768x768.jpg 768w, https:\/\/sorocaba.sp.gov.br\/nataliluminado2023\/wp-content\/uploads\/sites\/78\/2023\/11\/a84f2b07-0dc4-4336-a007-15ebfd72bfef.jpg 1080w\" sizes=\"auto, (max-width: 600px) 100vw, 600px\" \/><\/p>\n<p style=\"text-align: justify;\"><strong>Jardim Bot\u00e2nico de Sorocaba oferece Cantata de Natal no dia 2 de dezembro<\/strong><\/p>\n<p style=\"text-align: justify;\">No dia 2 de dezembro, \u00e0s 19h30, as fam\u00edlias sorocabanas ter\u00e3o a oportunidade de conferir a Cantata de Natal, com o Coral da Vila, composto por cantores de diversas igrejas Adventistas da Zona Norte de Sorocaba, no Palacete de Cristal do Jardim Bot\u00e2nico \u201cIrm\u00e3os Villas-B\u00f4as\u201d. A entrada \u00e9 gratuita e aberta a todos.<br \/>\nA iniciativa \u00e9 realizada em uma parceria da Prefeitura de Sorocaba, por meio da Secretaria do Meio Ambiente, Prote\u00e7\u00e3o e Bem-Estar Animal (Sema), e a Igreja Adventista do S\u00e9timo Dia &#8211; Distrito de Vila Helena, com o intuito de levar, de uma forma especial, o esp\u00edrito natalino a crian\u00e7as, jovens e adultos, em um dos principais cart\u00f5es-postais da cidade.<br \/>\nNo local, o p\u00fablico vai conferir um repert\u00f3rio emocionante, com m\u00fasicas tradicionais e contempor\u00e2neas de Natal, como \u201cCan\u00e7\u00e3o dos Sinos\u201d, \u201cOde \u00e0 Alegria\u201d e \u201cA Can\u00e7\u00e3o de Natal\u201d, que d\u00e1 nome ao programa do Coral da Vila.<br \/>\nO Jardim Bot\u00e2nico est\u00e1 localizado na Rua Miguel Montoro Lozano, 340, no Jardim Dois Cora\u00e7\u00f5es. Mais informa\u00e7\u00f5es sobre a Cantata de Natal podem ser obtidas, de segunda a sexta-feira, das 9h \u00e0s 17h, pelo telefone: (15) 3235-1130 ou pelo e-mail: jardimbotanico@sorocaba.sp.gov.br.<\/p>\n<div id=\"njcdgcofcbnlbpkpdhmlmiblaglnkpnj\"><\/div>\n","protected":false},"excerpt":{"rendered":"<p>Jardim Bot\u00e2nico de Sorocaba oferece Cantata de Natal no dia 2 de dezembro No dia 2 de dezembro, \u00e0s 19h30, as fam\u00edlias sorocabanas ter\u00e3o a oportunidade de conferir a Cantata de Natal, com o Coral da Vila, composto por cantores de diversas igrejas Adventistas da Zona Norte de Sorocaba, no Palacete de Cristal do Jardim&nbsp; <a href=\"https:\/\/sorocaba.sp.gov.br\/nataliluminado2023\/outras-atividades-do-natal-2023\/\">&hellip; Leia mais<\/a><\/p>\n","protected":false},"author":37,"featured_media":0,"parent":0,"menu_order":0,"comment_status":"closed","ping_status":"closed","template":"","meta":{"footnotes":""},"class_list":["post-115","page","type-page","status-publish","hentry"],"_links":{"self":[{"href":"https:\/\/sorocaba.sp.gov.br\/nataliluminado2023\/wp-json\/wp\/v2\/pages\/115","targetHints":{"allow":["GET"]}}],"collection":[{"href":"https:\/\/sorocaba.sp.gov.br\/nataliluminado2023\/wp-json\/wp\/v2\/pages"}],"about":[{"href":"https:\/\/sorocaba.sp.gov.br\/nataliluminado2023\/wp-json\/wp\/v2\/types\/page"}],"author":[{"embeddable":true,"href":"https:\/\/sorocaba.sp.gov.br\/nataliluminado2023\/wp-json\/wp\/v2\/users\/37"}],"replies":[{"embeddable":true,"href":"https:\/\/sorocaba.sp.gov.br\/nataliluminado2023\/wp-json\/wp\/v2\/comments?post=115"}],"version-history":[{"count":9,"href":"https:\/\/sorocaba.sp.gov.br\/nataliluminado2023\/wp-json\/wp\/v2\/pages\/115\/revisions"}],"predecessor-version":[{"id":176,"href":"https:\/\/sorocaba.sp.gov.br\/nataliluminado2023\/wp-json\/wp\/v2\/pages\/115\/revisions\/176"}],"wp:attachment":[{"href":"https:\/\/sorocaba.sp.gov.br\/nataliluminado2023\/wp-json\/wp\/v2\/media?parent=115"}],"curies":[{"name":"wp","href":"https:\/\/api.w.org\/{rel}","templated":true}]}}