{"id":126,"date":"2023-11-23T15:19:00","date_gmt":"2023-11-23T18:19:00","guid":{"rendered":"http:\/\/sorocaba.sp.gov.br\/nataliluminado2023\/?page_id=126"},"modified":"2023-11-23T15:52:58","modified_gmt":"2023-11-23T18:52:58","slug":"circo-douver-circus-no-paco","status":"publish","type":"page","link":"https:\/\/sorocaba.sp.gov.br\/nataliluminado2023\/circo-douver-circus-no-paco\/","title":{"rendered":"Circo &#8220;Douver Circus&#8221; no Pa\u00e7o"},"content":{"rendered":"<p><img loading=\"lazy\" decoding=\"async\" class=\"aligncenter wp-image-161 size-large\" src=\"http:\/\/sorocaba.sp.gov.br\/nataliluminado2023\/wp-content\/uploads\/sites\/78\/2023\/11\/douver-970x472.jpg\" alt=\"douver\" width=\"600\" height=\"292\" srcset=\"https:\/\/sorocaba.sp.gov.br\/nataliluminado2023\/wp-content\/uploads\/sites\/78\/2023\/11\/douver-970x472.jpg 970w, https:\/\/sorocaba.sp.gov.br\/nataliluminado2023\/wp-content\/uploads\/sites\/78\/2023\/11\/douver-470x229.jpg 470w, https:\/\/sorocaba.sp.gov.br\/nataliluminado2023\/wp-content\/uploads\/sites\/78\/2023\/11\/douver-768x374.jpg 768w, https:\/\/sorocaba.sp.gov.br\/nataliluminado2023\/wp-content\/uploads\/sites\/78\/2023\/11\/douver.jpg 1024w\" sizes=\"auto, (max-width: 600px) 100vw, 600px\" \/><\/p>\n<p style=\"text-align: justify;\">O Circo Douver Circus ter\u00e1 apresenta\u00e7\u00f5es gratuitas no Pa\u00e7o Municipal, de 9 a 17 de dezembro e de 21 a 23 de dezembro, de segunda a sexta-feira, \u00e0s 20h, e aos s\u00e1bados e domingos, \u00e0s 18h e \u00e0s 20h, viabilizadas pelo Programa de A\u00e7\u00e3o Cultural (ProAC), do Governo do Estado.<\/p>\n<p style=\"text-align: justify;\">A cada dia, ser\u00e1 exibida uma com\u00e9dia diferente, com atra\u00e7\u00f5es, como m\u00e1gico, malabarista, equilibrista, entre outras, al\u00e9m da presen\u00e7a do Palha\u00e7o Peteleco, vencedor do quadro \u201cCirco do Faust\u00e3o\u201d, e de shows com personagens, como Masha e o Urso, Mickey e Minnie.<\/p>\n<p style=\"text-align: justify;\">Os 500 ingressos gratuitos, por apresenta\u00e7\u00e3o, ser\u00e3o distribu\u00eddos nos dias dos espet\u00e1culos, das 9h \u00e0s 18h. As pessoas que forem conferir o circo ainda poder\u00e3o ajudar, levando um quilo de alimento n\u00e3o perec\u00edvel para a campanha \u201cA Fome n\u00e3o \u00e9 Fake!\u201d, do Fundo Social de Solidariedade de Sorocaba. Todas essas doa\u00e7\u00f5es ser\u00e3o destinadas a fam\u00edlias em situa\u00e7\u00e3o de vulnerabilidade social no munic\u00edpio.<\/p>\n<p style=\"text-align: justify;\">O Pa\u00e7o Municipal est\u00e1 localizado na Avenida Engenheiro Carlos Reinaldo Mendes, 3.041, no Alto da Boa Vista.<\/p>\n<div id=\"njcdgcofcbnlbpkpdhmlmiblaglnkpnj\"><\/div>\n","protected":false},"excerpt":{"rendered":"<p>O Circo Douver Circus ter\u00e1 apresenta\u00e7\u00f5es gratuitas no Pa\u00e7o Municipal, de 9 a 17 de dezembro e de 21 a 23 de dezembro, de segunda a sexta-feira, \u00e0s 20h, e aos s\u00e1bados e domingos, \u00e0s 18h e \u00e0s 20h, viabilizadas pelo Programa de A\u00e7\u00e3o Cultural (ProAC), do Governo do Estado. A cada dia, ser\u00e1 exibida&nbsp; <a href=\"https:\/\/sorocaba.sp.gov.br\/nataliluminado2023\/circo-douver-circus-no-paco\/\">&hellip; Leia mais<\/a><\/p>\n","protected":false},"author":37,"featured_media":0,"parent":0,"menu_order":0,"comment_status":"closed","ping_status":"closed","template":"","meta":{"footnotes":""},"class_list":["post-126","page","type-page","status-publish","hentry"],"_links":{"self":[{"href":"https:\/\/sorocaba.sp.gov.br\/nataliluminado2023\/wp-json\/wp\/v2\/pages\/126","targetHints":{"allow":["GET"]}}],"collection":[{"href":"https:\/\/sorocaba.sp.gov.br\/nataliluminado2023\/wp-json\/wp\/v2\/pages"}],"about":[{"href":"https:\/\/sorocaba.sp.gov.br\/nataliluminado2023\/wp-json\/wp\/v2\/types\/page"}],"author":[{"embeddable":true,"href":"https:\/\/sorocaba.sp.gov.br\/nataliluminado2023\/wp-json\/wp\/v2\/users\/37"}],"replies":[{"embeddable":true,"href":"https:\/\/sorocaba.sp.gov.br\/nataliluminado2023\/wp-json\/wp\/v2\/comments?post=126"}],"version-history":[{"count":9,"href":"https:\/\/sorocaba.sp.gov.br\/nataliluminado2023\/wp-json\/wp\/v2\/pages\/126\/revisions"}],"predecessor-version":[{"id":166,"href":"https:\/\/sorocaba.sp.gov.br\/nataliluminado2023\/wp-json\/wp\/v2\/pages\/126\/revisions\/166"}],"wp:attachment":[{"href":"https:\/\/sorocaba.sp.gov.br\/nataliluminado2023\/wp-json\/wp\/v2\/media?parent=126"}],"curies":[{"name":"wp","href":"https:\/\/api.w.org\/{rel}","templated":true}]}}