{"id":30,"date":"2021-12-02T10:00:13","date_gmt":"2021-12-02T13:00:13","guid":{"rendered":"http:\/\/sorocaba.sp.gov.br\/sorocabailuminada\/?page_id=30"},"modified":"2023-11-24T11:39:34","modified_gmt":"2023-11-24T14:39:34","slug":"programacao-de-7-a-23-de-dezembro","status":"publish","type":"page","link":"https:\/\/sorocaba.sp.gov.br\/nataliluminado2023\/programacao-de-7-a-23-de-dezembro\/","title":{"rendered":"Dia 6 de dezembro"},"content":{"rendered":"<p><img loading=\"lazy\" decoding=\"async\" class=\"aligncenter wp-image-196 size-large\" src=\"http:\/\/sorocaba.sp.gov.br\/nataliluminado2023\/wp-content\/uploads\/sites\/78\/2021\/12\/IMG_0797-ok-970x647.jpg\" alt=\"IMG_0797 ok\" width=\"600\" height=\"400\" srcset=\"https:\/\/sorocaba.sp.gov.br\/nataliluminado2023\/wp-content\/uploads\/sites\/78\/2021\/12\/IMG_0797-ok-970x647.jpg 970w, https:\/\/sorocaba.sp.gov.br\/nataliluminado2023\/wp-content\/uploads\/sites\/78\/2021\/12\/IMG_0797-ok-450x300.jpg 450w, https:\/\/sorocaba.sp.gov.br\/nataliluminado2023\/wp-content\/uploads\/sites\/78\/2021\/12\/IMG_0797-ok-768x512.jpg 768w, https:\/\/sorocaba.sp.gov.br\/nataliluminado2023\/wp-content\/uploads\/sites\/78\/2021\/12\/IMG_0797-ok.jpg 2000w\" sizes=\"auto, (max-width: 600px) 100vw, 600px\" \/><\/p>\n<p style=\"text-align: justify;\">O evento de lan\u00e7amento do \u201cNatal Iluminado 2023\u201d, no dia 6 de dezembro, a partir das 18h, na Pra\u00e7a Coronel Fernando Prestes, no Centro de Sorocaba, contar\u00e1 com in\u00fameras atra\u00e7\u00f5es gratuitas, al\u00e9m da ilumina\u00e7\u00e3o especial de Natal, Casa do Papai Noel, \u00c1rvore de Natal, Pres\u00e9pio e muito mais, contando com o apoio da Associa\u00e7\u00e3o Comercial de Sorocaba (ACSO) e tamb\u00e9m com recursos enviados por emenda parlamentar destinada pelo deputado estadual Danilo Balas. Uma delas ser\u00e1 a apresenta\u00e7\u00e3o do musical infantil da Disney, um espet\u00e1culo repleto de magia e encanto, agendado para as 19h30. J\u00e1, \u00e0s 20h, a cantora Teresa Baddini se apresentar\u00e1 ao p\u00fablico. O tradicional Trenzinho da Alegria, oferecido pela Associa\u00e7\u00e3o Comercial de Sorocaba, tamb\u00e9m estar\u00e1 presente nesse dia.<\/p>\n<div id=\"njcdgcofcbnlbpkpdhmlmiblaglnkpnj\"><\/div>\n","protected":false},"excerpt":{"rendered":"<p>O evento de lan\u00e7amento do \u201cNatal Iluminado 2023\u201d, no dia 6 de dezembro, a partir das 18h, na Pra\u00e7a Coronel Fernando Prestes, no Centro de Sorocaba, contar\u00e1 com in\u00fameras atra\u00e7\u00f5es gratuitas, al\u00e9m da ilumina\u00e7\u00e3o especial de Natal, Casa do Papai Noel, \u00c1rvore de Natal, Pres\u00e9pio e muito mais, contando com o apoio da Associa\u00e7\u00e3o Comercial&nbsp; <a href=\"https:\/\/sorocaba.sp.gov.br\/nataliluminado2023\/programacao-de-7-a-23-de-dezembro\/\">&hellip; Leia mais<\/a><\/p>\n","protected":false},"author":7,"featured_media":0,"parent":0,"menu_order":0,"comment_status":"closed","ping_status":"closed","template":"","meta":{"footnotes":""},"class_list":["post-30","page","type-page","status-publish","hentry"],"_links":{"self":[{"href":"https:\/\/sorocaba.sp.gov.br\/nataliluminado2023\/wp-json\/wp\/v2\/pages\/30","targetHints":{"allow":["GET"]}}],"collection":[{"href":"https:\/\/sorocaba.sp.gov.br\/nataliluminado2023\/wp-json\/wp\/v2\/pages"}],"about":[{"href":"https:\/\/sorocaba.sp.gov.br\/nataliluminado2023\/wp-json\/wp\/v2\/types\/page"}],"author":[{"embeddable":true,"href":"https:\/\/sorocaba.sp.gov.br\/nataliluminado2023\/wp-json\/wp\/v2\/users\/7"}],"replies":[{"embeddable":true,"href":"https:\/\/sorocaba.sp.gov.br\/nataliluminado2023\/wp-json\/wp\/v2\/comments?post=30"}],"version-history":[{"count":16,"href":"https:\/\/sorocaba.sp.gov.br\/nataliluminado2023\/wp-json\/wp\/v2\/pages\/30\/revisions"}],"predecessor-version":[{"id":197,"href":"https:\/\/sorocaba.sp.gov.br\/nataliluminado2023\/wp-json\/wp\/v2\/pages\/30\/revisions\/197"}],"wp:attachment":[{"href":"https:\/\/sorocaba.sp.gov.br\/nataliluminado2023\/wp-json\/wp\/v2\/media?parent=30"}],"curies":[{"name":"wp","href":"https:\/\/api.w.org\/{rel}","templated":true}]}}