{"id":93,"date":"2023-11-22T18:58:12","date_gmt":"2023-11-22T21:58:12","guid":{"rendered":"http:\/\/sorocaba.sp.gov.br\/nataliluminado2023\/?page_id=93"},"modified":"2023-11-23T15:54:28","modified_gmt":"2023-11-23T18:54:28","slug":"arvore-solidaria","status":"publish","type":"page","link":"https:\/\/sorocaba.sp.gov.br\/nataliluminado2023\/arvore-solidaria\/","title":{"rendered":"\u00c1rvore Solid\u00e1ria"},"content":{"rendered":"<p><img loading=\"lazy\" decoding=\"async\" class=\"aligncenter wp-image-118 size-large\" src=\"http:\/\/sorocaba.sp.gov.br\/nataliluminado2023\/wp-content\/uploads\/sites\/78\/2023\/11\/3b5bfb75-4a2e-43d8-87a9-5c1ff62d8822-825x1024.jpg\" alt=\"3b5bfb75-4a2e-43d8-87a9-5c1ff62d8822\" width=\"600\" height=\"745\" srcset=\"https:\/\/sorocaba.sp.gov.br\/nataliluminado2023\/wp-content\/uploads\/sites\/78\/2023\/11\/3b5bfb75-4a2e-43d8-87a9-5c1ff62d8822-825x1024.jpg 825w, https:\/\/sorocaba.sp.gov.br\/nataliluminado2023\/wp-content\/uploads\/sites\/78\/2023\/11\/3b5bfb75-4a2e-43d8-87a9-5c1ff62d8822-242x300.jpg 242w, https:\/\/sorocaba.sp.gov.br\/nataliluminado2023\/wp-content\/uploads\/sites\/78\/2023\/11\/3b5bfb75-4a2e-43d8-87a9-5c1ff62d8822-768x953.jpg 768w, https:\/\/sorocaba.sp.gov.br\/nataliluminado2023\/wp-content\/uploads\/sites\/78\/2023\/11\/3b5bfb75-4a2e-43d8-87a9-5c1ff62d8822.jpg 999w\" sizes=\"auto, (max-width: 600px) 100vw, 600px\" \/><\/p>\n<p>&nbsp;<\/p>\n<p>&nbsp;<\/p>\n<p><span style=\"font-size: xx-large;\">\u00c1rvore Solid\u00e1ria<\/span><\/p>\n<p style=\"text-align: justify;\">A popula\u00e7\u00e3o, bem como os empres\u00e1rios da cidade, ainda podem participar da iniciativa intitulada \u00c1rvore Solid\u00e1ria, realizada em uma parceria entre a Prefeitura de Sorocaba, a TV TEM Sorocaba e a empresa BRT Sorocaba. O convite \u00e9 para que as pessoas, aproveitando o esp\u00edrito natalino, doem um brinquedo novo ou usado, desde que em excelente estado, para serem distribu\u00eddos, neste m\u00eas de dezembro, \u00e0s crian\u00e7as em situa\u00e7\u00e3o de vulnerabilidade social na cidade.<\/p>\n<p style=\"text-align: justify;\">\u201cO povo sorocabano \u00e9 solid\u00e1rio demais e sempre atende a todos os nossos chamados, dando genu\u00edna demonstra\u00e7\u00e3o de amor ao pr\u00f3ximo. Essa \u00e9 mais uma oportunidade de levar alegria \u00e0s crian\u00e7as, nesta \u00e9poca t\u00e3o especial do ano, cheia de amor e magia, quando muitas esperam ansiosas por receber um presente\u201d, ressalta a primeira-dama e presidente do Fundo Social de Solidariedade, Sirlange Frate Maganhato.<\/p>\n<p style=\"text-align: justify;\">Para tanto, \u00e1rvores de Natal j\u00e1 est\u00e3o montadas, sendo uma no sagu\u00e3o do Andar T\u00e9rreo do Pa\u00e7o Municipal, localizado no Alto da Boa Vista; outra no Terminal Vit\u00f3ria R\u00e9gia do Sistema BRT Sorocaba, bem como uma terceira na sede da TV TEM Sorocaba, localizada na Av. Eng. Carlos Reinaldo Mendes, 2.700, tamb\u00e9m no Alto da Boa Vista, para receber as doa\u00e7\u00f5es.<\/p>\n<div id=\"njcdgcofcbnlbpkpdhmlmiblaglnkpnj\"><\/div>\n","protected":false},"excerpt":{"rendered":"<p>&nbsp; &nbsp; \u00c1rvore Solid\u00e1ria A popula\u00e7\u00e3o, bem como os empres\u00e1rios da cidade, ainda podem participar da iniciativa intitulada \u00c1rvore Solid\u00e1ria, realizada em uma parceria entre a Prefeitura de Sorocaba, a TV TEM Sorocaba e a empresa BRT Sorocaba. O convite \u00e9 para que as pessoas, aproveitando o esp\u00edrito natalino, doem um brinquedo novo ou usado,&nbsp; <a href=\"https:\/\/sorocaba.sp.gov.br\/nataliluminado2023\/arvore-solidaria\/\">&hellip; Leia mais<\/a><\/p>\n","protected":false},"author":37,"featured_media":0,"parent":0,"menu_order":0,"comment_status":"closed","ping_status":"closed","template":"","meta":{"footnotes":""},"class_list":["post-93","page","type-page","status-publish","hentry"],"_links":{"self":[{"href":"https:\/\/sorocaba.sp.gov.br\/nataliluminado2023\/wp-json\/wp\/v2\/pages\/93","targetHints":{"allow":["GET"]}}],"collection":[{"href":"https:\/\/sorocaba.sp.gov.br\/nataliluminado2023\/wp-json\/wp\/v2\/pages"}],"about":[{"href":"https:\/\/sorocaba.sp.gov.br\/nataliluminado2023\/wp-json\/wp\/v2\/types\/page"}],"author":[{"embeddable":true,"href":"https:\/\/sorocaba.sp.gov.br\/nataliluminado2023\/wp-json\/wp\/v2\/users\/37"}],"replies":[{"embeddable":true,"href":"https:\/\/sorocaba.sp.gov.br\/nataliluminado2023\/wp-json\/wp\/v2\/comments?post=93"}],"version-history":[{"count":34,"href":"https:\/\/sorocaba.sp.gov.br\/nataliluminado2023\/wp-json\/wp\/v2\/pages\/93\/revisions"}],"predecessor-version":[{"id":167,"href":"https:\/\/sorocaba.sp.gov.br\/nataliluminado2023\/wp-json\/wp\/v2\/pages\/93\/revisions\/167"}],"wp:attachment":[{"href":"https:\/\/sorocaba.sp.gov.br\/nataliluminado2023\/wp-json\/wp\/v2\/media?parent=93"}],"curies":[{"name":"wp","href":"https:\/\/api.w.org\/{rel}","templated":true}]}}