{"id":36,"date":"2015-04-01T18:45:48","date_gmt":"2015-04-01T18:45:48","guid":{"rendered":"http:\/\/sorocaba.sp.gov.br\/melhorcidade\/?page_id=36"},"modified":"2015-05-06T18:19:43","modified_gmt":"2015-05-06T18:19:43","slug":"pilar-do-sul","status":"publish","type":"page","link":"https:\/\/sorocaba.sp.gov.br\/obras\/pilar-do-sul\/","title":{"rendered":"Pilar do Sul"},"content":{"rendered":"<div class=\"container\">\n<div class=\"row\">\n<div class=\"col-md-9\">\n          A hist\u00f3ria de Pilar do Sul come\u00e7a em 1850, quando tropeiros, ca\u00e7adores e mineradores passavam pela cidade \u00e0 procura de metais preciosos.\u00a0O local tamb\u00e9m ganhou esse nome gra\u00e7as \u00e0 religiosidade das fam\u00edlias mineiras, que tinham grande devo\u00e7\u00e3o a Nossa Senhora do Pilar, uma Santa Espanhola.<br \/>\nFoi atrav\u00e9s da C\u00e2mara de vereadores aprovou uma lei em 1944, que doava lotes a todos que quisessem construir pr\u00e9dios de qualquer natureza, o munic\u00edpio passou a ser chamado de Pilar do Sul.<br \/>\n\u00a0A potencialidade tur\u00edstica evidente em v\u00e1rios aspectos \u00e9 um novo refor\u00e7o para a economia do munic\u00edpio que \u00e9 conhecido como a Nascente das \u00c1guas. A agropecu\u00e1ria ocupa 70% da economia da cidade.<br \/>\nO turismo, ainda em fase de desenvolvimento, vem procurando se estruturar e explorar os recursos h\u00eddricos e a vegeta\u00e7\u00e3o para que n\u00e3o haja degrada\u00e7\u00e3o do meio ambiente. Por isso \u00e9 comum visitar pontos pouco explorados, onde conserva a mata virgem e os cursos naturais.<br \/>\nNa regi\u00e3o sudeste do munic\u00edpio \u00e9 que se concentram o maior n\u00famero de cachoeiras. Na rodovia que liga o munic\u00edpio a Piedade est\u00e1 a Cachoeira Nascente das \u00c1guas, s\u00edmbolo tur\u00edstico da cidade. Al\u00e9m das cachoeiras \u00e9 grande tamb\u00e9m o n\u00famero de pesqueiros, que est\u00e3o espalhados pelos bairros: Pinhal, Turvo e Bom Retiro. Em rela\u00e7\u00e3o a hospedagem existem pousadas, acampamentos, hot\u00e9is e s\u00edtios.<br \/>\n\n\t\t<style type=\"text\/css\">\n\t\t\t#gallery-1 {\n\t\t\t\tmargin: auto;\n\t\t\t}\n\t\t\t#gallery-1 .gallery-item {\n\t\t\t\tfloat: left;\n\t\t\t\tmargin-top: 10px;\n\t\t\t\ttext-align: center;\n\t\t\t\twidth: 25%;\n\t\t\t}\n\t\t\t#gallery-1 img {\n\t\t\t\tborder: 2px solid #cfcfcf;\n\t\t\t}\n\t\t\t#gallery-1 .gallery-caption {\n\t\t\t\tmargin-left: 0;\n\t\t\t}\n\t\t\t\/* see gallery_shortcode() in wp-includes\/media.php *\/\n\t\t<\/style>\n\t\t<div id='gallery-1' class='gallery galleryid-36 gallery-columns-4 gallery-size-medium'><dl class='gallery-item'>\n\t\t\t<dt class='gallery-icon landscape'>\n\t\t\t\t<a href='https:\/\/sorocaba.sp.gov.br\/obras\/wp-content\/uploads\/sites\/84\/2015\/04\/CachNascente02.jpg'><img loading=\"lazy\" decoding=\"async\" width=\"400\" height=\"300\" src=\"https:\/\/sorocaba.sp.gov.br\/obras\/wp-content\/uploads\/sites\/84\/2015\/04\/CachNascente02-400x300.jpg\" class=\"attachment-medium size-medium\" alt=\"\" srcset=\"https:\/\/sorocaba.sp.gov.br\/obras\/wp-content\/uploads\/sites\/84\/2015\/04\/CachNascente02-400x300.jpg 400w, https:\/\/sorocaba.sp.gov.br\/obras\/wp-content\/uploads\/sites\/84\/2015\/04\/CachNascente02-970x728.jpg 970w, https:\/\/sorocaba.sp.gov.br\/obras\/wp-content\/uploads\/sites\/84\/2015\/04\/CachNascente02.jpg 1417w\" sizes=\"auto, (max-width: 400px) 100vw, 400px\" \/><\/a>\n\t\t\t<\/dt><\/dl><dl class='gallery-item'>\n\t\t\t<dt class='gallery-icon landscape'>\n\t\t\t\t<a href='https:\/\/sorocaba.sp.gov.br\/obras\/wp-content\/uploads\/sites\/84\/2015\/04\/Cavalg-MAIO-6.jpg'><img loading=\"lazy\" decoding=\"async\" width=\"448\" height=\"300\" src=\"https:\/\/sorocaba.sp.gov.br\/obras\/wp-content\/uploads\/sites\/84\/2015\/04\/Cavalg-MAIO-6-448x300.jpg\" class=\"attachment-medium size-medium\" alt=\"\" srcset=\"https:\/\/sorocaba.sp.gov.br\/obras\/wp-content\/uploads\/sites\/84\/2015\/04\/Cavalg-MAIO-6-448x300.jpg 448w, https:\/\/sorocaba.sp.gov.br\/obras\/wp-content\/uploads\/sites\/84\/2015\/04\/Cavalg-MAIO-6-970x649.jpg 970w\" sizes=\"auto, (max-width: 448px) 100vw, 448px\" \/><\/a>\n\t\t\t<\/dt><\/dl><dl class='gallery-item'>\n\t\t\t<dt class='gallery-icon landscape'>\n\t\t\t\t<a href='https:\/\/sorocaba.sp.gov.br\/obras\/wp-content\/uploads\/sites\/84\/2015\/04\/cavalgada-2.jpg'><img loading=\"lazy\" decoding=\"async\" width=\"400\" height=\"300\" src=\"https:\/\/sorocaba.sp.gov.br\/obras\/wp-content\/uploads\/sites\/84\/2015\/04\/cavalgada-2-400x300.jpg\" class=\"attachment-medium size-medium\" alt=\"\" srcset=\"https:\/\/sorocaba.sp.gov.br\/obras\/wp-content\/uploads\/sites\/84\/2015\/04\/cavalgada-2-400x300.jpg 400w, https:\/\/sorocaba.sp.gov.br\/obras\/wp-content\/uploads\/sites\/84\/2015\/04\/cavalgada-2-970x728.jpg 970w, https:\/\/sorocaba.sp.gov.br\/obras\/wp-content\/uploads\/sites\/84\/2015\/04\/cavalgada-2.jpg 1181w\" sizes=\"auto, (max-width: 400px) 100vw, 400px\" \/><\/a>\n\t\t\t<\/dt><\/dl><dl class='gallery-item'>\n\t\t\t<dt class='gallery-icon landscape'>\n\t\t\t\t<a href='https:\/\/sorocaba.sp.gov.br\/obras\/wp-content\/uploads\/sites\/84\/2015\/04\/DSC_0567.jpg'><img loading=\"lazy\" decoding=\"async\" width=\"459\" height=\"300\" src=\"https:\/\/sorocaba.sp.gov.br\/obras\/wp-content\/uploads\/sites\/84\/2015\/04\/DSC_0567-459x300.jpg\" class=\"attachment-medium size-medium\" alt=\"\" srcset=\"https:\/\/sorocaba.sp.gov.br\/obras\/wp-content\/uploads\/sites\/84\/2015\/04\/DSC_0567-459x300.jpg 459w, https:\/\/sorocaba.sp.gov.br\/obras\/wp-content\/uploads\/sites\/84\/2015\/04\/DSC_0567-970x634.jpg 970w\" sizes=\"auto, (max-width: 459px) 100vw, 459px\" \/><\/a>\n\t\t\t<\/dt><\/dl><br style=\"clear: both\" \/><dl class='gallery-item'>\n\t\t\t<dt class='gallery-icon landscape'>\n\t\t\t\t<a href='https:\/\/sorocaba.sp.gov.br\/obras\/wp-content\/uploads\/sites\/84\/2015\/04\/DSC_0568.jpg'><img loading=\"lazy\" decoding=\"async\" width=\"470\" height=\"280\" src=\"https:\/\/sorocaba.sp.gov.br\/obras\/wp-content\/uploads\/sites\/84\/2015\/04\/DSC_0568-470x280.jpg\" class=\"attachment-medium size-medium\" alt=\"\" srcset=\"https:\/\/sorocaba.sp.gov.br\/obras\/wp-content\/uploads\/sites\/84\/2015\/04\/DSC_0568-470x280.jpg 470w, https:\/\/sorocaba.sp.gov.br\/obras\/wp-content\/uploads\/sites\/84\/2015\/04\/DSC_0568-970x577.jpg 970w\" sizes=\"auto, (max-width: 470px) 100vw, 470px\" \/><\/a>\n\t\t\t<\/dt><\/dl><dl class='gallery-item'>\n\t\t\t<dt class='gallery-icon landscape'>\n\t\t\t\t<a href='https:\/\/sorocaba.sp.gov.br\/obras\/wp-content\/uploads\/sites\/84\/2015\/04\/DSC_0720.jpg'><img loading=\"lazy\" decoding=\"async\" width=\"448\" height=\"300\" src=\"https:\/\/sorocaba.sp.gov.br\/obras\/wp-content\/uploads\/sites\/84\/2015\/04\/DSC_0720-448x300.jpg\" class=\"attachment-medium size-medium\" alt=\"\" srcset=\"https:\/\/sorocaba.sp.gov.br\/obras\/wp-content\/uploads\/sites\/84\/2015\/04\/DSC_0720-448x300.jpg 448w, https:\/\/sorocaba.sp.gov.br\/obras\/wp-content\/uploads\/sites\/84\/2015\/04\/DSC_0720-970x649.jpg 970w\" sizes=\"auto, (max-width: 448px) 100vw, 448px\" \/><\/a>\n\t\t\t<\/dt><\/dl>\n\t\t\t<br style='clear: both' \/>\n\t\t<\/div>\n\n        <\/div>\n<div class=\"col-md-3\">\n<div class=\"sidebar\">\n         Prefeita: Janete Pedrina de Carvalho Paes<br \/>\nSecret\u00e1rio de Turismo e Cultura: Miguel Castanho Tavares<br \/>\nTelefone: (15) 3278-9700<br \/>\nEmail: sectur.pilar@hotmail.com\n<\/p<\n<iframe loading=\"lazy\" src=\"https:\/\/www.google.com\/maps\/embed?pb=!1m18!1m12!1m3!1d233530.19336770882!2d-47.723679899999986!3d-23.857355300000012!2m3!1f0!2f0!3f0!3m2!1i1024!2i768!4f13.1!3m3!1m2!1s0x94c59e4b5806885f%3A0x43960f168cf51d34!2sPilar+do+Sul%2C+SP!5e0!3m2!1spt-BR!2sbr!4v1427923049216\" width=\"245\" height=\"400\" frameborder=\"0\" style=\"border:0\"><\/iframe>\n        <\/div>\n<\/p><\/div>\n<\/div \n\n","protected":false},"excerpt":{"rendered":"<p>A hist\u00f3ria de Pilar do Sul come\u00e7a em 1850, quando tropeiros, ca\u00e7adores e mineradores passavam pela cidade \u00e0 procura de metais preciosos.\u00a0O local tamb\u00e9m ganhou esse nome gra\u00e7as \u00e0 religiosidade das fam\u00edlias mineiras, que tinham grande devo\u00e7\u00e3o a Nossa Senhora do Pilar, uma Santa Espanhola. Foi atrav\u00e9s da C\u00e2mara de vereadores aprovou uma lei em&nbsp; <a href=\"https:\/\/sorocaba.sp.gov.br\/obras\/pilar-do-sul\/\">&hellip; Leia mais<\/a><\/p>\n","protected":false},"author":1,"featured_media":0,"parent":0,"menu_order":0,"comment_status":"open","ping_status":"open","template":"","meta":{"footnotes":""},"class_list":["post-36","page","type-page","status-publish","hentry"],"_links":{"self":[{"href":"https:\/\/sorocaba.sp.gov.br\/obras\/wp-json\/wp\/v2\/pages\/36","targetHints":{"allow":["GET"]}}],"collection":[{"href":"https:\/\/sorocaba.sp.gov.br\/obras\/wp-json\/wp\/v2\/pages"}],"about":[{"href":"https:\/\/sorocaba.sp.gov.br\/obras\/wp-json\/wp\/v2\/types\/page"}],"author":[{"embeddable":true,"href":"https:\/\/sorocaba.sp.gov.br\/obras\/wp-json\/wp\/v2\/users\/1"}],"replies":[{"embeddable":true,"href":"https:\/\/sorocaba.sp.gov.br\/obras\/wp-json\/wp\/v2\/comments?post=36"}],"version-history":[{"count":3,"href":"https:\/\/sorocaba.sp.gov.br\/obras\/wp-json\/wp\/v2\/pages\/36\/revisions"}],"predecessor-version":[{"id":403,"href":"https:\/\/sorocaba.sp.gov.br\/obras\/wp-json\/wp\/v2\/pages\/36\/revisions\/403"}],"wp:attachment":[{"href":"https:\/\/sorocaba.sp.gov.br\/obras\/wp-json\/wp\/v2\/media?parent=36"}],"curies":[{"name":"wp","href":"https:\/\/api.w.org\/{rel}","templated":true}]}}