{"id":40,"date":"2015-04-01T18:47:16","date_gmt":"2015-04-01T18:47:16","guid":{"rendered":"http:\/\/sorocaba.sp.gov.br\/melhorcidade\/?page_id=40"},"modified":"2023-05-12T17:24:09","modified_gmt":"2023-05-12T17:24:09","slug":"ciclovias","status":"publish","type":"page","link":"https:\/\/sorocaba.sp.gov.br\/obras\/ciclovias\/","title":{"rendered":"Recupera\u00e7\u00e3o das Ciclovias"},"content":{"rendered":"<div class=\"container\">\n<div class=\"row\">\n<div class=\"col-md-9\">\n<p><strong>Recupera\u00e7\u00e3o das Ciclovias<\/strong><\/p>\n<p><strong>Em andamento<\/strong><\/p>\n<p style=\"text-align: justify\">A Prefeitura de Sorocaba iniciou a recupera\u00e7\u00e3o completa de toda malha ciclovi\u00e1ria na cidade. Outra novidade fica por conta do novo layout, nas cores azul, vermelha e amarela, em padr\u00e3o que atende \u00e0s regulamenta\u00e7\u00f5es t\u00e9cnicas e de tr\u00e2nsito.<\/p>\n<p style=\"text-align: justify\">Os servi\u00e7os incluem reparos, poda de \u00e1rvores, ro\u00e7agem, limpeza e manuten\u00e7\u00e3o da rede p\u00fablica de ilumina\u00e7\u00e3o e sinaliza\u00e7\u00e3o ao longo das pistas.<\/p>\n<p style=\"text-align: justify\">Os trabalhos come\u00e7aram pela Avenida Dom Aguirre e v\u00e3o contemplar, durante o ano, todos os 128 quil\u00f4metros de ciclovias em Sorocaba.<\/p>\n<p style=\"text-align: justify\">A malha ciclovi\u00e1ria tamb\u00e9m ser\u00e1 ampliada em locais estudados para receber esse modal, inclusive, nas obras vi\u00e1rias do programa \u201cSorocaba tem Pressa\u201d.<\/p>\n<p><a href=\"http:\/\/sorocaba.sp.gov.br\/melhorcidade\/wp-content\/uploads\/sites\/84\/2015\/04\/ciclovia.jpg\"><img loading=\"lazy\" decoding=\"async\" class=\"alignnone size-medium wp-image-653\" src=\"http:\/\/sorocaba.sp.gov.br\/melhorcidade\/wp-content\/uploads\/sites\/84\/2015\/04\/ciclovia-434x300.jpg\" alt=\"ciclovia\" width=\"434\" height=\"300\" srcset=\"https:\/\/sorocaba.sp.gov.br\/obras\/wp-content\/uploads\/sites\/84\/2015\/04\/ciclovia-434x300.jpg 434w, https:\/\/sorocaba.sp.gov.br\/obras\/wp-content\/uploads\/sites\/84\/2015\/04\/ciclovia-768x531.jpg 768w, https:\/\/sorocaba.sp.gov.br\/obras\/wp-content\/uploads\/sites\/84\/2015\/04\/ciclovia-970x670.jpg 970w, https:\/\/sorocaba.sp.gov.br\/obras\/wp-content\/uploads\/sites\/84\/2015\/04\/ciclovia.jpg 1695w\" sizes=\"auto, (max-width: 434px) 100vw, 434px\" \/><\/a><\/p>\n<p>Foto: Abril de 2023<\/p>\n<\/div>\n<div class=\"col-md-3\"><\/div>\n<p>&nbsp;<\/p>\n<\/div>\n<\/div>\n","protected":false},"excerpt":{"rendered":"<p>Recupera\u00e7\u00e3o das Ciclovias Em andamento A Prefeitura de Sorocaba iniciou a recupera\u00e7\u00e3o completa de toda malha ciclovi\u00e1ria na cidade. Outra novidade fica por conta do novo layout, nas cores azul, vermelha e amarela, em padr\u00e3o que atende \u00e0s regulamenta\u00e7\u00f5es t\u00e9cnicas e de tr\u00e2nsito. Os servi\u00e7os incluem reparos, poda de \u00e1rvores, ro\u00e7agem, limpeza e manuten\u00e7\u00e3o da&nbsp; <a href=\"https:\/\/sorocaba.sp.gov.br\/obras\/ciclovias\/\">&hellip; Leia mais<\/a><\/p>\n","protected":false},"author":1,"featured_media":651,"parent":0,"menu_order":0,"comment_status":"open","ping_status":"open","template":"","meta":{"footnotes":""},"class_list":["post-40","page","type-page","status-publish","has-post-thumbnail","hentry"],"_links":{"self":[{"href":"https:\/\/sorocaba.sp.gov.br\/obras\/wp-json\/wp\/v2\/pages\/40","targetHints":{"allow":["GET"]}}],"collection":[{"href":"https:\/\/sorocaba.sp.gov.br\/obras\/wp-json\/wp\/v2\/pages"}],"about":[{"href":"https:\/\/sorocaba.sp.gov.br\/obras\/wp-json\/wp\/v2\/types\/page"}],"author":[{"embeddable":true,"href":"https:\/\/sorocaba.sp.gov.br\/obras\/wp-json\/wp\/v2\/users\/1"}],"replies":[{"embeddable":true,"href":"https:\/\/sorocaba.sp.gov.br\/obras\/wp-json\/wp\/v2\/comments?post=40"}],"version-history":[{"count":7,"href":"https:\/\/sorocaba.sp.gov.br\/obras\/wp-json\/wp\/v2\/pages\/40\/revisions"}],"predecessor-version":[{"id":654,"href":"https:\/\/sorocaba.sp.gov.br\/obras\/wp-json\/wp\/v2\/pages\/40\/revisions\/654"}],"wp:featuredmedia":[{"embeddable":true,"href":"https:\/\/sorocaba.sp.gov.br\/obras\/wp-json\/wp\/v2\/media\/651"}],"wp:attachment":[{"href":"https:\/\/sorocaba.sp.gov.br\/obras\/wp-json\/wp\/v2\/media?parent=40"}],"curies":[{"name":"wp","href":"https:\/\/api.w.org\/{rel}","templated":true}]}}