{"id":42,"date":"2015-04-01T18:48:39","date_gmt":"2015-04-01T18:48:39","guid":{"rendered":"http:\/\/sorocaba.sp.gov.br\/melhorcidade\/?page_id=42"},"modified":"2015-05-06T18:18:34","modified_gmt":"2015-05-06T18:18:34","slug":"piedade","status":"publish","type":"page","link":"https:\/\/sorocaba.sp.gov.br\/obras\/piedade\/","title":{"rendered":"Piedade"},"content":{"rendered":"<div class=\"container\">\n<div class=\"row\">\n<div class=\"col-md-9\">\n          Conhecida por sua natureza exuberante, clima ameno e uma produ\u00e7\u00e3o agr\u00edcola reconhecidamente rica e diversificada, Piedade est\u00e1 localizada nos altos da Serra de Paranapiacaba, a cerca de uma hora de S\u00e3o Paulo. Ano a ano o munic\u00edpio consolida-se como uma op\u00e7\u00e3o dos amantes do turismo rural, de aventura e, tamb\u00e9m gastron\u00f4mico.<br \/>\nSurgida em meados do s\u00e9culo XIX, a partir de um pequeno povoado estabelecido na margem esquerda do Rio Pirapora, pouco abaixo da conflu\u00eancia com o Ribeir\u00e3o dos Cotianos, Piedade teve Vicente Garcia como seu pioneiro, ao lado de Manoel Ribeiro, Francisco Moreira, Jos\u00e9 Francisco Rosa e Dem\u00e9trio Machado. Entre 1831 e 1835, Garcia recebeu de um tropeiro uma imagem de Nossa Senhora de Piedade e, em seu louvor, construiu uma pequena capela, que foi benta em 20 de maio de 1840, data considerada a da funda\u00e7\u00e3o da cidade.<br \/>\nCom popula\u00e7\u00e3o estimada em 52 mil habitantes (IBGE \u2013 2010), 60% dela residente na zona rural, o munic\u00edpio tem \u00e1rea total de 729 quil\u00f4metros quadrados e uma altitude m\u00e9dia de 900 metros em rela\u00e7\u00e3o ao n\u00edvel do mar. Faz limite com os munic\u00edpios de Votorantim, Salto de Pirapora, Pilar do Sul, Tapira\u00ed e Ibi\u00fana.<br \/>\nPiedade foi no passado a maior produtora de cebolas do Brasil. Hoje sua agricultura \u00e9 conhecida pela variedade e diversidade de produtos, destacando-se na produ\u00e7\u00e3o de morango, alcachofra, caqui, batata, verduras e legumes, entre outros. O munic\u00edpio se destaca tamb\u00e9m na produ\u00e7\u00e3o de p\u00f3s-larvas de Camar\u00e3o da Mal\u00e1sia e champignon, al\u00e9m de contar com haras, api\u00e1rios e esta\u00e7\u00f5es experimentais. Trechos de duas \u00c1reas de Prote\u00e7\u00e3o Ambiental e as Represas de Itupararanga e o Parque Estadual do Jurupar\u00e1 est\u00e3o no territ\u00f3rio de Piedade. Nesses locais \u00e9 poss\u00edvel praticar o ecoturismo e o turismo rural.<br \/>\n\n\t\t<style type=\"text\/css\">\n\t\t\t#gallery-1 {\n\t\t\t\tmargin: auto;\n\t\t\t}\n\t\t\t#gallery-1 .gallery-item {\n\t\t\t\tfloat: left;\n\t\t\t\tmargin-top: 10px;\n\t\t\t\ttext-align: center;\n\t\t\t\twidth: 33%;\n\t\t\t}\n\t\t\t#gallery-1 img {\n\t\t\t\tborder: 2px solid #cfcfcf;\n\t\t\t}\n\t\t\t#gallery-1 .gallery-caption {\n\t\t\t\tmargin-left: 0;\n\t\t\t}\n\t\t\t\/* see gallery_shortcode() in wp-includes\/media.php *\/\n\t\t<\/style>\n\t\t<div id='gallery-1' class='gallery galleryid-42 gallery-columns-3 gallery-size-medium'><dl class='gallery-item'>\n\t\t\t<dt class='gallery-icon landscape'>\n\t\t\t\t<a href='https:\/\/sorocaba.sp.gov.br\/obras\/wp-content\/uploads\/sites\/84\/2015\/04\/Piedade.jpg'><img loading=\"lazy\" decoding=\"async\" width=\"470\" height=\"233\" src=\"https:\/\/sorocaba.sp.gov.br\/obras\/wp-content\/uploads\/sites\/84\/2015\/04\/Piedade-470x233.jpg\" class=\"attachment-medium size-medium\" alt=\"\" srcset=\"https:\/\/sorocaba.sp.gov.br\/obras\/wp-content\/uploads\/sites\/84\/2015\/04\/Piedade-470x233.jpg 470w, https:\/\/sorocaba.sp.gov.br\/obras\/wp-content\/uploads\/sites\/84\/2015\/04\/Piedade-970x481.jpg 970w, https:\/\/sorocaba.sp.gov.br\/obras\/wp-content\/uploads\/sites\/84\/2015\/04\/Piedade.jpg 1794w\" sizes=\"auto, (max-width: 470px) 100vw, 470px\" \/><\/a>\n\t\t\t<\/dt><\/dl><dl class='gallery-item'>\n\t\t\t<dt class='gallery-icon landscape'>\n\t\t\t\t<a href='https:\/\/sorocaba.sp.gov.br\/obras\/wp-content\/uploads\/sites\/84\/2015\/04\/Portal-das-aguas.jpg'><img loading=\"lazy\" decoding=\"async\" width=\"451\" height=\"300\" src=\"https:\/\/sorocaba.sp.gov.br\/obras\/wp-content\/uploads\/sites\/84\/2015\/04\/Portal-das-aguas-451x300.jpg\" class=\"attachment-medium size-medium\" alt=\"\" srcset=\"https:\/\/sorocaba.sp.gov.br\/obras\/wp-content\/uploads\/sites\/84\/2015\/04\/Portal-das-aguas-451x300.jpg 451w, https:\/\/sorocaba.sp.gov.br\/obras\/wp-content\/uploads\/sites\/84\/2015\/04\/Portal-das-aguas-970x646.jpg 970w\" sizes=\"auto, (max-width: 451px) 100vw, 451px\" \/><\/a>\n\t\t\t<\/dt><\/dl><dl class='gallery-item'>\n\t\t\t<dt class='gallery-icon landscape'>\n\t\t\t\t<a href='https:\/\/sorocaba.sp.gov.br\/obras\/wp-content\/uploads\/sites\/84\/2015\/04\/Portal-Torii.jpg'><img loading=\"lazy\" decoding=\"async\" width=\"451\" height=\"300\" src=\"https:\/\/sorocaba.sp.gov.br\/obras\/wp-content\/uploads\/sites\/84\/2015\/04\/Portal-Torii-451x300.jpg\" class=\"attachment-medium size-medium\" alt=\"\" srcset=\"https:\/\/sorocaba.sp.gov.br\/obras\/wp-content\/uploads\/sites\/84\/2015\/04\/Portal-Torii-451x300.jpg 451w, https:\/\/sorocaba.sp.gov.br\/obras\/wp-content\/uploads\/sites\/84\/2015\/04\/Portal-Torii-970x646.jpg 970w\" sizes=\"auto, (max-width: 451px) 100vw, 451px\" \/><\/a>\n\t\t\t<\/dt><\/dl><br style=\"clear: both\" \/>\n\t\t<\/div>\n<\/p><\/div>\n<div class=\"col-md-3\">\n<div class=\"sidebar\">\n         Prefeita: Maria Vicentina Godinho Pereira da Silva<br \/>\nTelefone: (15) 3244-8400<br \/>\nSecret\u00e1rio de Cultura: Fernando da Silva Maciel<br \/>\nTelefone: (15) 3244-2670<br \/>\nE-mail: cultura@piedade.sp.gov.br\n<\/p>\n<p><iframe loading=\"lazy\" src=\"https:\/\/www.google.com\/maps\/embed?pb=!1m18!1m12!1m3!1d58447.127998100535!2d-47.4176829!3d-23.7136402!2m3!1f0!2f0!3f0!3m2!1i1024!2i768!4f13.1!3m3!1m2!1s0x94cf7e65af17ec65%3A0xc6666980c2531688!2sPiedade+-+SP!5e0!3m2!1spt-BR!2sbr!4v1427923012569\" width=\"245\" height=\"400\" frameborder=\"0\" style=\"border:0\"><\/iframe>\n        <\/div>\n<\/p><\/div>\n<\/div \n\n","protected":false},"excerpt":{"rendered":"<p>Conhecida por sua natureza exuberante, clima ameno e uma produ\u00e7\u00e3o agr\u00edcola reconhecidamente rica e diversificada, Piedade est\u00e1 localizada nos altos da Serra de Paranapiacaba, a cerca de uma hora de S\u00e3o Paulo. Ano a ano o munic\u00edpio consolida-se como uma op\u00e7\u00e3o dos amantes do turismo rural, de aventura e, tamb\u00e9m gastron\u00f4mico. Surgida em meados do&nbsp; <a href=\"https:\/\/sorocaba.sp.gov.br\/obras\/piedade\/\">&hellip; Leia mais<\/a><\/p>\n","protected":false},"author":1,"featured_media":0,"parent":0,"menu_order":0,"comment_status":"open","ping_status":"open","template":"","meta":{"footnotes":""},"class_list":["post-42","page","type-page","status-publish","hentry"],"_links":{"self":[{"href":"https:\/\/sorocaba.sp.gov.br\/obras\/wp-json\/wp\/v2\/pages\/42","targetHints":{"allow":["GET"]}}],"collection":[{"href":"https:\/\/sorocaba.sp.gov.br\/obras\/wp-json\/wp\/v2\/pages"}],"about":[{"href":"https:\/\/sorocaba.sp.gov.br\/obras\/wp-json\/wp\/v2\/types\/page"}],"author":[{"embeddable":true,"href":"https:\/\/sorocaba.sp.gov.br\/obras\/wp-json\/wp\/v2\/users\/1"}],"replies":[{"embeddable":true,"href":"https:\/\/sorocaba.sp.gov.br\/obras\/wp-json\/wp\/v2\/comments?post=42"}],"version-history":[{"count":3,"href":"https:\/\/sorocaba.sp.gov.br\/obras\/wp-json\/wp\/v2\/pages\/42\/revisions"}],"predecessor-version":[{"id":395,"href":"https:\/\/sorocaba.sp.gov.br\/obras\/wp-json\/wp\/v2\/pages\/42\/revisions\/395"}],"wp:attachment":[{"href":"https:\/\/sorocaba.sp.gov.br\/obras\/wp-json\/wp\/v2\/media?parent=42"}],"curies":[{"name":"wp","href":"https:\/\/api.w.org\/{rel}","templated":true}]}}